{"id":1406,"date":"2022-09-03T08:56:03","date_gmt":"2022-09-03T08:56:03","guid":{"rendered":"https:\/\/www.apexclinic.com.tr\/?page_id=1406"},"modified":"2022-09-03T09:07:23","modified_gmt":"2022-09-03T09:07:23","slug":"hakkimizda","status":"publish","type":"page","link":"https:\/\/www.apexclinic.com.tr\/bg\/%d0%b7%d0%b0-%d0%bd%d0%b0%d1%81\/","title":{"rendered":"\u0437\u0430 \u043d\u0430\u0441"},"content":{"rendered":"<div data-elementor-type=\"wp-page\" data-elementor-id=\"1406\" class=\"elementor elementor-1406\" data-elementor-post-type=\"page\">\n\t\t\t\t\t\t<section class=\"elementor-section elementor-top-section elementor-element elementor-element-193cbd95 elementor-section-boxed elementor-section-height-default elementor-section-height-default\" data-id=\"193cbd95\" data-element_type=\"section\" data-settings=\"{&quot;background_background&quot;:&quot;classic&quot;,&quot;ekit_has_onepagescroll_dot&quot;:&quot;yes&quot;}\">\n\t\t\t\t\t\t\t<div class=\"elementor-background-overlay\"><\/div>\n\t\t\t\t\t\t\t<div class=\"elementor-container elementor-column-gap-default\">\n\t\t\t\t\t<div class=\"elementor-column elementor-col-100 elementor-top-column elementor-element elementor-element-703d8ac0\" data-id=\"703d8ac0\" data-element_type=\"column\">\n\t\t\t<div class=\"elementor-widget-wrap elementor-element-populated\">\n\t\t\t\t\t\t<div class=\"elementor-element elementor-element-7218c71c elementor-widget elementor-widget-heading\" data-id=\"7218c71c\" data-element_type=\"widget\" data-settings=\"{&quot;ekit_we_effect_on&quot;:&quot;none&quot;}\" data-widget_type=\"heading.default\">\n\t\t\t\t<div class=\"elementor-widget-container\">\n\t\t\t\t\t<h2 class=\"elementor-heading-title elementor-size-default\">\u0437\u0430 \u043d\u0430\u0441<\/h2>\t\t\t\t<\/div>\n\t\t\t\t<\/div>\n\t\t\t\t\t<\/div>\n\t\t<\/div>\n\t\t\t\t\t<\/div>\n\t\t<\/section>\n\t\t\t\t<section class=\"elementor-section elementor-top-section elementor-element elementor-element-df2d488 elementor-section-content-middle elementor-section-boxed elementor-section-height-default elementor-section-height-default\" data-id=\"df2d488\" data-element_type=\"section\" data-settings=\"{&quot;ekit_has_onepagescroll_dot&quot;:&quot;yes&quot;}\">\n\t\t\t\t\t\t<div class=\"elementor-container elementor-column-gap-default\">\n\t\t\t\t\t<div class=\"elementor-column elementor-col-50 elementor-top-column elementor-element elementor-element-ae09474\" data-id=\"ae09474\" data-element_type=\"column\" data-settings=\"{&quot;background_background&quot;:&quot;classic&quot;}\">\n\t\t\t<div class=\"elementor-widget-wrap elementor-element-populated\">\n\t\t\t\t\t\t<section class=\"elementor-section elementor-inner-section elementor-element elementor-element-17a798c elementor-section-boxed elementor-section-height-default elementor-section-height-default\" data-id=\"17a798c\" data-element_type=\"section\" data-settings=\"{&quot;background_background&quot;:&quot;classic&quot;,&quot;ekit_has_onepagescroll_dot&quot;:&quot;yes&quot;}\">\n\t\t\t\t\t\t<div class=\"elementor-container elementor-column-gap-no\">\n\t\t\t\t\t<div class=\"elementor-column elementor-col-50 elementor-inner-column elementor-element elementor-element-957d685\" data-id=\"957d685\" data-element_type=\"column\" data-settings=\"{&quot;background_background&quot;:&quot;classic&quot;}\">\n\t\t\t<div class=\"elementor-widget-wrap elementor-element-populated\">\n\t\t\t\t\t\t<div class=\"elementor-element elementor-element-27ee6f4 elementor-widget elementor-widget-spacer\" data-id=\"27ee6f4\" data-element_type=\"widget\" data-settings=\"{&quot;ekit_we_effect_on&quot;:&quot;none&quot;}\" data-widget_type=\"spacer.default\">\n\t\t\t\t<div class=\"elementor-widget-container\">\n\t\t\t\t\t\t\t<div class=\"elementor-spacer\">\n\t\t\t<div class=\"elementor-spacer-inner\"><\/div>\n\t\t<\/div>\n\t\t\t\t\t\t<\/div>\n\t\t\t\t<\/div>\n\t\t\t\t\t<\/div>\n\t\t<\/div>\n\t\t\t\t<div class=\"elementor-column elementor-col-50 elementor-inner-column elementor-element elementor-element-d50ef2c\" data-id=\"d50ef2c\" data-element_type=\"column\" data-settings=\"{&quot;background_background&quot;:&quot;classic&quot;}\">\n\t\t\t<div class=\"elementor-widget-wrap elementor-element-populated\">\n\t\t\t\t\t\t<div class=\"elementor-element elementor-element-b772788 elementor-widget elementor-widget-spacer\" data-id=\"b772788\" data-element_type=\"widget\" data-settings=\"{&quot;ekit_we_effect_on&quot;:&quot;none&quot;}\" data-widget_type=\"spacer.default\">\n\t\t\t\t<div class=\"elementor-widget-container\">\n\t\t\t\t\t\t\t<div class=\"elementor-spacer\">\n\t\t\t<div class=\"elementor-spacer-inner\"><\/div>\n\t\t<\/div>\n\t\t\t\t\t\t<\/div>\n\t\t\t\t<\/div>\n\t\t\t\t\t<\/div>\n\t\t<\/div>\n\t\t\t\t\t<\/div>\n\t\t<\/section>\n\t\t\t\t<section class=\"elementor-section elementor-inner-section elementor-element elementor-element-d918117 elementor-section-content-middle elementor-section-boxed elementor-section-height-default elementor-section-height-default\" data-id=\"d918117\" data-element_type=\"section\" data-settings=\"{&quot;ekit_has_onepagescroll_dot&quot;:&quot;yes&quot;}\">\n\t\t\t\t\t\t<div class=\"elementor-container elementor-column-gap-no\">\n\t\t\t\t\t<div class=\"elementor-column elementor-col-100 elementor-inner-column elementor-element elementor-element-e3ee951\" data-id=\"e3ee951\" data-element_type=\"column\" data-settings=\"{&quot;background_background&quot;:&quot;classic&quot;}\">\n\t\t\t<div class=\"elementor-widget-wrap elementor-element-populated\">\n\t\t\t\t\t\t<div class=\"elementor-element elementor-element-d0eea1d elementor-widget elementor-widget-spacer\" data-id=\"d0eea1d\" data-element_type=\"widget\" data-settings=\"{&quot;ekit_we_effect_on&quot;:&quot;none&quot;}\" data-widget_type=\"spacer.default\">\n\t\t\t\t<div class=\"elementor-widget-container\">\n\t\t\t\t\t\t\t<div class=\"elementor-spacer\">\n\t\t\t<div class=\"elementor-spacer-inner\"><\/div>\n\t\t<\/div>\n\t\t\t\t\t\t<\/div>\n\t\t\t\t<\/div>\n\t\t\t\t\t<\/div>\n\t\t<\/div>\n\t\t\t\t\t<\/div>\n\t\t<\/section>\n\t\t\t\t\t<\/div>\n\t\t<\/div>\n\t\t\t\t<div class=\"elementor-column elementor-col-50 elementor-top-column elementor-element elementor-element-7eb2949\" data-id=\"7eb2949\" data-element_type=\"column\">\n\t\t\t<div class=\"elementor-widget-wrap elementor-element-populated\">\n\t\t\t\t\t\t<div class=\"elementor-element elementor-element-8c866e4 animated-slow elementor-invisible elementor-widget elementor-widget-heading\" data-id=\"8c866e4\" data-element_type=\"widget\" data-settings=\"{&quot;_animation&quot;:&quot;fadeInRight&quot;,&quot;ekit_we_effect_on&quot;:&quot;none&quot;}\" data-widget_type=\"heading.default\">\n\t\t\t\t<div class=\"elementor-widget-container\">\n\t\t\t\t\t<h5 class=\"elementor-heading-title elementor-size-default\">\u0437\u0430 \u043d\u0430\u0441<\/h5>\t\t\t\t<\/div>\n\t\t\t\t<\/div>\n\t\t\t\t<div class=\"elementor-element elementor-element-fe11821 elementor-widget elementor-widget-heading\" data-id=\"fe11821\" data-element_type=\"widget\" data-settings=\"{&quot;ekit_we_effect_on&quot;:&quot;none&quot;}\" data-widget_type=\"heading.default\">\n\t\t\t\t<div class=\"elementor-widget-container\">\n\t\t\t\t\t<h2 class=\"elementor-heading-title elementor-size-default\">\u041d\u0430\u0434 15 \u0433\u043e\u0434\u0438\u043d\u0438 \u043e\u043f\u0438\u0442<\/h2>\t\t\t\t<\/div>\n\t\t\t\t<\/div>\n\t\t\t\t<div class=\"elementor-element elementor-element-178522c elementor-widget elementor-widget-text-editor\" data-id=\"178522c\" data-element_type=\"widget\" data-settings=\"{&quot;ekit_we_effect_on&quot;:&quot;none&quot;}\" data-widget_type=\"text-editor.default\">\n\t\t\t\t<div class=\"elementor-widget-container\">\n\t\t\t\t\t\t\t\t\t<p>\u041a\u0430\u0442\u043e Apex Clinic, \u043d\u0438\u0435 \u0441\u044a\u0437\u0434\u0430\u0432\u0430\u043c\u0435 \u0442\u0440\u0430\u0439\u043d\u0438 \u0440\u0435\u0448\u0435\u043d\u0438\u044f \u0432 \u0435\u0441\u0442\u0435\u0442\u0438\u043a\u0430\u0442\u0430 \u0438 \u0440\u0435\u0430\u043b\u0438\u0437\u0438\u0440\u0430\u043c\u0435 \u0432\u0430\u0448\u0438\u0442\u0435 \u043c\u0435\u0447\u0442\u0438 \u0441 \u043c\u0430\u043b\u043a\u0438 \u0449\u0440\u0438\u0445\u0438, \u0437\u0430 \u0434\u0430 \u043f\u043e\u0434\u043a\u0440\u0435\u043f\u0438\u043c \u043d\u0430\u043f\u044a\u043b\u043d\u043e \u0432\u0441\u0438\u0447\u043a\u0438 \u0432\u0430\u0448\u0438 \u0436\u0435\u043b\u0430\u043d\u0438\u044f \u043e\u0442\u043d\u043e\u0441\u043d\u043e \u0443\u0441\u0435\u0449\u0430\u043d\u0435\u0442\u043e \u0437\u0430 \u043a\u0440\u0430\u0441\u043e\u0442\u0430 \u0432 \u0436\u0438\u0432\u043e\u0442\u0430 \u0432\u0438, \u0432\u0441\u0438\u0447\u043a\u0438\u0442\u0435 \u0432\u0438 \u0435\u0441\u0442\u0435\u0442\u0438\u0447\u0435\u0441\u043a\u0438 \u043f\u0440\u043e\u0431\u043b\u0435\u043c\u0438, \u043a\u043e\u0438\u0442\u043e \u0437\u0430\u0441\u044f\u0433\u0430\u0442 \u0436\u0438\u0432\u043e\u0442\u0430 \u0432\u0438, \u0438 \u0434\u0430 \u0432\u044a\u0437\u0441\u0442\u0430\u043d\u043e\u0432\u0438\u043c \u0441\u0430\u043c\u043e\u0447\u0443\u0432\u0441\u0442\u0432\u0438\u0435\u0442\u043e \u0432\u0438 .<\/p>\t\t\t\t\t\t\t\t<\/div>\n\t\t\t\t<\/div>\n\t\t\t\t<div class=\"elementor-element elementor-element-513dba9 elementor-widget elementor-widget-text-editor\" data-id=\"513dba9\" data-element_type=\"widget\" data-settings=\"{&quot;ekit_we_effect_on&quot;:&quot;none&quot;}\" data-widget_type=\"text-editor.default\">\n\t\t\t\t<div class=\"elementor-widget-container\">\n\t\t\t\t\t\t\t\t\t<p>\u041e\u0441\u0438\u0433\u0443\u0440\u044f\u0432\u0430 \u043d\u0430\u0434\u0435\u0436\u0434\u043d\u043e \u0438 \u0432\u0438\u0441\u043e\u043a\u043e\u043a\u0430\u0447\u0435\u0441\u0442\u0432\u0435\u043d\u043e \u043e\u0431\u0441\u043b\u0443\u0436\u0432\u0430\u043d\u0435 \u043d\u0430 \u0441\u0432\u043e\u0438\u0442\u0435 \u043f\u0430\u0446\u0438\u0435\u043d\u0442\u0438 \u0441\u044a\u0441 \u0441\u0432\u043e\u044f \u043a\u0432\u0430\u043b\u0438\u0444\u0438\u0446\u0438\u0440\u0430\u043d \u043f\u0435\u0440\u0441\u043e\u043d\u0430\u043b, \u043a\u043e\u0439\u0442\u043e \u0446\u0435\u043d\u0438 \u0445\u043e\u0440\u0430\u0442\u0430, \u0441 \u043f\u043e\u0434\u0445\u043e\u0434 \u201e\u043f\u0435\u0440\u0444\u0435\u043a\u0446\u0438\u043e\u043d\u0438\u0441\u0442 \u0432 \u043c\u0435\u0434\u0438\u0446\u0438\u043d\u0441\u043a\u043e\u0442\u043e \u043e\u0431\u0441\u043b\u0443\u0436\u0432\u0430\u043d\u0435\u201c, \u043a\u043e\u0439\u0442\u043e \u0441\u0435 \u043f\u0440\u0438\u0434\u044a\u0440\u0436\u0430 \u043a\u044a\u043c \u0435\u0442\u0438\u0447\u043d\u0438\u0442\u0435 \u0446\u0435\u043d\u043d\u043e\u0441\u0442\u0438, \u0434\u0430\u0432\u0430 \u043f\u0440\u0438\u043e\u0440\u0438\u0442\u0435\u0442 \u043d\u0430 \u0431\u0435\u0437\u043e\u043f\u0430\u0441\u043d\u043e\u0441\u0442\u0442\u0430 \u043d\u0430 \u043f\u0430\u0446\u0438\u0435\u043d\u0442\u0438\u0442\u0435 \u0438 \u0441\u043b\u0443\u0436\u0438\u0442\u0435\u043b\u0438\u0442\u0435.<\/p><p><strong>\u041d\u0430\u0448\u0430\u0442\u0430 \u043c\u0438\u0441\u0438\u044f<\/strong><br \/>\u0422\u044f \u0438\u043c\u0430 \u0437\u0430 \u0446\u0435\u043b \u0434\u0430 \u0434\u043e\u0431\u0430\u0432\u0438 \u0441\u0442\u043e\u0439\u043d\u043e\u0441\u0442 \u043a\u044a\u043c \u0436\u0438\u0432\u043e\u0442\u0430 \u043d\u0430 \u0445\u043e\u0440\u0430\u0442\u0430 \u0432 \u0442\u043e\u0447\u043a\u0430\u0442\u0430 \u043d\u0430 \u0438\u0437\u0441\u043b\u0435\u0434\u0432\u0430\u043d\u0435 \u0438 \u043f\u0440\u0438\u043b\u043e\u0436\u0435\u043d\u0438\u0435, \u043a\u0430\u0442\u043e \u0441\u043b\u0435\u0434\u0432\u0430 \u0440\u0430\u0437\u0432\u0438\u0432\u0430\u0449\u0438\u0442\u0435 \u0441\u0435 \u0442\u0435\u0445\u043d\u043e\u043b\u043e\u0433\u0438\u0438 \u0434\u0435\u043d \u0441\u043b\u0435\u0434 \u0434\u0435\u043d \u0432 \u043c\u0435\u0434\u0438\u0446\u0438\u043d\u0441\u043a\u0430\u0442\u0430 \u043d\u0430\u0443\u043a\u0430.<br \/>\u0415\u0442\u0438\u0447\u0435\u043d, \u043d\u0430\u0443\u0447\u0435\u043d, \u0430\u043a\u0442\u0443\u0430\u043b\u0435\u043d..<\/p><p><strong>\u043d\u0430\u0448\u0430\u0442\u0430 \u0432\u0438\u0437\u0438\u044f<\/strong><br \/>\u0421 \u043d\u0430\u0448\u0430\u0442\u0430 \u043f\u043e\u043b\u0438\u0442\u0438\u043a\u0430 \u0437\u0430 \u043a\u0430\u0447\u0435\u0441\u0442\u0432\u043e \u0438 \u043f\u0440\u0438\u043c\u0435\u0440\u043d\u0430 \u0441\u0438\u0441\u0442\u0435\u043c\u0430, \u0442\u044f \u0438\u043c\u0430 \u0437\u0430 \u0446\u0435\u043b \u0434\u0430 \u0433\u0430\u0440\u0430\u043d\u0442\u0438\u0440\u0430 \u0443\u0434\u043e\u0432\u043b\u0435\u0442\u0432\u043e\u0440\u0435\u043d\u043e\u0441\u0442\u0442\u0430 \u043d\u0430 \u043f\u0430\u0446\u0438\u0435\u043d\u0442\u0438\u0442\u0435 \u0438 \u043f\u0430\u0446\u0438\u0435\u043d\u0442\u0438\u0442\u0435.\u041d\u0430\u0448\u0430\u0442\u0430 \u043d\u0430\u0439-\u0432\u0430\u0436\u043d\u0430 \u0446\u0435\u043b \u0435 \u043d\u0430\u0448\u0438\u0442\u0435 \u043f\u0430\u0446\u0438\u0435\u043d\u0442\u0438 \u0434\u0430 \u0441\u0435 \u0447\u0443\u0432\u0441\u0442\u0432\u0430\u0442 \u043a\u043e\u043c\u0444\u043e\u0440\u0442\u043d\u043e \u0438 \u0434\u0430 \u043f\u043e\u0432\u0438\u0448\u0438\u043c \u043a\u0430\u0447\u0435\u0441\u0442\u0432\u043e\u0442\u043e \u0438\u043c \u043d\u0430 \u0436\u0438\u0432\u043e\u0442 \u0441 \u043d\u0430\u0448\u0438\u044f \u0440\u0435\u0434\u043e\u0432\u0435\u043d \u0438 \u0449\u0430\u0442\u0435\u043b\u0435\u043d \u043f\u0440\u0438\u043d\u0446\u0438\u043f \u043d\u0430 \u0440\u0430\u0431\u043e\u0442\u0430.<\/p>\t\t\t\t\t\t\t\t<\/div>\n\t\t\t\t<\/div>\n\t\t\t\t\t<\/div>\n\t\t<\/div>\n\t\t\t\t\t<\/div>\n\t\t<\/section>\n\t\t\t\t<\/div>","protected":false},"excerpt":{"rendered":"<p>Hakk\u0131m\u0131zda Hakk\u0131m\u0131zda 15 Y\u0131l\u0131 A\u015fk\u0131n Tecr\u00fcbe Ya\u015fam\u0131n\u0131zda g\u00fczellik duygusu ile ilgili t\u00fcm isteklerinize, ya\u015fam\u0131n\u0131z\u0131 etkileyen t\u00fcm estetik sorunlar\u0131n\u0131za, \u00f6zg\u00fcveninizi yeniden sa\u011flamakta tam destek olmak ad\u0131na, estetikte kal\u0131c\u0131 \u00e7\u00f6z\u00fcmler yaratarak ,k\u00fc\u00e7\u00fck dokunu\u015flarla ger\u00e7ekle\u015fen r\u00fcyalar\u0131n\u0131za Apex Clinic olarak imza at\u0131yoruz. \u0130nsana de\u011fer veren nitelikli uzman kadrosu \u201cEtik de\u011ferlere ba\u011fl\u0131, hasta ve \u00e7al\u0131\u015fan g\u00fcveli\u011fini \u00f6n planda tutan, t\u0131bbi [&hellip;]<\/p>","protected":false},"author":3,"featured_media":0,"parent":0,"menu_order":0,"comment_status":"closed","ping_status":"closed","template":"","meta":{"_lmt_disableupdate":"","_lmt_disable":"","_monsterinsights_skip_tracking":false,"_monsterinsights_sitenote_active":false,"_monsterinsights_sitenote_note":"","_monsterinsights_sitenote_category":0,"site-sidebar-layout":"no-sidebar","site-content-layout":"page-builder","ast-site-content-layout":"","site-content-style":"default","site-sidebar-style":"default","ast-global-header-display":"","ast-banner-title-visibility":"","ast-main-header-display":"","ast-hfb-above-header-display":"","ast-hfb-below-header-display":"","ast-hfb-mobile-header-display":"","site-post-title":"disabled","ast-breadcrumbs-content":"","ast-featured-img":"disabled","footer-sml-layout":"","theme-transparent-header-meta":"","adv-header-id-meta":"","stick-header-meta":"","header-above-stick-meta":"","header-main-stick-meta":"","header-below-stick-meta":"","astra-migrate-meta-layouts":"default","ast-page-background-enabled":"default","ast-page-background-meta":{"desktop":{"background-color":"var(--ast-global-color-4)","background-image":"","background-repeat":"repeat","background-position":"center center","background-size":"auto","background-attachment":"scroll","background-type":"","background-media":"","overlay-type":"","overlay-color":"","overlay-opacity":"","overlay-gradient":""},"tablet":{"background-color":"","background-image":"","background-repeat":"repeat","background-position":"center center","background-size":"auto","background-attachment":"scroll","background-type":"","background-media":"","overlay-type":"","overlay-color":"","overlay-opacity":"","overlay-gradient":""},"mobile":{"background-color":"","background-image":"","background-repeat":"repeat","background-position":"center center","background-size":"auto","background-attachment":"scroll","background-type":"","background-media":"","overlay-type":"","overlay-color":"","overlay-opacity":"","overlay-gradient":""}},"ast-content-background-meta":{"desktop":{"background-color":"var(--ast-global-color-5)","background-image":"","background-repeat":"repeat","background-position":"center center","background-size":"auto","background-attachment":"scroll","background-type":"","background-media":"","overlay-type":"","overlay-color":"","overlay-opacity":"","overlay-gradient":""},"tablet":{"background-color":"var(--ast-global-color-5)","background-image":"","background-repeat":"repeat","background-position":"center center","background-size":"auto","background-attachment":"scroll","background-type":"","background-media":"","overlay-type":"","overlay-color":"","overlay-opacity":"","overlay-gradient":""},"mobile":{"background-color":"var(--ast-global-color-5)","background-image":"","background-repeat":"repeat","background-position":"center center","background-size":"auto","background-attachment":"scroll","background-type":"","background-media":"","overlay-type":"","overlay-color":"","overlay-opacity":"","overlay-gradient":""}},"_joinchat":[],"footnotes":""},"class_list":["post-1406","page","type-page","status-publish","hentry"],"_links":{"self":[{"href":"https:\/\/www.apexclinic.com.tr\/bg\/wp-json\/wp\/v2\/pages\/1406"}],"collection":[{"href":"https:\/\/www.apexclinic.com.tr\/bg\/wp-json\/wp\/v2\/pages"}],"about":[{"href":"https:\/\/www.apexclinic.com.tr\/bg\/wp-json\/wp\/v2\/types\/page"}],"author":[{"embeddable":true,"href":"https:\/\/www.apexclinic.com.tr\/bg\/wp-json\/wp\/v2\/users\/3"}],"replies":[{"embeddable":true,"href":"https:\/\/www.apexclinic.com.tr\/bg\/wp-json\/wp\/v2\/comments?post=1406"}],"version-history":[{"count":0,"href":"https:\/\/www.apexclinic.com.tr\/bg\/wp-json\/wp\/v2\/pages\/1406\/revisions"}],"wp:attachment":[{"href":"https:\/\/www.apexclinic.com.tr\/bg\/wp-json\/wp\/v2\/media?parent=1406"}],"curies":[{"name":"wp","href":"https:\/\/api.w.org\/{rel}","templated":true}]}}