{"id":2397,"date":"2022-09-07T13:36:13","date_gmt":"2022-09-07T13:36:13","guid":{"rendered":"https:\/\/www.apexclinic.com.tr\/?page_id=2397"},"modified":"2023-08-02T09:57:15","modified_gmt":"2023-08-02T09:57:15","slug":"yuz-germe","status":"publish","type":"page","link":"https:\/\/www.apexclinic.com.tr\/bg\/%d1%84%d0%b5%d0%b9%d1%81%d0%bb%d0%b8%d1%84%d1%82\/","title":{"rendered":"\u0424\u0435\u0439\u0441\u043b\u0438\u0444\u0442"},"content":{"rendered":"<div data-elementor-type=\"wp-page\" data-elementor-id=\"2397\" class=\"elementor elementor-2397\" data-elementor-post-type=\"page\">\n\t\t\t\t\t\t<section class=\"elementor-section elementor-top-section elementor-element elementor-element-9afa8da elementor-section-boxed elementor-section-height-default elementor-section-height-default\" data-id=\"9afa8da\" data-element_type=\"section\" data-settings=\"{&quot;background_background&quot;:&quot;gradient&quot;,&quot;ekit_has_onepagescroll_dot&quot;:&quot;yes&quot;}\">\n\t\t\t\t\t\t<div class=\"elementor-container elementor-column-gap-default\">\n\t\t\t\t\t<div class=\"elementor-column elementor-col-100 elementor-top-column elementor-element elementor-element-bc56646\" data-id=\"bc56646\" data-element_type=\"column\">\n\t\t\t<div class=\"elementor-widget-wrap elementor-element-populated\">\n\t\t\t\t\t\t<div class=\"elementor-element elementor-element-0fb26c0 elementor-widget elementor-widget-spacer\" data-id=\"0fb26c0\" data-element_type=\"widget\" data-settings=\"{&quot;ekit_we_effect_on&quot;:&quot;none&quot;}\" data-widget_type=\"spacer.default\">\n\t\t\t\t<div class=\"elementor-widget-container\">\n\t\t\t\t\t\t\t<div class=\"elementor-spacer\">\n\t\t\t<div class=\"elementor-spacer-inner\"><\/div>\n\t\t<\/div>\n\t\t\t\t\t\t<\/div>\n\t\t\t\t<\/div>\n\t\t\t\t<div class=\"elementor-element elementor-element-efd06cb elementor-widget elementor-widget-heading\" data-id=\"efd06cb\" data-element_type=\"widget\" data-settings=\"{&quot;ekit_we_effect_on&quot;:&quot;none&quot;}\" data-widget_type=\"heading.default\">\n\t\t\t\t<div class=\"elementor-widget-container\">\n\t\t\t\t\t<h2 class=\"elementor-heading-title elementor-size-default\">\u0424\u0435\u0439\u0441\u043b\u0438\u0444\u0442\n<\/h2>\t\t\t\t<\/div>\n\t\t\t\t<\/div>\n\t\t\t\t<div class=\"elementor-element elementor-element-e2ddd16 elementor-widget elementor-widget-spacer\" data-id=\"e2ddd16\" data-element_type=\"widget\" data-settings=\"{&quot;ekit_we_effect_on&quot;:&quot;none&quot;}\" data-widget_type=\"spacer.default\">\n\t\t\t\t<div class=\"elementor-widget-container\">\n\t\t\t\t\t\t\t<div class=\"elementor-spacer\">\n\t\t\t<div class=\"elementor-spacer-inner\"><\/div>\n\t\t<\/div>\n\t\t\t\t\t\t<\/div>\n\t\t\t\t<\/div>\n\t\t\t\t\t<\/div>\n\t\t<\/div>\n\t\t\t\t\t<\/div>\n\t\t<\/section>\n\t\t\t\t<section class=\"elementor-section elementor-top-section elementor-element elementor-element-c610b43 elementor-section-boxed elementor-section-height-default elementor-section-height-default\" data-id=\"c610b43\" data-element_type=\"section\" data-settings=\"{&quot;ekit_has_onepagescroll_dot&quot;:&quot;yes&quot;}\">\n\t\t\t\t\t\t<div class=\"elementor-container elementor-column-gap-default\">\n\t\t\t\t\t<div class=\"elementor-column elementor-col-100 elementor-top-column elementor-element elementor-element-1731658\" data-id=\"1731658\" data-element_type=\"column\">\n\t\t\t<div class=\"elementor-widget-wrap elementor-element-populated\">\n\t\t\t\t\t\t<div class=\"elementor-element elementor-element-4c05546 elementor-widget elementor-widget-spacer\" data-id=\"4c05546\" data-element_type=\"widget\" data-settings=\"{&quot;ekit_we_effect_on&quot;:&quot;none&quot;}\" data-widget_type=\"spacer.default\">\n\t\t\t\t<div class=\"elementor-widget-container\">\n\t\t\t\t\t\t\t<div class=\"elementor-spacer\">\n\t\t\t<div class=\"elementor-spacer-inner\"><\/div>\n\t\t<\/div>\n\t\t\t\t\t\t<\/div>\n\t\t\t\t<\/div>\n\t\t\t\t\t<\/div>\n\t\t<\/div>\n\t\t\t\t\t<\/div>\n\t\t<\/section>\n\t\t\t\t<section class=\"elementor-section elementor-top-section elementor-element elementor-element-dd57234 elementor-section-boxed elementor-section-height-default elementor-section-height-default\" data-id=\"dd57234\" data-element_type=\"section\" data-settings=\"{&quot;ekit_has_onepagescroll_dot&quot;:&quot;yes&quot;}\">\n\t\t\t\t\t\t<div class=\"elementor-container elementor-column-gap-default\">\n\t\t\t\t\t<div class=\"elementor-column elementor-col-50 elementor-top-column elementor-element elementor-element-96900a3\" data-id=\"96900a3\" data-element_type=\"column\" data-settings=\"{&quot;background_background&quot;:&quot;classic&quot;}\">\n\t\t\t<div class=\"elementor-widget-wrap elementor-element-populated\">\n\t\t\t\t\t\t<div class=\"elementor-element elementor-element-f6d3ca3 elementor-widget elementor-widget-image\" data-id=\"f6d3ca3\" data-element_type=\"widget\" data-settings=\"{&quot;ekit_we_effect_on&quot;:&quot;none&quot;}\" data-widget_type=\"image.default\">\n\t\t\t\t<div class=\"elementor-widget-container\">\n\t\t\t\t\t\t\t\t\t\t\t\t\t\t\t<img fetchpriority=\"high\" decoding=\"async\" width=\"1024\" height=\"683\" src=\"https:\/\/www.apexclinic.com.tr\/wp-content\/uploads\/2022\/09\/skin-care-concept-charming-young-caucasian-woman-with-perfect-makeup-photo-composition-brunette-girl-isolated-pink-background-with-copy-space-min-1024x683.jpg\" class=\"attachment-large size-large wp-image-2097\" alt=\"\" srcset=\"https:\/\/www.apexclinic.com.tr\/wp-content\/uploads\/2022\/09\/skin-care-concept-charming-young-caucasian-woman-with-perfect-makeup-photo-composition-brunette-girl-isolated-pink-background-with-copy-space-min-1024x683.jpg 1024w, https:\/\/www.apexclinic.com.tr\/wp-content\/uploads\/2022\/09\/skin-care-concept-charming-young-caucasian-woman-with-perfect-makeup-photo-composition-brunette-girl-isolated-pink-background-with-copy-space-min-300x200.jpg 300w, https:\/\/www.apexclinic.com.tr\/wp-content\/uploads\/2022\/09\/skin-care-concept-charming-young-caucasian-woman-with-perfect-makeup-photo-composition-brunette-girl-isolated-pink-background-with-copy-space-min-768x512.jpg 768w, https:\/\/www.apexclinic.com.tr\/wp-content\/uploads\/2022\/09\/skin-care-concept-charming-young-caucasian-woman-with-perfect-makeup-photo-composition-brunette-girl-isolated-pink-background-with-copy-space-min-1536x1024.jpg 1536w, https:\/\/www.apexclinic.com.tr\/wp-content\/uploads\/2022\/09\/skin-care-concept-charming-young-caucasian-woman-with-perfect-makeup-photo-composition-brunette-girl-isolated-pink-background-with-copy-space-min-2048x1365.jpg 2048w\" sizes=\"(max-width: 1024px) 100vw, 1024px\" \/>\t\t\t\t\t\t\t\t\t\t\t\t\t\t\t<\/div>\n\t\t\t\t<\/div>\n\t\t\t\t\t<\/div>\n\t\t<\/div>\n\t\t\t\t<div class=\"elementor-column elementor-col-50 elementor-top-column elementor-element elementor-element-1708227\" data-id=\"1708227\" data-element_type=\"column\">\n\t\t\t<div class=\"elementor-widget-wrap elementor-element-populated\">\n\t\t\t\t\t\t<div class=\"elementor-element elementor-element-b78616c elementor-widget-divider--view-line_text elementor-widget-divider--element-align-left elementor-widget elementor-widget-divider\" data-id=\"b78616c\" data-element_type=\"widget\" data-settings=\"{&quot;ekit_we_effect_on&quot;:&quot;none&quot;}\" data-widget_type=\"divider.default\">\n\t\t\t\t<div class=\"elementor-widget-container\">\n\t\t\t\t\t\t\t<div class=\"elementor-divider\">\n\t\t\t<span class=\"elementor-divider-separator\">\n\t\t\t\t\t\t\t<h3 class=\"elementor-divider__text elementor-divider__element\">\n\t\t\t\t\u0424\u0435\u0439\u0441\u043b\u0438\u0444\u0442\t\t\t\t<\/h3>\n\t\t\t\t\t\t<\/span>\n\t\t<\/div>\n\t\t\t\t\t\t<\/div>\n\t\t\t\t<\/div>\n\t\t\t\t<div class=\"elementor-element elementor-element-4ca63f4 elementor-align-left elementor-widget__width-auto elementor-icon-list--layout-traditional elementor-list-item-link-full_width elementor-widget elementor-widget-icon-list\" data-id=\"4ca63f4\" data-element_type=\"widget\" data-settings=\"{&quot;ekit_we_effect_on&quot;:&quot;none&quot;}\" data-widget_type=\"icon-list.default\">\n\t\t\t\t<div class=\"elementor-widget-container\">\n\t\t\t\t\t\t\t<ul class=\"elementor-icon-list-items\">\n\t\t\t\t\t\t\t<li class=\"elementor-icon-list-item\">\n\t\t\t\t\t\t\t\t\t\t\t<span class=\"elementor-icon-list-icon\">\n\t\t\t\t\t\t\t<i aria-hidden=\"true\" class=\"far fa-hospital\"><\/i>\t\t\t\t\t\t<\/span>\n\t\t\t\t\t\t\t\t\t\t<span class=\"elementor-icon-list-text\">\u041f\u0440\u043e\u0434\u044a\u043b\u0436\u0438\u0442\u0435\u043b\u043d\u043e\u0441\u0442 \u043d\u0430 \u043f\u0440\u0435\u0441\u0442\u043e\u044f \u0432 \u0431\u043e\u043b\u043d\u0438\u0446\u0430\u0442\u0430: 1 \u0434\u0435\u043d<\/span>\n\t\t\t\t\t\t\t\t\t<\/li>\n\t\t\t\t\t\t\t\t<li class=\"elementor-icon-list-item\">\n\t\t\t\t\t\t\t\t\t\t\t<span class=\"elementor-icon-list-icon\">\n\t\t\t\t\t\t\t<i aria-hidden=\"true\" class=\"far fa-clock\"><\/i>\t\t\t\t\t\t<\/span>\n\t\t\t\t\t\t\t\t\t\t<span class=\"elementor-icon-list-text\">\u0412\u0440\u0435\u043c\u0435 \u0437\u0430 \u0440\u0430\u0431\u043e\u0442\u0430: 2-4 \u0447\u0430\u0441\u0430<\/span>\n\t\t\t\t\t\t\t\t\t<\/li>\n\t\t\t\t\t\t\t\t<li class=\"elementor-icon-list-item\">\n\t\t\t\t\t\t\t\t\t\t\t<span class=\"elementor-icon-list-icon\">\n\t\t\t\t\t\t\t<i aria-hidden=\"true\" class=\"fas fa-syringe\"><\/i>\t\t\t\t\t\t<\/span>\n\t\t\t\t\t\t\t\t\t\t<span class=\"elementor-icon-list-text\">\u0410\u043d\u0435\u0441\u0442\u0435\u0437\u0438\u044f: \u041e\u0431\u0449\u0430<\/span>\n\t\t\t\t\t\t\t\t\t<\/li>\n\t\t\t\t\t\t\t\t<li class=\"elementor-icon-list-item\">\n\t\t\t\t\t\t\t\t\t\t\t<span class=\"elementor-icon-list-icon\">\n\t\t\t\t\t\t\t<i aria-hidden=\"true\" class=\"far fa-heart\"><\/i>\t\t\t\t\t\t<\/span>\n\t\t\t\t\t\t\t\t\t\t<span class=\"elementor-icon-list-text\">\u0412\u0440\u0435\u043c\u0435 \u0437\u0430 \u0432\u044a\u0437\u0441\u0442\u0430\u043d\u043e\u0432\u044f\u0432\u0430\u043d\u0435: 1-2 \u0441\u0435\u0434\u043c\u0438\u0446\u0438<\/span>\n\t\t\t\t\t\t\t\t\t<\/li>\n\t\t\t\t\t\t<\/ul>\n\t\t\t\t\t\t<\/div>\n\t\t\t\t<\/div>\n\t\t\t\t<div class=\"elementor-element elementor-element-860d5ee elementor-widget elementor-widget-button\" data-id=\"860d5ee\" data-element_type=\"widget\" data-settings=\"{&quot;ekit_we_effect_on&quot;:&quot;none&quot;}\" data-widget_type=\"button.default\">\n\t\t\t\t<div class=\"elementor-widget-container\">\n\t\t\t\t\t\t\t\t\t<div class=\"elementor-button-wrapper\">\n\t\t\t\t\t<a class=\"elementor-button elementor-button-link elementor-size-sm\" href=\"https:\/\/www.apexclinic.com.tr\/bg\/\">\n\t\t\t\t\t\t<span class=\"elementor-button-content-wrapper\">\n\t\t\t\t\t\t\t\t\t<span class=\"elementor-button-text\">\u0423\u0433\u043e\u0432\u043e\u0440\u0435\u0442\u0435 \u0441\u0440\u0435\u0449\u0430 \u0441\u0435\u0433\u0430<\/span>\n\t\t\t\t\t<\/span>\n\t\t\t\t\t<\/a>\n\t\t\t\t<\/div>\n\t\t\t\t\t\t\t\t<\/div>\n\t\t\t\t<\/div>\n\t\t\t\t\t<\/div>\n\t\t<\/div>\n\t\t\t\t\t<\/div>\n\t\t<\/section>\n\t\t\t\t<section class=\"elementor-section elementor-top-section elementor-element elementor-element-0121500 elementor-section-boxed elementor-section-height-default elementor-section-height-default\" data-id=\"0121500\" data-element_type=\"section\" data-settings=\"{&quot;ekit_has_onepagescroll_dot&quot;:&quot;yes&quot;}\">\n\t\t\t\t\t\t<div class=\"elementor-container elementor-column-gap-default\">\n\t\t\t\t\t<div class=\"elementor-column elementor-col-100 elementor-top-column elementor-element elementor-element-fc1963e\" data-id=\"fc1963e\" data-element_type=\"column\">\n\t\t\t<div class=\"elementor-widget-wrap elementor-element-populated\">\n\t\t\t\t\t\t<div class=\"elementor-element elementor-element-2d0ab1b elementor-widget elementor-widget-spacer\" data-id=\"2d0ab1b\" data-element_type=\"widget\" data-settings=\"{&quot;ekit_we_effect_on&quot;:&quot;none&quot;}\" data-widget_type=\"spacer.default\">\n\t\t\t\t<div class=\"elementor-widget-container\">\n\t\t\t\t\t\t\t<div class=\"elementor-spacer\">\n\t\t\t<div class=\"elementor-spacer-inner\"><\/div>\n\t\t<\/div>\n\t\t\t\t\t\t<\/div>\n\t\t\t\t<\/div>\n\t\t\t\t\t<\/div>\n\t\t<\/div>\n\t\t\t\t\t<\/div>\n\t\t<\/section>\n\t\t\t\t<section class=\"elementor-section elementor-top-section elementor-element elementor-element-ce5665f elementor-section-boxed elementor-section-height-default elementor-section-height-default\" data-id=\"ce5665f\" data-element_type=\"section\" data-settings=\"{&quot;ekit_has_onepagescroll_dot&quot;:&quot;yes&quot;}\">\n\t\t\t\t\t\t<div class=\"elementor-container elementor-column-gap-default\">\n\t\t\t\t\t<div class=\"elementor-column elementor-col-100 elementor-top-column elementor-element elementor-element-339c420\" data-id=\"339c420\" data-element_type=\"column\">\n\t\t\t<div class=\"elementor-widget-wrap elementor-element-populated\">\n\t\t\t\t\t\t<div class=\"elementor-element elementor-element-3d77eba elementor-widget elementor-widget-text-editor\" data-id=\"3d77eba\" data-element_type=\"widget\" data-settings=\"{&quot;ekit_we_effect_on&quot;:&quot;none&quot;}\" data-widget_type=\"text-editor.default\">\n\t\t\t\t<div class=\"elementor-widget-container\">\n\t\t\t\t\t\t\t\t\t<section class=\"services_page_header\"><section class=\"services_page_header\"><section class=\"services_page_header\"><h2 class=\"services_page_title\">\u0424\u0435\u0439\u0441\u043b\u0438\u0444\u0442<\/h2><\/section><section class=\"services_page_content entry-content\"><p>\u0425\u043e\u0440\u0430\u0442\u0430 \u0441\u0435 \u0441\u0442\u0440\u0430\u0445\u0443\u0432\u0430\u0442 \u043e\u0442 \u043d\u0430\u0432\u043b\u0438\u0437\u0430\u043d\u0435 \u0432 \u043f\u0440\u043e\u0446\u0435\u0441\u0430 \u043d\u0430 \u0441\u0442\u0430\u0440\u0435\u0435\u043d\u0435 \u0432 \u0436\u0438\u0437\u043d\u0435\u043d\u0438\u044f \u0446\u0438\u043a\u044a\u043b.\u00a0<strong>\u043b\u0438\u0444\u0442\u0438\u043d\u0433 \u043d\u0430 \u043b\u0438\u0446\u0435\u0442\u043e<\/strong>\u00a0\u043f\u0440\u0435\u0434\u043f\u043e\u0447\u0438\u0442\u0430\u0442 \u043e\u043f\u0435\u0440\u0430\u0446\u0438\u044f\u0442\u0430. \u0417\u0430\u0449\u043e\u0442\u043e \u0441 \u043d\u0430\u043f\u0440\u0435\u0434\u0432\u0430\u043d\u0435 \u043d\u0430 \u0432\u044a\u0437\u0440\u0430\u0441\u0442\u0442\u0430 \u043d\u0430\u0442\u0440\u0443\u043f\u0430\u043d\u0438\u044f\u0442 \u043f\u0440\u0435\u0437 \u0433\u043e\u0434\u0438\u043d\u0438\u0442\u0435 \u0441\u0442\u0440\u0435\u0441, \u0441\u0435\u0437\u043e\u043d\u043d\u0438\u0442\u0435 \u043f\u0440\u043e\u043c\u0435\u043d\u0438 \u0438 \u0432\u044a\u0437\u0434\u0435\u0439\u0441\u0442\u0432\u0438\u0435\u0442\u043e \u043d\u0430 \u0441\u043b\u044a\u043d\u0446\u0435\u0442\u043e \u043a\u0430\u0440\u0430\u0442 \u043b\u0438\u0446\u0435\u0442\u043e \u0434\u0430 \u0441\u0435 \u0438\u0437\u0442\u043e\u0449\u0430\u0432\u0430 \u0438 \u0434\u0430 \u0441\u0435 \u0441\u0431\u0440\u044a\u0447\u043a\u0432\u0430. \u0420\u0430\u0437\u0431\u0438\u0440\u0430 \u0441\u0435, \u043f\u0440\u0438\u0447\u0438\u043d\u0430\u0442\u0430 \u0437\u0430 \u043f\u0440\u043e\u043c\u0435\u043d\u0438\u0442\u0435 \u0432 \u043b\u0438\u0446\u0435\u0442\u043e \u043d\u0435 \u0441\u0435 \u043e\u0433\u0440\u0430\u043d\u0438\u0447\u0430\u0432\u0430 \u0434\u043e \u0442\u044f\u0445. \u041f\u0440\u043e\u044f\u0432\u0438 \u043f\u043e \u043b\u0438\u0446\u0435\u0442\u043e \u0441 \u043d\u0430\u043f\u0440\u0435\u0434\u0432\u0430\u043d\u0435 \u043d\u0430 \u0432\u044a\u0437\u0440\u0430\u0441\u0442\u0442\u0430;<\/p><ul><li>\u041b\u0438\u043d\u0438\u0438 \u0432 \u043e\u0431\u043b\u0430\u0441\u0442\u0442\u0430 \u043d\u0430 \u043c\u0443\u0441\u0442\u0430\u0446\u0438\u0442\u0435<\/li><li>\u041f\u043e\u0432\u0438\u0448\u0435\u043d\u043e \u043a\u043e\u043b\u0438\u0447\u0435\u0441\u0442\u0432\u043e \u043c\u0430\u0437\u043d\u0438\u043d\u0438 \u0432 \u043e\u0431\u043b\u0430\u0441\u0442\u0442\u0430, \u043d\u0430\u0440\u0435\u0447\u0435\u043d\u0430 \u0447\u0435\u043b\u044e\u0441\u0442<\/li><li>\u0423\u0432\u0438\u0441\u0432\u0430\u043d\u0435 \u043f\u043e\u0440\u0430\u0434\u0438 \u043f\u043e\u0432\u0438\u0448\u0435\u043d\u043e \u043a\u043e\u043b\u0438\u0447\u0435\u0441\u0442\u0432\u043e \u043c\u0430\u0437\u043d\u0438\u043d\u0438<\/li><li>\u0432\u0434\u043b\u044a\u0431\u043d\u0430\u0442\u0438\u043d\u0430 \u043d\u0430 \u0431\u0443\u0437\u0430\u0442\u0430<\/li><li>\u0434\u0435\u043f\u0440\u0435\u0441\u0438\u044f \u0432 \u0431\u0440\u0430\u0434\u0438\u0447\u043a\u0430\u0442\u0430<\/li><li>\u041e\u0431\u0449\u043e\u0442\u043e \u043e\u0447\u0435\u0440\u0442\u0430\u043d\u0438\u0435 \u043d\u0430 \u043b\u0438\u0446\u0435\u0442\u043e \u0435, \u0447\u0435 \u0441\u044a\u0434\u044a\u0440\u0436\u0430 \u0431\u0440\u044a\u0447\u043a\u0438.<\/li><\/ul><p>\u0417\u0430 \u0445\u043e\u0440\u0430, \u043a\u043e\u0438\u0442\u043e \u0432\u0438\u0436\u0434\u0430\u0442 \u0432\u0441\u0438\u0447\u043a\u043e \u0442\u043e\u0432\u0430 \u043a\u0430\u0442\u043e \u043f\u0440\u043e\u0431\u043b\u0435\u043c \u0438 \u0438\u0441\u043a\u0430\u0442 \u0434\u0430 \u0441\u0435 \u043e\u0442\u044a\u0440\u0432\u0430\u0442 \u0438\u043b\u0438 \u043d\u0430\u043c\u0430\u043b\u044f\u0442.\u00a0<strong>\u0443\u0441\u0442\u0440\u043e\u0439\u0441\u0442\u0432\u043e \u0437\u0430 \u043f\u043e\u0432\u0434\u0438\u0433\u0430\u043d\u0435 \u043d\u0430 \u043b\u0438\u0446\u0435\u0442\u043e<\/strong>\u00a0\u041c\u0435\u0442\u043e\u0434\u044a\u0442 \u043d\u0430 \u043b\u0435\u0447\u0435\u043d\u0438\u0435 \u0435 \u043c\u043d\u043e\u0433\u043e \u0435\u0444\u0435\u043a\u0442\u0438\u0432\u0435\u043d. \u041e\u0441\u0432\u0435\u043d \u0442\u0430\u0437\u0438 \u043e\u043f\u0435\u0440\u0430\u0446\u0438\u044f, \u0434\u0440\u0443\u0433 \u043f\u0440\u0435\u0434\u043f\u043e\u0447\u0438\u0442\u0430\u043d \u043c\u0435\u0442\u043e\u0434 \u0437\u0430 \u043b\u0435\u0447\u0435\u043d\u0438\u0435 \u0435 \u0430\u043d\u0442\u0438\u0435\u0439\u0434\u0436. \u0410\u043d\u0442\u0438 \u0441\u0442\u0430\u0440\u0435\u0435\u043d\u0435\u0442\u043e \u0435 \u043c\u0435\u0442\u043e\u0434\u044a\u0442 \u043d\u0430 \u043b\u0435\u0447\u0435\u043d\u0438\u0435, \u0438\u0437\u043f\u043e\u043b\u0437\u0432\u0430\u043d \u0437\u0430 \u043f\u0440\u0435\u0434\u043e\u0442\u0432\u0440\u0430\u0442\u044f\u0432\u0430\u043d\u0435 \u043d\u0430 \u0440\u0430\u043d\u043d\u0430\u0442\u0430 \u043f\u043e\u044f\u0432\u0430 \u043d\u0430 \u0438\u0437\u0431\u0440\u043e\u0435\u043d\u0438\u0442\u0435 \u043f\u043e-\u0433\u043e\u0440\u0435 \u043f\u0440\u043e\u0431\u043b\u0435\u043c\u0438. \u041d\u0430 \u0442\u043e\u0437\u0438 \u0435\u0442\u0430\u043f \u043e\u043f\u0435\u0440\u0430\u0446\u0438\u0438 \u043a\u0430\u0442\u043e \u043b\u0438\u0444\u0442\u0438\u043d\u0433 \u043d\u0430 \u043b\u0438\u0446\u0435\u0442\u043e \u0441\u0435 \u043f\u0440\u0435\u043f\u043e\u0440\u044a\u0447\u0432\u0430\u0442 \u0437\u0430 \u0445\u043e\u0440\u0430, \u043a\u043e\u0438\u0442\u043e \u0438\u0441\u043a\u0430\u0442 \u0434\u044a\u043b\u0433\u043e\u0441\u0440\u043e\u0447\u043d\u043e \u043f\u043e\u0441\u0442\u043e\u044f\u043d\u043d\u043e \u0440\u0435\u0448\u0435\u043d\u0438\u0435.\u00a0<strong>\u043b\u0438\u0444\u0442\u0438\u043d\u0433 \u043d\u0430 \u043b\u0438\u0446\u0435\u0442\u043e<\/strong>\u00a0\u0432\u0441\u0435\u043a\u0438 \u0434\u0435\u043d \u0441\u0435 \u043f\u0440\u0435\u0434\u043f\u0440\u0438\u0435\u043c\u0430\u0442 \u043f\u043e\u043b\u043e\u0436\u0438\u0442\u0435\u043b\u043d\u0438 \u0441\u0442\u044a\u043f\u043a\u0438 \u0432 \u0434\u0435\u0439\u043d\u043e\u0441\u0442\u0442\u0430 \u043c\u0443. \u0415\u0434\u043d\u0430 \u043e\u0442 \u0442\u044f\u0445 \u0435 \u0441\u044a\u043a\u0440\u0430\u0449\u0430\u0432\u0430\u043d\u0435\u0442\u043e \u043d\u0430 \u0441\u0440\u043e\u043a\u0430 \u0437\u0430 \u0438\u0437\u043f\u044a\u043b\u043d\u0435\u043d\u0438\u0435.<\/p><\/section><\/section><\/section>\t\t\t\t\t\t\t\t<\/div>\n\t\t\t\t<\/div>\n\t\t\t\t\t<\/div>\n\t\t<\/div>\n\t\t\t\t\t<\/div>\n\t\t<\/section>\n\t\t\t\t<section class=\"elementor-section elementor-top-section elementor-element elementor-element-5a62fcd elementor-section-boxed elementor-section-height-default elementor-section-height-default\" data-id=\"5a62fcd\" data-element_type=\"section\" data-settings=\"{&quot;ekit_has_onepagescroll_dot&quot;:&quot;yes&quot;}\">\n\t\t\t\t\t\t<div class=\"elementor-container elementor-column-gap-default\">\n\t\t\t\t\t<div class=\"elementor-column elementor-col-100 elementor-top-column elementor-element elementor-element-dcf8491\" data-id=\"dcf8491\" data-element_type=\"column\">\n\t\t\t<div class=\"elementor-widget-wrap elementor-element-populated\">\n\t\t\t\t\t\t<div class=\"elementor-element elementor-element-fb8cb91 elementor-widget elementor-widget-shortcode\" data-id=\"fb8cb91\" data-element_type=\"widget\" data-settings=\"{&quot;ekit_we_effect_on&quot;:&quot;none&quot;}\" data-widget_type=\"shortcode.default\">\n\t\t\t\t<div class=\"elementor-widget-container\">\n\t\t\t\t\t\t\t<div class=\"elementor-shortcode\">\u041f\u043e\u0441\u043b\u0435\u0434\u043d\u0430 \u0430\u043a\u0442\u0443\u0430\u043b\u0438\u0437\u0430\u0446\u0438\u044f \u043d\u0430 2 \u0430\u0432\u0433\u0443\u0441\u0442 2023 \u0433. \u0418\u043d\u0444\u043e\u0440\u043c\u0430\u0446\u0438\u044f \u0437\u0430 \u0440\u0435\u0434\u0430\u043a\u0442\u043e\u0440\u0430:<a href=\"\" target=\"_blank\" class=\"last-modified-author\">digital@apexclinic.com.tr<\/a><\/div>\n\t\t\t\t\t\t<\/div>\n\t\t\t\t<\/div>\n\t\t\t\t\t<\/div>\n\t\t<\/div>\n\t\t\t\t\t<\/div>\n\t\t<\/section>\n\t\t\t\t<\/div>","protected":false},"excerpt":{"rendered":"<p>Y\u00fcz Germe Y\u00fcz Germe Hastanede Kal\u0131\u015f S\u00fcresi: 1 G\u00fcn Operasyon S\u00fcresi: 2-4 Saat Anestezi: Genel \u0130yile\u015fme S\u00fcresi: 1-2 Hafta Hemen Randevu Al\u0131n Y\u00fcz Germe \u0130nsanlar ya\u015fam d\u00f6ng\u00fcs\u00fcnde yer alan ya\u015fl\u0131l\u0131k s\u00fcrecine girmekten korkup\u00a0face lifting (y\u00fcz germe)\u00a0operasyonunu tercih etmektedir. \u00c7\u00fcnk\u00fc ya\u015f ilerledik\u00e7e onca y\u0131l biriken stres, mevsim ge\u00e7i\u015fleri, g\u00fcne\u015fin etkisi y\u00fcz\u00fcn y\u0131pranmas\u0131na, k\u0131r\u0131\u015fmas\u0131na sebep olmaktad\u0131r. Y\u00fczde [&hellip;]<\/p>","protected":false},"author":3,"featured_media":0,"parent":0,"menu_order":0,"comment_status":"closed","ping_status":"closed","template":"elementor_header_footer","meta":{"_lmt_disableupdate":"","_lmt_disable":"","_monsterinsights_skip_tracking":false,"_monsterinsights_sitenote_active":false,"_monsterinsights_sitenote_note":"","_monsterinsights_sitenote_category":0,"site-sidebar-layout":"no-sidebar","site-content-layout":"page-builder","ast-site-content-layout":"","site-content-style":"default","site-sidebar-style":"default","ast-global-header-display":"","ast-banner-title-visibility":"","ast-main-header-display":"","ast-hfb-above-header-display":"","ast-hfb-below-header-display":"","ast-hfb-mobile-header-display":"","site-post-title":"disabled","ast-breadcrumbs-content":"","ast-featured-img":"disabled","footer-sml-layout":"","theme-transparent-header-meta":"","adv-header-id-meta":"","stick-header-meta":"","header-above-stick-meta":"","header-main-stick-meta":"","header-below-stick-meta":"","astra-migrate-meta-layouts":"default","ast-page-background-enabled":"default","ast-page-background-meta":{"desktop":{"background-color":"var(--ast-global-color-4)","background-image":"","background-repeat":"repeat","background-position":"center center","background-size":"auto","background-attachment":"scroll","background-type":"","background-media":"","overlay-type":"","overlay-color":"","overlay-opacity":"","overlay-gradient":""},"tablet":{"background-color":"","background-image":"","background-repeat":"repeat","background-position":"center center","background-size":"auto","background-attachment":"scroll","background-type":"","background-media":"","overlay-type":"","overlay-color":"","overlay-opacity":"","overlay-gradient":""},"mobile":{"background-color":"","background-image":"","background-repeat":"repeat","background-position":"center center","background-size":"auto","background-attachment":"scroll","background-type":"","background-media":"","overlay-type":"","overlay-color":"","overlay-opacity":"","overlay-gradient":""}},"ast-content-background-meta":{"desktop":{"background-color":"var(--ast-global-color-5)","background-image":"","background-repeat":"repeat","background-position":"center center","background-size":"auto","background-attachment":"scroll","background-type":"","background-media":"","overlay-type":"","overlay-color":"","overlay-opacity":"","overlay-gradient":""},"tablet":{"background-color":"var(--ast-global-color-5)","background-image":"","background-repeat":"repeat","background-position":"center center","background-size":"auto","background-attachment":"scroll","background-type":"","background-media":"","overlay-type":"","overlay-color":"","overlay-opacity":"","overlay-gradient":""},"mobile":{"background-color":"var(--ast-global-color-5)","background-image":"","background-repeat":"repeat","background-position":"center center","background-size":"auto","background-attachment":"scroll","background-type":"","background-media":"","overlay-type":"","overlay-color":"","overlay-opacity":"","overlay-gradient":""}},"_joinchat":[],"footnotes":""},"class_list":["post-2397","page","type-page","status-publish","hentry"],"_links":{"self":[{"href":"https:\/\/www.apexclinic.com.tr\/bg\/wp-json\/wp\/v2\/pages\/2397"}],"collection":[{"href":"https:\/\/www.apexclinic.com.tr\/bg\/wp-json\/wp\/v2\/pages"}],"about":[{"href":"https:\/\/www.apexclinic.com.tr\/bg\/wp-json\/wp\/v2\/types\/page"}],"author":[{"embeddable":true,"href":"https:\/\/www.apexclinic.com.tr\/bg\/wp-json\/wp\/v2\/users\/3"}],"replies":[{"embeddable":true,"href":"https:\/\/www.apexclinic.com.tr\/bg\/wp-json\/wp\/v2\/comments?post=2397"}],"version-history":[{"count":3,"href":"https:\/\/www.apexclinic.com.tr\/bg\/wp-json\/wp\/v2\/pages\/2397\/revisions"}],"predecessor-version":[{"id":3433,"href":"https:\/\/www.apexclinic.com.tr\/bg\/wp-json\/wp\/v2\/pages\/2397\/revisions\/3433"}],"wp:attachment":[{"href":"https:\/\/www.apexclinic.com.tr\/bg\/wp-json\/wp\/v2\/media?parent=2397"}],"curies":[{"name":"wp","href":"https:\/\/api.w.org\/{rel}","templated":true}]}}