{"id":2419,"date":"2022-09-07T13:36:13","date_gmt":"2022-09-07T13:36:13","guid":{"rendered":"https:\/\/www.apexclinic.com.tr\/?page_id=2419"},"modified":"2023-08-02T10:51:12","modified_gmt":"2023-08-02T10:51:12","slug":"mommy-makeover","status":"publish","type":"page","link":"https:\/\/www.apexclinic.com.tr\/bg\/%d0%bc%d0%b0%d0%bc%d0%b0-%d0%bf%d1%80%d0%b5%d0%be%d0%b1%d1%80%d0%b0%d0%b7%d1%8f%d0%b2%d0%b0%d0%bd%d0%b5\/","title":{"rendered":"\u0415\u0441\u0442\u0435\u0442\u0438\u043a\u0430 \u0437\u0430 \u043c\u0430\u0439\u0447\u0438\u043d\u0441\u0442\u0432\u043e (\u043f\u0440\u0435\u043e\u0431\u0440\u0430\u0437\u044f\u0432\u0430\u043d\u0435 \u043d\u0430 \u043c\u0430\u043c\u0430)"},"content":{"rendered":"<div data-elementor-type=\"wp-page\" data-elementor-id=\"2419\" class=\"elementor elementor-2419\" data-elementor-post-type=\"page\">\n\t\t\t\t\t\t<section class=\"elementor-section elementor-top-section elementor-element elementor-element-9afa8da elementor-section-boxed elementor-section-height-default elementor-section-height-default\" data-id=\"9afa8da\" data-element_type=\"section\" data-settings=\"{&quot;background_background&quot;:&quot;gradient&quot;,&quot;ekit_has_onepagescroll_dot&quot;:&quot;yes&quot;}\">\n\t\t\t\t\t\t<div class=\"elementor-container elementor-column-gap-default\">\n\t\t\t\t\t<div class=\"elementor-column elementor-col-100 elementor-top-column elementor-element elementor-element-bc56646\" data-id=\"bc56646\" data-element_type=\"column\">\n\t\t\t<div class=\"elementor-widget-wrap elementor-element-populated\">\n\t\t\t\t\t\t<div class=\"elementor-element elementor-element-0fb26c0 elementor-widget elementor-widget-spacer\" data-id=\"0fb26c0\" data-element_type=\"widget\" data-settings=\"{&quot;ekit_we_effect_on&quot;:&quot;none&quot;}\" data-widget_type=\"spacer.default\">\n\t\t\t\t<div class=\"elementor-widget-container\">\n\t\t\t\t\t\t\t<div class=\"elementor-spacer\">\n\t\t\t<div class=\"elementor-spacer-inner\"><\/div>\n\t\t<\/div>\n\t\t\t\t\t\t<\/div>\n\t\t\t\t<\/div>\n\t\t\t\t<div class=\"elementor-element elementor-element-efd06cb elementor-widget elementor-widget-heading\" data-id=\"efd06cb\" data-element_type=\"widget\" data-settings=\"{&quot;ekit_we_effect_on&quot;:&quot;none&quot;}\" data-widget_type=\"heading.default\">\n\t\t\t\t<div class=\"elementor-widget-container\">\n\t\t\t\t\t<h2 class=\"elementor-heading-title elementor-size-default\">\u0415\u0441\u0442\u0435\u0442\u0438\u043a\u0430 \u0437\u0430 \u043c\u0430\u0439\u0447\u0438\u043d\u0441\u0442\u0432\u043e (\u043f\u0440\u0435\u043e\u0431\u0440\u0430\u0437\u044f\u0432\u0430\u043d\u0435 \u043d\u0430 \u043c\u0430\u043c\u0430)\n<\/h2>\t\t\t\t<\/div>\n\t\t\t\t<\/div>\n\t\t\t\t<div class=\"elementor-element elementor-element-e2ddd16 elementor-widget elementor-widget-spacer\" data-id=\"e2ddd16\" data-element_type=\"widget\" data-settings=\"{&quot;ekit_we_effect_on&quot;:&quot;none&quot;}\" data-widget_type=\"spacer.default\">\n\t\t\t\t<div class=\"elementor-widget-container\">\n\t\t\t\t\t\t\t<div class=\"elementor-spacer\">\n\t\t\t<div class=\"elementor-spacer-inner\"><\/div>\n\t\t<\/div>\n\t\t\t\t\t\t<\/div>\n\t\t\t\t<\/div>\n\t\t\t\t\t<\/div>\n\t\t<\/div>\n\t\t\t\t\t<\/div>\n\t\t<\/section>\n\t\t\t\t<section class=\"elementor-section elementor-top-section elementor-element elementor-element-c610b43 elementor-section-boxed elementor-section-height-default elementor-section-height-default\" data-id=\"c610b43\" data-element_type=\"section\" data-settings=\"{&quot;ekit_has_onepagescroll_dot&quot;:&quot;yes&quot;}\">\n\t\t\t\t\t\t<div class=\"elementor-container elementor-column-gap-default\">\n\t\t\t\t\t<div class=\"elementor-column elementor-col-100 elementor-top-column elementor-element elementor-element-1731658\" data-id=\"1731658\" data-element_type=\"column\">\n\t\t\t<div class=\"elementor-widget-wrap elementor-element-populated\">\n\t\t\t\t\t\t<div class=\"elementor-element elementor-element-4c05546 elementor-widget elementor-widget-spacer\" data-id=\"4c05546\" data-element_type=\"widget\" data-settings=\"{&quot;ekit_we_effect_on&quot;:&quot;none&quot;}\" data-widget_type=\"spacer.default\">\n\t\t\t\t<div class=\"elementor-widget-container\">\n\t\t\t\t\t\t\t<div class=\"elementor-spacer\">\n\t\t\t<div class=\"elementor-spacer-inner\"><\/div>\n\t\t<\/div>\n\t\t\t\t\t\t<\/div>\n\t\t\t\t<\/div>\n\t\t\t\t\t<\/div>\n\t\t<\/div>\n\t\t\t\t\t<\/div>\n\t\t<\/section>\n\t\t\t\t<section class=\"elementor-section elementor-top-section elementor-element elementor-element-dd57234 elementor-section-boxed elementor-section-height-default elementor-section-height-default\" data-id=\"dd57234\" data-element_type=\"section\" data-settings=\"{&quot;ekit_has_onepagescroll_dot&quot;:&quot;yes&quot;}\">\n\t\t\t\t\t\t<div class=\"elementor-container elementor-column-gap-default\">\n\t\t\t\t\t<div class=\"elementor-column elementor-col-50 elementor-top-column elementor-element elementor-element-96900a3\" data-id=\"96900a3\" data-element_type=\"column\" data-settings=\"{&quot;background_background&quot;:&quot;classic&quot;}\">\n\t\t\t<div class=\"elementor-widget-wrap elementor-element-populated\">\n\t\t\t\t\t\t<div class=\"elementor-element elementor-element-f6d3ca3 elementor-widget elementor-widget-image\" data-id=\"f6d3ca3\" data-element_type=\"widget\" data-settings=\"{&quot;ekit_we_effect_on&quot;:&quot;none&quot;}\" data-widget_type=\"image.default\">\n\t\t\t\t<div class=\"elementor-widget-container\">\n\t\t\t\t\t\t\t\t\t\t\t\t\t\t\t<img fetchpriority=\"high\" decoding=\"async\" width=\"1024\" height=\"684\" src=\"https:\/\/www.apexclinic.com.tr\/wp-content\/uploads\/2022\/09\/61b2fb5b17aca911bca0f70c-1024x684.webp\" class=\"attachment-large size-large wp-image-2177\" alt=\"\" srcset=\"https:\/\/www.apexclinic.com.tr\/wp-content\/uploads\/2022\/09\/61b2fb5b17aca911bca0f70c-1024x684.webp 1024w, https:\/\/www.apexclinic.com.tr\/wp-content\/uploads\/2022\/09\/61b2fb5b17aca911bca0f70c-300x200.webp 300w, https:\/\/www.apexclinic.com.tr\/wp-content\/uploads\/2022\/09\/61b2fb5b17aca911bca0f70c-768x513.webp 768w, https:\/\/www.apexclinic.com.tr\/wp-content\/uploads\/2022\/09\/61b2fb5b17aca911bca0f70c.webp 1200w\" sizes=\"(max-width: 1024px) 100vw, 1024px\" \/>\t\t\t\t\t\t\t\t\t\t\t\t\t\t\t<\/div>\n\t\t\t\t<\/div>\n\t\t\t\t\t<\/div>\n\t\t<\/div>\n\t\t\t\t<div class=\"elementor-column elementor-col-50 elementor-top-column elementor-element elementor-element-1708227\" data-id=\"1708227\" data-element_type=\"column\">\n\t\t\t<div class=\"elementor-widget-wrap elementor-element-populated\">\n\t\t\t\t\t\t<div class=\"elementor-element elementor-element-b78616c elementor-widget-divider--view-line_text elementor-widget-divider--element-align-left elementor-widget elementor-widget-divider\" data-id=\"b78616c\" data-element_type=\"widget\" data-settings=\"{&quot;ekit_we_effect_on&quot;:&quot;none&quot;}\" data-widget_type=\"divider.default\">\n\t\t\t\t<div class=\"elementor-widget-container\">\n\t\t\t\t\t\t\t<div class=\"elementor-divider\">\n\t\t\t<span class=\"elementor-divider-separator\">\n\t\t\t\t\t\t\t<h3 class=\"elementor-divider__text elementor-divider__element\">\n\t\t\t\t\u041f\u0440\u0435\u043e\u0431\u0440\u0430\u0437\u044f\u0432\u0430\u043d\u0435 \u043d\u0430 \u043c\u0430\u043c\u0430\t\t\t\t<\/h3>\n\t\t\t\t\t\t<\/span>\n\t\t<\/div>\n\t\t\t\t\t\t<\/div>\n\t\t\t\t<\/div>\n\t\t\t\t<div class=\"elementor-element elementor-element-0083aba elementor-align-left elementor-widget__width-auto elementor-icon-list--layout-traditional elementor-list-item-link-full_width elementor-widget elementor-widget-icon-list\" data-id=\"0083aba\" data-element_type=\"widget\" data-settings=\"{&quot;ekit_we_effect_on&quot;:&quot;none&quot;}\" data-widget_type=\"icon-list.default\">\n\t\t\t\t<div class=\"elementor-widget-container\">\n\t\t\t\t\t\t\t<ul class=\"elementor-icon-list-items\">\n\t\t\t\t\t\t\t<li class=\"elementor-icon-list-item\">\n\t\t\t\t\t\t\t\t\t\t\t<span class=\"elementor-icon-list-icon\">\n\t\t\t\t\t\t\t<i aria-hidden=\"true\" class=\"far fa-hospital\"><\/i>\t\t\t\t\t\t<\/span>\n\t\t\t\t\t\t\t\t\t\t<span class=\"elementor-icon-list-text\">\u041f\u0440\u043e\u0434\u044a\u043b\u0436\u0438\u0442\u0435\u043b\u043d\u043e\u0441\u0442 \u043d\u0430 \u043f\u0440\u0435\u0441\u0442\u043e\u044f \u0432 \u0431\u043e\u043b\u043d\u0438\u0446\u0430\u0442\u0430: 1 \u0434\u0435\u043d<\/span>\n\t\t\t\t\t\t\t\t\t<\/li>\n\t\t\t\t\t\t\t\t<li class=\"elementor-icon-list-item\">\n\t\t\t\t\t\t\t\t\t\t\t<span class=\"elementor-icon-list-icon\">\n\t\t\t\t\t\t\t<i aria-hidden=\"true\" class=\"far fa-clock\"><\/i>\t\t\t\t\t\t<\/span>\n\t\t\t\t\t\t\t\t\t\t<span class=\"elementor-icon-list-text\">\u0412\u0440\u0435\u043c\u0435 \u0437\u0430 \u0440\u0430\u0431\u043e\u0442\u0430: 3-5 \u0447\u0430\u0441\u0430<\/span>\n\t\t\t\t\t\t\t\t\t<\/li>\n\t\t\t\t\t\t\t\t<li class=\"elementor-icon-list-item\">\n\t\t\t\t\t\t\t\t\t\t\t<span class=\"elementor-icon-list-icon\">\n\t\t\t\t\t\t\t<i aria-hidden=\"true\" class=\"fas fa-syringe\"><\/i>\t\t\t\t\t\t<\/span>\n\t\t\t\t\t\t\t\t\t\t<span class=\"elementor-icon-list-text\">\u0410\u043d\u0435\u0441\u0442\u0435\u0437\u0438\u044f: \u041e\u0431\u0449\u0430<\/span>\n\t\t\t\t\t\t\t\t\t<\/li>\n\t\t\t\t\t\t\t\t<li class=\"elementor-icon-list-item\">\n\t\t\t\t\t\t\t\t\t\t\t<span class=\"elementor-icon-list-icon\">\n\t\t\t\t\t\t\t<i aria-hidden=\"true\" class=\"far fa-heart\"><\/i>\t\t\t\t\t\t<\/span>\n\t\t\t\t\t\t\t\t\t\t<span class=\"elementor-icon-list-text\">\u0412\u0440\u0435\u043c\u0435 \u0437\u0430 \u0432\u044a\u0437\u0441\u0442\u0430\u043d\u043e\u0432\u044f\u0432\u0430\u043d\u0435: 6 \u043c\u0435\u0441\u0435\u0446\u0430<\/span>\n\t\t\t\t\t\t\t\t\t<\/li>\n\t\t\t\t\t\t<\/ul>\n\t\t\t\t\t\t<\/div>\n\t\t\t\t<\/div>\n\t\t\t\t<div class=\"elementor-element elementor-element-860d5ee elementor-widget elementor-widget-button\" data-id=\"860d5ee\" data-element_type=\"widget\" data-settings=\"{&quot;ekit_we_effect_on&quot;:&quot;none&quot;}\" data-widget_type=\"button.default\">\n\t\t\t\t<div class=\"elementor-widget-container\">\n\t\t\t\t\t\t\t\t\t<div class=\"elementor-button-wrapper\">\n\t\t\t\t\t<a class=\"elementor-button elementor-button-link elementor-size-sm\" href=\"https:\/\/www.apexclinic.com.tr\/bg\/\">\n\t\t\t\t\t\t<span class=\"elementor-button-content-wrapper\">\n\t\t\t\t\t\t\t\t\t<span class=\"elementor-button-text\">\u0423\u0433\u043e\u0432\u043e\u0440\u0435\u0442\u0435 \u0441\u0440\u0435\u0449\u0430 \u0441\u0435\u0433\u0430<\/span>\n\t\t\t\t\t<\/span>\n\t\t\t\t\t<\/a>\n\t\t\t\t<\/div>\n\t\t\t\t\t\t\t\t<\/div>\n\t\t\t\t<\/div>\n\t\t\t\t\t<\/div>\n\t\t<\/div>\n\t\t\t\t\t<\/div>\n\t\t<\/section>\n\t\t\t\t<section class=\"elementor-section elementor-top-section elementor-element elementor-element-0121500 elementor-section-boxed elementor-section-height-default elementor-section-height-default\" data-id=\"0121500\" data-element_type=\"section\" data-settings=\"{&quot;ekit_has_onepagescroll_dot&quot;:&quot;yes&quot;}\">\n\t\t\t\t\t\t<div class=\"elementor-container elementor-column-gap-default\">\n\t\t\t\t\t<div class=\"elementor-column elementor-col-100 elementor-top-column elementor-element elementor-element-fc1963e\" data-id=\"fc1963e\" data-element_type=\"column\">\n\t\t\t<div class=\"elementor-widget-wrap elementor-element-populated\">\n\t\t\t\t\t\t<div class=\"elementor-element elementor-element-2d0ab1b elementor-widget elementor-widget-spacer\" data-id=\"2d0ab1b\" data-element_type=\"widget\" data-settings=\"{&quot;ekit_we_effect_on&quot;:&quot;none&quot;}\" data-widget_type=\"spacer.default\">\n\t\t\t\t<div class=\"elementor-widget-container\">\n\t\t\t\t\t\t\t<div class=\"elementor-spacer\">\n\t\t\t<div class=\"elementor-spacer-inner\"><\/div>\n\t\t<\/div>\n\t\t\t\t\t\t<\/div>\n\t\t\t\t<\/div>\n\t\t\t\t\t<\/div>\n\t\t<\/div>\n\t\t\t\t\t<\/div>\n\t\t<\/section>\n\t\t\t\t<section class=\"elementor-section elementor-top-section elementor-element elementor-element-ce5665f elementor-section-boxed elementor-section-height-default elementor-section-height-default\" data-id=\"ce5665f\" data-element_type=\"section\" data-settings=\"{&quot;ekit_has_onepagescroll_dot&quot;:&quot;yes&quot;}\">\n\t\t\t\t\t\t<div class=\"elementor-container elementor-column-gap-default\">\n\t\t\t\t\t<div class=\"elementor-column elementor-col-100 elementor-top-column elementor-element elementor-element-339c420\" data-id=\"339c420\" data-element_type=\"column\">\n\t\t\t<div class=\"elementor-widget-wrap elementor-element-populated\">\n\t\t\t\t\t\t<div class=\"elementor-element elementor-element-3d77eba elementor-widget elementor-widget-text-editor\" data-id=\"3d77eba\" data-element_type=\"widget\" data-settings=\"{&quot;ekit_we_effect_on&quot;:&quot;none&quot;}\" data-widget_type=\"text-editor.default\">\n\t\t\t\t<div class=\"elementor-widget-container\">\n\t\t\t\t\t\t\t\t\t<section class=\"services_page_header\"><section class=\"services_page_header\"><section class=\"services_page_header\"><div class=\"elementor-element elementor-element-4b7e1618 elementor-widget elementor-widget-heading\" data-id=\"4b7e1618\" data-element_type=\"widget\" data-widget_type=\"heading.default\"><div class=\"elementor-widget-container\"><p>\u0420\u0430\u0436\u0434\u0430\u043d\u0435\u0442\u043e \u0438 \u043f\u043e\u0441\u043b\u0435\u0434\u0432\u0430\u0449\u0438\u044f\u0442 \u043f\u0435\u0440\u0438\u043e\u0434 \u043d\u0430 \u043a\u044a\u0440\u043c\u0435\u043d\u0435 \u0441\u0430 \u043f\u0440\u043e\u0446\u0435\u0441\u0438\u0442\u0435, \u043f\u0440\u0438 \u043a\u043e\u0438\u0442\u043e \u043d\u0430\u0441\u0442\u044a\u043f\u0432\u0430\u0442 \u0432\u0430\u0436\u043d\u0438 \u043f\u0440\u043e\u043c\u0435\u043d\u0438 \u0432 \u0442\u044f\u043b\u043e\u0442\u043e \u043d\u0430 \u0436\u0435\u043d\u0430\u0442\u0430. \u041d\u0430 \u043f\u044a\u0440\u0432\u043e \u043c\u044f\u0441\u0442\u043e, \u0436\u0435\u043d\u0441\u043a\u043e\u0442\u043e \u0442\u044f\u043b\u043e, \u043a\u043e\u0435\u0442\u043e \u0441\u0435 \u043f\u0440\u043e\u043c\u0435\u043d\u044f \u0432 \u0441\u044a\u043e\u0442\u0432\u0435\u0442\u0441\u0442\u0432\u0438\u0435 \u0441 \u0440\u0430\u0436\u0434\u0430\u043d\u0435\u0442\u043e, \u0441\u043b\u0435\u0434 \u0442\u043e\u0432\u0430 \u0435\u0441\u0442\u0435\u0441\u0442\u0432\u0435\u043d\u043e \u0441\u0435 \u043f\u0440\u043e\u043c\u0435\u043d\u044f \u0441 \u043f\u0435\u0440\u0438\u043e\u0434\u0430 \u043d\u0430 \u043a\u044a\u0440\u043c\u0435\u043d\u0435. \u0415\u0441\u0442\u0435\u0442\u0438\u043a\u0430\u0442\u0430 \u043d\u0430 \u043c\u0430\u0439\u0447\u0438\u043d\u0441\u0442\u0432\u043e\u0442\u043e \u0438\u043c\u0430 \u0437\u0430 \u0446\u0435\u043b \u0434\u0430 \u0432\u044a\u0437\u0441\u0442\u0430\u043d\u043e\u0432\u0438 \u0441\u0442\u0440\u0443\u043a\u0442\u0443\u0440\u0430\u0442\u0430 \u043d\u0430 \u0442\u044f\u043b\u043e\u0442\u043e, \u043a\u0430\u0442\u043e \u0435\u043b\u0438\u043c\u0438\u043d\u0438\u0440\u0430 \u043f\u0440\u043e\u043c\u0435\u043d\u0438\u0442\u0435, \u043a\u043e\u0438\u0442\u043e \u043d\u0430\u0441\u0442\u044a\u043f\u0432\u0430\u0442 \u0432 \u0436\u0435\u043d\u0441\u043a\u043e\u0442\u043e \u0442\u044f\u043b\u043e \u0441\u043b\u0435\u0434 \u0442\u0435\u0437\u0438 \u043f\u0440\u043e\u0446\u0435\u0441\u0438.<\/p><h3>\u041a\u0430\u043a\u0432\u043e \u043f\u043e\u043a\u0440\u0438\u0432\u0430 \u043f\u0440\u0435\u043e\u0431\u0440\u0430\u0437\u044f\u0432\u0430\u043d\u0435\u0442\u043e \u0437\u0430 \u043c\u0430\u0439\u0447\u0438\u043d\u0441\u0442\u0432\u043e (\u043f\u0440\u0435\u043e\u0431\u0440\u0430\u0437\u044f\u0432\u0430\u043d\u0435 \u043d\u0430 \u043c\u0430\u043c\u0430)?<\/h3><p>\u0420\u0435\u0433\u0438\u043e\u043d\u0438\u0442\u0435, \u0432 \u043a\u043e\u0438\u0442\u043e \u0441\u0435 \u043d\u0430\u0431\u043b\u044e\u0434\u0430\u0432\u0430\u0442 \u043d\u0430\u0439-\u0437\u043d\u0430\u0447\u0438\u043c\u0438 \u043f\u0440\u043e\u043c\u0435\u043d\u0438 \u043f\u043e \u0432\u0440\u0435\u043c\u0435 \u043d\u0430 \u0440\u0430\u0436\u0434\u0430\u043d\u0435\u0442\u043e \u0438 \u043f\u0440\u043e\u0446\u0435\u0441\u0430 \u043d\u0430 \u043a\u044a\u0440\u043c\u0435\u043d\u0435; \u043e\u0431\u043b\u0430\u0441\u0442\u0442\u0430 \u043d\u0430 \u0442\u0430\u043b\u0438\u044f\u0442\u0430, \u043a\u043e\u0440\u0435\u043c\u0430 \u0438 \u0433\u044a\u0440\u0434\u0438\u0442\u0435. \u0412\u044a\u043f\u0440\u0435\u043a\u0438 \u0447\u0435 \u0442\u0435\u0437\u0438 \u0440\u0435\u0433\u0438\u043e\u043d\u0438 \u0438\u0437\u0433\u043b\u0435\u0436\u0434\u0430\u0442 \u043d\u0435\u0437\u0430\u0432\u0438\u0441\u0438\u043c\u0438 \u0435\u0434\u0438\u043d \u043e\u0442 \u0434\u0440\u0443\u0433, \u0442\u0435 \u0432\u0441\u044a\u0449\u043d\u043e\u0441\u0442 \u0441\u0430 \u0440\u0435\u0433\u0438\u043e\u043d\u0438, \u043a\u043e\u0438\u0442\u043e \u0432\u043b\u0438\u044f\u044f\u0442 \u0435\u0434\u0438\u043d \u043d\u0430 \u0434\u0440\u0443\u0433 \u0438 \u0441\u043b\u0435\u0434\u043e\u0432\u0430\u0442\u0435\u043b\u043d\u043e \u0432\u044a\u0437\u043c\u043e\u0436\u043d\u043e\u0441\u0442\u0442\u0430 \u0437\u0430 \u0432\u044a\u0437\u0441\u0442\u0430\u043d\u043e\u0432\u044f\u0432\u0430\u043d\u0435 \u043d\u0430 \u0442\u044f\u043b\u043e\u0442\u043e \u0434\u043e \u0436\u0435\u043b\u0430\u043d\u0430\u0442\u0430 \u0444\u043e\u0440\u043c\u0430 \u0441\u0435 \u0443\u0432\u0435\u043b\u0438\u0447\u0430\u0432\u0430 \u0441\u044a\u0441 \u0441\u044a\u0432\u043c\u0435\u0441\u0442\u043d\u043e\u0442\u043e \u043f\u043b\u0430\u043d\u0438\u0440\u0430\u043d\u0435 \u043d\u0430 \u043d\u044f\u043a\u043e\u043b\u043a\u043e \u043f\u0440\u0438\u043b\u043e\u0436\u0435\u043d\u0438\u044f \u0438 \u043f\u0440\u0438\u043b\u0430\u0433\u0430\u043d\u0435\u0442\u043e \u043d\u0430 \u043e\u043f\u0435\u0440\u0430\u0446\u0438\u0438, \u043d\u0430\u0441\u043e\u0447\u0435\u043d\u0438 \u043a\u044a\u043c \u0442\u0435\u0437\u0438 \u0440\u0435\u0433\u0438\u043e\u043d\u0438 .<\/p><p>\u0415\u0441\u0442\u0435\u0442\u0438\u043a\u0430\u0442\u0430 \u043d\u0430 \u043c\u0430\u0439\u0447\u0438\u043d\u0441\u0442\u0432\u043e\u0442\u043e \u0435 \u043a\u043e\u043c\u0431\u0438\u043d\u0438\u0440\u0430\u043d\u0430 \u0435\u0441\u0442\u0435\u0442\u0438\u0447\u043d\u0430 \u043e\u043f\u0435\u0440\u0430\u0446\u0438\u044f, \u0432\u043a\u043b\u044e\u0447\u0432\u0430\u0449\u0430 \u0432\u0441\u0438\u0447\u043a\u0438 \u0447\u0430\u0441\u0442\u0438 \u043d\u0430 \u0442\u044f\u043b\u043e\u0442\u043e, \u043a\u043e\u0438\u0442\u043e \u0441\u0430 \u0435\u0441\u0442\u0435\u0441\u0442\u0432\u0435\u043d\u043e \u0434\u0435\u0444\u043e\u0440\u043c\u0438\u0440\u0430\u043d\u0438 \u043f\u043e \u0432\u0440\u0435\u043c\u0435 \u043d\u0430 \u0440\u0430\u0436\u0434\u0430\u043d\u0435 \u0438 \u043a\u044a\u0440\u043c\u0435\u043d\u0435. \u0412 \u0442\u043e\u0437\u0438 \u043a\u043e\u043d\u0442\u0435\u043a\u0441\u0442, \u0442\u044a\u0439 \u043a\u0430\u0442\u043e \u0440\u0435\u0433\u0438\u043e\u043d\u0438\u0442\u0435, \u043e\u0431\u0445\u0432\u0430\u043d\u0430\u0442\u0438 \u043e\u0442 \u0435\u0441\u0442\u0435\u0442\u0438\u043a\u0430\u0442\u0430 \u043d\u0430 \u043c\u0430\u0439\u0447\u0438\u043d\u0441\u0442\u0432\u043e\u0442\u043e; \u043c\u043e\u0433\u0430\u0442 \u0434\u0430 \u0431\u044a\u0434\u0430\u0442 \u0438\u0437\u0431\u0440\u043e\u0435\u043d\u0438 \u043e\u0431\u043b\u0430\u0441\u0442\u0438\u0442\u0435 \u043d\u0430 \u043a\u043e\u0440\u0435\u043c\u0430, \u0431\u0435\u0434\u0440\u0430\u0442\u0430, \u0433\u044a\u0440\u0434\u0438\u0442\u0435 \u0438 \u0432\u0430\u0433\u0438\u043d\u0430\u043b\u043d\u0430\u0442\u0430 \u0435\u0441\u0442\u0435\u0442\u0438\u043a\u0430 \u043c\u043e\u0436\u0435 \u0434\u0430 \u0431\u044a\u0434\u0435 \u0432\u043a\u043b\u044e\u0447\u0435\u043d\u0430 \u0432 \u0442\u043e\u0437\u0438 \u043e\u0431\u0445\u0432\u0430\u0442.<\/p><\/div><\/div><\/section><\/section><\/section>\t\t\t\t\t\t\t\t<\/div>\n\t\t\t\t<\/div>\n\t\t\t\t\t<\/div>\n\t\t<\/div>\n\t\t\t\t\t<\/div>\n\t\t<\/section>\n\t\t\t\t<section class=\"elementor-section elementor-top-section elementor-element elementor-element-c511541 elementor-section-boxed elementor-section-height-default elementor-section-height-default\" data-id=\"c511541\" data-element_type=\"section\" data-settings=\"{&quot;ekit_has_onepagescroll_dot&quot;:&quot;yes&quot;}\">\n\t\t\t\t\t\t<div class=\"elementor-container elementor-column-gap-default\">\n\t\t\t\t\t<div class=\"elementor-column elementor-col-100 elementor-top-column elementor-element elementor-element-c9ab417\" data-id=\"c9ab417\" data-element_type=\"column\">\n\t\t\t<div class=\"elementor-widget-wrap elementor-element-populated\">\n\t\t\t\t\t\t<div class=\"elementor-element elementor-element-105d136 elementor-widget elementor-widget-shortcode\" data-id=\"105d136\" data-element_type=\"widget\" data-settings=\"{&quot;ekit_we_effect_on&quot;:&quot;none&quot;}\" data-widget_type=\"shortcode.default\">\n\t\t\t\t<div class=\"elementor-widget-container\">\n\t\t\t\t\t\t\t<div class=\"elementor-shortcode\">\u041f\u043e\u0441\u043b\u0435\u0434\u043d\u0430 \u0430\u043a\u0442\u0443\u0430\u043b\u0438\u0437\u0430\u0446\u0438\u044f \u043d\u0430 2 \u0430\u0432\u0433\u0443\u0441\u0442 2023 \u0433. \u0418\u043d\u0444\u043e\u0440\u043c\u0430\u0446\u0438\u044f \u0437\u0430 \u0440\u0435\u0434\u0430\u043a\u0442\u043e\u0440\u0430:<a href=\"\" target=\"_blank\" class=\"last-modified-author\">digital@apexclinic.com.tr<\/a><\/div>\n\t\t\t\t\t\t<\/div>\n\t\t\t\t<\/div>\n\t\t\t\t\t<\/div>\n\t\t<\/div>\n\t\t\t\t\t<\/div>\n\t\t<\/section>\n\t\t\t\t<\/div>","protected":false},"excerpt":{"rendered":"<p>Annelik Esteti\u011fi (Mommy Makeover) Mommy Makeover Hastanede Kal\u0131\u015f S\u00fcresi: 1 G\u00fcn Operasyon S\u00fcresi: 3-5 Saat Anestezi: Genel \u0130yile\u015fme S\u00fcresi: 6 Ay Hemen Randevu Al\u0131n Do\u011fum ve takip eden s\u00fcre\u00e7teki emzirme d\u00f6nemi kad\u0131nlar i\u00e7in v\u00fccutlar\u0131nda \u00f6nemli de\u011fi\u015fimlerin ya\u015fand\u0131\u011f\u0131 s\u00fcre\u00e7lerdir. \u00d6ncelikle do\u011fuma uygun \u015fekilde de\u011fi\u015fen kad\u0131n v\u00fccudu, ard\u0131ndan emzirme d\u00f6nemiyle birlikte do\u011fal olarak de\u011fi\u015fmektedir. Annelik esteti\u011fi, bu [&hellip;]<\/p>","protected":false},"author":3,"featured_media":0,"parent":0,"menu_order":0,"comment_status":"closed","ping_status":"closed","template":"elementor_header_footer","meta":{"_lmt_disableupdate":"","_lmt_disable":"","_monsterinsights_skip_tracking":false,"_monsterinsights_sitenote_active":false,"_monsterinsights_sitenote_note":"","_monsterinsights_sitenote_category":0,"site-sidebar-layout":"no-sidebar","site-content-layout":"page-builder","ast-site-content-layout":"","site-content-style":"default","site-sidebar-style":"default","ast-global-header-display":"","ast-banner-title-visibility":"","ast-main-header-display":"","ast-hfb-above-header-display":"","ast-hfb-below-header-display":"","ast-hfb-mobile-header-display":"","site-post-title":"disabled","ast-breadcrumbs-content":"","ast-featured-img":"disabled","footer-sml-layout":"","theme-transparent-header-meta":"","adv-header-id-meta":"","stick-header-meta":"","header-above-stick-meta":"","header-main-stick-meta":"","header-below-stick-meta":"","astra-migrate-meta-layouts":"default","ast-page-background-enabled":"default","ast-page-background-meta":{"desktop":{"background-color":"var(--ast-global-color-4)","background-image":"","background-repeat":"repeat","background-position":"center center","background-size":"auto","background-attachment":"scroll","background-type":"","background-media":"","overlay-type":"","overlay-color":"","overlay-opacity":"","overlay-gradient":""},"tablet":{"background-color":"","background-image":"","background-repeat":"repeat","background-position":"center center","background-size":"auto","background-attachment":"scroll","background-type":"","background-media":"","overlay-type":"","overlay-color":"","overlay-opacity":"","overlay-gradient":""},"mobile":{"background-color":"","background-image":"","background-repeat":"repeat","background-position":"center center","background-size":"auto","background-attachment":"scroll","background-type":"","background-media":"","overlay-type":"","overlay-color":"","overlay-opacity":"","overlay-gradient":""}},"ast-content-background-meta":{"desktop":{"background-color":"var(--ast-global-color-5)","background-image":"","background-repeat":"repeat","background-position":"center center","background-size":"auto","background-attachment":"scroll","background-type":"","background-media":"","overlay-type":"","overlay-color":"","overlay-opacity":"","overlay-gradient":""},"tablet":{"background-color":"var(--ast-global-color-5)","background-image":"","background-repeat":"repeat","background-position":"center center","background-size":"auto","background-attachment":"scroll","background-type":"","background-media":"","overlay-type":"","overlay-color":"","overlay-opacity":"","overlay-gradient":""},"mobile":{"background-color":"var(--ast-global-color-5)","background-image":"","background-repeat":"repeat","background-position":"center center","background-size":"auto","background-attachment":"scroll","background-type":"","background-media":"","overlay-type":"","overlay-color":"","overlay-opacity":"","overlay-gradient":""}},"_joinchat":[],"footnotes":""},"class_list":["post-2419","page","type-page","status-publish","hentry"],"_links":{"self":[{"href":"https:\/\/www.apexclinic.com.tr\/bg\/wp-json\/wp\/v2\/pages\/2419"}],"collection":[{"href":"https:\/\/www.apexclinic.com.tr\/bg\/wp-json\/wp\/v2\/pages"}],"about":[{"href":"https:\/\/www.apexclinic.com.tr\/bg\/wp-json\/wp\/v2\/types\/page"}],"author":[{"embeddable":true,"href":"https:\/\/www.apexclinic.com.tr\/bg\/wp-json\/wp\/v2\/users\/3"}],"replies":[{"embeddable":true,"href":"https:\/\/www.apexclinic.com.tr\/bg\/wp-json\/wp\/v2\/comments?post=2419"}],"version-history":[{"count":6,"href":"https:\/\/www.apexclinic.com.tr\/bg\/wp-json\/wp\/v2\/pages\/2419\/revisions"}],"predecessor-version":[{"id":3451,"href":"https:\/\/www.apexclinic.com.tr\/bg\/wp-json\/wp\/v2\/pages\/2419\/revisions\/3451"}],"wp:attachment":[{"href":"https:\/\/www.apexclinic.com.tr\/bg\/wp-json\/wp\/v2\/media?parent=2419"}],"curies":[{"name":"wp","href":"https:\/\/api.w.org\/{rel}","templated":true}]}}