{"id":2782,"date":"2022-09-23T08:24:40","date_gmt":"2022-09-23T08:24:40","guid":{"rendered":"https:\/\/www.apexclinic.com.tr\/?page_id=2782"},"modified":"2023-08-02T09:55:07","modified_gmt":"2023-08-02T09:55:07","slug":"diyabetik-bypass","status":"publish","type":"page","link":"https:\/\/www.apexclinic.com.tr\/bg\/%d0%b4%d0%b8%d0%b0%d0%b1%d0%b5%d1%82%d0%bd%d0%be-%d0%b1%d0%b0%d0%b9%d0%bf%d0%b0%d1%81\/","title":{"rendered":"\u0414\u0438\u0430\u0431\u0435\u0442\u0435\u043d \u0431\u0430\u0439\u043f\u0430\u0441"},"content":{"rendered":"<div data-elementor-type=\"wp-page\" data-elementor-id=\"2782\" class=\"elementor elementor-2782\" data-elementor-post-type=\"page\">\n\t\t\t\t\t\t<section class=\"elementor-section elementor-top-section elementor-element elementor-element-8d314c9 elementor-section-content-middle elementor-section-boxed elementor-section-height-default elementor-section-height-default\" data-id=\"8d314c9\" data-element_type=\"section\" data-settings=\"{&quot;background_background&quot;:&quot;classic&quot;,&quot;ekit_has_onepagescroll_dot&quot;:&quot;yes&quot;}\">\n\t\t\t\t\t\t<div class=\"elementor-container elementor-column-gap-no\">\n\t\t\t\t\t<div class=\"elementor-column elementor-col-50 elementor-top-column elementor-element elementor-element-228238c6\" data-id=\"228238c6\" data-element_type=\"column\" data-settings=\"{&quot;background_background&quot;:&quot;classic&quot;}\">\n\t\t\t<div class=\"elementor-widget-wrap elementor-element-populated\">\n\t\t\t\t\t\t<section class=\"elementor-section elementor-inner-section elementor-element elementor-element-65544c11 elementor-section-content-middle elementor-section-boxed elementor-section-height-default elementor-section-height-default\" data-id=\"65544c11\" data-element_type=\"section\" data-settings=\"{&quot;ekit_has_onepagescroll_dot&quot;:&quot;yes&quot;}\">\n\t\t\t\t\t\t<div class=\"elementor-container elementor-column-gap-default\">\n\t\t\t\t\t<div class=\"elementor-column elementor-col-50 elementor-inner-column elementor-element elementor-element-52f6619f\" data-id=\"52f6619f\" data-element_type=\"column\">\n\t\t\t<div class=\"elementor-widget-wrap elementor-element-populated\">\n\t\t\t\t\t\t<div class=\"elementor-element elementor-element-762201e0 elementor-widget-divider--view-line elementor-widget elementor-widget-divider\" data-id=\"762201e0\" data-element_type=\"widget\" data-settings=\"{&quot;ekit_we_effect_on&quot;:&quot;none&quot;}\" data-widget_type=\"divider.default\">\n\t\t\t\t<div class=\"elementor-widget-container\">\n\t\t\t\t\t\t\t<div class=\"elementor-divider\">\n\t\t\t<span class=\"elementor-divider-separator\">\n\t\t\t\t\t\t<\/span>\n\t\t<\/div>\n\t\t\t\t\t\t<\/div>\n\t\t\t\t<\/div>\n\t\t\t\t\t<\/div>\n\t\t<\/div>\n\t\t\t\t<div class=\"elementor-column elementor-col-50 elementor-inner-column elementor-element elementor-element-400c63b\" data-id=\"400c63b\" data-element_type=\"column\">\n\t\t\t<div class=\"elementor-widget-wrap elementor-element-populated\">\n\t\t\t\t\t\t<div class=\"elementor-element elementor-element-1b7b5c07 envato-kit-138-bracket elementor-widget elementor-widget-heading\" data-id=\"1b7b5c07\" data-element_type=\"widget\" data-settings=\"{&quot;ekit_we_effect_on&quot;:&quot;none&quot;}\" data-widget_type=\"heading.default\">\n\t\t\t\t<div class=\"elementor-widget-container\">\n\t\t\t\t\t<h3 class=\"elementor-heading-title elementor-size-default\">\u041a\u043b\u0438\u043d\u0438\u043a\u0430 \u0410\u043f\u0435\u043a\u0441<\/h3>\t\t\t\t<\/div>\n\t\t\t\t<\/div>\n\t\t\t\t\t<\/div>\n\t\t<\/div>\n\t\t\t\t\t<\/div>\n\t\t<\/section>\n\t\t\t\t<div class=\"elementor-element elementor-element-20c19315 elementor-widget elementor-widget-heading\" data-id=\"20c19315\" data-element_type=\"widget\" data-settings=\"{&quot;ekit_we_effect_on&quot;:&quot;none&quot;}\" data-widget_type=\"heading.default\">\n\t\t\t\t<div class=\"elementor-widget-container\">\n\t\t\t\t\t<h2 class=\"elementor-heading-title elementor-size-default\">\u0414\u0438\u0430\u0431\u0435\u0442\u0435\u043d \u0431\u0430\u0439\u043f\u0430\u0441<\/h2>\t\t\t\t<\/div>\n\t\t\t\t<\/div>\n\t\t\t\t<div class=\"elementor-element elementor-element-3a966ec2 elementor-widget elementor-widget-spacer\" data-id=\"3a966ec2\" data-element_type=\"widget\" data-settings=\"{&quot;ekit_we_effect_on&quot;:&quot;none&quot;}\" data-widget_type=\"spacer.default\">\n\t\t\t\t<div class=\"elementor-widget-container\">\n\t\t\t\t\t\t\t<div class=\"elementor-spacer\">\n\t\t\t<div class=\"elementor-spacer-inner\"><\/div>\n\t\t<\/div>\n\t\t\t\t\t\t<\/div>\n\t\t\t\t<\/div>\n\t\t\t\t<div class=\"elementor-element elementor-element-24997070 elementor-widget elementor-widget-text-editor\" data-id=\"24997070\" data-element_type=\"widget\" data-settings=\"{&quot;ekit_we_effect_on&quot;:&quot;none&quot;}\" data-widget_type=\"text-editor.default\">\n\t\t\t\t<div class=\"elementor-widget-container\">\n\t\t\t\t\t\t\t\t\t<p>\u0414\u0438\u0430\u0431\u0435\u0442\u043d\u0438\u044f\u0442 \u0431\u0430\u0439\u043f\u0430\u0441, \u0438\u0437\u0432\u0435\u0441\u0442\u0435\u043d \u043e\u0449\u0435 \u043a\u0430\u0442\u043e \u043c\u0435\u0442\u0430\u0431\u043e\u043b\u0438\u0442\u043d\u0430 \u0445\u0438\u0440\u0443\u0440\u0433\u0438\u044f, \u0435 \u0438\u043d\u043e\u0432\u0430\u0442\u0438\u0432\u043d\u043e \u0438 \u043f\u0440\u043e\u043c\u0435\u043d\u044f\u0449\u043e \u0436\u0438\u0432\u043e\u0442\u0430 \u043b\u0435\u0447\u0435\u043d\u0438\u0435 \u043d\u0430 \u043f\u0430\u0446\u0438\u0435\u043d\u0442\u0438 \u0441 \u0434\u0438\u0430\u0431\u0435\u0442. \u041f\u0440\u043e\u0441\u0442\u043e \u043a\u0430\u0437\u0430\u043d\u043e, \u0442\u043e\u0432\u0430 \u0435 \u043e\u043f\u0435\u0440\u0430\u0446\u0438\u044f \u043d\u0430 \u0441\u0442\u043e\u043c\u0430\u0445\u0430, \u043a\u043e\u044f\u0442\u043e \u043b\u0435\u043a\u0443\u0432\u0430 \u0441\u0438\u043c\u043f\u0442\u043e\u043c\u0438\u0442\u0435 \u043d\u0430 \u0434\u0438\u0430\u0431\u0435\u0442\u0430. \u041a\u0430\u0442\u043e Apex Clinic \u043d\u0438\u0435 \u043f\u0440\u043e\u043c\u0435\u043d\u0438\u0445\u043c\u0435 \u0438 \u043f\u0440\u043e\u0434\u044a\u043b\u0436\u0430\u0432\u0430\u043c\u0435 \u0434\u0430 \u043f\u0440\u043e\u043c\u0435\u043d\u044f\u043c\u0435 \u0436\u0438\u0432\u043e\u0442\u0430 \u043d\u0430 \u043c\u043d\u043e\u0433\u043e \u043f\u0430\u0446\u0438\u0435\u043d\u0442\u0438 \u0441 \u0434\u0438\u0430\u0431\u0435\u0442 \u0431\u043b\u0430\u0433\u043e\u0434\u0430\u0440\u0435\u043d\u0438\u0435 \u043d\u0430 \u0442\u043e\u0432\u0430 \u043b\u0435\u0447\u0435\u043d\u0438\u0435.<\/p>\t\t\t\t\t\t\t\t<\/div>\n\t\t\t\t<\/div>\n\t\t\t\t<div class=\"elementor-element elementor-element-36b59b7 elementor-tablet-align-center elementor-align-left elementor-widget elementor-widget-button\" data-id=\"36b59b7\" data-element_type=\"widget\" data-settings=\"{&quot;ekit_we_effect_on&quot;:&quot;none&quot;}\" data-widget_type=\"button.default\">\n\t\t\t\t<div class=\"elementor-widget-container\">\n\t\t\t\t\t\t\t\t\t<div class=\"elementor-button-wrapper\">\n\t\t\t\t\t<a class=\"elementor-button elementor-button-link elementor-size-md\" href=\"#makale\">\n\t\t\t\t\t\t<span class=\"elementor-button-content-wrapper\">\n\t\t\t\t\t\t\t\t\t<span class=\"elementor-button-text\">| \u041f\u043e\u0432\u0435\u0447\u0435 \u25bc<\/span>\n\t\t\t\t\t<\/span>\n\t\t\t\t\t<\/a>\n\t\t\t\t<\/div>\n\t\t\t\t\t\t\t\t<\/div>\n\t\t\t\t<\/div>\n\t\t\t\t\t<\/div>\n\t\t<\/div>\n\t\t\t\t<div class=\"elementor-column elementor-col-50 elementor-top-column elementor-element elementor-element-362f9d05\" data-id=\"362f9d05\" data-element_type=\"column\" data-settings=\"{&quot;background_background&quot;:&quot;classic&quot;}\">\n\t\t\t<div class=\"elementor-widget-wrap elementor-element-populated\">\n\t\t\t\t\t\t<section class=\"elementor-section elementor-inner-section elementor-element elementor-element-7c85fd9d elementor-section-full_width elementor-section-height-default elementor-section-height-default\" data-id=\"7c85fd9d\" data-element_type=\"section\" data-settings=\"{&quot;background_background&quot;:&quot;classic&quot;,&quot;ekit_has_onepagescroll_dot&quot;:&quot;yes&quot;}\">\n\t\t\t\t\t\t<div class=\"elementor-container elementor-column-gap-no\">\n\t\t\t\t\t<div class=\"elementor-column elementor-col-100 elementor-inner-column elementor-element elementor-element-364df4cf\" data-id=\"364df4cf\" data-element_type=\"column\">\n\t\t\t<div class=\"elementor-widget-wrap elementor-element-populated\">\n\t\t\t\t\t\t<div class=\"elementor-element elementor-element-1f72805 elementor-widget elementor-widget-image\" data-id=\"1f72805\" data-element_type=\"widget\" data-settings=\"{&quot;ekit_we_effect_on&quot;:&quot;none&quot;}\" data-widget_type=\"image.default\">\n\t\t\t\t<div class=\"elementor-widget-container\">\n\t\t\t\t\t\t\t\t\t\t\t\t\t\t\t<img fetchpriority=\"high\" decoding=\"async\" width=\"1024\" height=\"683\" src=\"https:\/\/www.apexclinic.com.tr\/wp-content\/uploads\/2022\/09\/young-woman-with-beautiful-body-measure-tape-min-1024x683.jpg\" class=\"attachment-large size-large wp-image-2766\" alt=\"\u0441\u0442\u043e\u043c\u0430\u0448\u0435\u043d \u0431\u0430\u0439\u043f\u0430\u0441\" srcset=\"https:\/\/www.apexclinic.com.tr\/wp-content\/uploads\/2022\/09\/young-woman-with-beautiful-body-measure-tape-min-1024x683.jpg 1024w, https:\/\/www.apexclinic.com.tr\/wp-content\/uploads\/2022\/09\/young-woman-with-beautiful-body-measure-tape-min-300x200.jpg 300w, https:\/\/www.apexclinic.com.tr\/wp-content\/uploads\/2022\/09\/young-woman-with-beautiful-body-measure-tape-min-768x512.jpg 768w, https:\/\/www.apexclinic.com.tr\/wp-content\/uploads\/2022\/09\/young-woman-with-beautiful-body-measure-tape-min-1536x1024.jpg 1536w, https:\/\/www.apexclinic.com.tr\/wp-content\/uploads\/2022\/09\/young-woman-with-beautiful-body-measure-tape-min-2048x1365.jpg 2048w, https:\/\/www.apexclinic.com.tr\/wp-content\/uploads\/2022\/09\/young-woman-with-beautiful-body-measure-tape-min-18x12.jpg 18w\" sizes=\"(max-width: 1024px) 100vw, 1024px\" \/>\t\t\t\t\t\t\t\t\t\t\t\t\t\t\t<\/div>\n\t\t\t\t<\/div>\n\t\t\t\t\t<\/div>\n\t\t<\/div>\n\t\t\t\t\t<\/div>\n\t\t<\/section>\n\t\t\t\t\t<\/div>\n\t\t<\/div>\n\t\t\t\t\t<\/div>\n\t\t<\/section>\n\t\t\t\t<section class=\"elementor-section elementor-top-section elementor-element elementor-element-7214ea3 elementor-section-boxed elementor-section-height-default elementor-section-height-default\" data-id=\"7214ea3\" data-element_type=\"section\" id=\"makale\" data-settings=\"{&quot;ekit_has_onepagescroll_dot&quot;:&quot;yes&quot;}\">\n\t\t\t\t\t\t<div class=\"elementor-container elementor-column-gap-default\">\n\t\t\t\t\t<div class=\"elementor-column elementor-col-100 elementor-top-column elementor-element elementor-element-1245a49\" data-id=\"1245a49\" data-element_type=\"column\">\n\t\t\t<div class=\"elementor-widget-wrap elementor-element-populated\">\n\t\t\t\t\t\t<div class=\"elementor-element elementor-element-3b93696 elementor-widget elementor-widget-text-editor\" data-id=\"3b93696\" data-element_type=\"widget\" data-settings=\"{&quot;ekit_we_effect_on&quot;:&quot;none&quot;}\" data-widget_type=\"text-editor.default\">\n\t\t\t\t<div class=\"elementor-widget-container\">\n\t\t\t\t\t\t\t\t\t<p>Diyabetik bypass hastalar\u0131n ya\u015fam kalitesini \u00f6nemli \u00f6l\u00e7\u00fcde art\u0131r\u0131r. Bu operasyonun %95 ba\u015far\u0131 oran\u0131na sahip oldu\u011funu gururla s\u00f6yleyebiliriz ki bu olduk\u00e7a olumludur. Cerrahlar\u0131n diyabetik baypas nas\u0131l ger\u00e7ekle\u015ftirdi\u011fi ve bundan kimlerin faydalanabilece\u011fi ile ilgili makalede daha fazla ayr\u0131nt\u0131ya girece\u011fiz. \u015eeker hastal\u0131\u011f\u0131n\u0131z varsa ve tedavi ar\u0131yorsan\u0131z bu makaleyi okumaya devam edin.<\/p><p>\u00a0<\/p><h3>\u0417\u0430 \u043a\u043e\u0433\u043e \u0435 \u043f\u043e\u0434\u0445\u043e\u0434\u044f\u0449 \u0431\u0430\u0439\u043f\u0430\u0441 \u043f\u0440\u0438 \u0434\u0438\u0430\u0431\u0435\u0442?<\/h3><p>\u041a\u0430\u043a\u0442\u043e \u043f\u0440\u0438 \u0432\u0441\u0438\u0447\u043a\u0438 \u043e\u043f\u0435\u0440\u0430\u0446\u0438\u0438, \u0438\u043c\u0430 \u043d\u044f\u043a\u043e\u043b\u043a\u043e \u043f\u043e\u043b\u0435\u0442\u0430 \u0437\u0430 \u043f\u0440\u043e\u0432\u0435\u0440\u043a\u0430 \u043d\u0430 \u0434\u043e\u043f\u0443\u0441\u0442\u0438\u043c\u043e\u0441\u0442\u0442\u0430 \u043d\u0430 \u043f\u0430\u0446\u0438\u0435\u043d\u0442\u0430 \u0437\u0430 \u0434\u0438\u0430\u0431\u0435\u0442\u0435\u043d \u0431\u0430\u0439\u043f\u0430\u0441:<\/p><ul><li>\u041d\u0430\u0439-\u0432\u0430\u0436\u043d\u043e\u0442\u043e \u0435, \u0447\u0435 \u043f\u0430\u0446\u0438\u0435\u043d\u0442\u044a\u0442 \u0442\u0440\u044f\u0431\u0432\u0430 \u0434\u0430 \u0438\u043c\u0430 \u0434\u0438\u0430\u0431\u0435\u0442 \u0442\u0438\u043f 2. \u0422\u0430\u0437\u0438 \u043e\u043f\u0435\u0440\u0430\u0446\u0438\u044f \u043d\u0435 \u043c\u043e\u0436\u0435 \u0435\u0444\u0435\u043a\u0442\u0438\u0432\u043d\u043e \u0434\u0430 \u043b\u0435\u043a\u0443\u0432\u0430 \u0442\u0438\u043f 1.<\/li><li>\u0417\u0430 \u0434\u0430 \u0441\u0435 \u0443\u0432\u0435\u043b\u0438\u0447\u0438 \u0443\u0441\u043f\u0435\u0445\u044a\u0442 \u043d\u0430 \u0442\u0430\u0437\u0438 \u043e\u043f\u0435\u0440\u0430\u0446\u0438\u044f, \u0418\u0422\u041c \u043d\u0430 \u043f\u0430\u0446\u0438\u0435\u043d\u0442\u0430 (35 \u0438 \u043f\u043e\u0432\u0435\u0447\u0435) \u0441\u044a\u0449\u043e \u0442\u0440\u044f\u0431\u0432\u0430 \u0434\u0430 \u0431\u044a\u0434\u0435 \u0432\u0438\u0441\u043e\u043a.<\/li><li>\u041d\u0438\u0432\u0430\u0442\u0430 \u043d\u0430 \u0438\u043d\u0441\u0443\u043b\u0438\u043d \u043d\u0430 \u043f\u0430\u0446\u0438\u0435\u043d\u0442\u0430 \u0438\u0433\u0440\u0430\u044f\u0442 \u043e\u0441\u043d\u043e\u0432\u043d\u0430 \u0440\u043e\u043b\u044f \u0437\u0430 \u0443\u0441\u043f\u0435\u0445\u0430 \u043d\u0430 \u0442\u0430\u0437\u0438 \u043e\u043f\u0435\u0440\u0430\u0446\u0438\u044f. \u0421\u043b\u0435\u0434\u043e\u0432\u0430\u0442\u0435\u043b\u043d\u043e \u0438\u043d\u0441\u0443\u043b\u0438\u043d\u043e\u0432\u0438\u0442\u0435 \u0440\u0435\u0437\u0435\u0440\u0432\u0438 \u0442\u0440\u044f\u0431\u0432\u0430 \u0434\u0430 \u0431\u044a\u0434\u0430\u0442 \u0442\u0435\u0441\u0442\u0432\u0430\u043d\u0438 \u043f\u0440\u0435\u0434\u0438 \u043f\u0430\u0446\u0438\u0435\u043d\u0442\u044a\u0442 \u0434\u0430 \u0431\u044a\u0434\u0435 \u043e\u0442\u0432\u0435\u0434\u0435\u043d \u043d\u0430 \u043e\u043f\u0435\u0440\u0430\u0446\u0438\u044f.<\/li><\/ul><p>\u041c\u043d\u043e\u0433\u043e \u0435 \u0432\u0430\u0436\u043d\u043e \u0434\u0430 \u0441\u0435 \u043a\u043e\u043d\u0441\u0443\u043b\u0442\u0438\u0440\u0430\u0442\u0435 \u0441 \u0431\u0430\u0440\u0438\u0430\u0442\u0440\u0438\u0447\u043d\u0438 \u0445\u0438\u0440\u0443\u0440\u0437\u0438 \u0438 \u0434\u0430 \u043f\u043e\u0442\u0432\u044a\u0440\u0434\u0438\u0442\u0435, \u0447\u0435 \u043e\u0442\u0433\u043e\u0432\u0430\u0440\u044f\u0442\u0435 \u043d\u0430 \u0438\u0437\u0438\u0441\u043a\u0432\u0430\u043d\u0438\u044f\u0442\u0430, \u043f\u0440\u0435\u0434\u0438 \u0434\u0430 \u0441\u0435 \u043f\u043e\u0434\u043b\u043e\u0436\u0438\u0442\u0435 \u043d\u0430 \u043a\u0430\u043a\u0432\u0430\u0442\u043e \u0438 \u0434\u0430 \u0435 \u043e\u043f\u0435\u0440\u0430\u0446\u0438\u044f.<\/p><p>\u00a0<\/p><h3>\u041f\u0440\u043e\u0446\u0435\u0434\u0443\u0440\u0430 \u0437\u0430 \u0431\u0430\u0439\u043f\u0430\u0441 \u043f\u0440\u0438 \u0434\u0438\u0430\u0431\u0435\u0442<\/h3><p>\u0425\u0438\u0440\u0443\u0440\u0433\u044a\u0442 \u0438\u0437\u0433\u043e\u0442\u0432\u044f \u043f\u043b\u0430\u043d \u0437\u0430 \u043e\u043f\u0435\u0440\u0430\u0446\u0438\u044f, \u0441\u043b\u0435\u0434 \u043a\u0430\u0442\u043e \u0441\u0435 \u0434\u043e\u043a\u0430\u0436\u0435 \u0433\u043e\u0434\u043d\u043e\u0441\u0442\u0442\u0430 \u043d\u0430 \u043f\u0430\u0446\u0438\u0435\u043d\u0442\u0430 \u0441 \u043a\u0440\u044a\u0432\u0435\u043d \u0442\u0435\u0441\u0442. \u041f\u0430\u0446\u0438\u0435\u043d\u0442\u044a\u0442 \u043f\u043e\u043b\u0443\u0447\u0430\u0432\u0430 \u0430\u043d\u0435\u0441\u0442\u0435\u0437\u0438\u044f \u0438 \u0441\u043b\u0435\u0434 \u0442\u043e\u0432\u0430 \u0437\u0430\u043f\u043e\u0447\u0432\u0430 \u043e\u043f\u0435\u0440\u0430\u0446\u0438\u044f\u0442\u0430. \u0425\u0438\u0440\u0443\u0440\u0433\u044a\u0442 \u043f\u0440\u0430\u0432\u0438 \u043d\u043e\u0432\u0430 \u0432\u0440\u044a\u0437\u043a\u0430 \u043c\u0435\u0436\u0434\u0443 \u0441\u0442\u043e\u043c\u0430\u0445\u0430 \u0438 \u0447\u0435\u0440\u0432\u0430\u0442\u0430, \u043a\u0430\u0442\u043e \u043f\u0440\u0430\u0432\u0438 \u043d\u0435\u043e\u0431\u0445\u043e\u0434\u0438\u043c\u0438\u0442\u0435 \u0440\u0430\u0437\u0440\u0435\u0437\u0438 \u0437\u0430 \u043e\u043f\u0435\u0440\u0430\u0446\u0438\u044f\u0442\u0430. \u0422\u043e\u0432\u0430 \u043f\u043e\u0437\u0432\u043e\u043b\u044f\u0432\u0430 \u043d\u0430 \u0445\u0440\u0430\u043d\u0430\u0442\u0430 \u0434\u0430 &quot;\u043f\u0440\u0435\u0441\u043a\u043e\u0447\u0438&quot; \u0441\u0442\u043e\u043c\u0430\u0445\u0430 \u0438 \u0433\u043e\u043b\u044f\u043c\u0430 \u0447\u0430\u0441\u0442 \u043e\u0442 \u0447\u0435\u0440\u0432\u0430\u0442\u0430. \u0411\u043b\u0430\u0433\u043e\u0434\u0430\u0440\u0435\u043d\u0438\u0435 \u043d\u0430 \u0442\u0430\u0437\u0438 \u043e\u043f\u0435\u0440\u0430\u0446\u0438\u044f \u043f\u0430\u0446\u0438\u0435\u043d\u0442\u0438\u0442\u0435 \u043c\u043e\u0433\u0430\u0442 \u0434\u0430 \u0441\u0435 \u0447\u0443\u0432\u0441\u0442\u0432\u0430\u0442 \u043f\u043e-\u0441\u0438\u0442\u0438, \u043a\u0430\u0442\u043e \u043f\u0440\u0438\u0435\u043c\u0430\u0442 \u043f\u043e-\u043c\u0430\u043b\u043a\u043e \u0445\u0440\u0430\u043d\u0430 \u0438 \u0445\u0440\u0430\u043d\u0438\u0442\u0435\u043b\u043d\u0438\u0442\u0435 \u0432\u0435\u0449\u0435\u0441\u0442\u0432\u0430 \u043e\u0441\u0442\u0430\u0432\u0430\u0442 \u043f\u043e-\u043c\u0430\u043b\u043a\u043e \u0432 \u0445\u0440\u0430\u043d\u043e\u0441\u043c\u0438\u043b\u0430\u0442\u0435\u043b\u043d\u0430\u0442\u0430 \u0441\u0438\u0441\u0442\u0435\u043c\u0430.<\/p><p>\u00a0<\/p><h3>\u0421\u0442\u043e\u043c\u0430\u0448\u0435\u043d \u0431\u0430\u0439\u043f\u0430\u0441 \u0438 \u0434\u0438\u0430\u0431\u0435\u0442\u0435\u043d \u0431\u0430\u0439\u043f\u0430\u0441<\/h3><p>\u0422\u0435\u0437\u0438 \u0434\u0432\u0430 \u043f\u0440\u043e\u0446\u0435\u0441\u0430 \u0441\u0430 \u043c\u043d\u043e\u0433\u043e \u0441\u0445\u043e\u0434\u043d\u0438 \u0435\u0434\u0438\u043d \u0441 \u0434\u0440\u0443\u0433. \u0422\u0435 \u043e\u0431\u0430\u0447\u0435 \u0441\u0435 \u0440\u0430\u0437\u043b\u0438\u0447\u0430\u0432\u0430\u0442 \u043f\u043e \u0442\u043e\u0432\u0430 \u043a\u044a\u0434\u0435 \u0441\u0435 \u043f\u0440\u0438\u043a\u0440\u0435\u043f\u044f \u043d\u043e\u0432\u0438\u044f\u0442 \u0441\u0442\u043e\u043c\u0430\u0445 (\u0442\u043e\u0440\u0431\u0438\u0447\u043a\u0430). \u041f\u0440\u0438 \u0434\u0438\u0430\u0431\u0435\u0442\u0435\u043d \u0431\u0430\u0439\u043f\u0430\u0441 \u0445\u0438\u0440\u0443\u0440\u0433\u044a\u0442 \u0441\u0432\u044a\u0440\u0437\u0432\u0430 \u043d\u043e\u0432\u0438\u044f \u0441\u0442\u043e\u043c\u0430\u0445 \u0441 \u0434\u043e\u043b\u043d\u0430\u0442\u0430 \u0442\u0440\u0435\u0442\u0430 \u043d\u0430 \u0447\u0435\u0440\u0432\u0430\u0442\u0430. \u0427\u0430\u0441\u0442\u0442\u0430, \u043a\u044a\u0434\u0435\u0442\u043e \u0441\u0435 \u043e\u0441\u044a\u0449\u0435\u0441\u0442\u0432\u044f\u0432\u0430 \u0432\u0440\u044a\u0437\u043a\u0430\u0442\u0430 \u0432 \u0447\u0435\u0440\u0432\u0430\u0442\u0430, \u0435 \u043e\u0431\u043b\u0430\u0441\u0442\u0442\u0430, \u043a\u043e\u044f\u0442\u043e \u0441\u0442\u0438\u043c\u0443\u043b\u0438\u0440\u0430 \u043d\u0430\u0439-\u043c\u043d\u043e\u0433\u043e \u043f\u0430\u043d\u043a\u0440\u0435\u0430\u0441\u0430. \u0421\u0442\u0438\u043c\u0443\u043b\u0438\u0440\u0430\u043d\u0435\u0442\u043e \u043d\u0430 \u0442\u0430\u0437\u0438 \u043e\u0431\u043b\u0430\u0441\u0442 \u0432\u043e\u0434\u0438 \u0434\u043e \u043f\u043e\u0432\u0435\u0447\u0435 \u043f\u0440\u043e\u0438\u0437\u0432\u043e\u0434\u0441\u0442\u0432\u043e \u043d\u0430 \u0438\u043d\u0441\u0443\u043b\u0438\u043d.<\/p>\t\t\t\t\t\t\t\t<\/div>\n\t\t\t\t<\/div>\n\t\t\t\t\t<\/div>\n\t\t<\/div>\n\t\t\t\t\t<\/div>\n\t\t<\/section>\n\t\t\t\t<section class=\"elementor-section elementor-top-section elementor-element elementor-element-f553d6c elementor-section-boxed elementor-section-height-default elementor-section-height-default\" data-id=\"f553d6c\" data-element_type=\"section\" data-settings=\"{&quot;ekit_has_onepagescroll_dot&quot;:&quot;yes&quot;}\">\n\t\t\t\t\t\t<div class=\"elementor-container elementor-column-gap-default\">\n\t\t\t\t\t<div class=\"elementor-column elementor-col-100 elementor-top-column elementor-element elementor-element-afd2e90\" data-id=\"afd2e90\" data-element_type=\"column\">\n\t\t\t<div class=\"elementor-widget-wrap elementor-element-populated\">\n\t\t\t\t\t\t<div class=\"elementor-element elementor-element-d1d11de elementor-widget elementor-widget-spacer\" data-id=\"d1d11de\" data-element_type=\"widget\" data-settings=\"{&quot;ekit_we_effect_on&quot;:&quot;none&quot;}\" data-widget_type=\"spacer.default\">\n\t\t\t\t<div class=\"elementor-widget-container\">\n\t\t\t\t\t\t\t<div class=\"elementor-spacer\">\n\t\t\t<div class=\"elementor-spacer-inner\"><\/div>\n\t\t<\/div>\n\t\t\t\t\t\t<\/div>\n\t\t\t\t<\/div>\n\t\t\t\t\t<\/div>\n\t\t<\/div>\n\t\t\t\t\t<\/div>\n\t\t<\/section>\n\t\t\t\t<section class=\"elementor-section elementor-top-section elementor-element elementor-element-66d773d elementor-section-boxed elementor-section-height-default elementor-section-height-default\" data-id=\"66d773d\" data-element_type=\"section\" data-settings=\"{&quot;ekit_has_onepagescroll_dot&quot;:&quot;yes&quot;}\">\n\t\t\t\t\t\t<div class=\"elementor-container elementor-column-gap-default\">\n\t\t\t\t\t<div class=\"elementor-column elementor-col-100 elementor-top-column elementor-element elementor-element-24f36e8\" data-id=\"24f36e8\" data-element_type=\"column\">\n\t\t\t<div class=\"elementor-widget-wrap elementor-element-populated\">\n\t\t\t\t\t\t<div class=\"elementor-element elementor-element-c18a21f elementor-widget elementor-widget-shortcode\" data-id=\"c18a21f\" data-element_type=\"widget\" data-settings=\"{&quot;ekit_we_effect_on&quot;:&quot;none&quot;}\" data-widget_type=\"shortcode.default\">\n\t\t\t\t<div class=\"elementor-widget-container\">\n\t\t\t\t\t\t\t<div class=\"elementor-shortcode\">\u041f\u043e\u0441\u043b\u0435\u0434\u043d\u0430 \u0430\u043a\u0442\u0443\u0430\u043b\u0438\u0437\u0430\u0446\u0438\u044f \u043d\u0430 2 \u0430\u0432\u0433\u0443\u0441\u0442 2023 \u0433. \u0418\u043d\u0444\u043e\u0440\u043c\u0430\u0446\u0438\u044f \u0437\u0430 \u0440\u0435\u0434\u0430\u043a\u0442\u043e\u0440\u0430:<a href=\"\" target=\"_blank\" class=\"last-modified-author\">digital@apexclinic.com.tr<\/a><\/div>\n\t\t\t\t\t\t<\/div>\n\t\t\t\t<\/div>\n\t\t\t\t\t<\/div>\n\t\t<\/div>\n\t\t\t\t\t<\/div>\n\t\t<\/section>\n\t\t\t\t<\/div>","protected":false},"excerpt":{"rendered":"<p>Apex Clinic Diyabetik Bypass Metabolik Cerrahi olarak da bilinen Diyabetik Bypass, diyabetli hastalar i\u00e7in yenilik\u00e7i ve ya\u015fam\u0131 de\u011fi\u015ftiren bir tedavidir. Basit\u00e7e s\u00f6ylemek gerekirse, diyabet semptomlar\u0131n\u0131 tedavi eden bir mide ameliyat\u0131d\u0131r. Apex Clinic olarak bu tedavi sayesinde bir\u00e7ok diyabet hastas\u0131n\u0131n hayat\u0131n\u0131 de\u011fi\u015ftirdik ve de\u011fi\u015ftirmeye devam ediyoruz. Devam\u0131 Diyabetik bypass hastalar\u0131n ya\u015fam kalitesini \u00f6nemli \u00f6l\u00e7\u00fcde art\u0131r\u0131r. Bu [&hellip;]<\/p>","protected":false},"author":3,"featured_media":0,"parent":0,"menu_order":0,"comment_status":"closed","ping_status":"closed","template":"","meta":{"_lmt_disableupdate":"","_lmt_disable":"","_monsterinsights_skip_tracking":false,"_monsterinsights_sitenote_active":false,"_monsterinsights_sitenote_note":"","_monsterinsights_sitenote_category":0,"site-sidebar-layout":"no-sidebar","site-content-layout":"page-builder","ast-site-content-layout":"","site-content-style":"default","site-sidebar-style":"default","ast-global-header-display":"","ast-banner-title-visibility":"","ast-main-header-display":"","ast-hfb-above-header-display":"","ast-hfb-below-header-display":"","ast-hfb-mobile-header-display":"","site-post-title":"disabled","ast-breadcrumbs-content":"","ast-featured-img":"disabled","footer-sml-layout":"","theme-transparent-header-meta":"","adv-header-id-meta":"","stick-header-meta":"","header-above-stick-meta":"","header-main-stick-meta":"","header-below-stick-meta":"","astra-migrate-meta-layouts":"default","ast-page-background-enabled":"default","ast-page-background-meta":{"desktop":{"background-color":"var(--ast-global-color-4)","background-image":"","background-repeat":"repeat","background-position":"center center","background-size":"auto","background-attachment":"scroll","background-type":"","background-media":"","overlay-type":"","overlay-color":"","overlay-opacity":"","overlay-gradient":""},"tablet":{"background-color":"","background-image":"","background-repeat":"repeat","background-position":"center center","background-size":"auto","background-attachment":"scroll","background-type":"","background-media":"","overlay-type":"","overlay-color":"","overlay-opacity":"","overlay-gradient":""},"mobile":{"background-color":"","background-image":"","background-repeat":"repeat","background-position":"center center","background-size":"auto","background-attachment":"scroll","background-type":"","background-media":"","overlay-type":"","overlay-color":"","overlay-opacity":"","overlay-gradient":""}},"ast-content-background-meta":{"desktop":{"background-color":"var(--ast-global-color-5)","background-image":"","background-repeat":"repeat","background-position":"center center","background-size":"auto","background-attachment":"scroll","background-type":"","background-media":"","overlay-type":"","overlay-color":"","overlay-opacity":"","overlay-gradient":""},"tablet":{"background-color":"var(--ast-global-color-5)","background-image":"","background-repeat":"repeat","background-position":"center center","background-size":"auto","background-attachment":"scroll","background-type":"","background-media":"","overlay-type":"","overlay-color":"","overlay-opacity":"","overlay-gradient":""},"mobile":{"background-color":"var(--ast-global-color-5)","background-image":"","background-repeat":"repeat","background-position":"center center","background-size":"auto","background-attachment":"scroll","background-type":"","background-media":"","overlay-type":"","overlay-color":"","overlay-opacity":"","overlay-gradient":""}},"_joinchat":[],"footnotes":""},"class_list":["post-2782","page","type-page","status-publish","hentry"],"_links":{"self":[{"href":"https:\/\/www.apexclinic.com.tr\/bg\/wp-json\/wp\/v2\/pages\/2782"}],"collection":[{"href":"https:\/\/www.apexclinic.com.tr\/bg\/wp-json\/wp\/v2\/pages"}],"about":[{"href":"https:\/\/www.apexclinic.com.tr\/bg\/wp-json\/wp\/v2\/types\/page"}],"author":[{"embeddable":true,"href":"https:\/\/www.apexclinic.com.tr\/bg\/wp-json\/wp\/v2\/users\/3"}],"replies":[{"embeddable":true,"href":"https:\/\/www.apexclinic.com.tr\/bg\/wp-json\/wp\/v2\/comments?post=2782"}],"version-history":[{"count":3,"href":"https:\/\/www.apexclinic.com.tr\/bg\/wp-json\/wp\/v2\/pages\/2782\/revisions"}],"predecessor-version":[{"id":3418,"href":"https:\/\/www.apexclinic.com.tr\/bg\/wp-json\/wp\/v2\/pages\/2782\/revisions\/3418"}],"wp:attachment":[{"href":"https:\/\/www.apexclinic.com.tr\/bg\/wp-json\/wp\/v2\/media?parent=2782"}],"curies":[{"name":"wp","href":"https:\/\/api.w.org\/{rel}","templated":true}]}}