{"id":3767,"date":"2024-05-11T08:57:22","date_gmt":"2024-05-11T08:57:22","guid":{"rendered":"https:\/\/www.apexclinic.com.tr\/?page_id=3767"},"modified":"2024-05-11T09:02:00","modified_gmt":"2024-05-11T09:02:00","slug":"kaplama-tedavisi","status":"publish","type":"page","link":"https:\/\/www.apexclinic.com.tr\/bg\/\u043e\u0431\u0440\u0430\u0431\u043e\u0442\u043a\u0430-\u043d\u0430-\u0444\u0443\u0440\u043d\u0438\u0440\/","title":{"rendered":"\u041e\u0431\u0440\u0430\u0431\u043e\u0442\u043a\u0430 \u043d\u0430 \u043f\u043e\u043a\u0440\u0438\u0442\u0438\u0435"},"content":{"rendered":"<div data-elementor-type=\"wp-page\" data-elementor-id=\"3767\" class=\"elementor elementor-3767\" data-elementor-post-type=\"page\">\n\t\t\t\t\t\t<section class=\"elementor-section elementor-top-section elementor-element elementor-element-ef8055a elementor-section-boxed elementor-section-height-default elementor-section-height-default\" data-id=\"ef8055a\" data-element_type=\"section\" data-settings=\"{&quot;background_background&quot;:&quot;gradient&quot;,&quot;ekit_has_onepagescroll_dot&quot;:&quot;yes&quot;}\">\n\t\t\t\t\t\t<div class=\"elementor-container elementor-column-gap-default\">\n\t\t\t\t\t<div class=\"elementor-column elementor-col-100 elementor-top-column elementor-element elementor-element-c9bcfcc\" data-id=\"c9bcfcc\" data-element_type=\"column\">\n\t\t\t<div class=\"elementor-widget-wrap elementor-element-populated\">\n\t\t\t\t\t\t<div class=\"elementor-element elementor-element-25c4780 elementor-widget elementor-widget-spacer\" data-id=\"25c4780\" data-element_type=\"widget\" data-settings=\"{&quot;ekit_we_effect_on&quot;:&quot;none&quot;}\" data-widget_type=\"spacer.default\">\n\t\t\t\t<div class=\"elementor-widget-container\">\n\t\t\t\t\t\t\t<div class=\"elementor-spacer\">\n\t\t\t<div class=\"elementor-spacer-inner\"><\/div>\n\t\t<\/div>\n\t\t\t\t\t\t<\/div>\n\t\t\t\t<\/div>\n\t\t\t\t<div class=\"elementor-element elementor-element-d978e06 elementor-widget elementor-widget-heading\" data-id=\"d978e06\" data-element_type=\"widget\" data-settings=\"{&quot;ekit_we_effect_on&quot;:&quot;none&quot;}\" data-widget_type=\"heading.default\">\n\t\t\t\t<div class=\"elementor-widget-container\">\n\t\t\t\t\t<h2 class=\"elementor-heading-title elementor-size-default\">\u0417\u044a\u0431\u043d\u0430 \u0444\u0430\u0441\u0435\u0442\u0430<\/h2>\t\t\t\t<\/div>\n\t\t\t\t<\/div>\n\t\t\t\t<div class=\"elementor-element elementor-element-2b7ceba elementor-widget elementor-widget-spacer\" data-id=\"2b7ceba\" data-element_type=\"widget\" data-settings=\"{&quot;ekit_we_effect_on&quot;:&quot;none&quot;}\" data-widget_type=\"spacer.default\">\n\t\t\t\t<div class=\"elementor-widget-container\">\n\t\t\t\t\t\t\t<div class=\"elementor-spacer\">\n\t\t\t<div class=\"elementor-spacer-inner\"><\/div>\n\t\t<\/div>\n\t\t\t\t\t\t<\/div>\n\t\t\t\t<\/div>\n\t\t\t\t\t<\/div>\n\t\t<\/div>\n\t\t\t\t\t<\/div>\n\t\t<\/section>\n\t\t\t\t<section class=\"elementor-section elementor-top-section elementor-element elementor-element-75c7f88 elementor-section-boxed elementor-section-height-default elementor-section-height-default\" data-id=\"75c7f88\" data-element_type=\"section\" data-settings=\"{&quot;ekit_has_onepagescroll_dot&quot;:&quot;yes&quot;}\">\n\t\t\t\t\t\t<div class=\"elementor-container elementor-column-gap-default\">\n\t\t\t\t\t<div class=\"elementor-column elementor-col-100 elementor-top-column elementor-element elementor-element-6c1c3e0\" data-id=\"6c1c3e0\" data-element_type=\"column\">\n\t\t\t<div class=\"elementor-widget-wrap elementor-element-populated\">\n\t\t\t\t\t\t<div class=\"elementor-element elementor-element-b20d695 elementor-widget elementor-widget-spacer\" data-id=\"b20d695\" data-element_type=\"widget\" data-settings=\"{&quot;ekit_we_effect_on&quot;:&quot;none&quot;}\" data-widget_type=\"spacer.default\">\n\t\t\t\t<div class=\"elementor-widget-container\">\n\t\t\t\t\t\t\t<div class=\"elementor-spacer\">\n\t\t\t<div class=\"elementor-spacer-inner\"><\/div>\n\t\t<\/div>\n\t\t\t\t\t\t<\/div>\n\t\t\t\t<\/div>\n\t\t\t\t\t<\/div>\n\t\t<\/div>\n\t\t\t\t\t<\/div>\n\t\t<\/section>\n\t\t\t\t<section class=\"elementor-section elementor-top-section elementor-element elementor-element-1146ef2 elementor-section-boxed elementor-section-height-default elementor-section-height-default\" data-id=\"1146ef2\" data-element_type=\"section\" data-settings=\"{&quot;ekit_has_onepagescroll_dot&quot;:&quot;yes&quot;}\">\n\t\t\t\t\t\t<div class=\"elementor-container elementor-column-gap-default\">\n\t\t\t\t\t<div class=\"elementor-column elementor-col-50 elementor-top-column elementor-element elementor-element-500354e\" data-id=\"500354e\" data-element_type=\"column\" data-settings=\"{&quot;background_background&quot;:&quot;classic&quot;}\">\n\t\t\t<div class=\"elementor-widget-wrap elementor-element-populated\">\n\t\t\t\t\t\t<div class=\"elementor-element elementor-element-e644814 elementor-widget elementor-widget-image\" data-id=\"e644814\" data-element_type=\"widget\" data-settings=\"{&quot;ekit_we_effect_on&quot;:&quot;none&quot;}\" data-widget_type=\"image.default\">\n\t\t\t\t<div class=\"elementor-widget-container\">\n\t\t\t\t\t\t\t\t\t\t\t\t\t\t\t<img fetchpriority=\"high\" decoding=\"async\" width=\"1024\" height=\"684\" src=\"https:\/\/www.apexclinic.com.tr\/wp-content\/uploads\/2024\/05\/shutterstock_667433485-min-1024x684.jpg\" class=\"attachment-large size-large wp-image-3772\" alt=\"\u0437\u044a\u0431\u043d\u0430 \u043a\u043e\u0440\u043e\u043d\u043a\u0430\" srcset=\"https:\/\/www.apexclinic.com.tr\/wp-content\/uploads\/2024\/05\/shutterstock_667433485-min-1024x684.jpg 1024w, https:\/\/www.apexclinic.com.tr\/wp-content\/uploads\/2024\/05\/shutterstock_667433485-min-300x200.jpg 300w, https:\/\/www.apexclinic.com.tr\/wp-content\/uploads\/2024\/05\/shutterstock_667433485-min-768x513.jpg 768w, https:\/\/www.apexclinic.com.tr\/wp-content\/uploads\/2024\/05\/shutterstock_667433485-min-1536x1025.jpg 1536w, https:\/\/www.apexclinic.com.tr\/wp-content\/uploads\/2024\/05\/shutterstock_667433485-min-2048x1367.jpg 2048w, https:\/\/www.apexclinic.com.tr\/wp-content\/uploads\/2024\/05\/shutterstock_667433485-min-18x12.jpg 18w\" sizes=\"(max-width: 1024px) 100vw, 1024px\" \/>\t\t\t\t\t\t\t\t\t\t\t\t\t\t\t<\/div>\n\t\t\t\t<\/div>\n\t\t\t\t\t<\/div>\n\t\t<\/div>\n\t\t\t\t<div class=\"elementor-column elementor-col-50 elementor-top-column elementor-element elementor-element-63ca5ba\" data-id=\"63ca5ba\" data-element_type=\"column\">\n\t\t\t<div class=\"elementor-widget-wrap elementor-element-populated\">\n\t\t\t\t\t\t<div class=\"elementor-element elementor-element-e03c52c elementor-widget-divider--view-line_text elementor-widget-divider--element-align-left elementor-widget elementor-widget-divider\" data-id=\"e03c52c\" data-element_type=\"widget\" data-settings=\"{&quot;ekit_we_effect_on&quot;:&quot;none&quot;}\" data-widget_type=\"divider.default\">\n\t\t\t\t<div class=\"elementor-widget-container\">\n\t\t\t\t\t\t\t<div class=\"elementor-divider\">\n\t\t\t<span class=\"elementor-divider-separator\">\n\t\t\t\t\t\t\t<h3 class=\"elementor-divider__text elementor-divider__element\">\n\t\t\t\t\u0417\u044a\u0431\u043d\u0430 \u0444\u0430\u0441\u0435\u0442\u0430\t\t\t\t<\/h3>\n\t\t\t\t\t\t<\/span>\n\t\t<\/div>\n\t\t\t\t\t\t<\/div>\n\t\t\t\t<\/div>\n\t\t\t\t<div class=\"elementor-element elementor-element-647f35c elementor-align-left elementor-widget__width-auto elementor-icon-list--layout-traditional elementor-list-item-link-full_width elementor-widget elementor-widget-icon-list\" data-id=\"647f35c\" data-element_type=\"widget\" data-settings=\"{&quot;ekit_we_effect_on&quot;:&quot;none&quot;}\" data-widget_type=\"icon-list.default\">\n\t\t\t\t<div class=\"elementor-widget-container\">\n\t\t\t\t\t\t\t<ul class=\"elementor-icon-list-items\">\n\t\t\t\t\t\t\t<li class=\"elementor-icon-list-item\">\n\t\t\t\t\t\t\t\t\t\t\t<span class=\"elementor-icon-list-icon\">\n\t\t\t\t\t\t\t<i aria-hidden=\"true\" class=\"far fa-hospital\"><\/i>\t\t\t\t\t\t<\/span>\n\t\t\t\t\t\t\t\t\t\t<span class=\"elementor-icon-list-text\">\u041f\u0440\u043e\u0434\u044a\u043b\u0436\u0438\u0442\u0435\u043b\u043d\u043e\u0441\u0442 \u043d\u0430 \u0431\u043e\u043b\u043d\u0438\u0447\u043d\u0438\u044f \u043f\u0440\u0435\u0441\u0442\u043e\u0439: \u041d\u0435 \u0441\u0435 \u0438\u0437\u0438\u0441\u043a\u0432\u0430<\/span>\n\t\t\t\t\t\t\t\t\t<\/li>\n\t\t\t\t\t\t\t\t<li class=\"elementor-icon-list-item\">\n\t\t\t\t\t\t\t\t\t\t\t<span class=\"elementor-icon-list-icon\">\n\t\t\t\t\t\t\t<i aria-hidden=\"true\" class=\"far fa-clock\"><\/i>\t\t\t\t\t\t<\/span>\n\t\t\t\t\t\t\t\t\t\t<span class=\"elementor-icon-list-text\">\u0412\u0440\u0435\u043c\u0435 \u0437\u0430 \u0440\u0430\u0431\u043e\u0442\u0430: 1-2 \u0447\u0430\u0441\u0430<\/span>\n\t\t\t\t\t\t\t\t\t<\/li>\n\t\t\t\t\t\t\t\t<li class=\"elementor-icon-list-item\">\n\t\t\t\t\t\t\t\t\t\t\t<span class=\"elementor-icon-list-icon\">\n\t\t\t\t\t\t\t<i aria-hidden=\"true\" class=\"fas fa-syringe\"><\/i>\t\t\t\t\t\t<\/span>\n\t\t\t\t\t\t\t\t\t\t<span class=\"elementor-icon-list-text\">\u0410\u043d\u0435\u0441\u0442\u0435\u0437\u0438\u044f: \u041c\u0435\u0441\u0442\u043d\u0430<\/span>\n\t\t\t\t\t\t\t\t\t<\/li>\n\t\t\t\t\t\t\t\t<li class=\"elementor-icon-list-item\">\n\t\t\t\t\t\t\t\t\t\t\t<span class=\"elementor-icon-list-icon\">\n\t\t\t\t\t\t\t<i aria-hidden=\"true\" class=\"far fa-heart\"><\/i>\t\t\t\t\t\t<\/span>\n\t\t\t\t\t\t\t\t\t\t<span class=\"elementor-icon-list-text\">\u0412\u0440\u0435\u043c\u0435 \u0437\u0430 \u0432\u044a\u0437\u0441\u0442\u0430\u043d\u043e\u0432\u044f\u0432\u0430\u043d\u0435: \u043d\u0435\u0437\u0430\u0431\u0430\u0432\u043d\u043e<\/span>\n\t\t\t\t\t\t\t\t\t<\/li>\n\t\t\t\t\t\t<\/ul>\n\t\t\t\t\t\t<\/div>\n\t\t\t\t<\/div>\n\t\t\t\t<div class=\"elementor-element elementor-element-174a3b2 elementor-widget elementor-widget-button\" data-id=\"174a3b2\" data-element_type=\"widget\" data-settings=\"{&quot;ekit_we_effect_on&quot;:&quot;none&quot;}\" data-widget_type=\"button.default\">\n\t\t\t\t<div class=\"elementor-widget-container\">\n\t\t\t\t\t\t\t\t\t<div class=\"elementor-button-wrapper\">\n\t\t\t\t\t<a class=\"elementor-button elementor-button-link elementor-size-sm\" href=\"https:\/\/www.apexclinic.com.tr\/bg\/\">\n\t\t\t\t\t\t<span class=\"elementor-button-content-wrapper\">\n\t\t\t\t\t\t\t\t\t<span class=\"elementor-button-text\">\u0423\u0433\u043e\u0432\u043e\u0440\u0435\u0442\u0435 \u0441\u0440\u0435\u0449\u0430 \u0441\u0435\u0433\u0430<\/span>\n\t\t\t\t\t<\/span>\n\t\t\t\t\t<\/a>\n\t\t\t\t<\/div>\n\t\t\t\t\t\t\t\t<\/div>\n\t\t\t\t<\/div>\n\t\t\t\t\t<\/div>\n\t\t<\/div>\n\t\t\t\t\t<\/div>\n\t\t<\/section>\n\t\t\t\t<section class=\"elementor-section elementor-top-section elementor-element elementor-element-4e81890 elementor-section-boxed elementor-section-height-default elementor-section-height-default\" data-id=\"4e81890\" data-element_type=\"section\" data-settings=\"{&quot;ekit_has_onepagescroll_dot&quot;:&quot;yes&quot;}\">\n\t\t\t\t\t\t<div class=\"elementor-container elementor-column-gap-default\">\n\t\t\t\t\t<div class=\"elementor-column elementor-col-100 elementor-top-column elementor-element elementor-element-8167e2e\" data-id=\"8167e2e\" data-element_type=\"column\">\n\t\t\t<div class=\"elementor-widget-wrap elementor-element-populated\">\n\t\t\t\t\t\t<div class=\"elementor-element elementor-element-fef31aa elementor-widget elementor-widget-text-editor\" data-id=\"fef31aa\" data-element_type=\"widget\" data-settings=\"{&quot;ekit_we_effect_on&quot;:&quot;none&quot;}\" data-widget_type=\"text-editor.default\">\n\t\t\t\t<div class=\"elementor-widget-container\">\n\t\t\t\t\t\t\t\t\t<section class=\"services_page_header\"><section class=\"services_page_header\"><section class=\"services_page_header\"><div class=\"elementor-element elementor-element-4b7e1618 elementor-widget elementor-widget-heading\" data-id=\"4b7e1618\" data-element_type=\"widget\" data-widget_type=\"heading.default\"><div class=\"elementor-widget-container\"><h2>\u041a\u0430\u043a\u0432\u043e \u0435 \u0437\u044a\u0431\u043d\u0430 \u0444\u0430\u0441\u0435\u0442\u0430?<\/h2><p>\u0417\u044a\u0431\u043d\u0438\u0442\u0435 \u043a\u043e\u0440\u043e\u043d\u043a\u0438 \u0441\u0430 \u0441\u0442\u043e\u043c\u0430\u0442\u043e\u043b\u043e\u0433\u0438\u0447\u043d\u0430 \u043f\u0440\u043e\u0446\u0435\u0434\u0443\u0440\u0430, \u0438\u0437\u043f\u043e\u043b\u0437\u0432\u0430\u043d\u0430 \u0437\u0430 \u043f\u0440\u043e\u043c\u044f\u043d\u0430 \u043d\u0430 \u0444\u043e\u0440\u043c\u0430\u0442\u0430 \u043d\u0430 \u0432\u0430\u0448\u0438\u0442\u0435 \u0437\u044a\u0431\u0438 \u043f\u043e \u0435\u0441\u0442\u0435\u0442\u0438\u0447\u0435\u0441\u043a\u0438 \u0438\u043b\u0438 \u0437\u0434\u0440\u0430\u0432\u043e\u0441\u043b\u043e\u0432\u043d\u0438 \u043f\u0440\u0438\u0447\u0438\u043d\u0438. \u0417\u044a\u0431\u043d\u0438\u0442\u0435 \u0444\u0430\u0441\u0435\u0442\u0438 \u043f\u043e\u043a\u0440\u0438\u0432\u0430\u0442 \u043f\u0440\u0435\u0434\u043d\u0430\u0442\u0430 \u043f\u043e\u0432\u044a\u0440\u0445\u043d\u043e\u0441\u0442 \u043d\u0430 \u0437\u044a\u0431\u0438\u0442\u0435, \u043e\u0441\u0438\u0433\u0443\u0440\u044f\u0432\u0430\u0439\u043a\u0438 \u0446\u0432\u044f\u0442, \u0440\u0430\u0437\u043c\u0435\u0440, \u0444\u043e\u0440\u043c\u0430 \u0438 \u043f\u043e\u043d\u044f\u043a\u043e\u0433\u0430 \u0444\u0443\u043d\u043a\u0446\u0438\u043e\u043d\u0430\u043b\u043d\u0438 \u043a\u043e\u0440\u0435\u043a\u0446\u0438\u0438. \u0422\u0430\u0437\u0438 \u043f\u0440\u043e\u0446\u0435\u0434\u0443\u0440\u0430 \u0447\u0435\u0441\u0442\u043e \u0441\u0435 \u0441\u0440\u0435\u0449\u0430 \u0441\u0440\u0435\u0434 \u043f\u0440\u0430\u043a\u0442\u0438\u043a\u0438\u0442\u0435 \u0432 \u043a\u043e\u0437\u043c\u0435\u0442\u0438\u0447\u043d\u0430\u0442\u0430 \u0441\u0442\u043e\u043c\u0430\u0442\u043e\u043b\u043e\u0433\u0438\u044f \u0438 \u0438\u043c\u0430 \u0437\u0430 \u0446\u0435\u043b \u0434\u0430 \u043f\u043e\u0434\u043e\u0431\u0440\u0438 \u0443\u0441\u043c\u0438\u0432\u043a\u0430\u0442\u0430 \u043d\u0430 \u0447\u043e\u0432\u0435\u043a.<\/p><h3>\u0412 \u043a\u0430\u043a\u0432\u0438 \u0441\u043b\u0443\u0447\u0430\u0438 \u0441\u0435 \u043f\u043e\u0441\u0442\u0430\u0432\u044f \u0437\u044a\u0431\u043d\u0430 \u043a\u043e\u0440\u043e\u043d\u043a\u0430?<\/h3><ol><li><strong>\u041f\u0440\u043e\u043c\u044f\u043d\u0430 \u043d\u0430 \u0446\u0432\u0435\u0442\u0430<\/strong>: \u0422\u0440\u0430\u0439\u043d\u0438\u0442\u0435 \u043f\u0435\u0442\u043d\u0430 \u0438\u043b\u0438 \u043f\u0440\u043e\u043c\u0435\u043d\u0438\u0442\u0435 \u0432 \u0446\u0432\u0435\u0442\u0430 \u043d\u0430 \u0437\u044a\u0431\u0438\u0442\u0435 \u043c\u043e\u0433\u0430\u0442 \u0434\u0430 \u0431\u044a\u0434\u0430\u0442 \u043a\u043e\u0440\u0438\u0433\u0438\u0440\u0430\u043d\u0438 \u0441 \u0444\u0430\u0441\u0435\u0442\u0438.<\/li><li><strong>\u041f\u0440\u043e\u043c\u044f\u043d\u0430 \u043d\u0430 \u0444\u043e\u0440\u043c\u0430\u0442\u0430 \u0438 \u0440\u0430\u0437\u043c\u0435\u0440\u0430<\/strong>: \u0421\u0447\u0443\u043f\u0435\u043d\u0438, \u0438\u0437\u043d\u043e\u0441\u0435\u043d\u0438 \u0438\u043b\u0438 \u043d\u0435\u043f\u0440\u0430\u0432\u0438\u043b\u043d\u0438 \u0437\u044a\u0431\u0438 \u043c\u043e\u0433\u0430\u0442 \u0434\u0430 \u0431\u044a\u0434\u0430\u0442 \u043f\u0440\u0435\u043e\u0444\u043e\u0440\u043c\u0435\u043d\u0438 \u0441 \u0444\u0430\u0441\u0435\u0442\u0438.<\/li><li><strong>\u0417\u0430\u0442\u0432\u0430\u0440\u044f\u043d\u0435 \u043d\u0430 \u043f\u0440\u043e\u043f\u0443\u0441\u043a\u0438\u0442\u0435<\/strong>: \u041f\u0440\u0430\u0437\u043d\u0438\u043d\u0438\u0442\u0435 \u043c\u0435\u0436\u0434\u0443 \u0437\u044a\u0431\u0438\u0442\u0435 \u043c\u043e\u0433\u0430\u0442 \u0434\u0430 \u0431\u044a\u0434\u0430\u0442 \u0437\u0430\u0442\u0432\u043e\u0440\u0435\u043d\u0438 \u0441 \u0444\u0430\u0441\u0435\u0442\u0438.<\/li><li><strong>\u0421\u0447\u0443\u043f\u0435\u043d\u0438 \u0438\u043b\u0438 \u043f\u043e\u0432\u0440\u0435\u0434\u0435\u043d\u0438 \u0437\u044a\u0431\u0438<\/strong>: \u041f\u043e\u0432\u0440\u0435\u0434\u0435\u043d\u0438\u0442\u0435 \u0438\u043b\u0438 \u0441\u0447\u0443\u043f\u0435\u043d\u0438 \u0437\u044a\u0431\u0438 \u043c\u043e\u0433\u0430\u0442 \u0434\u0430 \u0431\u044a\u0434\u0430\u0442 \u0437\u0430\u0449\u0438\u0442\u0435\u043d\u0438 \u0438 \u043f\u043e\u043f\u0440\u0430\u0432\u0435\u043d\u0438 \u0441 \u0444\u0430\u0441\u0435\u0442\u0438.<\/li><li><strong>\u0415\u0441\u0442\u0435\u0442\u0438\u0447\u043d\u0438 \u043a\u043e\u0440\u0435\u043a\u0446\u0438\u0438<\/strong>: \u0412\u044a\u043d\u0448\u043d\u0438\u044f\u0442 \u0432\u0438\u0434 \u043d\u0430 \u0437\u044a\u0431\u0438\u0442\u0435 \u0441\u0435 \u043a\u043e\u0440\u0438\u0433\u0438\u0440\u0430 \u0441 \u0444\u0430\u0441\u0435\u0442\u0438 \u0441 \u0446\u0435\u043b \u043f\u043e\u0434\u043e\u0431\u0440\u044f\u0432\u0430\u043d\u0435 \u0435\u0441\u0442\u0435\u0442\u0438\u043a\u0430\u0442\u0430 \u043d\u0430 \u0443\u0441\u043c\u0438\u0432\u043a\u0430\u0442\u0430.<\/li><\/ol><h3>\u0412\u0438\u0434\u043e\u0432\u0435 \u0437\u044a\u0431\u043d\u0438 \u0444\u0430\u0441\u0435\u0442\u0438<\/h3><ol><li><strong>\u041f\u043e\u0440\u0446\u0435\u043b\u0430\u043d\u043e\u0432\u0438 \u0444\u0430\u0441\u0435\u0442\u0438<\/strong>: \u0422\u043e\u0432\u0430 \u0441\u0430 \u0438\u0437\u0434\u0440\u044a\u0436\u043b\u0438\u0432\u0438 \u0438 \u0435\u0441\u0442\u0435\u0442\u0438\u0447\u043d\u0438 \u043f\u043e\u0440\u0446\u0435\u043b\u0430\u043d\u043e\u0432\u0438 \u0444\u0430\u0441\u0435\u0442\u0438, \u043a\u043e\u0438\u0442\u043e \u0441\u0435 \u043f\u0440\u043e\u0438\u0437\u0432\u0435\u0436\u0434\u0430\u0442 \u0441\u043f\u0435\u0446\u0438\u0430\u043b\u043d\u043e \u0432 \u043b\u0430\u0431\u043e\u0440\u0430\u0442\u043e\u0440\u0438\u044f, \u043e\u0431\u0438\u043a\u043d\u043e\u0432\u0435\u043d\u043e \u0441\u043b\u0435\u0434 \u0432\u0437\u0435\u043c\u0430\u043d\u0435 \u043d\u0430 \u043e\u0442\u043f\u0435\u0447\u0430\u0442\u044a\u043a \u043e\u0442 \u0437\u044a\u0431\u0430.<\/li><li><strong>\u041f\u043e\u043a\u0440\u0438\u0442\u0438\u044f \u043e\u0442 \u043a\u043e\u043c\u043f\u043e\u0437\u0438\u0442\u043d\u0430 \u0441\u043c\u043e\u043b\u0430<\/strong>: \u0422\u043e\u0432\u0430 \u0441\u0430 \u043f\u043e\u043a\u0440\u0438\u0442\u0438\u044f, \u043a\u043e\u0438\u0442\u043e \u0441\u0435 \u043d\u0430\u043d\u0430\u0441\u044f\u0442 \u0434\u0438\u0440\u0435\u043a\u0442\u043d\u043e \u0432\u044a\u0440\u0445\u0443 \u0437\u044a\u0431\u043d\u0430\u0442\u0430 \u043f\u043e\u0432\u044a\u0440\u0445\u043d\u043e\u0441\u0442 \u0438 \u0441\u044a\u043e\u0442\u0432\u0435\u0442\u0441\u0442\u0432\u0430\u0442 \u043d\u0430 \u0435\u0441\u0442\u0435\u0441\u0442\u0432\u0435\u043d\u0438\u044f \u0446\u0432\u044f\u0442 \u043d\u0430 \u0437\u044a\u0431\u0430.<\/li><li><strong>\u0426\u0438\u0440\u043a\u043e\u043d\u0438\u0435\u0432\u0438 \u043f\u043e\u043a\u0440\u0438\u0442\u0438\u044f<\/strong>: \u0422\u0435 \u0441\u0430 \u0438\u0437\u0434\u0440\u044a\u0436\u043b\u0438\u0432\u0438 \u0438 \u0435\u0441\u0442\u0435\u0442\u0438\u0447\u043d\u0438 \u043e\u043f\u0446\u0438\u0438 \u0437\u0430 \u0444\u0430\u0441\u0435\u0442\u0438, \u043e\u0441\u043e\u0431\u0435\u043d\u043e \u043f\u0440\u0435\u0434\u043f\u043e\u0447\u0438\u0442\u0430\u043d\u0438 \u0437\u0430 \u0437\u0430\u0434\u043d\u0438 \u0437\u044a\u0431\u0438.<\/li><\/ol><h3>\u041f\u0440\u043e\u0446\u0435\u0441 \u043d\u0430 \u0437\u044a\u0431\u043d\u0438 \u0444\u0430\u0441\u0435\u0442\u0438<\/h3><ol><li><strong>\u0418\u043d\u0441\u043f\u0435\u043a\u0446\u0438\u044f \u0438 \u043f\u043b\u0430\u043d\u0438\u0440\u0430\u043d\u0435<\/strong>: \u0417\u044a\u0431\u043e\u043b\u0435\u043a\u0430\u0440\u044f\u0442 \u043f\u0440\u0435\u0446\u0435\u043d\u044f\u0432\u0430 \u043d\u0443\u0436\u0434\u0438\u0442\u0435 \u043d\u0430 \u043f\u0430\u0446\u0438\u0435\u043d\u0442\u0430 \u0438 \u043e\u043f\u0440\u0435\u0434\u0435\u043b\u044f \u043f\u043e\u0434\u0445\u043e\u0434\u044f\u0449\u0438\u044f \u0442\u0438\u043f \u043a\u043e\u0440\u043e\u043d\u043a\u0430.<\/li><li><strong>\u041f\u043e\u0434\u0433\u043e\u0442\u043e\u0432\u043a\u0430<\/strong>: \u041c\u0438\u043d\u0438\u043c\u0430\u043b\u043d\u043e \u0438\u0437\u043d\u043e\u0441\u0432\u0430\u043d\u0435 \u043d\u0430 \u0437\u044a\u0431\u0438\u0442\u0435 \u0438 \u0441\u043d\u0435\u043c\u0430\u043d\u0435 \u043d\u0430 \u043e\u0442\u043f\u0435\u0447\u0430\u0442\u044a\u0446\u0438.<\/li><li><strong>\u0412\u0440\u0435\u043c\u0435\u043d\u043d\u043e \u043f\u043e\u043a\u0440\u0438\u0442\u0438\u0435<\/strong>: \u0414\u043e\u043a\u0430\u0442\u043e \u0442\u0440\u0430\u0439\u043d\u0438\u0442\u0435 \u043f\u043e\u043a\u0440\u0438\u0442\u0438\u044f \u0441\u0435 \u043f\u043e\u0434\u0433\u043e\u0442\u0432\u044f\u0442 \u0432 \u043b\u0430\u0431\u043e\u0440\u0430\u0442\u043e\u0440\u0438\u044f\u0442\u0430, \u043c\u043e\u0433\u0430\u0442 \u0434\u0430 \u0441\u0435 \u043d\u0430\u043d\u0430\u0441\u044f\u0442 \u0432\u0440\u0435\u043c\u0435\u043d\u043d\u0438 \u043f\u043e\u043a\u0440\u0438\u0442\u0438\u044f.<\/li><li><strong>\u041d\u0430\u043d\u0430\u0441\u044f\u043d\u0435 \u043d\u0430 \u0442\u0440\u0430\u0439\u043d\u043e \u043f\u043e\u043a\u0440\u0438\u0442\u0438\u0435<\/strong>: \u0413\u043e\u0442\u043e\u0432\u0438\u0442\u0435 \u0444\u0430\u0441\u0435\u0442\u0438 \u0441\u0435 \u043f\u043e\u0441\u0442\u0430\u0432\u044f\u0442 \u0432\u044a\u0440\u0445\u0443 \u0437\u044a\u0431\u0438\u0442\u0435 \u0438 \u0441\u0435 \u0437\u0430\u043b\u0435\u043f\u0432\u0430\u0442 \u043f\u043e \u043f\u043e\u0434\u0445\u043e\u0434\u044f\u0449 \u043d\u0430\u0447\u0438\u043d.<\/li><\/ol><p>\u0417\u044a\u0431\u043d\u0438\u0442\u0435 \u043a\u043e\u0440\u043e\u043d\u043a\u0438 \u043c\u043e\u0433\u0430\u0442 \u0434\u0430 \u0431\u044a\u0434\u0430\u0442 \u0434\u044a\u043b\u0433\u043e\u0442\u0440\u0430\u0439\u043d\u0438 \u0441 \u0440\u0435\u0434\u043e\u0432\u043d\u0430 \u0433\u0440\u0438\u0436\u0430 \u0437\u0430 \u0437\u044a\u0431\u0438\u0442\u0435. \u0412\u0430\u0448\u0438\u044f\u0442 \u0437\u044a\u0431\u043e\u043b\u0435\u043a\u0430\u0440 \u0449\u0435 \u0432\u0438 \u0434\u0430\u0434\u0435 \u0441\u044a\u0432\u0435\u0442 \u043e\u0442\u043d\u043e\u0441\u043d\u043e \u0433\u0440\u0438\u0436\u0430\u0442\u0430 \u0437\u0430 \u0444\u0430\u0441\u0435\u0442\u0438\u0442\u0435.<\/p><p>\u041e\u0442\u043a\u0440\u0438\u0439\u0442\u0435 \u043f\u043e\u0442\u0435\u043d\u0446\u0438\u0430\u043b\u0430 \u0432 \u0443\u0441\u043c\u0438\u0432\u043a\u0430\u0442\u0430 \u0441\u0438 \u0438 \u0441\u0435 \u0441\u0434\u043e\u0431\u0438\u0439\u0442\u0435 \u0441 \u043f\u043e-\u0437\u0434\u0440\u0430\u0432\u0430 \u0438 \u0435\u0441\u0442\u0435\u0442\u0438\u0447\u043d\u0430 \u0443\u0441\u043c\u0438\u0432\u043a\u0430 \u0441 \u0444\u0430\u0441\u0435\u0442\u0438 \u0437\u0430 \u0437\u044a\u0431\u0438.<\/p><\/div><\/div><\/section><\/section><\/section>\t\t\t\t\t\t\t\t<\/div>\n\t\t\t\t<\/div>\n\t\t\t\t\t<\/div>\n\t\t<\/div>\n\t\t\t\t\t<\/div>\n\t\t<\/section>\n\t\t\t\t<\/div>","protected":false},"excerpt":{"rendered":"<p>Di\u015f Kaplama Di\u015f Kaplama Hastanede Kal\u0131\u015f S\u00fcresi: Gerekli De\u011fil Operasyon S\u00fcresi: 1-2 Saat Anestezi: Lokal \u0130yile\u015fme S\u00fcresi: Hemen Hemen Randevu Al\u0131n Di\u015f Kaplama Nedir? Di\u015f kaplama, di\u015flerinizi estetik veya sa\u011fl\u0131k nedenlerle yeniden \u015fekillendirmek i\u00e7in kullan\u0131lan bir dental i\u015flemdir. Di\u015f kaplamalar\u0131, di\u015flerin \u00f6n y\u00fczeyini kaplayarak renk, boyut, \u015fekil ve bazen de fonksiyonel d\u00fczeltmeler sa\u011flar. Bu prosed\u00fcr [&hellip;]<\/p>","protected":false},"author":3,"featured_media":0,"parent":0,"menu_order":0,"comment_status":"closed","ping_status":"closed","template":"","meta":{"_lmt_disableupdate":"","_lmt_disable":"","_monsterinsights_skip_tracking":false,"_monsterinsights_sitenote_active":false,"_monsterinsights_sitenote_note":"","_monsterinsights_sitenote_category":0,"site-sidebar-layout":"no-sidebar","site-content-layout":"page-builder","ast-site-content-layout":"full-width-container","site-content-style":"default","site-sidebar-style":"default","ast-global-header-display":"","ast-banner-title-visibility":"","ast-main-header-display":"","ast-hfb-above-header-display":"","ast-hfb-below-header-display":"","ast-hfb-mobile-header-display":"","site-post-title":"disabled","ast-breadcrumbs-content":"","ast-featured-img":"disabled","footer-sml-layout":"","theme-transparent-header-meta":"","adv-header-id-meta":"","stick-header-meta":"","header-above-stick-meta":"","header-main-stick-meta":"","header-below-stick-meta":"","astra-migrate-meta-layouts":"set","ast-page-background-enabled":"default","ast-page-background-meta":{"desktop":{"background-color":"var(--ast-global-color-4)","background-image":"","background-repeat":"repeat","background-position":"center center","background-size":"auto","background-attachment":"scroll","background-type":"","background-media":"","overlay-type":"","overlay-color":"","overlay-opacity":"","overlay-gradient":""},"tablet":{"background-color":"","background-image":"","background-repeat":"repeat","background-position":"center center","background-size":"auto","background-attachment":"scroll","background-type":"","background-media":"","overlay-type":"","overlay-color":"","overlay-opacity":"","overlay-gradient":""},"mobile":{"background-color":"","background-image":"","background-repeat":"repeat","background-position":"center center","background-size":"auto","background-attachment":"scroll","background-type":"","background-media":"","overlay-type":"","overlay-color":"","overlay-opacity":"","overlay-gradient":""}},"ast-content-background-meta":{"desktop":{"background-color":"var(--ast-global-color-5)","background-image":"","background-repeat":"repeat","background-position":"center center","background-size":"auto","background-attachment":"scroll","background-type":"","background-media":"","overlay-type":"","overlay-color":"","overlay-opacity":"","overlay-gradient":""},"tablet":{"background-color":"var(--ast-global-color-5)","background-image":"","background-repeat":"repeat","background-position":"center center","background-size":"auto","background-attachment":"scroll","background-type":"","background-media":"","overlay-type":"","overlay-color":"","overlay-opacity":"","overlay-gradient":""},"mobile":{"background-color":"var(--ast-global-color-5)","background-image":"","background-repeat":"repeat","background-position":"center center","background-size":"auto","background-attachment":"scroll","background-type":"","background-media":"","overlay-type":"","overlay-color":"","overlay-opacity":"","overlay-gradient":""}},"_joinchat":[],"footnotes":""},"class_list":["post-3767","page","type-page","status-publish","hentry"],"_links":{"self":[{"href":"https:\/\/www.apexclinic.com.tr\/bg\/wp-json\/wp\/v2\/pages\/3767"}],"collection":[{"href":"https:\/\/www.apexclinic.com.tr\/bg\/wp-json\/wp\/v2\/pages"}],"about":[{"href":"https:\/\/www.apexclinic.com.tr\/bg\/wp-json\/wp\/v2\/types\/page"}],"author":[{"embeddable":true,"href":"https:\/\/www.apexclinic.com.tr\/bg\/wp-json\/wp\/v2\/users\/3"}],"replies":[{"embeddable":true,"href":"https:\/\/www.apexclinic.com.tr\/bg\/wp-json\/wp\/v2\/comments?post=3767"}],"version-history":[{"count":7,"href":"https:\/\/www.apexclinic.com.tr\/bg\/wp-json\/wp\/v2\/pages\/3767\/revisions"}],"predecessor-version":[{"id":3776,"href":"https:\/\/www.apexclinic.com.tr\/bg\/wp-json\/wp\/v2\/pages\/3767\/revisions\/3776"}],"wp:attachment":[{"href":"https:\/\/www.apexclinic.com.tr\/bg\/wp-json\/wp\/v2\/media?parent=3767"}],"curies":[{"name":"wp","href":"https:\/\/api.w.org\/{rel}","templated":true}]}}