{"id":1406,"date":"2022-09-03T08:56:03","date_gmt":"2022-09-03T08:56:03","guid":{"rendered":"https:\/\/www.apexclinic.com.tr\/?page_id=1406"},"modified":"2022-09-03T09:07:23","modified_gmt":"2022-09-03T09:07:23","slug":"hakkimizda","status":"publish","type":"page","link":"https:\/\/www.apexclinic.com.tr\/de\/uber-uns\/","title":{"rendered":"\u00fcber uns"},"content":{"rendered":"<div data-elementor-type=\"wp-page\" data-elementor-id=\"1406\" class=\"elementor elementor-1406\" data-elementor-post-type=\"page\">\n\t\t\t\t\t\t<section class=\"elementor-section elementor-top-section elementor-element elementor-element-193cbd95 elementor-section-boxed elementor-section-height-default elementor-section-height-default\" data-id=\"193cbd95\" data-element_type=\"section\" data-settings=\"{&quot;background_background&quot;:&quot;classic&quot;,&quot;ekit_has_onepagescroll_dot&quot;:&quot;yes&quot;}\">\n\t\t\t\t\t\t\t<div class=\"elementor-background-overlay\"><\/div>\n\t\t\t\t\t\t\t<div class=\"elementor-container elementor-column-gap-default\">\n\t\t\t\t\t<div class=\"elementor-column elementor-col-100 elementor-top-column elementor-element elementor-element-703d8ac0\" data-id=\"703d8ac0\" data-element_type=\"column\">\n\t\t\t<div class=\"elementor-widget-wrap elementor-element-populated\">\n\t\t\t\t\t\t<div class=\"elementor-element elementor-element-7218c71c elementor-widget elementor-widget-heading\" data-id=\"7218c71c\" data-element_type=\"widget\" data-settings=\"{&quot;ekit_we_effect_on&quot;:&quot;none&quot;}\" data-widget_type=\"heading.default\">\n\t\t\t\t<div class=\"elementor-widget-container\">\n\t\t\t\t\t<h2 class=\"elementor-heading-title elementor-size-default\">\u00fcber uns<\/h2>\t\t\t\t<\/div>\n\t\t\t\t<\/div>\n\t\t\t\t\t<\/div>\n\t\t<\/div>\n\t\t\t\t\t<\/div>\n\t\t<\/section>\n\t\t\t\t<section class=\"elementor-section elementor-top-section elementor-element elementor-element-df2d488 elementor-section-content-middle elementor-section-boxed elementor-section-height-default elementor-section-height-default\" data-id=\"df2d488\" data-element_type=\"section\" data-settings=\"{&quot;ekit_has_onepagescroll_dot&quot;:&quot;yes&quot;}\">\n\t\t\t\t\t\t<div class=\"elementor-container elementor-column-gap-default\">\n\t\t\t\t\t<div class=\"elementor-column elementor-col-50 elementor-top-column elementor-element elementor-element-ae09474\" data-id=\"ae09474\" data-element_type=\"column\" data-settings=\"{&quot;background_background&quot;:&quot;classic&quot;}\">\n\t\t\t<div class=\"elementor-widget-wrap elementor-element-populated\">\n\t\t\t\t\t\t<section class=\"elementor-section elementor-inner-section elementor-element elementor-element-17a798c elementor-section-boxed elementor-section-height-default elementor-section-height-default\" data-id=\"17a798c\" data-element_type=\"section\" data-settings=\"{&quot;background_background&quot;:&quot;classic&quot;,&quot;ekit_has_onepagescroll_dot&quot;:&quot;yes&quot;}\">\n\t\t\t\t\t\t<div class=\"elementor-container elementor-column-gap-no\">\n\t\t\t\t\t<div class=\"elementor-column elementor-col-50 elementor-inner-column elementor-element elementor-element-957d685\" data-id=\"957d685\" data-element_type=\"column\" data-settings=\"{&quot;background_background&quot;:&quot;classic&quot;}\">\n\t\t\t<div class=\"elementor-widget-wrap elementor-element-populated\">\n\t\t\t\t\t\t<div class=\"elementor-element elementor-element-27ee6f4 elementor-widget elementor-widget-spacer\" data-id=\"27ee6f4\" data-element_type=\"widget\" data-settings=\"{&quot;ekit_we_effect_on&quot;:&quot;none&quot;}\" data-widget_type=\"spacer.default\">\n\t\t\t\t<div class=\"elementor-widget-container\">\n\t\t\t\t\t\t\t<div class=\"elementor-spacer\">\n\t\t\t<div class=\"elementor-spacer-inner\"><\/div>\n\t\t<\/div>\n\t\t\t\t\t\t<\/div>\n\t\t\t\t<\/div>\n\t\t\t\t\t<\/div>\n\t\t<\/div>\n\t\t\t\t<div class=\"elementor-column elementor-col-50 elementor-inner-column elementor-element elementor-element-d50ef2c\" data-id=\"d50ef2c\" data-element_type=\"column\" data-settings=\"{&quot;background_background&quot;:&quot;classic&quot;}\">\n\t\t\t<div class=\"elementor-widget-wrap elementor-element-populated\">\n\t\t\t\t\t\t<div class=\"elementor-element elementor-element-b772788 elementor-widget elementor-widget-spacer\" data-id=\"b772788\" data-element_type=\"widget\" data-settings=\"{&quot;ekit_we_effect_on&quot;:&quot;none&quot;}\" data-widget_type=\"spacer.default\">\n\t\t\t\t<div class=\"elementor-widget-container\">\n\t\t\t\t\t\t\t<div class=\"elementor-spacer\">\n\t\t\t<div class=\"elementor-spacer-inner\"><\/div>\n\t\t<\/div>\n\t\t\t\t\t\t<\/div>\n\t\t\t\t<\/div>\n\t\t\t\t\t<\/div>\n\t\t<\/div>\n\t\t\t\t\t<\/div>\n\t\t<\/section>\n\t\t\t\t<section class=\"elementor-section elementor-inner-section elementor-element elementor-element-d918117 elementor-section-content-middle elementor-section-boxed elementor-section-height-default elementor-section-height-default\" data-id=\"d918117\" data-element_type=\"section\" data-settings=\"{&quot;ekit_has_onepagescroll_dot&quot;:&quot;yes&quot;}\">\n\t\t\t\t\t\t<div class=\"elementor-container elementor-column-gap-no\">\n\t\t\t\t\t<div class=\"elementor-column elementor-col-100 elementor-inner-column elementor-element elementor-element-e3ee951\" data-id=\"e3ee951\" data-element_type=\"column\" data-settings=\"{&quot;background_background&quot;:&quot;classic&quot;}\">\n\t\t\t<div class=\"elementor-widget-wrap elementor-element-populated\">\n\t\t\t\t\t\t<div class=\"elementor-element elementor-element-d0eea1d elementor-widget elementor-widget-spacer\" data-id=\"d0eea1d\" data-element_type=\"widget\" data-settings=\"{&quot;ekit_we_effect_on&quot;:&quot;none&quot;}\" data-widget_type=\"spacer.default\">\n\t\t\t\t<div class=\"elementor-widget-container\">\n\t\t\t\t\t\t\t<div class=\"elementor-spacer\">\n\t\t\t<div class=\"elementor-spacer-inner\"><\/div>\n\t\t<\/div>\n\t\t\t\t\t\t<\/div>\n\t\t\t\t<\/div>\n\t\t\t\t\t<\/div>\n\t\t<\/div>\n\t\t\t\t\t<\/div>\n\t\t<\/section>\n\t\t\t\t\t<\/div>\n\t\t<\/div>\n\t\t\t\t<div class=\"elementor-column elementor-col-50 elementor-top-column elementor-element elementor-element-7eb2949\" data-id=\"7eb2949\" data-element_type=\"column\">\n\t\t\t<div class=\"elementor-widget-wrap elementor-element-populated\">\n\t\t\t\t\t\t<div class=\"elementor-element elementor-element-8c866e4 animated-slow elementor-invisible elementor-widget elementor-widget-heading\" data-id=\"8c866e4\" data-element_type=\"widget\" data-settings=\"{&quot;_animation&quot;:&quot;fadeInRight&quot;,&quot;ekit_we_effect_on&quot;:&quot;none&quot;}\" data-widget_type=\"heading.default\">\n\t\t\t\t<div class=\"elementor-widget-container\">\n\t\t\t\t\t<h5 class=\"elementor-heading-title elementor-size-default\">\u00fcber uns<\/h5>\t\t\t\t<\/div>\n\t\t\t\t<\/div>\n\t\t\t\t<div class=\"elementor-element elementor-element-fe11821 elementor-widget elementor-widget-heading\" data-id=\"fe11821\" data-element_type=\"widget\" data-settings=\"{&quot;ekit_we_effect_on&quot;:&quot;none&quot;}\" data-widget_type=\"heading.default\">\n\t\t\t\t<div class=\"elementor-widget-container\">\n\t\t\t\t\t<h2 class=\"elementor-heading-title elementor-size-default\">\u00dcber 15 Jahre Erfahrung<\/h2>\t\t\t\t<\/div>\n\t\t\t\t<\/div>\n\t\t\t\t<div class=\"elementor-element elementor-element-178522c elementor-widget elementor-widget-text-editor\" data-id=\"178522c\" data-element_type=\"widget\" data-settings=\"{&quot;ekit_we_effect_on&quot;:&quot;none&quot;}\" data-widget_type=\"text-editor.default\">\n\t\t\t\t<div class=\"elementor-widget-container\">\n\t\t\t\t\t\t\t\t\t<p>Als Apex Clinic schaffen wir dauerhafte L\u00f6sungen in der \u00c4sthetik und verwirklichen Ihre Tr\u00e4ume mit kleinen Ber\u00fchrungen, um alle Ihre W\u00fcnsche \u00fcber das Sch\u00f6nheitsempfinden in Ihrem Leben, alle Ihre \u00e4sthetischen Probleme, die Ihr Leben betreffen, vollst\u00e4ndig zu unterst\u00fctzen und Ihr Selbstvertrauen wiederherzustellen .<\/p>\t\t\t\t\t\t\t\t<\/div>\n\t\t\t\t<\/div>\n\t\t\t\t<div class=\"elementor-element elementor-element-513dba9 elementor-widget elementor-widget-text-editor\" data-id=\"513dba9\" data-element_type=\"widget\" data-settings=\"{&quot;ekit_we_effect_on&quot;:&quot;none&quot;}\" data-widget_type=\"text-editor.default\">\n\t\t\t\t<div class=\"elementor-widget-container\">\n\t\t\t\t\t\t\t\t\t<p>Es bietet seinen Patienten einen zuverl\u00e4ssigen und qualitativ hochwertigen Service mit seinem qualifizierten Fachpersonal, das Menschen wertsch\u00e4tzt, mit einem \u201eperfektionistischen medizinischen Service\u201c-Ansatz, der ethische Werte einh\u00e4lt und der Sicherheit von Patienten und Mitarbeitern Priorit\u00e4t einr\u00e4umt.<\/p><p><strong>Unsere Aufgabe<\/strong><br \/>Es zielt darauf ab, das Leben der Menschen am Punkt der Forschung und Anwendung aufzuwerten, indem es die sich entwickelnde Technologie Tag f\u00fcr Tag in der medizinischen Wissenschaft verfolgt.<br \/>Ethisch, wissenschaftlich, aktuell..<\/p><p><strong>unsere Vision<\/strong><br \/>Mit unserer Qualit\u00e4tspolitik und vorbildlichen Systematik soll die Patienten- und Patientenzufriedenheit sichergestellt werden.Unser wichtigstes Ziel ist es, dass sich unsere Patienten wohlf\u00fchlen und durch unser regelm\u00e4\u00dfiges und sorgf\u00e4ltiges Arbeitsprinzip ihre Lebensqualit\u00e4t zu steigern.<\/p>\t\t\t\t\t\t\t\t<\/div>\n\t\t\t\t<\/div>\n\t\t\t\t\t<\/div>\n\t\t<\/div>\n\t\t\t\t\t<\/div>\n\t\t<\/section>\n\t\t\t\t<\/div>","protected":false},"excerpt":{"rendered":"<p>Hakk\u0131m\u0131zda Hakk\u0131m\u0131zda 15 Y\u0131l\u0131 A\u015fk\u0131n Tecr\u00fcbe Ya\u015fam\u0131n\u0131zda g\u00fczellik duygusu ile ilgili t\u00fcm isteklerinize, ya\u015fam\u0131n\u0131z\u0131 etkileyen t\u00fcm estetik sorunlar\u0131n\u0131za, \u00f6zg\u00fcveninizi yeniden sa\u011flamakta tam destek olmak ad\u0131na, estetikte kal\u0131c\u0131 \u00e7\u00f6z\u00fcmler yaratarak ,k\u00fc\u00e7\u00fck dokunu\u015flarla ger\u00e7ekle\u015fen r\u00fcyalar\u0131n\u0131za Apex Clinic olarak imza at\u0131yoruz. \u0130nsana de\u011fer veren nitelikli uzman kadrosu \u201cEtik de\u011ferlere ba\u011fl\u0131, hasta ve \u00e7al\u0131\u015fan g\u00fcveli\u011fini \u00f6n planda tutan, t\u0131bbi [&hellip;]<\/p>","protected":false},"author":3,"featured_media":0,"parent":0,"menu_order":0,"comment_status":"closed","ping_status":"closed","template":"","meta":{"_lmt_disableupdate":"","_lmt_disable":"","_monsterinsights_skip_tracking":false,"_monsterinsights_sitenote_active":false,"_monsterinsights_sitenote_note":"","_monsterinsights_sitenote_category":0,"site-sidebar-layout":"no-sidebar","site-content-layout":"page-builder","ast-site-content-layout":"","site-content-style":"default","site-sidebar-style":"default","ast-global-header-display":"","ast-banner-title-visibility":"","ast-main-header-display":"","ast-hfb-above-header-display":"","ast-hfb-below-header-display":"","ast-hfb-mobile-header-display":"","site-post-title":"disabled","ast-breadcrumbs-content":"","ast-featured-img":"disabled","footer-sml-layout":"","theme-transparent-header-meta":"","adv-header-id-meta":"","stick-header-meta":"","header-above-stick-meta":"","header-main-stick-meta":"","header-below-stick-meta":"","astra-migrate-meta-layouts":"default","ast-page-background-enabled":"default","ast-page-background-meta":{"desktop":{"background-color":"var(--ast-global-color-4)","background-image":"","background-repeat":"repeat","background-position":"center center","background-size":"auto","background-attachment":"scroll","background-type":"","background-media":"","overlay-type":"","overlay-color":"","overlay-opacity":"","overlay-gradient":""},"tablet":{"background-color":"","background-image":"","background-repeat":"repeat","background-position":"center center","background-size":"auto","background-attachment":"scroll","background-type":"","background-media":"","overlay-type":"","overlay-color":"","overlay-opacity":"","overlay-gradient":""},"mobile":{"background-color":"","background-image":"","background-repeat":"repeat","background-position":"center center","background-size":"auto","background-attachment":"scroll","background-type":"","background-media":"","overlay-type":"","overlay-color":"","overlay-opacity":"","overlay-gradient":""}},"ast-content-background-meta":{"desktop":{"background-color":"var(--ast-global-color-5)","background-image":"","background-repeat":"repeat","background-position":"center center","background-size":"auto","background-attachment":"scroll","background-type":"","background-media":"","overlay-type":"","overlay-color":"","overlay-opacity":"","overlay-gradient":""},"tablet":{"background-color":"var(--ast-global-color-5)","background-image":"","background-repeat":"repeat","background-position":"center center","background-size":"auto","background-attachment":"scroll","background-type":"","background-media":"","overlay-type":"","overlay-color":"","overlay-opacity":"","overlay-gradient":""},"mobile":{"background-color":"var(--ast-global-color-5)","background-image":"","background-repeat":"repeat","background-position":"center center","background-size":"auto","background-attachment":"scroll","background-type":"","background-media":"","overlay-type":"","overlay-color":"","overlay-opacity":"","overlay-gradient":""}},"_joinchat":[],"footnotes":""},"class_list":["post-1406","page","type-page","status-publish","hentry"],"_links":{"self":[{"href":"https:\/\/www.apexclinic.com.tr\/de\/wp-json\/wp\/v2\/pages\/1406"}],"collection":[{"href":"https:\/\/www.apexclinic.com.tr\/de\/wp-json\/wp\/v2\/pages"}],"about":[{"href":"https:\/\/www.apexclinic.com.tr\/de\/wp-json\/wp\/v2\/types\/page"}],"author":[{"embeddable":true,"href":"https:\/\/www.apexclinic.com.tr\/de\/wp-json\/wp\/v2\/users\/3"}],"replies":[{"embeddable":true,"href":"https:\/\/www.apexclinic.com.tr\/de\/wp-json\/wp\/v2\/comments?post=1406"}],"version-history":[{"count":0,"href":"https:\/\/www.apexclinic.com.tr\/de\/wp-json\/wp\/v2\/pages\/1406\/revisions"}],"wp:attachment":[{"href":"https:\/\/www.apexclinic.com.tr\/de\/wp-json\/wp\/v2\/media?parent=1406"}],"curies":[{"name":"wp","href":"https:\/\/api.w.org\/{rel}","templated":true}]}}