{"id":2351,"date":"2022-09-07T13:36:13","date_gmt":"2022-09-07T13:36:13","guid":{"rendered":"https:\/\/www.apexclinic.com.tr\/?page_id=2351"},"modified":"2023-08-02T10:52:55","modified_gmt":"2023-08-02T10:52:55","slug":"brezilya-popo-estetigi","status":"publish","type":"page","link":"https:\/\/www.apexclinic.com.tr\/de\/brazil-butt-asthetik\/","title":{"rendered":"Brasilianischer Po-Lift"},"content":{"rendered":"<div data-elementor-type=\"wp-page\" data-elementor-id=\"2351\" class=\"elementor elementor-2351\" data-elementor-post-type=\"page\">\n\t\t\t\t\t\t<section class=\"elementor-section elementor-top-section elementor-element elementor-element-9afa8da elementor-section-boxed elementor-section-height-default elementor-section-height-default\" data-id=\"9afa8da\" data-element_type=\"section\" data-settings=\"{&quot;background_background&quot;:&quot;gradient&quot;,&quot;ekit_has_onepagescroll_dot&quot;:&quot;yes&quot;}\">\n\t\t\t\t\t\t<div class=\"elementor-container elementor-column-gap-default\">\n\t\t\t\t\t<div class=\"elementor-column elementor-col-100 elementor-top-column elementor-element elementor-element-bc56646\" data-id=\"bc56646\" data-element_type=\"column\">\n\t\t\t<div class=\"elementor-widget-wrap elementor-element-populated\">\n\t\t\t\t\t\t<div class=\"elementor-element elementor-element-0fb26c0 elementor-widget elementor-widget-spacer\" data-id=\"0fb26c0\" data-element_type=\"widget\" data-settings=\"{&quot;ekit_we_effect_on&quot;:&quot;none&quot;}\" data-widget_type=\"spacer.default\">\n\t\t\t\t<div class=\"elementor-widget-container\">\n\t\t\t\t\t\t\t<div class=\"elementor-spacer\">\n\t\t\t<div class=\"elementor-spacer-inner\"><\/div>\n\t\t<\/div>\n\t\t\t\t\t\t<\/div>\n\t\t\t\t<\/div>\n\t\t\t\t<div class=\"elementor-element elementor-element-efd06cb elementor-widget elementor-widget-heading\" data-id=\"efd06cb\" data-element_type=\"widget\" data-settings=\"{&quot;ekit_we_effect_on&quot;:&quot;none&quot;}\" data-widget_type=\"heading.default\">\n\t\t\t\t<div class=\"elementor-widget-container\">\n\t\t\t\t\t<h2 class=\"elementor-heading-title elementor-size-default\">Brasilianisches Po-Lifting (BBL)<\/h2>\t\t\t\t<\/div>\n\t\t\t\t<\/div>\n\t\t\t\t<div class=\"elementor-element elementor-element-e2ddd16 elementor-widget elementor-widget-spacer\" data-id=\"e2ddd16\" data-element_type=\"widget\" data-settings=\"{&quot;ekit_we_effect_on&quot;:&quot;none&quot;}\" data-widget_type=\"spacer.default\">\n\t\t\t\t<div class=\"elementor-widget-container\">\n\t\t\t\t\t\t\t<div class=\"elementor-spacer\">\n\t\t\t<div class=\"elementor-spacer-inner\"><\/div>\n\t\t<\/div>\n\t\t\t\t\t\t<\/div>\n\t\t\t\t<\/div>\n\t\t\t\t\t<\/div>\n\t\t<\/div>\n\t\t\t\t\t<\/div>\n\t\t<\/section>\n\t\t\t\t<section class=\"elementor-section elementor-top-section elementor-element elementor-element-c610b43 elementor-section-boxed elementor-section-height-default elementor-section-height-default\" data-id=\"c610b43\" data-element_type=\"section\" data-settings=\"{&quot;ekit_has_onepagescroll_dot&quot;:&quot;yes&quot;}\">\n\t\t\t\t\t\t<div class=\"elementor-container elementor-column-gap-default\">\n\t\t\t\t\t<div class=\"elementor-column elementor-col-100 elementor-top-column elementor-element elementor-element-1731658\" data-id=\"1731658\" data-element_type=\"column\">\n\t\t\t<div class=\"elementor-widget-wrap elementor-element-populated\">\n\t\t\t\t\t\t<div class=\"elementor-element elementor-element-4c05546 elementor-widget elementor-widget-spacer\" data-id=\"4c05546\" data-element_type=\"widget\" data-settings=\"{&quot;ekit_we_effect_on&quot;:&quot;none&quot;}\" data-widget_type=\"spacer.default\">\n\t\t\t\t<div class=\"elementor-widget-container\">\n\t\t\t\t\t\t\t<div class=\"elementor-spacer\">\n\t\t\t<div class=\"elementor-spacer-inner\"><\/div>\n\t\t<\/div>\n\t\t\t\t\t\t<\/div>\n\t\t\t\t<\/div>\n\t\t\t\t\t<\/div>\n\t\t<\/div>\n\t\t\t\t\t<\/div>\n\t\t<\/section>\n\t\t\t\t<section class=\"elementor-section elementor-top-section elementor-element elementor-element-dd57234 elementor-section-boxed elementor-section-height-default elementor-section-height-default\" data-id=\"dd57234\" data-element_type=\"section\" data-settings=\"{&quot;ekit_has_onepagescroll_dot&quot;:&quot;yes&quot;}\">\n\t\t\t\t\t\t<div class=\"elementor-container elementor-column-gap-default\">\n\t\t\t\t\t<div class=\"elementor-column elementor-col-50 elementor-top-column elementor-element elementor-element-96900a3\" data-id=\"96900a3\" data-element_type=\"column\" data-settings=\"{&quot;background_background&quot;:&quot;classic&quot;}\">\n\t\t\t<div class=\"elementor-widget-wrap elementor-element-populated\">\n\t\t\t\t\t\t<div class=\"elementor-element elementor-element-f6d3ca3 elementor-widget elementor-widget-image\" data-id=\"f6d3ca3\" data-element_type=\"widget\" data-settings=\"{&quot;ekit_we_effect_on&quot;:&quot;none&quot;}\" data-widget_type=\"image.default\">\n\t\t\t\t<div class=\"elementor-widget-container\">\n\t\t\t\t\t\t\t\t\t\t\t\t\t\t\t<img fetchpriority=\"high\" decoding=\"async\" width=\"1024\" height=\"683\" src=\"https:\/\/www.apexclinic.com.tr\/wp-content\/uploads\/2022\/09\/beautiful-female-back-butt-isolated-white-min-1024x683.jpg\" class=\"attachment-large size-large wp-image-2084\" alt=\"\" srcset=\"https:\/\/www.apexclinic.com.tr\/wp-content\/uploads\/2022\/09\/beautiful-female-back-butt-isolated-white-min-1024x683.jpg 1024w, https:\/\/www.apexclinic.com.tr\/wp-content\/uploads\/2022\/09\/beautiful-female-back-butt-isolated-white-min-300x200.jpg 300w, https:\/\/www.apexclinic.com.tr\/wp-content\/uploads\/2022\/09\/beautiful-female-back-butt-isolated-white-min-768x512.jpg 768w, https:\/\/www.apexclinic.com.tr\/wp-content\/uploads\/2022\/09\/beautiful-female-back-butt-isolated-white-min-1536x1024.jpg 1536w, https:\/\/www.apexclinic.com.tr\/wp-content\/uploads\/2022\/09\/beautiful-female-back-butt-isolated-white-min-2048x1365.jpg 2048w\" sizes=\"(max-width: 1024px) 100vw, 1024px\" \/>\t\t\t\t\t\t\t\t\t\t\t\t\t\t\t<\/div>\n\t\t\t\t<\/div>\n\t\t\t\t\t<\/div>\n\t\t<\/div>\n\t\t\t\t<div class=\"elementor-column elementor-col-50 elementor-top-column elementor-element elementor-element-1708227\" data-id=\"1708227\" data-element_type=\"column\">\n\t\t\t<div class=\"elementor-widget-wrap elementor-element-populated\">\n\t\t\t\t\t\t<div class=\"elementor-element elementor-element-b78616c elementor-widget-divider--view-line_text elementor-widget-divider--element-align-left elementor-widget elementor-widget-divider\" data-id=\"b78616c\" data-element_type=\"widget\" data-settings=\"{&quot;ekit_we_effect_on&quot;:&quot;none&quot;}\" data-widget_type=\"divider.default\">\n\t\t\t\t<div class=\"elementor-widget-container\">\n\t\t\t\t\t\t\t<div class=\"elementor-divider\">\n\t\t\t<span class=\"elementor-divider-separator\">\n\t\t\t\t\t\t\t<h3 class=\"elementor-divider__text elementor-divider__element\">\n\t\t\t\tBBL\t\t\t\t<\/h3>\n\t\t\t\t\t\t<\/span>\n\t\t<\/div>\n\t\t\t\t\t\t<\/div>\n\t\t\t\t<\/div>\n\t\t\t\t<div class=\"elementor-element elementor-element-5b8886a elementor-align-left elementor-widget__width-auto elementor-icon-list--layout-traditional elementor-list-item-link-full_width elementor-widget elementor-widget-icon-list\" data-id=\"5b8886a\" data-element_type=\"widget\" data-settings=\"{&quot;ekit_we_effect_on&quot;:&quot;none&quot;}\" data-widget_type=\"icon-list.default\">\n\t\t\t\t<div class=\"elementor-widget-container\">\n\t\t\t\t\t\t\t<ul class=\"elementor-icon-list-items\">\n\t\t\t\t\t\t\t<li class=\"elementor-icon-list-item\">\n\t\t\t\t\t\t\t\t\t\t\t<span class=\"elementor-icon-list-icon\">\n\t\t\t\t\t\t\t<i aria-hidden=\"true\" class=\"far fa-hospital\"><\/i>\t\t\t\t\t\t<\/span>\n\t\t\t\t\t\t\t\t\t\t<span class=\"elementor-icon-list-text\">Dauer des Krankenhausaufenthalts: 1 Tag<\/span>\n\t\t\t\t\t\t\t\t\t<\/li>\n\t\t\t\t\t\t\t\t<li class=\"elementor-icon-list-item\">\n\t\t\t\t\t\t\t\t\t\t\t<span class=\"elementor-icon-list-icon\">\n\t\t\t\t\t\t\t<i aria-hidden=\"true\" class=\"far fa-clock\"><\/i>\t\t\t\t\t\t<\/span>\n\t\t\t\t\t\t\t\t\t\t<span class=\"elementor-icon-list-text\">Betriebszeit: 2-4 Stunden<\/span>\n\t\t\t\t\t\t\t\t\t<\/li>\n\t\t\t\t\t\t\t\t<li class=\"elementor-icon-list-item\">\n\t\t\t\t\t\t\t\t\t\t\t<span class=\"elementor-icon-list-icon\">\n\t\t\t\t\t\t\t<i aria-hidden=\"true\" class=\"fas fa-syringe\"><\/i>\t\t\t\t\t\t<\/span>\n\t\t\t\t\t\t\t\t\t\t<span class=\"elementor-icon-list-text\">An\u00e4sthesie: Allgemein<\/span>\n\t\t\t\t\t\t\t\t\t<\/li>\n\t\t\t\t\t\t\t\t<li class=\"elementor-icon-list-item\">\n\t\t\t\t\t\t\t\t\t\t\t<span class=\"elementor-icon-list-icon\">\n\t\t\t\t\t\t\t<i aria-hidden=\"true\" class=\"far fa-heart\"><\/i>\t\t\t\t\t\t<\/span>\n\t\t\t\t\t\t\t\t\t\t<span class=\"elementor-icon-list-text\">Heilungszeit: 1-2 Wochen<\/span>\n\t\t\t\t\t\t\t\t\t<\/li>\n\t\t\t\t\t\t<\/ul>\n\t\t\t\t\t\t<\/div>\n\t\t\t\t<\/div>\n\t\t\t\t<div class=\"elementor-element elementor-element-860d5ee elementor-widget elementor-widget-button\" data-id=\"860d5ee\" data-element_type=\"widget\" data-settings=\"{&quot;ekit_we_effect_on&quot;:&quot;none&quot;}\" data-widget_type=\"button.default\">\n\t\t\t\t<div class=\"elementor-widget-container\">\n\t\t\t\t\t\t\t\t\t<div class=\"elementor-button-wrapper\">\n\t\t\t\t\t<a class=\"elementor-button elementor-button-link elementor-size-sm\" href=\"https:\/\/www.apexclinic.com.tr\/de\/\">\n\t\t\t\t\t\t<span class=\"elementor-button-content-wrapper\">\n\t\t\t\t\t\t\t\t\t<span class=\"elementor-button-text\">Jetzt Termin vereinbaren<\/span>\n\t\t\t\t\t<\/span>\n\t\t\t\t\t<\/a>\n\t\t\t\t<\/div>\n\t\t\t\t\t\t\t\t<\/div>\n\t\t\t\t<\/div>\n\t\t\t\t\t<\/div>\n\t\t<\/div>\n\t\t\t\t\t<\/div>\n\t\t<\/section>\n\t\t\t\t<section class=\"elementor-section elementor-top-section elementor-element elementor-element-0121500 elementor-section-boxed elementor-section-height-default elementor-section-height-default\" data-id=\"0121500\" data-element_type=\"section\" data-settings=\"{&quot;ekit_has_onepagescroll_dot&quot;:&quot;yes&quot;}\">\n\t\t\t\t\t\t<div class=\"elementor-container elementor-column-gap-default\">\n\t\t\t\t\t<div class=\"elementor-column elementor-col-100 elementor-top-column elementor-element elementor-element-fc1963e\" data-id=\"fc1963e\" data-element_type=\"column\">\n\t\t\t<div class=\"elementor-widget-wrap elementor-element-populated\">\n\t\t\t\t\t\t<div class=\"elementor-element elementor-element-2d0ab1b elementor-widget elementor-widget-spacer\" data-id=\"2d0ab1b\" data-element_type=\"widget\" data-settings=\"{&quot;ekit_we_effect_on&quot;:&quot;none&quot;}\" data-widget_type=\"spacer.default\">\n\t\t\t\t<div class=\"elementor-widget-container\">\n\t\t\t\t\t\t\t<div class=\"elementor-spacer\">\n\t\t\t<div class=\"elementor-spacer-inner\"><\/div>\n\t\t<\/div>\n\t\t\t\t\t\t<\/div>\n\t\t\t\t<\/div>\n\t\t\t\t\t<\/div>\n\t\t<\/div>\n\t\t\t\t\t<\/div>\n\t\t<\/section>\n\t\t\t\t<section class=\"elementor-section elementor-top-section elementor-element elementor-element-ce5665f elementor-section-boxed elementor-section-height-default elementor-section-height-default\" data-id=\"ce5665f\" data-element_type=\"section\" data-settings=\"{&quot;ekit_has_onepagescroll_dot&quot;:&quot;yes&quot;}\">\n\t\t\t\t\t\t<div class=\"elementor-container elementor-column-gap-default\">\n\t\t\t\t\t<div class=\"elementor-column elementor-col-100 elementor-top-column elementor-element elementor-element-339c420\" data-id=\"339c420\" data-element_type=\"column\">\n\t\t\t<div class=\"elementor-widget-wrap elementor-element-populated\">\n\t\t\t\t\t\t<div class=\"elementor-element elementor-element-3d77eba elementor-widget elementor-widget-text-editor\" data-id=\"3d77eba\" data-element_type=\"widget\" data-settings=\"{&quot;ekit_we_effect_on&quot;:&quot;none&quot;}\" data-widget_type=\"text-editor.default\">\n\t\t\t\t<div class=\"elementor-widget-container\">\n\t\t\t\t\t\t\t\t\t<section class=\"services_page_header\"><section class=\"services_page_header\"><h2 class=\"services_page_title\">BBL-\u00c4sthetik<\/h2><\/section><section class=\"services_page_content entry-content\"><p>Po-Lift-Operationen sind das erste, was Menschen tun, die einen proportionalen K\u00f6rper w\u00fcnschen. Diese Operationen sind schmerzlose und spezielle Operationen, die heute \u00fcblicherweise durchgef\u00fchrt werden. Die Leute greifen definitiv auf diese Techniken zur\u00fcck, um gleichzeitig ein volleres und runderes Po-Bild zu erzielen. Um den Hintern so zu machen, werden Transfers mit speziellem \u00d6l gemacht. Um die F\u00fclle vor allem im H\u00fcftbereich zu erh\u00f6hen, werden Transfers aus dem Fettgewebe vorgenommen. Es ist als eine beliebte Operation bekannt, die ziemlich h\u00e4ufig geworden ist. Auf diese Weise\u00a0<strong>was ist bbl<\/strong>\u00a0Die Antworten auf solche Fragen werden auch auf die richtigste Weise gegeben.<\/p><p>Bei der Po-Lift-\u00c4sthetik werden den H\u00fcften spezielle Formen gegeben, ohne auf Silikon zur\u00fcckzugreifen. Insbesondere bei einer Fettabsaugung wird \u00fcbersch\u00fcssiges Fett an Bauch, Oberschenkeln oder Taille entnommen und in das Ges\u00e4\u00df injiziert. Mit dieser Operation werden alle Verh\u00e4ltnisse, die im K\u00f6rper auftreten k\u00f6nnen, korrekt geheilt. Vor allem durch das aus den \u00fcbersch\u00fcssigen Bereichen entnommene Fett werden unverh\u00e4ltnism\u00e4\u00dfige Abbildungen verhindert. Somit wird die Integrit\u00e4t auf die richtigste Weise sichergestellt.<\/p><p>Wenn die Fettmasse im K\u00f6rper der Person niedrig ist, kann dies auch dank Silikon passieren. Silikone der gew\u00fcnschten Gr\u00f6\u00dfe werden an der Unterseite des Piercings platziert, ohne das Gewebe des Po in irgendeiner Weise zu besch\u00e4digen. Die Fettabsaugung eignet sich am besten f\u00fcr Po-Reduktions- oder Po-Lifting-Methoden.<\/p><p>\u00a0<\/p><h3><strong>Wer kann \u00c4sthetik mit BBL haben?<\/strong><\/h3><p>Diese \u00c4sthetik kann leicht von jedem durchgef\u00fchrt werden, der das H\u00fcftverh\u00e4ltnis und die H\u00fcftform nicht mag. Die Strukturen der H\u00fcfte werden durch genetische Strukturen bestimmt. Effekte wie die Skelettform des K\u00f6rpers, Fettdepots beeinflussen das Aussehen der H\u00fcften oder des Ges\u00e4\u00dfes. Diese \u00c4sthetik kann leicht bei Personen jeden Alters durchgef\u00fchrt werden. Es gibt keine Sch\u00e4den oder Probleme. Menschen, die kein \u00fcberm\u00e4\u00dfiges Durchh\u00e4ngen in ihren H\u00fcften haben, Menschen, die genug Fett in ihren K\u00f6rperteilen haben, k\u00f6nnen diese Operationen leichter durchf\u00fchren. Es l\u00e4sst sich leicht auf die gew\u00fcnschte Gr\u00f6\u00dfe und Hubh\u00f6he bringen, ohne den Hintern in irgendeiner Weise zu besch\u00e4digen.<\/p><p>\u00a0<\/p><h3><strong>Was sind die Vorteile der BBL-\u00c4sthetik?<\/strong><\/h3><p>Es verbessert die Rundungen des Unterk\u00f6rpers, besonders bei Frauen, indem es diese besser zur Geltung bringt. Es l\u00e4sst die H\u00fcften voller und gerader aussehen. Da das Fett in anderen Teilen des K\u00f6rpers abnimmt, wird sich der K\u00f6rper viel besser zeigen. Wenn ein Outfit getragen wird, erh\u00e4lt man attraktivere K\u00f6rperlinien. Besonders bei Menschen mit Gesichtsh\u00fcften werden sch\u00f6ne Pobacken erzielt. Es gibt Situationen, die \u00e4sthetisch sehr angenehm f\u00fcr das Auge sind. Es schafft ein wohltuendes Bild, indem es das obere und untere Gleichgewicht im K\u00f6rper herstellt.<\/p><p>\u00a0<\/p><h3><strong>Wie werden \u00e4sthetische BBL-Operationen durchgef\u00fchrt?<\/strong><\/h3><p>Vor der Anwendung dieser Operationen werden die K\u00f6rperstruktur und die Fettverh\u00e4ltnisse der Person \u00fcberpr\u00fcft. Bei der Operation wird bestimmten K\u00f6rperpartien mit geeigneten Mitteln Fett entnommen. Es wird sichergestellt, dass das Fett mit bestimmten Prinzipien gesammelt und entfernt wird, ohne das Fettgewebe minimal zu sch\u00e4digen. Diese vom K\u00f6rper gesammelten Fette werden in geeigneter Weise in den gew\u00fcnschten Bereich \u00fcbertragen. Die entnommenen Fette werden gereinigt und f\u00fcr den Transfer in den Pobereich vorbereitet.<\/p><p>Menschen, die das Volumen des Po vergr\u00f6\u00dfern und verbessern m\u00f6chten, wenden sich definitiv an diese Operation. Alle \u00d6le bleiben nicht in diesem Bereich, und nach einer Weile werden einige von ihnen von selbst schmelzen. Alles in allem f\u00fchrt der Chirurg die Operation unter sehr hygienischen und g\u00fcnstigen Bedingungen durch.<\/p><p>\u00a0<\/p><h3><strong>Wie ist der Genesungsprozess nach der BBL-\u00c4sthetik?<\/strong><\/h3><p>Menschen, die sich dieser \u00c4sthetik unterzogen haben, m\u00fcssen w\u00e4hrend des Heilungsprozesses auf jeden Fall einige Vorsichtsma\u00dfnahmen treffen. F\u00fcr minimale Schmerzen, die nach der Operation auftreten k\u00f6nnen, sollten kleine Dosen von Schmerzmitteln eingenommen werden. Nach dieser Operation ist es verboten, f\u00fcr 2 Wochen auf der H\u00fcfte zu sitzen oder zu liegen. Der Chirurg, der die Operation durchgef\u00fchrt hat, empfiehlt definitiv, mehr mit dem Gesicht nach unten zu liegen. Eine Zeit lang wird empfohlen, alle T\u00e4tigkeiten au\u00dfer dem Toilettengang im Stehen zu erledigen.<\/p><p>Sitze vom Bagel-Typ werden verwendet, um keinen unmittelbaren Druck auf die H\u00fcften auszu\u00fcben. 8 Wochen nach der Operation kann die Person zu ihrem normalen Leben zur\u00fcckkehren. Die erste Woche der Operation ist sehr wichtig. Die operierte Person kann innerhalb von 10 bis 14 Tagen nach dieser einen Woche wieder arbeiten.<\/p><p>\u00a0<\/p><h3><strong>Was sind die Preise von BBL Aesthetics?<\/strong><\/h3><p>Die in dieser \u00c4sthetik festgelegten Preisspannen \u00e4ndern sich st\u00e4ndig. Die Gr\u00f6\u00dfe des Ges\u00e4\u00dfes, die Menge an Fett, die aufgetragen werden soll\u00a0<strong>bbl \u00e4sthetische Preise\u00a0<\/strong>kann zu Ver\u00e4nderungen f\u00fchren Die Klinik und der Chirurg, wo Sie es w\u00fcnschen, beeinflusst die Preise. Nach der Entscheidung f\u00fcr diese Operation lernt die Person die durchzuf\u00fchrenden Verfahren, indem sie sich mit der entsprechenden Operation vom Chirurgen trifft. Anschlie\u00dfend werden nach Bestehen der entsprechenden Tests und Analysen die anzuwendende Methode und die zu kaufende \u00d6lmenge festgelegt und eine Preisanalyse durchgef\u00fchrt. Nachdem alle diese bestimmt sind, teilt der Arzt dem Patienten den Preis mit.<\/p><\/section><\/section>\t\t\t\t\t\t\t\t<\/div>\n\t\t\t\t<\/div>\n\t\t\t\t\t<\/div>\n\t\t<\/div>\n\t\t\t\t\t<\/div>\n\t\t<\/section>\n\t\t\t\t<section class=\"elementor-section elementor-top-section elementor-element elementor-element-946275a elementor-section-boxed elementor-section-height-default elementor-section-height-default\" data-id=\"946275a\" data-element_type=\"section\" data-settings=\"{&quot;ekit_has_onepagescroll_dot&quot;:&quot;yes&quot;}\">\n\t\t\t\t\t\t<div class=\"elementor-container elementor-column-gap-default\">\n\t\t\t\t\t<div class=\"elementor-column elementor-col-100 elementor-top-column elementor-element elementor-element-b5f1a3b\" data-id=\"b5f1a3b\" data-element_type=\"column\">\n\t\t\t<div class=\"elementor-widget-wrap elementor-element-populated\">\n\t\t\t\t\t\t<div class=\"elementor-element elementor-element-e0c7e71 elementor-widget elementor-widget-shortcode\" data-id=\"e0c7e71\" data-element_type=\"widget\" data-settings=\"{&quot;ekit_we_effect_on&quot;:&quot;none&quot;}\" data-widget_type=\"shortcode.default\">\n\t\t\t\t<div class=\"elementor-widget-container\">\n\t\t\t\t\t\t\t<div class=\"elementor-shortcode\">Zuletzt aktualisiert am 2. August 2023. Informationen des Herausgebers:<a href=\"\" target=\"_blank\" class=\"last-modified-author\">digital@apexclinic.com.tr<\/a><\/div>\n\t\t\t\t\t\t<\/div>\n\t\t\t\t<\/div>\n\t\t\t\t\t<\/div>\n\t\t<\/div>\n\t\t\t\t\t<\/div>\n\t\t<\/section>\n\t\t\t\t<\/div>","protected":false},"excerpt":{"rendered":"<p>Brezilya Popo Esteti\u011fi (BBL) BBL Hastanede Kal\u0131\u015f S\u00fcresi: 1 G\u00fcn Operasyon S\u00fcresi: 2-4 Saat Anestezi: Genel \u0130yile\u015fme S\u00fcresi: 1-2 Hafta Hemen Randevu Al\u0131n BBL Esteti\u011fi Orant\u0131l\u0131 bir v\u00fccut isteyen ki\u015filerin ilk yapt\u0131rd\u0131\u011f\u0131 \u015fey popo kald\u0131rma ameliyatlar\u0131 olmaktad\u0131r. Bu ameliyatlar g\u00fcn\u00fcm\u00fczde \u00e7ok yayg\u0131n olarak yap\u0131lan a\u011fr\u0131s\u0131z ac\u0131s\u0131z ve \u00f6zel ameliyatlar olarak bulunmaktad\u0131r. Ki\u015filer daha dolgun ve [&hellip;]<\/p>","protected":false},"author":3,"featured_media":0,"parent":0,"menu_order":0,"comment_status":"closed","ping_status":"closed","template":"elementor_header_footer","meta":{"_lmt_disableupdate":"","_lmt_disable":"","_monsterinsights_skip_tracking":false,"_monsterinsights_sitenote_active":false,"_monsterinsights_sitenote_note":"","_monsterinsights_sitenote_category":0,"site-sidebar-layout":"no-sidebar","site-content-layout":"page-builder","ast-site-content-layout":"","site-content-style":"default","site-sidebar-style":"default","ast-global-header-display":"","ast-banner-title-visibility":"","ast-main-header-display":"","ast-hfb-above-header-display":"","ast-hfb-below-header-display":"","ast-hfb-mobile-header-display":"","site-post-title":"disabled","ast-breadcrumbs-content":"","ast-featured-img":"disabled","footer-sml-layout":"","theme-transparent-header-meta":"","adv-header-id-meta":"","stick-header-meta":"","header-above-stick-meta":"","header-main-stick-meta":"","header-below-stick-meta":"","astra-migrate-meta-layouts":"default","ast-page-background-enabled":"default","ast-page-background-meta":{"desktop":{"background-color":"var(--ast-global-color-4)","background-image":"","background-repeat":"repeat","background-position":"center center","background-size":"auto","background-attachment":"scroll","background-type":"","background-media":"","overlay-type":"","overlay-color":"","overlay-opacity":"","overlay-gradient":""},"tablet":{"background-color":"","background-image":"","background-repeat":"repeat","background-position":"center center","background-size":"auto","background-attachment":"scroll","background-type":"","background-media":"","overlay-type":"","overlay-color":"","overlay-opacity":"","overlay-gradient":""},"mobile":{"background-color":"","background-image":"","background-repeat":"repeat","background-position":"center center","background-size":"auto","background-attachment":"scroll","background-type":"","background-media":"","overlay-type":"","overlay-color":"","overlay-opacity":"","overlay-gradient":""}},"ast-content-background-meta":{"desktop":{"background-color":"var(--ast-global-color-5)","background-image":"","background-repeat":"repeat","background-position":"center center","background-size":"auto","background-attachment":"scroll","background-type":"","background-media":"","overlay-type":"","overlay-color":"","overlay-opacity":"","overlay-gradient":""},"tablet":{"background-color":"var(--ast-global-color-5)","background-image":"","background-repeat":"repeat","background-position":"center center","background-size":"auto","background-attachment":"scroll","background-type":"","background-media":"","overlay-type":"","overlay-color":"","overlay-opacity":"","overlay-gradient":""},"mobile":{"background-color":"var(--ast-global-color-5)","background-image":"","background-repeat":"repeat","background-position":"center center","background-size":"auto","background-attachment":"scroll","background-type":"","background-media":"","overlay-type":"","overlay-color":"","overlay-opacity":"","overlay-gradient":""}},"_joinchat":[],"footnotes":""},"class_list":["post-2351","page","type-page","status-publish","hentry"],"_links":{"self":[{"href":"https:\/\/www.apexclinic.com.tr\/de\/wp-json\/wp\/v2\/pages\/2351"}],"collection":[{"href":"https:\/\/www.apexclinic.com.tr\/de\/wp-json\/wp\/v2\/pages"}],"about":[{"href":"https:\/\/www.apexclinic.com.tr\/de\/wp-json\/wp\/v2\/types\/page"}],"author":[{"embeddable":true,"href":"https:\/\/www.apexclinic.com.tr\/de\/wp-json\/wp\/v2\/users\/3"}],"replies":[{"embeddable":true,"href":"https:\/\/www.apexclinic.com.tr\/de\/wp-json\/wp\/v2\/comments?post=2351"}],"version-history":[{"count":3,"href":"https:\/\/www.apexclinic.com.tr\/de\/wp-json\/wp\/v2\/pages\/2351\/revisions"}],"predecessor-version":[{"id":3463,"href":"https:\/\/www.apexclinic.com.tr\/de\/wp-json\/wp\/v2\/pages\/2351\/revisions\/3463"}],"wp:attachment":[{"href":"https:\/\/www.apexclinic.com.tr\/de\/wp-json\/wp\/v2\/media?parent=2351"}],"curies":[{"name":"wp","href":"https:\/\/api.w.org\/{rel}","templated":true}]}}