{"id":2737,"date":"2022-09-22T14:20:27","date_gmt":"2022-09-22T14:20:27","guid":{"rendered":"https:\/\/www.apexclinic.com.tr\/?page_id=2737"},"modified":"2024-07-11T10:24:06","modified_gmt":"2024-07-11T10:24:06","slug":"hollywood-smile-gulus-tasarimi","status":"publish","type":"page","link":"https:\/\/www.apexclinic.com.tr\/de\/hollywood-smile-gulus-design\/","title":{"rendered":"HollyWood-L\u00e4cheln (L\u00e4cheln-Design)"},"content":{"rendered":"<div data-elementor-type=\"wp-page\" data-elementor-id=\"2737\" class=\"elementor elementor-2737\" data-elementor-post-type=\"page\">\n\t\t\t\t\t\t<section class=\"elementor-section elementor-top-section elementor-element elementor-element-1e60086 elementor-section-content-middle elementor-section-boxed elementor-section-height-default elementor-section-height-default\" data-id=\"1e60086\" data-element_type=\"section\" data-settings=\"{&quot;background_background&quot;:&quot;classic&quot;,&quot;ekit_has_onepagescroll_dot&quot;:&quot;yes&quot;}\">\n\t\t\t\t\t\t<div class=\"elementor-container elementor-column-gap-wide\">\n\t\t\t\t\t<div class=\"elementor-column elementor-col-50 elementor-top-column elementor-element elementor-element-03ebb3a\" data-id=\"03ebb3a\" data-element_type=\"column\">\n\t\t\t<div class=\"elementor-widget-wrap elementor-element-populated\">\n\t\t\t\t\t\t<div class=\"elementor-element elementor-element-acbfdd6 elementor-invisible elementor-widget elementor-widget-heading\" data-id=\"acbfdd6\" data-element_type=\"widget\" data-settings=\"{&quot;_animation&quot;:&quot;fadeIn&quot;,&quot;ekit_we_effect_on&quot;:&quot;none&quot;}\" data-widget_type=\"heading.default\">\n\t\t\t\t<div class=\"elementor-widget-container\">\n\t\t\t\t\t<h5 class=\"elementor-heading-title elementor-size-medium\">Apex Clinic<\/h5>\t\t\t\t<\/div>\n\t\t\t\t<\/div>\n\t\t\t\t<div class=\"elementor-element elementor-element-77655fb elementor-widget elementor-widget-heading\" data-id=\"77655fb\" data-element_type=\"widget\" data-settings=\"{&quot;ekit_we_effect_on&quot;:&quot;none&quot;}\" data-widget_type=\"heading.default\">\n\t\t\t\t<div class=\"elementor-widget-container\">\n\t\t\t\t\t<h2 class=\"elementor-heading-title elementor-size-xxl\">Hollywood-L\u00e4cheln<\/h2>\t\t\t\t<\/div>\n\t\t\t\t<\/div>\n\t\t\t\t<div class=\"elementor-element elementor-element-ad0f82e elementor-widget-divider--view-line elementor-invisible elementor-widget elementor-widget-divider\" data-id=\"ad0f82e\" data-element_type=\"widget\" data-settings=\"{&quot;_animation&quot;:&quot;fadeInUp&quot;,&quot;ekit_we_effect_on&quot;:&quot;none&quot;}\" data-widget_type=\"divider.default\">\n\t\t\t\t<div class=\"elementor-widget-container\">\n\t\t\t\t\t\t\t<div class=\"elementor-divider\">\n\t\t\t<span class=\"elementor-divider-separator\">\n\t\t\t\t\t\t<\/span>\n\t\t<\/div>\n\t\t\t\t\t\t<\/div>\n\t\t\t\t<\/div>\n\t\t\t\t<div class=\"elementor-element elementor-element-33869bd elementor-widget elementor-widget-text-editor\" data-id=\"33869bd\" data-element_type=\"widget\" data-settings=\"{&quot;ekit_we_effect_on&quot;:&quot;none&quot;}\" data-widget_type=\"text-editor.default\">\n\t\t\t\t<div class=\"elementor-widget-container\">\n\t\t\t\t\t\t\t\t\t<p>Hollywood Smile Smile Design ist ein einfaches Verfahren, das eine Vielzahl von Zahnerkrankungen korrigieren kann. Ziel dieses L\u00e4chelns ist es, einen idealen Zahnstandard und ein strahlendes L\u00e4cheln zu erreichen.<br \/>Hollywood Smile kombiniert kosmetische und restaurative Zahnbehandlungen, damit Sie wie ein Star l\u00e4cheln. \u00c4sthetische Zahnveneers helfen, Unvollkommenheiten in Ihrem L\u00e4cheln durch einen personalisierten Behandlungsplan zu decken, der Ihren Bed\u00fcrfnissen und W\u00fcnschen entspricht.<\/p>\t\t\t\t\t\t\t\t<\/div>\n\t\t\t\t<\/div>\n\t\t\t\t<div class=\"elementor-element elementor-element-f0281ed elementor-align-right elementor-invisible elementor-widget elementor-widget-button\" data-id=\"f0281ed\" data-element_type=\"widget\" data-settings=\"{&quot;_animation&quot;:&quot;fadeInUp&quot;,&quot;_animation_delay&quot;:800,&quot;ekit_we_effect_on&quot;:&quot;none&quot;}\" data-widget_type=\"button.default\">\n\t\t\t\t<div class=\"elementor-widget-container\">\n\t\t\t\t\t\t\t\t\t<div class=\"elementor-button-wrapper\">\n\t\t\t\t\t<a class=\"elementor-button elementor-button-link elementor-size-md elementor-animation-float\" href=\"https:\/\/www.apexclinic.com.tr\/de\/kontakt\/\">\n\t\t\t\t\t\t<span class=\"elementor-button-content-wrapper\">\n\t\t\t\t\t\t<span class=\"elementor-button-icon\">\n\t\t\t\t<i aria-hidden=\"true\" class=\"fas fa-long-arrow-alt-right\"><\/i>\t\t\t<\/span>\n\t\t\t\t\t\t\t\t\t<span class=\"elementor-button-text\">Einen Termin machen<\/span>\n\t\t\t\t\t<\/span>\n\t\t\t\t\t<\/a>\n\t\t\t\t<\/div>\n\t\t\t\t\t\t\t\t<\/div>\n\t\t\t\t<\/div>\n\t\t\t\t\t<\/div>\n\t\t<\/div>\n\t\t\t\t<div class=\"elementor-column elementor-col-50 elementor-top-column elementor-element elementor-element-7d657d7\" data-id=\"7d657d7\" data-element_type=\"column\">\n\t\t\t<div class=\"elementor-widget-wrap elementor-element-populated\">\n\t\t\t\t\t\t<div class=\"elementor-element elementor-element-6c52ddc elementor-widget elementor-widget-html\" data-id=\"6c52ddc\" data-element_type=\"widget\" data-settings=\"{&quot;ekit_we_effect_on&quot;:&quot;none&quot;}\" data-widget_type=\"html.default\">\n\t\t\t\t<div class=\"elementor-widget-container\">\n\t\t\t\t\t<div style=\"width: 100%; height: 0px; position: relative; padding-bottom: 56.250%;\"><iframe src=\"https:\/\/streamable.com\/e\/78824u\" frameborder=\"0\" width=\"100%\" height=\"100%\" allowfullscreen style=\"width: 100%; height: 100%; position: absolute;\"><\/iframe><\/div>\t\t\t\t<\/div>\n\t\t\t\t<\/div>\n\t\t\t\t\t<\/div>\n\t\t<\/div>\n\t\t\t\t\t<\/div>\n\t\t<\/section>\n\t\t\t\t<section class=\"elementor-section elementor-top-section elementor-element elementor-element-c59a366 elementor-section-boxed elementor-section-height-default elementor-section-height-default\" data-id=\"c59a366\" data-element_type=\"section\" data-settings=\"{&quot;ekit_has_onepagescroll_dot&quot;:&quot;yes&quot;}\">\n\t\t\t\t\t\t<div class=\"elementor-container elementor-column-gap-default\">\n\t\t\t\t\t<div class=\"elementor-column elementor-col-100 elementor-top-column elementor-element elementor-element-d41d481\" data-id=\"d41d481\" data-element_type=\"column\">\n\t\t\t<div class=\"elementor-widget-wrap elementor-element-populated\">\n\t\t\t\t\t\t<div class=\"elementor-element elementor-element-a536d1d elementor-widget elementor-widget-text-editor\" data-id=\"a536d1d\" data-element_type=\"widget\" data-settings=\"{&quot;ekit_we_effect_on&quot;:&quot;none&quot;}\" data-widget_type=\"text-editor.default\">\n\t\t\t\t<div class=\"elementor-widget-container\">\n\t\t\t\t\t\t\t\t\t<h3>Was ist Hollywood Smile?<\/h3><p>Hollywood Smile hat seinen Namen vom perfekten L\u00e4cheln der Hollywood-Stars und sorgt f\u00fcr eine \u00e4sthetische Optimierung der Z\u00e4hne. Diese Behandlung umfasst viele Verfahren wie Zahnaufhellung, Zahnkronen, Zahnausrichtung und Zahnfleisch\u00e4sthetik. Als Apex Clinic geben wir unseren Patienten Selbstvertrauen und erm\u00f6glichen ihnen mit der Hollywood Smile-Behandlung ihr bestes L\u00e4cheln.<\/p><h3>Was ist f\u00fcr eine effektive L\u00e4cheln\u00e4sthetik erforderlich?<\/h3><p>F\u00fcr eine wirkungsvolle L\u00e4cheln\u00e4sthetik ist es erforderlich, dass die Z\u00e4hne zueinander und zum Gesicht proportional sind. Es gibt viele Faktoren, die f\u00fcr dieses Gleichgewicht sorgen:<\/p><ul><li><strong>Zahngr\u00f6\u00dfe nach dem Goldenen Schnitt:<\/strong> F\u00fcr ein \u00e4sthetisches Erscheinungsbild ist es wichtig, die Z\u00e4hne bis zu einem gewissen Grad zu dimensionieren.<\/li><li><strong>Keine L\u00fccke zwischen den Z\u00e4hnen:<\/strong> F\u00fcr ein glattes L\u00e4cheln ist es wichtig, dass zwischen den Z\u00e4hnen keine L\u00fccken entstehen.<\/li><li><strong>Zahnfleischsymmetrie:<\/strong> Die Symmetrie des Zahnfleisches verleiht dem L\u00e4cheln ein \u00e4sthetisches Aussehen.<\/li><li><strong>Sichtbarkeit des Zahnfleisches:<\/strong> In der L\u00e4chelnposition ist es ideal, wenn das Zahnfleisch in einem gewissen Abstand unter den Lippen hervortritt.<\/li><li><strong>Aussehen der Z\u00e4hne:<\/strong> In der L\u00e4chelnposition sollen die Z\u00e4hne optimal zur Geltung kommen.<\/li><li><strong>Mittelliniensymmetrie der Z\u00e4hne:<\/strong> Die symmetrische Ausrichtung der Z\u00e4hne entsprechend der Mittellinie sorgt f\u00fcr ein ausgewogenes L\u00e4cheln.<\/li><li><strong>Gesundes Zahnfleisch:<\/strong> Ein gesundes Zahnfleisch ist wichtig f\u00fcr die allgemeine Mundgesundheit.<\/li><li><strong>Richtige Phonation:<\/strong> Beim Sprechen m\u00fcssen die T\u00f6ne richtig auf die Z\u00e4hne treffen und eine korrekte Phonation gew\u00e4hrleistet sein.<\/li><\/ul><h3>Bei wem wird Hollywood Smile angewendet?<\/h3><p>Beim Hollywood Smile-Design wird der Zustand der Lippen und des Zahnfleischgewebes des Patienten detailliert untersucht. Die Formen, Gr\u00f6\u00dfen und Positionen der Z\u00e4hne im Mund werden untersucht und das L\u00e4chelndesign angewendet, das am besten zum Gesicht der Person passt. \u00c4sthetisches Ph\u00e4nomen ist spezifisch f\u00fcr das Individuum; Es wird unter Ber\u00fccksichtigung der Gesichtsproportionen, der Zahnfarbe, der Lippenposition und der Hautfarbe der Person entworfen.<\/p><h3>Wie zaubert man ein Hollywood-L\u00e4cheln?<\/h3><p>Fotografie ist in der Zahnheilkunde sehr wichtig, wenn es darum geht, ein Hollywood-L\u00e4cheln zu kreieren. Bei der Dentalfotografie werden sowohl die Z\u00e4hne als auch das umliegende Gewebe fotografiert. Neben Fotos sind f\u00fcr die 3D-L\u00e4chelngestaltung auch Messungen wichtig, um die Informationen an das Dentallabor zu \u00fcbermitteln. Au\u00dferdem werden Videos aufgenommen und beim Sprechen und Lachen die dynamische Gesichts\u00e4sthetik des Patienten untersucht und ermittelt, was f\u00fcr eine optimale Gesichtssch\u00f6nheit an den Z\u00e4hnen getan werden kann.<\/p>\t\t\t\t\t\t\t\t<\/div>\n\t\t\t\t<\/div>\n\t\t\t\t\t<\/div>\n\t\t<\/div>\n\t\t\t\t\t<\/div>\n\t\t<\/section>\n\t\t\t\t<section class=\"elementor-section elementor-top-section elementor-element elementor-element-7fb0c49 elementor-section-boxed elementor-section-height-default elementor-section-height-default\" data-id=\"7fb0c49\" data-element_type=\"section\" data-settings=\"{&quot;ekit_has_onepagescroll_dot&quot;:&quot;yes&quot;}\">\n\t\t\t\t\t\t<div class=\"elementor-container elementor-column-gap-default\">\n\t\t\t\t\t<div class=\"elementor-column elementor-col-100 elementor-top-column elementor-element elementor-element-0055d10\" data-id=\"0055d10\" data-element_type=\"column\">\n\t\t\t<div class=\"elementor-widget-wrap elementor-element-populated\">\n\t\t\t\t\t\t<div class=\"elementor-element elementor-element-fbd9b3e elementor-widget elementor-widget-shortcode\" data-id=\"fbd9b3e\" data-element_type=\"widget\" data-settings=\"{&quot;ekit_we_effect_on&quot;:&quot;none&quot;}\" data-widget_type=\"shortcode.default\">\n\t\t\t\t<div class=\"elementor-widget-container\">\n\t\t\t\t\t\t\t<div class=\"elementor-shortcode\">Zuletzt aktualisiert am 11. Juli 2024. Informationen des Herausgebers:<a href=\"\" target=\"_blank\" class=\"last-modified-author\">digital@apexclinic.com.tr<\/a><\/div>\n\t\t\t\t\t\t<\/div>\n\t\t\t\t<\/div>\n\t\t\t\t\t<\/div>\n\t\t<\/div>\n\t\t\t\t\t<\/div>\n\t\t<\/section>\n\t\t\t\t<\/div>","protected":false},"excerpt":{"rendered":"<p>Apex Clinic HollyWood Smile Hollywood Smile g\u00fcl\u00fc\u015f tasar\u0131m\u0131, \u00e7ok \u00e7e\u015fitli di\u015f bozukluklar\u0131n\u0131 d\u00fczeltebilen basit bir prosed\u00fcrd\u00fcr. Bu g\u00fcl\u00fc\u015f\u00fcn amac\u0131 ideal bir di\u015f standart\u0131 ve \u0131\u015f\u0131lt\u0131l\u0131 bir g\u00fcl\u00fc\u015f elde etmektir.Hollywood Smile, sizi bir star gibi g\u00fcl\u00fcmsetmek i\u00e7in kozmetik ve onar\u0131c\u0131 di\u015f tedavilerini birle\u015ftirir. Estetik di\u015f kaplamalar\u0131, ihtiya\u00e7lar\u0131n\u0131za ve isteklerinize uyacak ki\u015fiselle\u015ftirilmi\u015f bir tedavi plan\u0131 arac\u0131l\u0131\u011f\u0131yla g\u00fcl\u00fc\u015f\u00fcn\u00fczdeki [&hellip;]<\/p>","protected":false},"author":3,"featured_media":0,"parent":0,"menu_order":0,"comment_status":"closed","ping_status":"closed","template":"","meta":{"_lmt_disableupdate":"","_lmt_disable":"","_monsterinsights_skip_tracking":false,"_monsterinsights_sitenote_active":false,"_monsterinsights_sitenote_note":"","_monsterinsights_sitenote_category":0,"site-sidebar-layout":"no-sidebar","site-content-layout":"page-builder","ast-site-content-layout":"","site-content-style":"default","site-sidebar-style":"default","ast-global-header-display":"","ast-banner-title-visibility":"","ast-main-header-display":"","ast-hfb-above-header-display":"","ast-hfb-below-header-display":"","ast-hfb-mobile-header-display":"","site-post-title":"disabled","ast-breadcrumbs-content":"","ast-featured-img":"disabled","footer-sml-layout":"","theme-transparent-header-meta":"","adv-header-id-meta":"","stick-header-meta":"","header-above-stick-meta":"","header-main-stick-meta":"","header-below-stick-meta":"","astra-migrate-meta-layouts":"default","ast-page-background-enabled":"default","ast-page-background-meta":{"desktop":{"background-color":"var(--ast-global-color-4)","background-image":"","background-repeat":"repeat","background-position":"center center","background-size":"auto","background-attachment":"scroll","background-type":"","background-media":"","overlay-type":"","overlay-color":"","overlay-opacity":"","overlay-gradient":""},"tablet":{"background-color":"","background-image":"","background-repeat":"repeat","background-position":"center center","background-size":"auto","background-attachment":"scroll","background-type":"","background-media":"","overlay-type":"","overlay-color":"","overlay-opacity":"","overlay-gradient":""},"mobile":{"background-color":"","background-image":"","background-repeat":"repeat","background-position":"center center","background-size":"auto","background-attachment":"scroll","background-type":"","background-media":"","overlay-type":"","overlay-color":"","overlay-opacity":"","overlay-gradient":""}},"ast-content-background-meta":{"desktop":{"background-color":"var(--ast-global-color-5)","background-image":"","background-repeat":"repeat","background-position":"center center","background-size":"auto","background-attachment":"scroll","background-type":"","background-media":"","overlay-type":"","overlay-color":"","overlay-opacity":"","overlay-gradient":""},"tablet":{"background-color":"var(--ast-global-color-5)","background-image":"","background-repeat":"repeat","background-position":"center center","background-size":"auto","background-attachment":"scroll","background-type":"","background-media":"","overlay-type":"","overlay-color":"","overlay-opacity":"","overlay-gradient":""},"mobile":{"background-color":"var(--ast-global-color-5)","background-image":"","background-repeat":"repeat","background-position":"center center","background-size":"auto","background-attachment":"scroll","background-type":"","background-media":"","overlay-type":"","overlay-color":"","overlay-opacity":"","overlay-gradient":""}},"_joinchat":[],"footnotes":""},"class_list":["post-2737","page","type-page","status-publish","hentry"],"_links":{"self":[{"href":"https:\/\/www.apexclinic.com.tr\/de\/wp-json\/wp\/v2\/pages\/2737"}],"collection":[{"href":"https:\/\/www.apexclinic.com.tr\/de\/wp-json\/wp\/v2\/pages"}],"about":[{"href":"https:\/\/www.apexclinic.com.tr\/de\/wp-json\/wp\/v2\/types\/page"}],"author":[{"embeddable":true,"href":"https:\/\/www.apexclinic.com.tr\/de\/wp-json\/wp\/v2\/users\/3"}],"replies":[{"embeddable":true,"href":"https:\/\/www.apexclinic.com.tr\/de\/wp-json\/wp\/v2\/comments?post=2737"}],"version-history":[{"count":9,"href":"https:\/\/www.apexclinic.com.tr\/de\/wp-json\/wp\/v2\/pages\/2737\/revisions"}],"predecessor-version":[{"id":3790,"href":"https:\/\/www.apexclinic.com.tr\/de\/wp-json\/wp\/v2\/pages\/2737\/revisions\/3790"}],"wp:attachment":[{"href":"https:\/\/www.apexclinic.com.tr\/de\/wp-json\/wp\/v2\/media?parent=2737"}],"curies":[{"name":"wp","href":"https:\/\/api.w.org\/{rel}","templated":true}]}}