{"id":2759,"date":"2022-09-23T08:24:40","date_gmt":"2022-09-23T08:24:40","guid":{"rendered":"https:\/\/www.apexclinic.com.tr\/?page_id=2759"},"modified":"2023-08-02T09:53:45","modified_gmt":"2023-08-02T09:53:45","slug":"gastrik-bypass","status":"publish","type":"page","link":"https:\/\/www.apexclinic.com.tr\/de\/magenbypass\/","title":{"rendered":"Magenbypass"},"content":{"rendered":"<div data-elementor-type=\"wp-page\" data-elementor-id=\"2759\" class=\"elementor elementor-2759\" data-elementor-post-type=\"page\">\n\t\t\t\t\t\t<section class=\"elementor-section elementor-top-section elementor-element elementor-element-8d314c9 elementor-section-content-middle elementor-section-boxed elementor-section-height-default elementor-section-height-default\" data-id=\"8d314c9\" data-element_type=\"section\" data-settings=\"{&quot;background_background&quot;:&quot;classic&quot;,&quot;ekit_has_onepagescroll_dot&quot;:&quot;yes&quot;}\">\n\t\t\t\t\t\t<div class=\"elementor-container elementor-column-gap-no\">\n\t\t\t\t\t<div class=\"elementor-column elementor-col-50 elementor-top-column elementor-element elementor-element-228238c6\" data-id=\"228238c6\" data-element_type=\"column\" data-settings=\"{&quot;background_background&quot;:&quot;classic&quot;}\">\n\t\t\t<div class=\"elementor-widget-wrap elementor-element-populated\">\n\t\t\t\t\t\t<section class=\"elementor-section elementor-inner-section elementor-element elementor-element-65544c11 elementor-section-content-middle elementor-section-boxed elementor-section-height-default elementor-section-height-default\" data-id=\"65544c11\" data-element_type=\"section\" data-settings=\"{&quot;ekit_has_onepagescroll_dot&quot;:&quot;yes&quot;}\">\n\t\t\t\t\t\t<div class=\"elementor-container elementor-column-gap-default\">\n\t\t\t\t\t<div class=\"elementor-column elementor-col-50 elementor-inner-column elementor-element elementor-element-52f6619f\" data-id=\"52f6619f\" data-element_type=\"column\">\n\t\t\t<div class=\"elementor-widget-wrap elementor-element-populated\">\n\t\t\t\t\t\t<div class=\"elementor-element elementor-element-762201e0 elementor-widget-divider--view-line elementor-widget elementor-widget-divider\" data-id=\"762201e0\" data-element_type=\"widget\" data-settings=\"{&quot;ekit_we_effect_on&quot;:&quot;none&quot;}\" data-widget_type=\"divider.default\">\n\t\t\t\t<div class=\"elementor-widget-container\">\n\t\t\t\t\t\t\t<div class=\"elementor-divider\">\n\t\t\t<span class=\"elementor-divider-separator\">\n\t\t\t\t\t\t<\/span>\n\t\t<\/div>\n\t\t\t\t\t\t<\/div>\n\t\t\t\t<\/div>\n\t\t\t\t\t<\/div>\n\t\t<\/div>\n\t\t\t\t<div class=\"elementor-column elementor-col-50 elementor-inner-column elementor-element elementor-element-400c63b\" data-id=\"400c63b\" data-element_type=\"column\">\n\t\t\t<div class=\"elementor-widget-wrap elementor-element-populated\">\n\t\t\t\t\t\t<div class=\"elementor-element elementor-element-1b7b5c07 envato-kit-138-bracket elementor-widget elementor-widget-heading\" data-id=\"1b7b5c07\" data-element_type=\"widget\" data-settings=\"{&quot;ekit_we_effect_on&quot;:&quot;none&quot;}\" data-widget_type=\"heading.default\">\n\t\t\t\t<div class=\"elementor-widget-container\">\n\t\t\t\t\t<h3 class=\"elementor-heading-title elementor-size-default\">Apex Clinic<\/h3>\t\t\t\t<\/div>\n\t\t\t\t<\/div>\n\t\t\t\t\t<\/div>\n\t\t<\/div>\n\t\t\t\t\t<\/div>\n\t\t<\/section>\n\t\t\t\t<div class=\"elementor-element elementor-element-20c19315 elementor-widget elementor-widget-heading\" data-id=\"20c19315\" data-element_type=\"widget\" data-settings=\"{&quot;ekit_we_effect_on&quot;:&quot;none&quot;}\" data-widget_type=\"heading.default\">\n\t\t\t\t<div class=\"elementor-widget-container\">\n\t\t\t\t\t<h2 class=\"elementor-heading-title elementor-size-default\">Magenbypass<\/h2>\t\t\t\t<\/div>\n\t\t\t\t<\/div>\n\t\t\t\t<div class=\"elementor-element elementor-element-3a966ec2 elementor-widget elementor-widget-spacer\" data-id=\"3a966ec2\" data-element_type=\"widget\" data-settings=\"{&quot;ekit_we_effect_on&quot;:&quot;none&quot;}\" data-widget_type=\"spacer.default\">\n\t\t\t\t<div class=\"elementor-widget-container\">\n\t\t\t\t\t\t\t<div class=\"elementor-spacer\">\n\t\t\t<div class=\"elementor-spacer-inner\"><\/div>\n\t\t<\/div>\n\t\t\t\t\t\t<\/div>\n\t\t\t\t<\/div>\n\t\t\t\t<div class=\"elementor-element elementor-element-24997070 elementor-widget elementor-widget-text-editor\" data-id=\"24997070\" data-element_type=\"widget\" data-settings=\"{&quot;ekit_we_effect_on&quot;:&quot;none&quot;}\" data-widget_type=\"text-editor.default\">\n\t\t\t\t<div class=\"elementor-widget-container\">\n\t\t\t\t\t\t\t\t\t<p>Der Magenbypass ist eine Operation zur Gewichtsabnahme, bei der der Magen verkleinert wird. Es erm\u00f6glicht dem Patienten, sich schneller satt zu f\u00fchlen und weniger Nahrung zu sich zu nehmen. In der Apex Clinic f\u00fchren wir Magenbypass-Operationen mit einem Team erfahrener medizinischer Fachkr\u00e4fte unter der Leitung unserer Fach\u00e4rzte durch. Lesen Sie weiter unseren Artikel, um mehr \u00fcber die Magenbypass-Operation und ihre Kosten zu erfahren.<\/p>\t\t\t\t\t\t\t\t<\/div>\n\t\t\t\t<\/div>\n\t\t\t\t<div class=\"elementor-element elementor-element-36b59b7 elementor-tablet-align-center elementor-align-left elementor-widget elementor-widget-button\" data-id=\"36b59b7\" data-element_type=\"widget\" data-settings=\"{&quot;ekit_we_effect_on&quot;:&quot;none&quot;}\" data-widget_type=\"button.default\">\n\t\t\t\t<div class=\"elementor-widget-container\">\n\t\t\t\t\t\t\t\t\t<div class=\"elementor-button-wrapper\">\n\t\t\t\t\t<a class=\"elementor-button elementor-button-link elementor-size-md\" href=\"#makale\">\n\t\t\t\t\t\t<span class=\"elementor-button-content-wrapper\">\n\t\t\t\t\t\t\t\t\t<span class=\"elementor-button-text\">Mehr<\/span>\n\t\t\t\t\t<\/span>\n\t\t\t\t\t<\/a>\n\t\t\t\t<\/div>\n\t\t\t\t\t\t\t\t<\/div>\n\t\t\t\t<\/div>\n\t\t\t\t\t<\/div>\n\t\t<\/div>\n\t\t\t\t<div class=\"elementor-column elementor-col-50 elementor-top-column elementor-element elementor-element-362f9d05\" data-id=\"362f9d05\" data-element_type=\"column\" data-settings=\"{&quot;background_background&quot;:&quot;classic&quot;}\">\n\t\t\t<div class=\"elementor-widget-wrap elementor-element-populated\">\n\t\t\t\t\t\t<section class=\"elementor-section elementor-inner-section elementor-element elementor-element-7c85fd9d elementor-section-full_width elementor-section-height-default elementor-section-height-default\" data-id=\"7c85fd9d\" data-element_type=\"section\" data-settings=\"{&quot;background_background&quot;:&quot;classic&quot;,&quot;ekit_has_onepagescroll_dot&quot;:&quot;yes&quot;}\">\n\t\t\t\t\t\t<div class=\"elementor-container elementor-column-gap-no\">\n\t\t\t\t\t<div class=\"elementor-column elementor-col-100 elementor-inner-column elementor-element elementor-element-364df4cf\" data-id=\"364df4cf\" data-element_type=\"column\">\n\t\t\t<div class=\"elementor-widget-wrap elementor-element-populated\">\n\t\t\t\t\t\t<div class=\"elementor-element elementor-element-1f72805 elementor-widget elementor-widget-image\" data-id=\"1f72805\" data-element_type=\"widget\" data-settings=\"{&quot;ekit_we_effect_on&quot;:&quot;none&quot;}\" data-widget_type=\"image.default\">\n\t\t\t\t<div class=\"elementor-widget-container\">\n\t\t\t\t\t\t\t\t\t\t\t\t\t\t\t<img fetchpriority=\"high\" decoding=\"async\" width=\"1024\" height=\"683\" src=\"https:\/\/www.apexclinic.com.tr\/wp-content\/uploads\/2022\/09\/young-woman-with-beautiful-body-measure-tape-min-1024x683.jpg\" class=\"attachment-large size-large wp-image-2766\" alt=\"Magenbypass\" srcset=\"https:\/\/www.apexclinic.com.tr\/wp-content\/uploads\/2022\/09\/young-woman-with-beautiful-body-measure-tape-min-1024x683.jpg 1024w, https:\/\/www.apexclinic.com.tr\/wp-content\/uploads\/2022\/09\/young-woman-with-beautiful-body-measure-tape-min-300x200.jpg 300w, https:\/\/www.apexclinic.com.tr\/wp-content\/uploads\/2022\/09\/young-woman-with-beautiful-body-measure-tape-min-768x512.jpg 768w, https:\/\/www.apexclinic.com.tr\/wp-content\/uploads\/2022\/09\/young-woman-with-beautiful-body-measure-tape-min-1536x1024.jpg 1536w, https:\/\/www.apexclinic.com.tr\/wp-content\/uploads\/2022\/09\/young-woman-with-beautiful-body-measure-tape-min-2048x1365.jpg 2048w, https:\/\/www.apexclinic.com.tr\/wp-content\/uploads\/2022\/09\/young-woman-with-beautiful-body-measure-tape-min-18x12.jpg 18w\" sizes=\"(max-width: 1024px) 100vw, 1024px\" \/>\t\t\t\t\t\t\t\t\t\t\t\t\t\t\t<\/div>\n\t\t\t\t<\/div>\n\t\t\t\t\t<\/div>\n\t\t<\/div>\n\t\t\t\t\t<\/div>\n\t\t<\/section>\n\t\t\t\t\t<\/div>\n\t\t<\/div>\n\t\t\t\t\t<\/div>\n\t\t<\/section>\n\t\t\t\t<section class=\"elementor-section elementor-top-section elementor-element elementor-element-7214ea3 elementor-section-boxed elementor-section-height-default elementor-section-height-default\" data-id=\"7214ea3\" data-element_type=\"section\" id=\"makale\" data-settings=\"{&quot;ekit_has_onepagescroll_dot&quot;:&quot;yes&quot;}\">\n\t\t\t\t\t\t<div class=\"elementor-container elementor-column-gap-default\">\n\t\t\t\t\t<div class=\"elementor-column elementor-col-100 elementor-top-column elementor-element elementor-element-1245a49\" data-id=\"1245a49\" data-element_type=\"column\">\n\t\t\t<div class=\"elementor-widget-wrap elementor-element-populated\">\n\t\t\t\t\t\t<div class=\"elementor-element elementor-element-3b93696 elementor-widget elementor-widget-text-editor\" data-id=\"3b93696\" data-element_type=\"widget\" data-settings=\"{&quot;ekit_we_effect_on&quot;:&quot;none&quot;}\" data-widget_type=\"text-editor.default\">\n\t\t\t\t<div class=\"elementor-widget-container\">\n\t\t\t\t\t\t\t\t\t<h2>Was ist ein Magenbypass?<\/h2><p>Magenbypass-Operationen helfen, in wenigen Monaten eine gro\u00dfe Menge an Gewicht zu verlieren. Das Operationspersonal trennt durch kleine Einschnitte den oberen Teil des Magens vom Rest, um einen neuen, kleineren Beutel zu schaffen. Der neue Beutel wird dann am D\u00fcnndarm befestigt. So \u201eumgeht\u201c die Nahrung den Magen und gelangt direkt in den Darm. Durch die Verkleinerung des Magens f\u00fchlen sich die Patienten schneller satt als zuvor, was dazu f\u00fchrt, dass sie weniger Hunger haben und tags\u00fcber viel weniger essen.<\/p><p>Der Magenbypass ist eine laparoskopische Operation, also keine offene Operation. Es werden nur wenige Schnitte (ca. 1 cm) gesetzt, damit der Bereich vom Arzt operiert werden kann. Es wird unter Vollnarkose durchgef\u00fchrt.<\/p><h3>Wer kann einen Magenbypass haben?<\/h3><p>Wenn ein Patient einen BMI \u00fcber 38 hat und immer noch Schwierigkeiten hat, Gewicht zu verlieren, nachdem er ein paar Di\u00e4ten und \u00dcbungen ausprobiert hat, ist ein Magenbypass eine gute Option.<\/p><h3>Magenbypass-Techniken<\/h3><p>Zwei g\u00e4ngige Magenbypass-Techniken, die von den meisten Chirurgen bevorzugt werden, sind Roux-En-Y und Mini-Magenbypass. Die geeignete Technik kann f\u00fcr jeden Patienten unterschiedlich sein. Der Arzt entscheidet w\u00e4hrend des Beratungsgespr\u00e4chs, welche Methode f\u00fcr einen bestimmten Patienten besser ist.<\/p><h3>Zeitraum nach der Operation<\/h3><p>Nach der Operation k\u00f6nnen Patienten leicht ein V\u00f6llegef\u00fchl versp\u00fcren, indem sie kleine Mengen an Nahrung zu sich nehmen, und nach einer Weile verwandelt sich dieses S\u00e4ttigungsgef\u00fchl in Appetitlosigkeit.<\/p><p>Die Gesamtnahrungsaufnahme ist deutlich reduziert. Aufgrund der reduzierten Gr\u00f6\u00dfe des neu gebildeten Magens und der reduzierten Nahrungsaufnahme sollten die Anweisungen des Chirurgen und Ern\u00e4hrungsberaters f\u00fcr die Verwendung der notwendigen Vitamin- und Mineralstoffzus\u00e4tze befolgt werden. So kann der Patient abnehmen, ohne Vitamine und Mineralstoffe zu verlieren.<\/p>\t\t\t\t\t\t\t\t<\/div>\n\t\t\t\t<\/div>\n\t\t\t\t\t<\/div>\n\t\t<\/div>\n\t\t\t\t\t<\/div>\n\t\t<\/section>\n\t\t\t\t<section class=\"elementor-section elementor-top-section elementor-element elementor-element-c60cfa1 elementor-section-boxed elementor-section-height-default elementor-section-height-default\" data-id=\"c60cfa1\" data-element_type=\"section\" data-settings=\"{&quot;ekit_has_onepagescroll_dot&quot;:&quot;yes&quot;}\">\n\t\t\t\t\t\t<div class=\"elementor-container elementor-column-gap-default\">\n\t\t\t\t\t<div class=\"elementor-column elementor-col-100 elementor-top-column elementor-element elementor-element-3ba348c\" data-id=\"3ba348c\" data-element_type=\"column\">\n\t\t\t<div class=\"elementor-widget-wrap elementor-element-populated\">\n\t\t\t\t\t\t<div class=\"elementor-element elementor-element-30bfbc7 elementor-widget elementor-widget-html\" data-id=\"30bfbc7\" data-element_type=\"widget\" data-settings=\"{&quot;ekit_we_effect_on&quot;:&quot;none&quot;}\" data-widget_type=\"html.default\">\n\t\t\t\t<div class=\"elementor-widget-container\">\n\t\t\t\t\t<!DOCTYPE html>\r\n<html lang=\"tr\">\r\n<head>\r\n\t<meta charset=\"UTF-8\">\r\n\t<title>Body-Mass-Index-Rechner<\/title>\r\n\t<style>\r\n\t\tbody {\r\n\t\t\tfont-family: sans-serif;\r\n\t\t\tbackground-color: #f5f5f5;\r\n\t\t}\r\n\r\n\t\t.container {\r\n\t\t\tmax-width: 600px;\r\n\t\t\tmargin: 0 auto;\r\n\t\t\tpadding: 20px;\r\n\t\t\tbackground-color: #fff;\r\n\t\t\tbox-shadow: 0 0 10px rgba(0, 0, 0, 0.1);\r\n\t\t}\r\n\r\n\t\th1 {\r\n\t\t\tfont-size: 24px;\r\n\t\t\tfont-weight: bold;\r\n\t\t\ttext-align: center;\r\n\t\t\tmargin-top: 0;\r\n\t\t\tmargin-bottom: 20px;\r\n\t\t}\r\n\r\n\t\tform {\r\n\t\t\tdisplay: flex;\r\n\t\t\tflex-direction: column;\r\n\t\t}\r\n\r\n\t\tlabel {\r\n\t\t\tfont-weight: bold;\r\n\t\t\tmargin-bottom: 10px;\r\n\t\t}\r\n\r\n\t\tinput {\r\n\t\t\tpadding: 10px;\r\n\t\t\tborder: 1px solid #ccc;\r\n\t\t\tborder-radius: 5px;\r\n\t\t\tmargin-bottom: 20px;\r\n\t\t\tfont-size: 16px;\r\n\t\t}\r\n\r\n\t\tbutton {\r\n\t\t\tbackground-color: #007bff;\r\n\t\t\tcolor: #fff;\r\n\t\t\tpadding: 10px;\r\n\t\t\tborder: none;\r\n\t\t\tborder-radius: 5px;\r\n\t\t\tfont-size: 16px;\r\n\t\t\tcursor: pointer;\r\n\t\t}\r\n\r\n\t\t.result {\r\n\t\t\tfont-size: 24px;\r\n\t\t\tfont-weight: bold;\r\n\t\t\ttext-align: center;\r\n\t\t\tmargin-top: 20px;\r\n\t\t}\r\n\r\n\t\t.error {\r\n\t\t\tcolor: red;\r\n\t\t\tmargin-top: 10px;\r\n\t\t}\r\n\t<\/style>\r\n<\/head>\r\n<body>\r\n\t<div class=\"container\">\r\n\t\t<h1>Body-Mass-Index-Rechner<\/h1>\r\n\t\t<form onsubmit=\"return hesapla()\" action=\"\">\r\n\t\t\t<label for=\"kilo\">Gewicht (kg)<\/label>\r\n\t\t\t<input type=\"number\" id=\"kilo\" required>\r\n\r\n\t\t\t<label for=\"boy\">H\u00f6he (cm)<\/label>\r\n\t\t\t<input type=\"number\" id=\"boy\" required>\r\n\r\n\t\t\t<button type=\"submit\">Berechnung<\/button>\r\n\t\t<input type=\"hidden\" name=\"trp-form-language\" value=\"de\"\/><\/form>\r\n\r\n\t\t<div id=\"sonuc\" class=\"result\"><\/div>\r\n\r\n\t\t<div id=\"hata\" class=\"error\"><\/div>\r\n\r\n\t\t<script>\r\n\t\t\r\n\t\t\tfunction hesapla() {\r\n\t\t\t    document.getElementById(\"sonuc\").innerHTML = \"\";\r\ndocument.getElementById(\"hata\").innerHTML = \"\";\r\n\t\t\t\tvar kilo = document.getElementById(\"kilo\").value;\r\n\t\t\t\tvar boy = document.getElementById(\"boy\").value;\r\n\r\n\t\t\t\tif (kilo <= 0 || boy <= 0) {\r\n\t\t\t\t\tdocument.getElementById(\"sonuc\").innerHTML = \"\";\r\n\t\t\t\t\tdocument.getElementById(\"hata\").innerHTML = \"Kilo ve boy de\u011ferleri pozitif olmal\u0131d\u0131r.\";\r\n\t\t\t\t\treturn false;\r\n\t\t\t\t}\r\n\r\n\t\t\t\tvar boyMetre = boy \/ 100;\r\n\t\t\t\tvar vki = kilo \/ (boyMetre * boyMetre);\r\n\r\n\t\t\t\tif (vki < 18.5) {\r\n\t\t\t\t\tdocument.getElementById(\"sonuc\").innerHTML = \"VK\u0130: \" + vki.toFixed(2) + \" (Zay\u0131f)\";\r\n\t\t\t\t} else if (vki < 25) {\r\n\t\t\t\t\tdocument.getElementById(\"sonuc\").innerHTML = \"VK\u0130: \" + vki.toFixed(\r\n) + \" (Normal)\";\r\n} else if (vki < 30) {\r\ndocument.getElementById(\"sonuc\").innerHTML = \"VK\u0130: \" + vki.toFixed(2) + \" (Fazla Kilolu)\";\r\n} else if (vki < 35) {\r\ndocument.getElementById(\"sonuc\").innerHTML = \"VK\u0130: \" + vki.toFixed(2) + \" (Obez)\";\r\n} else {\r\ndocument.getElementById(\"sonuc\").innerHTML = \"VK\u0130: \" + vki.toFixed(2) + \" (A\u015f\u0131r\u0131 Obez)\";\r\ndocument.getElementById(\"hata\").innerHTML = \"Obezite cerrahisi i\u00e7in uygunsunuz. En do\u011fru i\u015flem i\u00e7in bizimle ileti\u015fime ge\u00e7in.\";\r\n}\r\n\treturn false;\r\n\t\t}\r\n\t<\/script>\r\n<\/div>\r\n<\/body>\r\n<\/html>\t\t\t\t<\/div>\n\t\t\t\t<\/div>\n\t\t\t\t\t<\/div>\n\t\t<\/div>\n\t\t\t\t\t<\/div>\n\t\t<\/section>\n\t\t\t\t<section class=\"elementor-section elementor-top-section elementor-element elementor-element-9e8d841 elementor-section-boxed elementor-section-height-default elementor-section-height-default\" data-id=\"9e8d841\" data-element_type=\"section\" data-settings=\"{&quot;ekit_has_onepagescroll_dot&quot;:&quot;yes&quot;}\">\n\t\t\t\t\t\t<div class=\"elementor-container elementor-column-gap-default\">\n\t\t\t\t\t<div class=\"elementor-column elementor-col-100 elementor-top-column elementor-element elementor-element-045d714\" data-id=\"045d714\" data-element_type=\"column\">\n\t\t\t<div class=\"elementor-widget-wrap elementor-element-populated\">\n\t\t\t\t\t\t<div class=\"elementor-element elementor-element-5242c21 elementor-widget elementor-widget-shortcode\" data-id=\"5242c21\" data-element_type=\"widget\" data-settings=\"{&quot;ekit_we_effect_on&quot;:&quot;none&quot;}\" data-widget_type=\"shortcode.default\">\n\t\t\t\t<div class=\"elementor-widget-container\">\n\t\t\t\t\t\t\t<div class=\"elementor-shortcode\">Zuletzt aktualisiert am 2. August 2023. Informationen des Herausgebers:<a href=\"\" target=\"_blank\" class=\"last-modified-author\">digital@apexclinic.com.tr<\/a><\/div>\n\t\t\t\t\t\t<\/div>\n\t\t\t\t<\/div>\n\t\t\t\t\t<\/div>\n\t\t<\/div>\n\t\t\t\t\t<\/div>\n\t\t<\/section>\n\t\t\t\t<\/div>","protected":false},"excerpt":{"rendered":"<p>Apex Clinic Gastrik Bypass Gastrik bypass, mide boyutunun k\u00fc\u00e7\u00fclt\u00fcld\u00fc\u011f\u00fc bir kilo verme ameliyat\u0131d\u0131r. Hastan\u0131n daha \u00e7abuk doymas\u0131n\u0131 ve daha az besin t\u00fcketmesini sa\u011flar. Apex Clinic\u2019de uzman doktorlar\u0131m\u0131z\u0131n liderli\u011finde deneyimli sa\u011fl\u0131k personellerinden olu\u015fan bir ekiple gastrik bypass ameliyat\u0131n\u0131 ger\u00e7ekle\u015ftiriyoruz. Gastrik bypass ameliyat\u0131 ve maliyeti hakk\u0131nda bilgi almak i\u00e7in makalemizi okumaya devam edin. Devam\u0131 Gastrik Bypass Nedir? [&hellip;]<\/p>","protected":false},"author":3,"featured_media":0,"parent":0,"menu_order":0,"comment_status":"closed","ping_status":"closed","template":"","meta":{"_lmt_disableupdate":"","_lmt_disable":"","_monsterinsights_skip_tracking":false,"_monsterinsights_sitenote_active":false,"_monsterinsights_sitenote_note":"","_monsterinsights_sitenote_category":0,"site-sidebar-layout":"no-sidebar","site-content-layout":"page-builder","ast-site-content-layout":"","site-content-style":"default","site-sidebar-style":"default","ast-global-header-display":"","ast-banner-title-visibility":"","ast-main-header-display":"","ast-hfb-above-header-display":"","ast-hfb-below-header-display":"","ast-hfb-mobile-header-display":"","site-post-title":"disabled","ast-breadcrumbs-content":"","ast-featured-img":"disabled","footer-sml-layout":"","theme-transparent-header-meta":"","adv-header-id-meta":"","stick-header-meta":"","header-above-stick-meta":"","header-main-stick-meta":"","header-below-stick-meta":"","astra-migrate-meta-layouts":"default","ast-page-background-enabled":"default","ast-page-background-meta":{"desktop":{"background-color":"var(--ast-global-color-4)","background-image":"","background-repeat":"repeat","background-position":"center center","background-size":"auto","background-attachment":"scroll","background-type":"","background-media":"","overlay-type":"","overlay-color":"","overlay-opacity":"","overlay-gradient":""},"tablet":{"background-color":"","background-image":"","background-repeat":"repeat","background-position":"center center","background-size":"auto","background-attachment":"scroll","background-type":"","background-media":"","overlay-type":"","overlay-color":"","overlay-opacity":"","overlay-gradient":""},"mobile":{"background-color":"","background-image":"","background-repeat":"repeat","background-position":"center center","background-size":"auto","background-attachment":"scroll","background-type":"","background-media":"","overlay-type":"","overlay-color":"","overlay-opacity":"","overlay-gradient":""}},"ast-content-background-meta":{"desktop":{"background-color":"var(--ast-global-color-5)","background-image":"","background-repeat":"repeat","background-position":"center center","background-size":"auto","background-attachment":"scroll","background-type":"","background-media":"","overlay-type":"","overlay-color":"","overlay-opacity":"","overlay-gradient":""},"tablet":{"background-color":"var(--ast-global-color-5)","background-image":"","background-repeat":"repeat","background-position":"center center","background-size":"auto","background-attachment":"scroll","background-type":"","background-media":"","overlay-type":"","overlay-color":"","overlay-opacity":"","overlay-gradient":""},"mobile":{"background-color":"var(--ast-global-color-5)","background-image":"","background-repeat":"repeat","background-position":"center center","background-size":"auto","background-attachment":"scroll","background-type":"","background-media":"","overlay-type":"","overlay-color":"","overlay-opacity":"","overlay-gradient":""}},"_joinchat":[],"footnotes":""},"class_list":["post-2759","page","type-page","status-publish","hentry"],"_links":{"self":[{"href":"https:\/\/www.apexclinic.com.tr\/de\/wp-json\/wp\/v2\/pages\/2759"}],"collection":[{"href":"https:\/\/www.apexclinic.com.tr\/de\/wp-json\/wp\/v2\/pages"}],"about":[{"href":"https:\/\/www.apexclinic.com.tr\/de\/wp-json\/wp\/v2\/types\/page"}],"author":[{"embeddable":true,"href":"https:\/\/www.apexclinic.com.tr\/de\/wp-json\/wp\/v2\/users\/3"}],"replies":[{"embeddable":true,"href":"https:\/\/www.apexclinic.com.tr\/de\/wp-json\/wp\/v2\/comments?post=2759"}],"version-history":[{"count":36,"href":"https:\/\/www.apexclinic.com.tr\/de\/wp-json\/wp\/v2\/pages\/2759\/revisions"}],"predecessor-version":[{"id":3409,"href":"https:\/\/www.apexclinic.com.tr\/de\/wp-json\/wp\/v2\/pages\/2759\/revisions\/3409"}],"wp:attachment":[{"href":"https:\/\/www.apexclinic.com.tr\/de\/wp-json\/wp\/v2\/media?parent=2759"}],"curies":[{"name":"wp","href":"https:\/\/api.w.org\/{rel}","templated":true}]}}