{"id":2361,"date":"2022-09-07T13:36:13","date_gmt":"2022-09-07T13:36:13","guid":{"rendered":"https:\/\/www.apexclinic.com.tr\/?page_id=2361"},"modified":"2023-08-02T10:43:19","modified_gmt":"2023-08-02T10:43:19","slug":"blefaroplasti-goz-kapagi-cerrahisi","status":"publish","type":"page","link":"https:\/\/www.apexclinic.com.tr\/es\/blefaroplastia-cirugia-de-parpados\/","title":{"rendered":"Blefaroplastia (Cirug\u00eda de P\u00e1rpados)"},"content":{"rendered":"<div data-elementor-type=\"wp-page\" data-elementor-id=\"2361\" class=\"elementor elementor-2361\" data-elementor-post-type=\"page\">\n\t\t\t\t\t\t<section class=\"elementor-section elementor-top-section elementor-element elementor-element-9afa8da elementor-section-boxed elementor-section-height-default elementor-section-height-default\" data-id=\"9afa8da\" data-element_type=\"section\" data-settings=\"{&quot;background_background&quot;:&quot;gradient&quot;,&quot;ekit_has_onepagescroll_dot&quot;:&quot;yes&quot;}\">\n\t\t\t\t\t\t<div class=\"elementor-container elementor-column-gap-default\">\n\t\t\t\t\t<div class=\"elementor-column elementor-col-100 elementor-top-column elementor-element elementor-element-bc56646\" data-id=\"bc56646\" data-element_type=\"column\">\n\t\t\t<div class=\"elementor-widget-wrap elementor-element-populated\">\n\t\t\t\t\t\t<div class=\"elementor-element elementor-element-0fb26c0 elementor-widget elementor-widget-spacer\" data-id=\"0fb26c0\" data-element_type=\"widget\" data-settings=\"{&quot;ekit_we_effect_on&quot;:&quot;none&quot;}\" data-widget_type=\"spacer.default\">\n\t\t\t\t<div class=\"elementor-widget-container\">\n\t\t\t\t\t\t\t<div class=\"elementor-spacer\">\n\t\t\t<div class=\"elementor-spacer-inner\"><\/div>\n\t\t<\/div>\n\t\t\t\t\t\t<\/div>\n\t\t\t\t<\/div>\n\t\t\t\t<div class=\"elementor-element elementor-element-efd06cb elementor-widget elementor-widget-heading\" data-id=\"efd06cb\" data-element_type=\"widget\" data-settings=\"{&quot;ekit_we_effect_on&quot;:&quot;none&quot;}\" data-widget_type=\"heading.default\">\n\t\t\t\t<div class=\"elementor-widget-container\">\n\t\t\t\t\t<h2 class=\"elementor-heading-title elementor-size-default\">Blefaroplastia (Cirug\u00eda de P\u00e1rpados)\n<\/h2>\t\t\t\t<\/div>\n\t\t\t\t<\/div>\n\t\t\t\t<div class=\"elementor-element elementor-element-e2ddd16 elementor-widget elementor-widget-spacer\" data-id=\"e2ddd16\" data-element_type=\"widget\" data-settings=\"{&quot;ekit_we_effect_on&quot;:&quot;none&quot;}\" data-widget_type=\"spacer.default\">\n\t\t\t\t<div class=\"elementor-widget-container\">\n\t\t\t\t\t\t\t<div class=\"elementor-spacer\">\n\t\t\t<div class=\"elementor-spacer-inner\"><\/div>\n\t\t<\/div>\n\t\t\t\t\t\t<\/div>\n\t\t\t\t<\/div>\n\t\t\t\t\t<\/div>\n\t\t<\/div>\n\t\t\t\t\t<\/div>\n\t\t<\/section>\n\t\t\t\t<section class=\"elementor-section elementor-top-section elementor-element elementor-element-c610b43 elementor-section-boxed elementor-section-height-default elementor-section-height-default\" data-id=\"c610b43\" data-element_type=\"section\" data-settings=\"{&quot;ekit_has_onepagescroll_dot&quot;:&quot;yes&quot;}\">\n\t\t\t\t\t\t<div class=\"elementor-container elementor-column-gap-default\">\n\t\t\t\t\t<div class=\"elementor-column elementor-col-100 elementor-top-column elementor-element elementor-element-1731658\" data-id=\"1731658\" data-element_type=\"column\">\n\t\t\t<div class=\"elementor-widget-wrap elementor-element-populated\">\n\t\t\t\t\t\t<div class=\"elementor-element elementor-element-4c05546 elementor-widget elementor-widget-spacer\" data-id=\"4c05546\" data-element_type=\"widget\" data-settings=\"{&quot;ekit_we_effect_on&quot;:&quot;none&quot;}\" data-widget_type=\"spacer.default\">\n\t\t\t\t<div class=\"elementor-widget-container\">\n\t\t\t\t\t\t\t<div class=\"elementor-spacer\">\n\t\t\t<div class=\"elementor-spacer-inner\"><\/div>\n\t\t<\/div>\n\t\t\t\t\t\t<\/div>\n\t\t\t\t<\/div>\n\t\t\t\t\t<\/div>\n\t\t<\/div>\n\t\t\t\t\t<\/div>\n\t\t<\/section>\n\t\t\t\t<section class=\"elementor-section elementor-top-section elementor-element elementor-element-dd57234 elementor-section-boxed elementor-section-height-default elementor-section-height-default\" data-id=\"dd57234\" data-element_type=\"section\" data-settings=\"{&quot;ekit_has_onepagescroll_dot&quot;:&quot;yes&quot;}\">\n\t\t\t\t\t\t<div class=\"elementor-container elementor-column-gap-default\">\n\t\t\t\t\t<div class=\"elementor-column elementor-col-50 elementor-top-column elementor-element elementor-element-96900a3\" data-id=\"96900a3\" data-element_type=\"column\" data-settings=\"{&quot;background_background&quot;:&quot;classic&quot;}\">\n\t\t\t<div class=\"elementor-widget-wrap elementor-element-populated\">\n\t\t\t\t\t\t<div class=\"elementor-element elementor-element-289dade elementor-widget elementor-widget-video\" data-id=\"289dade\" data-element_type=\"widget\" data-settings=\"{&quot;youtube_url&quot;:&quot;https:\\\/\\\/www.youtube.com\\\/watch?v=G727T3-9vnc&quot;,&quot;video_type&quot;:&quot;youtube&quot;,&quot;ekit_we_effect_on&quot;:&quot;none&quot;}\" data-widget_type=\"video.default\">\n\t\t\t\t<div class=\"elementor-widget-container\">\n\t\t\t\t\t\t\t<div class=\"elementor-wrapper elementor-open-inline\">\n\t\t\t<div class=\"elementor-video\"><\/div>\t\t<\/div>\n\t\t\t\t\t\t<\/div>\n\t\t\t\t<\/div>\n\t\t\t\t\t<\/div>\n\t\t<\/div>\n\t\t\t\t<div class=\"elementor-column elementor-col-50 elementor-top-column elementor-element elementor-element-1708227\" data-id=\"1708227\" data-element_type=\"column\">\n\t\t\t<div class=\"elementor-widget-wrap elementor-element-populated\">\n\t\t\t\t\t\t<div class=\"elementor-element elementor-element-b78616c elementor-widget-divider--view-line_text elementor-widget-divider--element-align-left elementor-widget elementor-widget-divider\" data-id=\"b78616c\" data-element_type=\"widget\" data-settings=\"{&quot;ekit_we_effect_on&quot;:&quot;none&quot;}\" data-widget_type=\"divider.default\">\n\t\t\t\t<div class=\"elementor-widget-container\">\n\t\t\t\t\t\t\t<div class=\"elementor-divider\">\n\t\t\t<span class=\"elementor-divider-separator\">\n\t\t\t\t\t\t\t<h3 class=\"elementor-divider__text elementor-divider__element\">\n\t\t\t\tblefaroplastia\t\t\t\t<\/h3>\n\t\t\t\t\t\t<\/span>\n\t\t<\/div>\n\t\t\t\t\t\t<\/div>\n\t\t\t\t<\/div>\n\t\t\t\t<div class=\"elementor-element elementor-element-2a2f102 elementor-align-left elementor-widget__width-auto elementor-icon-list--layout-traditional elementor-list-item-link-full_width elementor-widget elementor-widget-icon-list\" data-id=\"2a2f102\" data-element_type=\"widget\" data-settings=\"{&quot;ekit_we_effect_on&quot;:&quot;none&quot;}\" data-widget_type=\"icon-list.default\">\n\t\t\t\t<div class=\"elementor-widget-container\">\n\t\t\t\t\t\t\t<ul class=\"elementor-icon-list-items\">\n\t\t\t\t\t\t\t<li class=\"elementor-icon-list-item\">\n\t\t\t\t\t\t\t\t\t\t\t<span class=\"elementor-icon-list-icon\">\n\t\t\t\t\t\t\t<i aria-hidden=\"true\" class=\"far fa-hospital\"><\/i>\t\t\t\t\t\t<\/span>\n\t\t\t\t\t\t\t\t\t\t<span class=\"elementor-icon-list-text\">Duraci\u00f3n de la estancia en el hospital: 1 d\u00eda<\/span>\n\t\t\t\t\t\t\t\t\t<\/li>\n\t\t\t\t\t\t\t\t<li class=\"elementor-icon-list-item\">\n\t\t\t\t\t\t\t\t\t\t\t<span class=\"elementor-icon-list-icon\">\n\t\t\t\t\t\t\t<i aria-hidden=\"true\" class=\"far fa-clock\"><\/i>\t\t\t\t\t\t<\/span>\n\t\t\t\t\t\t\t\t\t\t<span class=\"elementor-icon-list-text\">Tiempo de operaci\u00f3n: 2-4 horas<\/span>\n\t\t\t\t\t\t\t\t\t<\/li>\n\t\t\t\t\t\t\t\t<li class=\"elementor-icon-list-item\">\n\t\t\t\t\t\t\t\t\t\t\t<span class=\"elementor-icon-list-icon\">\n\t\t\t\t\t\t\t<i aria-hidden=\"true\" class=\"fas fa-syringe\"><\/i>\t\t\t\t\t\t<\/span>\n\t\t\t\t\t\t\t\t\t\t<span class=\"elementor-icon-list-text\">Anestesia: General<\/span>\n\t\t\t\t\t\t\t\t\t<\/li>\n\t\t\t\t\t\t\t\t<li class=\"elementor-icon-list-item\">\n\t\t\t\t\t\t\t\t\t\t\t<span class=\"elementor-icon-list-icon\">\n\t\t\t\t\t\t\t<i aria-hidden=\"true\" class=\"far fa-heart\"><\/i>\t\t\t\t\t\t<\/span>\n\t\t\t\t\t\t\t\t\t\t<span class=\"elementor-icon-list-text\">Tiempo de recuperaci\u00f3n: 5-7 d\u00edas<\/span>\n\t\t\t\t\t\t\t\t\t<\/li>\n\t\t\t\t\t\t<\/ul>\n\t\t\t\t\t\t<\/div>\n\t\t\t\t<\/div>\n\t\t\t\t<div class=\"elementor-element elementor-element-860d5ee elementor-widget elementor-widget-button\" data-id=\"860d5ee\" data-element_type=\"widget\" data-settings=\"{&quot;ekit_we_effect_on&quot;:&quot;none&quot;}\" data-widget_type=\"button.default\">\n\t\t\t\t<div class=\"elementor-widget-container\">\n\t\t\t\t\t\t\t\t\t<div class=\"elementor-button-wrapper\">\n\t\t\t\t\t<a class=\"elementor-button elementor-button-link elementor-size-sm\" href=\"https:\/\/www.apexclinic.com.tr\/es\/\">\n\t\t\t\t\t\t<span class=\"elementor-button-content-wrapper\">\n\t\t\t\t\t\t\t\t\t<span class=\"elementor-button-text\">Haga una cita ahora<\/span>\n\t\t\t\t\t<\/span>\n\t\t\t\t\t<\/a>\n\t\t\t\t<\/div>\n\t\t\t\t\t\t\t\t<\/div>\n\t\t\t\t<\/div>\n\t\t\t\t\t<\/div>\n\t\t<\/div>\n\t\t\t\t\t<\/div>\n\t\t<\/section>\n\t\t\t\t<section class=\"elementor-section elementor-top-section elementor-element elementor-element-0121500 elementor-section-boxed elementor-section-height-default elementor-section-height-default\" data-id=\"0121500\" data-element_type=\"section\" data-settings=\"{&quot;ekit_has_onepagescroll_dot&quot;:&quot;yes&quot;}\">\n\t\t\t\t\t\t<div class=\"elementor-container elementor-column-gap-default\">\n\t\t\t\t\t<div class=\"elementor-column elementor-col-100 elementor-top-column elementor-element elementor-element-fc1963e\" data-id=\"fc1963e\" data-element_type=\"column\">\n\t\t\t<div class=\"elementor-widget-wrap elementor-element-populated\">\n\t\t\t\t\t\t<div class=\"elementor-element elementor-element-2d0ab1b elementor-widget elementor-widget-spacer\" data-id=\"2d0ab1b\" data-element_type=\"widget\" data-settings=\"{&quot;ekit_we_effect_on&quot;:&quot;none&quot;}\" data-widget_type=\"spacer.default\">\n\t\t\t\t<div class=\"elementor-widget-container\">\n\t\t\t\t\t\t\t<div class=\"elementor-spacer\">\n\t\t\t<div class=\"elementor-spacer-inner\"><\/div>\n\t\t<\/div>\n\t\t\t\t\t\t<\/div>\n\t\t\t\t<\/div>\n\t\t\t\t\t<\/div>\n\t\t<\/div>\n\t\t\t\t\t<\/div>\n\t\t<\/section>\n\t\t\t\t<section class=\"elementor-section elementor-top-section elementor-element elementor-element-ce5665f elementor-section-boxed elementor-section-height-default elementor-section-height-default\" data-id=\"ce5665f\" data-element_type=\"section\" data-settings=\"{&quot;ekit_has_onepagescroll_dot&quot;:&quot;yes&quot;}\">\n\t\t\t\t\t\t<div class=\"elementor-container elementor-column-gap-default\">\n\t\t\t\t\t<div class=\"elementor-column elementor-col-100 elementor-top-column elementor-element elementor-element-339c420\" data-id=\"339c420\" data-element_type=\"column\">\n\t\t\t<div class=\"elementor-widget-wrap elementor-element-populated\">\n\t\t\t\t\t\t<div class=\"elementor-element elementor-element-3d77eba elementor-widget elementor-widget-text-editor\" data-id=\"3d77eba\" data-element_type=\"widget\" data-settings=\"{&quot;ekit_we_effect_on&quot;:&quot;none&quot;}\" data-widget_type=\"text-editor.default\">\n\t\t\t\t<div class=\"elementor-widget-container\">\n\t\t\t\t\t\t\t\t\t<section class=\"services_page_header\"><section class=\"services_page_header\"><section class=\"services_page_header\"><h2 class=\"services_page_title\">blefaroplastia<\/h2><\/section><section class=\"services_page_content entry-content\"><p>Realizado por cirujanos pl\u00e1sticos\u00a0<strong>Est\u00e9tica de p\u00e1rpados<\/strong>\u00a0(<strong>blefaroplastia<\/strong>) \u00bfPor qu\u00e9? Nos aseguramos de que obtenga la respuesta a su pregunta. Es posible eliminar el exceso de tejido muscular para eliminar la flacidez en la parte inferior y superior de los p\u00e1rpados. A medida que envejecemos, se producen bolsas en los p\u00e1rpados debido a la flacidez de la piel. Adem\u00e1s, la Est\u00e9tica de P\u00e1rpados (Eyelid Aesthetics) de personas que presentan dolencias como la formaci\u00f3n de arrugas, desprendimiento y flacidez (<strong>blefaroplastia<\/strong>) se utiliza el m\u00e9todo.<\/p><h3>\u00bfCu\u00e1les son los s\u00edntomas de los problemas de los p\u00e1rpados?<\/h3><p>Cuando quieras deshacerte de las bolsas debajo de los ojos, las arrugas y la flacidez acelerada debido al sue\u00f1o irregular o al consumo excesivo de sustancias nocivas como el alcohol y los cigarrillos.\u00a0<strong>Est\u00e9tica de P\u00e1rpados (Blefaroplastia)<\/strong>\u00a0puede referirse a las transacciones. Se ve que la piel, que tiene una estructura el\u00e1stica, pierde esta caracter\u00edstica debido al envejecimiento, y las pieles se acumulan alrededor de los ojos. Algunos s\u00edntomas que se observan en los p\u00e1rpados superior e inferior indican estos problemas. Aqu\u00ed hay algunos s\u00edntomas de problemas en los p\u00e1rpados:<\/p><ul><li>Cambio de color, oscurecimiento y bolsas debajo de los ojos,<\/li><li>La ca\u00edda del p\u00e1rpado superior,<\/li><li>Arrugas y flacidez del p\u00e1rpado,<\/li><li>La formaci\u00f3n de l\u00edneas de patas de gallo alrededor de los ojos,<\/li><li>Es la forma en que su expresi\u00f3n facial se ve cansada.<\/li><\/ul><h3>Rango de Edad Adecuado para Est\u00e9tica de P\u00e1rpados (Blefaroplastia)<\/h3><p>En algunos casos, se ve que estas quejas alcanzan niveles tan altos que pueden causar problemas de visi\u00f3n. Por esta raz\u00f3n, se recomienda que consulte con especialistas que puedan evaluar si sus condiciones son adecuadas, ya que debe tratarse. Los m\u00e9todos que se pueden aplicar a los p\u00e1rpados superiores o inferiores se pueden aplicar a ambos, si se desea. Podemos afirmar que el rango de edad adecuado para estos m\u00e9todos es a partir de los 35 a\u00f1os. La Est\u00e9tica de P\u00e1rpados (Blefaroplastia), que tambi\u00e9n se puede aplicar a personas en edades m\u00e1s bajas, se realiza de acuerdo a los signos del envejecimiento. Gracias a los m\u00e9todos que contin\u00faan siendo efectivos durante aproximadamente 7-8 a\u00f1os, podr\u00e1 lograr una apariencia viva y din\u00e1mica.<\/p><h3>\u00bfQu\u00e9 se debe considerar durante la cirug\u00eda est\u00e9tica de p\u00e1rpados (blefaroplastia)?<\/h3><p>Para que sus heridas sanen r\u00e1pidamente despu\u00e9s de la cirug\u00eda, es posible que deba cambiar algunos de sus h\u00e1bitos. Antes de la cirug\u00eda de Est\u00e9tica de P\u00e1rpados (Blefaroplastia), debe evaluar bien el proceso de 15 d\u00edas y no debe usar ning\u00fan medicamento. Debe tomar las medidas adecuadas de acuerdo con el consejo de sus m\u00e9dicos especialistas, quienes le advertir\u00e1n que no use suplementos a base de hierbas. Debe tener cuidado con la sensibilidad a la luz, los problemas de visi\u00f3n doble, la hinchaz\u00f3n y los moretones que pueden ocurrir despu\u00e9s de la cirug\u00eda. No debes olvidar que el dolor y las molestias que puedas experimentar en unos d\u00edas son temporales. Puede aumentar la velocidad de recuperaci\u00f3n aplicando bolsas de hielo cada hora.<\/p><h3>\u00bfExisten riesgos de la est\u00e9tica de los p\u00e1rpados (blefaroplastia)?<\/h3><p>Es posible hablar de algunos riesgos raros. Sangrado que requiere una intervenci\u00f3n inmediata, problemas temporales de visi\u00f3n borrosa en unos pocos d\u00edas, derramar m\u00e1s l\u00e1grimas de lo normal en unas pocas semanas o tener problemas para cerrar los ojos mientras duerme son algunos de estos riesgos. Afirmamos que tales problemas desaparecer\u00e1n con la reducci\u00f3n de la hinchaz\u00f3n en la estructura del ojo.<\/p><\/section><\/section><\/section>\t\t\t\t\t\t\t\t<\/div>\n\t\t\t\t<\/div>\n\t\t\t\t\t<\/div>\n\t\t<\/div>\n\t\t\t\t\t<\/div>\n\t\t<\/section>\n\t\t\t\t<section class=\"elementor-section elementor-top-section elementor-element elementor-element-cb9c88a elementor-section-boxed elementor-section-height-default elementor-section-height-default\" data-id=\"cb9c88a\" data-element_type=\"section\" data-settings=\"{&quot;ekit_has_onepagescroll_dot&quot;:&quot;yes&quot;}\">\n\t\t\t\t\t\t<div class=\"elementor-container elementor-column-gap-default\">\n\t\t\t\t\t<div class=\"elementor-column elementor-col-100 elementor-top-column elementor-element elementor-element-977a273\" data-id=\"977a273\" data-element_type=\"column\">\n\t\t\t<div class=\"elementor-widget-wrap elementor-element-populated\">\n\t\t\t\t\t\t<div class=\"elementor-element elementor-element-d8c6cbf elementor-widget elementor-widget-shortcode\" data-id=\"d8c6cbf\" data-element_type=\"widget\" data-settings=\"{&quot;ekit_we_effect_on&quot;:&quot;none&quot;}\" data-widget_type=\"shortcode.default\">\n\t\t\t\t<div class=\"elementor-widget-container\">\n\t\t\t\t\t\t\t<div class=\"elementor-shortcode\">\u00daltima actualizaci\u00f3n 2 de agosto de 2023 Informaci\u00f3n del editor:<a href=\"\" target=\"_blank\" class=\"last-modified-author\">digital@apexclinic.com.tr<\/a><\/div>\n\t\t\t\t\t\t<\/div>\n\t\t\t\t<\/div>\n\t\t\t\t\t<\/div>\n\t\t<\/div>\n\t\t\t\t\t<\/div>\n\t\t<\/section>\n\t\t\t\t<\/div>","protected":false},"excerpt":{"rendered":"<p>Blefaroplasti (G\u00f6z Kapa\u011f\u0131 Cerrahisi) Blefaroplasti Hastanede Kal\u0131\u015f S\u00fcresi: 1 G\u00fcn Operasyon S\u00fcresi: 2-4 Saat Anestezi: Genel \u0130yile\u015fme S\u00fcresi: 5-7 G\u00fcn Hemen Randevu Al\u0131n Blefaroplasti Plastik cerrahi uzmanlar\u0131 taraf\u0131ndan ger\u00e7ekle\u015ftirilen\u00a0G\u00f6z Kapa\u011f\u0131 Esteti\u011fi\u00a0(Blefaroplasti) Nedir? Sorusunun yan\u0131t\u0131n\u0131 alman\u0131z\u0131 sa\u011fl\u0131yoruz. G\u00f6z kapaklar\u0131n\u0131n alt ve \u00fcst k\u0131s\u0131mlar\u0131nda olu\u015fan sarkmalar\u0131n giderilmesi i\u00e7in fazla kas dokular\u0131n\u0131n al\u0131nmas\u0131na olanak verilmektedir. Ya\u015f ald\u0131k\u00e7a meydana [&hellip;]<\/p>","protected":false},"author":3,"featured_media":0,"parent":0,"menu_order":0,"comment_status":"closed","ping_status":"closed","template":"elementor_header_footer","meta":{"_lmt_disableupdate":"","_lmt_disable":"","_monsterinsights_skip_tracking":false,"_monsterinsights_sitenote_active":false,"_monsterinsights_sitenote_note":"","_monsterinsights_sitenote_category":0,"site-sidebar-layout":"no-sidebar","site-content-layout":"page-builder","ast-site-content-layout":"","site-content-style":"default","site-sidebar-style":"default","ast-global-header-display":"","ast-banner-title-visibility":"","ast-main-header-display":"","ast-hfb-above-header-display":"","ast-hfb-below-header-display":"","ast-hfb-mobile-header-display":"","site-post-title":"disabled","ast-breadcrumbs-content":"","ast-featured-img":"disabled","footer-sml-layout":"","theme-transparent-header-meta":"","adv-header-id-meta":"","stick-header-meta":"","header-above-stick-meta":"","header-main-stick-meta":"","header-below-stick-meta":"","astra-migrate-meta-layouts":"default","ast-page-background-enabled":"default","ast-page-background-meta":{"desktop":{"background-color":"var(--ast-global-color-4)","background-image":"","background-repeat":"repeat","background-position":"center center","background-size":"auto","background-attachment":"scroll","background-type":"","background-media":"","overlay-type":"","overlay-color":"","overlay-opacity":"","overlay-gradient":""},"tablet":{"background-color":"","background-image":"","background-repeat":"repeat","background-position":"center center","background-size":"auto","background-attachment":"scroll","background-type":"","background-media":"","overlay-type":"","overlay-color":"","overlay-opacity":"","overlay-gradient":""},"mobile":{"background-color":"","background-image":"","background-repeat":"repeat","background-position":"center center","background-size":"auto","background-attachment":"scroll","background-type":"","background-media":"","overlay-type":"","overlay-color":"","overlay-opacity":"","overlay-gradient":""}},"ast-content-background-meta":{"desktop":{"background-color":"var(--ast-global-color-5)","background-image":"","background-repeat":"repeat","background-position":"center center","background-size":"auto","background-attachment":"scroll","background-type":"","background-media":"","overlay-type":"","overlay-color":"","overlay-opacity":"","overlay-gradient":""},"tablet":{"background-color":"var(--ast-global-color-5)","background-image":"","background-repeat":"repeat","background-position":"center center","background-size":"auto","background-attachment":"scroll","background-type":"","background-media":"","overlay-type":"","overlay-color":"","overlay-opacity":"","overlay-gradient":""},"mobile":{"background-color":"var(--ast-global-color-5)","background-image":"","background-repeat":"repeat","background-position":"center center","background-size":"auto","background-attachment":"scroll","background-type":"","background-media":"","overlay-type":"","overlay-color":"","overlay-opacity":"","overlay-gradient":""}},"_joinchat":[],"footnotes":""},"class_list":["post-2361","page","type-page","status-publish","hentry"],"_links":{"self":[{"href":"https:\/\/www.apexclinic.com.tr\/es\/wp-json\/wp\/v2\/pages\/2361"}],"collection":[{"href":"https:\/\/www.apexclinic.com.tr\/es\/wp-json\/wp\/v2\/pages"}],"about":[{"href":"https:\/\/www.apexclinic.com.tr\/es\/wp-json\/wp\/v2\/types\/page"}],"author":[{"embeddable":true,"href":"https:\/\/www.apexclinic.com.tr\/es\/wp-json\/wp\/v2\/users\/3"}],"replies":[{"embeddable":true,"href":"https:\/\/www.apexclinic.com.tr\/es\/wp-json\/wp\/v2\/comments?post=2361"}],"version-history":[{"count":3,"href":"https:\/\/www.apexclinic.com.tr\/es\/wp-json\/wp\/v2\/pages\/2361\/revisions"}],"predecessor-version":[{"id":3439,"href":"https:\/\/www.apexclinic.com.tr\/es\/wp-json\/wp\/v2\/pages\/2361\/revisions\/3439"}],"wp:attachment":[{"href":"https:\/\/www.apexclinic.com.tr\/es\/wp-json\/wp\/v2\/media?parent=2361"}],"curies":[{"name":"wp","href":"https:\/\/api.w.org\/{rel}","templated":true}]}}