{"id":2604,"date":"2022-09-07T13:36:13","date_gmt":"2022-09-07T13:36:13","guid":{"rendered":"https:\/\/www.apexclinic.com.tr\/?page_id=2604"},"modified":"2023-08-02T10:50:45","modified_gmt":"2023-08-02T10:50:45","slug":"meme-buyutme","status":"publish","type":"page","link":"https:\/\/www.apexclinic.com.tr\/es\/aumento-de-senos\/","title":{"rendered":"Aumento de senos"},"content":{"rendered":"<div data-elementor-type=\"wp-page\" data-elementor-id=\"2604\" class=\"elementor elementor-2604\" data-elementor-post-type=\"page\">\n\t\t\t\t\t\t<section class=\"elementor-section elementor-top-section elementor-element elementor-element-9afa8da elementor-section-boxed elementor-section-height-default elementor-section-height-default\" data-id=\"9afa8da\" data-element_type=\"section\" data-settings=\"{&quot;background_background&quot;:&quot;gradient&quot;,&quot;ekit_has_onepagescroll_dot&quot;:&quot;yes&quot;}\">\n\t\t\t\t\t\t<div class=\"elementor-container elementor-column-gap-default\">\n\t\t\t\t\t<div class=\"elementor-column elementor-col-100 elementor-top-column elementor-element elementor-element-bc56646\" data-id=\"bc56646\" data-element_type=\"column\">\n\t\t\t<div class=\"elementor-widget-wrap elementor-element-populated\">\n\t\t\t\t\t\t<div class=\"elementor-element elementor-element-0fb26c0 elementor-widget elementor-widget-spacer\" data-id=\"0fb26c0\" data-element_type=\"widget\" data-settings=\"{&quot;ekit_we_effect_on&quot;:&quot;none&quot;}\" data-widget_type=\"spacer.default\">\n\t\t\t\t<div class=\"elementor-widget-container\">\n\t\t\t\t\t\t\t<div class=\"elementor-spacer\">\n\t\t\t<div class=\"elementor-spacer-inner\"><\/div>\n\t\t<\/div>\n\t\t\t\t\t\t<\/div>\n\t\t\t\t<\/div>\n\t\t\t\t<div class=\"elementor-element elementor-element-efd06cb elementor-widget elementor-widget-heading\" data-id=\"efd06cb\" data-element_type=\"widget\" data-settings=\"{&quot;ekit_we_effect_on&quot;:&quot;none&quot;}\" data-widget_type=\"heading.default\">\n\t\t\t\t<div class=\"elementor-widget-container\">\n\t\t\t\t\t<h2 class=\"elementor-heading-title elementor-size-default\">Aumento de senos\n<\/h2>\t\t\t\t<\/div>\n\t\t\t\t<\/div>\n\t\t\t\t<div class=\"elementor-element elementor-element-e2ddd16 elementor-widget elementor-widget-spacer\" data-id=\"e2ddd16\" data-element_type=\"widget\" data-settings=\"{&quot;ekit_we_effect_on&quot;:&quot;none&quot;}\" data-widget_type=\"spacer.default\">\n\t\t\t\t<div class=\"elementor-widget-container\">\n\t\t\t\t\t\t\t<div class=\"elementor-spacer\">\n\t\t\t<div class=\"elementor-spacer-inner\"><\/div>\n\t\t<\/div>\n\t\t\t\t\t\t<\/div>\n\t\t\t\t<\/div>\n\t\t\t\t\t<\/div>\n\t\t<\/div>\n\t\t\t\t\t<\/div>\n\t\t<\/section>\n\t\t\t\t<section class=\"elementor-section elementor-top-section elementor-element elementor-element-c610b43 elementor-section-boxed elementor-section-height-default elementor-section-height-default\" data-id=\"c610b43\" data-element_type=\"section\" data-settings=\"{&quot;ekit_has_onepagescroll_dot&quot;:&quot;yes&quot;}\">\n\t\t\t\t\t\t<div class=\"elementor-container elementor-column-gap-default\">\n\t\t\t\t\t<div class=\"elementor-column elementor-col-100 elementor-top-column elementor-element elementor-element-1731658\" data-id=\"1731658\" data-element_type=\"column\">\n\t\t\t<div class=\"elementor-widget-wrap elementor-element-populated\">\n\t\t\t\t\t\t<div class=\"elementor-element elementor-element-4c05546 elementor-widget elementor-widget-spacer\" data-id=\"4c05546\" data-element_type=\"widget\" data-settings=\"{&quot;ekit_we_effect_on&quot;:&quot;none&quot;}\" data-widget_type=\"spacer.default\">\n\t\t\t\t<div class=\"elementor-widget-container\">\n\t\t\t\t\t\t\t<div class=\"elementor-spacer\">\n\t\t\t<div class=\"elementor-spacer-inner\"><\/div>\n\t\t<\/div>\n\t\t\t\t\t\t<\/div>\n\t\t\t\t<\/div>\n\t\t\t\t\t<\/div>\n\t\t<\/div>\n\t\t\t\t\t<\/div>\n\t\t<\/section>\n\t\t\t\t<section class=\"elementor-section elementor-top-section elementor-element elementor-element-dd57234 elementor-section-boxed elementor-section-height-default elementor-section-height-default\" data-id=\"dd57234\" data-element_type=\"section\" data-settings=\"{&quot;ekit_has_onepagescroll_dot&quot;:&quot;yes&quot;}\">\n\t\t\t\t\t\t<div class=\"elementor-container elementor-column-gap-default\">\n\t\t\t\t\t<div class=\"elementor-column elementor-col-50 elementor-top-column elementor-element elementor-element-96900a3\" data-id=\"96900a3\" data-element_type=\"column\" data-settings=\"{&quot;background_background&quot;:&quot;classic&quot;}\">\n\t\t\t<div class=\"elementor-widget-wrap elementor-element-populated\">\n\t\t\t\t\t\t<div class=\"elementor-element elementor-element-f6d3ca3 elementor-widget elementor-widget-image\" data-id=\"f6d3ca3\" data-element_type=\"widget\" data-settings=\"{&quot;ekit_we_effect_on&quot;:&quot;none&quot;}\" data-widget_type=\"image.default\">\n\t\t\t\t<div class=\"elementor-widget-container\">\n\t\t\t\t\t\t\t\t\t\t\t\t\t\t\t<img fetchpriority=\"high\" decoding=\"async\" width=\"900\" height=\"600\" src=\"https:\/\/www.apexclinic.com.tr\/wp-content\/uploads\/2022\/09\/memediklestirme.jpg\" class=\"attachment-large size-large wp-image-2183\" alt=\"\" srcset=\"https:\/\/www.apexclinic.com.tr\/wp-content\/uploads\/2022\/09\/memediklestirme.jpg 900w, https:\/\/www.apexclinic.com.tr\/wp-content\/uploads\/2022\/09\/memediklestirme-300x200.jpg 300w, https:\/\/www.apexclinic.com.tr\/wp-content\/uploads\/2022\/09\/memediklestirme-768x512.jpg 768w\" sizes=\"(max-width: 900px) 100vw, 900px\" \/>\t\t\t\t\t\t\t\t\t\t\t\t\t\t\t<\/div>\n\t\t\t\t<\/div>\n\t\t\t\t\t<\/div>\n\t\t<\/div>\n\t\t\t\t<div class=\"elementor-column elementor-col-50 elementor-top-column elementor-element elementor-element-1708227\" data-id=\"1708227\" data-element_type=\"column\">\n\t\t\t<div class=\"elementor-widget-wrap elementor-element-populated\">\n\t\t\t\t\t\t<div class=\"elementor-element elementor-element-b78616c elementor-widget-divider--view-line_text elementor-widget-divider--element-align-left elementor-widget elementor-widget-divider\" data-id=\"b78616c\" data-element_type=\"widget\" data-settings=\"{&quot;ekit_we_effect_on&quot;:&quot;none&quot;}\" data-widget_type=\"divider.default\">\n\t\t\t\t<div class=\"elementor-widget-container\">\n\t\t\t\t\t\t\t<div class=\"elementor-divider\">\n\t\t\t<span class=\"elementor-divider-separator\">\n\t\t\t\t\t\t\t<h3 class=\"elementor-divider__text elementor-divider__element\">\n\t\t\t\tAumento de senos\t\t\t\t<\/h3>\n\t\t\t\t\t\t<\/span>\n\t\t<\/div>\n\t\t\t\t\t\t<\/div>\n\t\t\t\t<\/div>\n\t\t\t\t<div class=\"elementor-element elementor-element-d37df03 elementor-align-left elementor-widget__width-auto elementor-icon-list--layout-traditional elementor-list-item-link-full_width elementor-widget elementor-widget-icon-list\" data-id=\"d37df03\" data-element_type=\"widget\" data-settings=\"{&quot;ekit_we_effect_on&quot;:&quot;none&quot;}\" data-widget_type=\"icon-list.default\">\n\t\t\t\t<div class=\"elementor-widget-container\">\n\t\t\t\t\t\t\t<ul class=\"elementor-icon-list-items\">\n\t\t\t\t\t\t\t<li class=\"elementor-icon-list-item\">\n\t\t\t\t\t\t\t\t\t\t\t<span class=\"elementor-icon-list-icon\">\n\t\t\t\t\t\t\t<i aria-hidden=\"true\" class=\"far fa-hospital\"><\/i>\t\t\t\t\t\t<\/span>\n\t\t\t\t\t\t\t\t\t\t<span class=\"elementor-icon-list-text\">Duraci\u00f3n de la estancia en el hospital: 1 d\u00eda<\/span>\n\t\t\t\t\t\t\t\t\t<\/li>\n\t\t\t\t\t\t\t\t<li class=\"elementor-icon-list-item\">\n\t\t\t\t\t\t\t\t\t\t\t<span class=\"elementor-icon-list-icon\">\n\t\t\t\t\t\t\t<i aria-hidden=\"true\" class=\"far fa-clock\"><\/i>\t\t\t\t\t\t<\/span>\n\t\t\t\t\t\t\t\t\t\t<span class=\"elementor-icon-list-text\">Tiempo de operaci\u00f3n: 2-4 horas<\/span>\n\t\t\t\t\t\t\t\t\t<\/li>\n\t\t\t\t\t\t\t\t<li class=\"elementor-icon-list-item\">\n\t\t\t\t\t\t\t\t\t\t\t<span class=\"elementor-icon-list-icon\">\n\t\t\t\t\t\t\t<i aria-hidden=\"true\" class=\"fas fa-syringe\"><\/i>\t\t\t\t\t\t<\/span>\n\t\t\t\t\t\t\t\t\t\t<span class=\"elementor-icon-list-text\">Anestesia: General<\/span>\n\t\t\t\t\t\t\t\t\t<\/li>\n\t\t\t\t\t\t\t\t<li class=\"elementor-icon-list-item\">\n\t\t\t\t\t\t\t\t\t\t\t<span class=\"elementor-icon-list-icon\">\n\t\t\t\t\t\t\t<i aria-hidden=\"true\" class=\"far fa-heart\"><\/i>\t\t\t\t\t\t<\/span>\n\t\t\t\t\t\t\t\t\t\t<span class=\"elementor-icon-list-text\">Tiempo de recuperaci\u00f3n: 1-2 semanas<\/span>\n\t\t\t\t\t\t\t\t\t<\/li>\n\t\t\t\t\t\t<\/ul>\n\t\t\t\t\t\t<\/div>\n\t\t\t\t<\/div>\n\t\t\t\t<div class=\"elementor-element elementor-element-860d5ee elementor-widget elementor-widget-button\" data-id=\"860d5ee\" data-element_type=\"widget\" data-settings=\"{&quot;ekit_we_effect_on&quot;:&quot;none&quot;}\" data-widget_type=\"button.default\">\n\t\t\t\t<div class=\"elementor-widget-container\">\n\t\t\t\t\t\t\t\t\t<div class=\"elementor-button-wrapper\">\n\t\t\t\t\t<a class=\"elementor-button elementor-button-link elementor-size-sm\" href=\"https:\/\/www.apexclinic.com.tr\/es\/\">\n\t\t\t\t\t\t<span class=\"elementor-button-content-wrapper\">\n\t\t\t\t\t\t\t\t\t<span class=\"elementor-button-text\">Haga una cita ahora<\/span>\n\t\t\t\t\t<\/span>\n\t\t\t\t\t<\/a>\n\t\t\t\t<\/div>\n\t\t\t\t\t\t\t\t<\/div>\n\t\t\t\t<\/div>\n\t\t\t\t\t<\/div>\n\t\t<\/div>\n\t\t\t\t\t<\/div>\n\t\t<\/section>\n\t\t\t\t<section class=\"elementor-section elementor-top-section elementor-element elementor-element-0121500 elementor-section-boxed elementor-section-height-default elementor-section-height-default\" data-id=\"0121500\" data-element_type=\"section\" data-settings=\"{&quot;ekit_has_onepagescroll_dot&quot;:&quot;yes&quot;}\">\n\t\t\t\t\t\t<div class=\"elementor-container elementor-column-gap-default\">\n\t\t\t\t\t<div class=\"elementor-column elementor-col-100 elementor-top-column elementor-element elementor-element-fc1963e\" data-id=\"fc1963e\" data-element_type=\"column\">\n\t\t\t<div class=\"elementor-widget-wrap elementor-element-populated\">\n\t\t\t\t\t\t<div class=\"elementor-element elementor-element-2d0ab1b elementor-widget elementor-widget-spacer\" data-id=\"2d0ab1b\" data-element_type=\"widget\" data-settings=\"{&quot;ekit_we_effect_on&quot;:&quot;none&quot;}\" data-widget_type=\"spacer.default\">\n\t\t\t\t<div class=\"elementor-widget-container\">\n\t\t\t\t\t\t\t<div class=\"elementor-spacer\">\n\t\t\t<div class=\"elementor-spacer-inner\"><\/div>\n\t\t<\/div>\n\t\t\t\t\t\t<\/div>\n\t\t\t\t<\/div>\n\t\t\t\t\t<\/div>\n\t\t<\/div>\n\t\t\t\t\t<\/div>\n\t\t<\/section>\n\t\t\t\t<section class=\"elementor-section elementor-top-section elementor-element elementor-element-ce5665f elementor-section-boxed elementor-section-height-default elementor-section-height-default\" data-id=\"ce5665f\" data-element_type=\"section\" data-settings=\"{&quot;ekit_has_onepagescroll_dot&quot;:&quot;yes&quot;}\">\n\t\t\t\t\t\t<div class=\"elementor-container elementor-column-gap-default\">\n\t\t\t\t\t<div class=\"elementor-column elementor-col-100 elementor-top-column elementor-element elementor-element-339c420\" data-id=\"339c420\" data-element_type=\"column\">\n\t\t\t<div class=\"elementor-widget-wrap elementor-element-populated\">\n\t\t\t\t\t\t<div class=\"elementor-element elementor-element-3d77eba elementor-widget elementor-widget-text-editor\" data-id=\"3d77eba\" data-element_type=\"widget\" data-settings=\"{&quot;ekit_we_effect_on&quot;:&quot;none&quot;}\" data-widget_type=\"text-editor.default\">\n\t\t\t\t<div class=\"elementor-widget-container\">\n\t\t\t\t\t\t\t\t\t<section class=\"services_page_header\"><section class=\"services_page_header\"><section class=\"services_page_header\"><div class=\"page_content_wrap\"><div class=\"content_wrap\"><div class=\"content\"><article id=\"post-782\" class=\"services_single itemscope post-782 cpt_services type-cpt_services status-publish has-post-thumbnail hentry cpt_services_group-plastik-cerrahi\"><section class=\"services_page_header\"><h1>Aumento de senos\u00a0<\/h1><p><strong>aumento de senos<\/strong>Es un procedimiento quir\u00fargico para aumentar la forma y el tama\u00f1o de los senos. Nuestros cirujanos expertos colocan implantes mamarios para aumentar el tama\u00f1o de los senos y lograr una forma m\u00e1s completa. El aumento de senos es uno de los procedimientos m\u00e1s populares en Apex Clinic, con el \u00edndice de satisfacci\u00f3n de pacientes m\u00e1s alto en la industria de la cirug\u00eda est\u00e9tica y puede conducir a una mayor confianza, mayor autoestima y una mejor calidad de vida.<\/p><p>El motivo de cada paciente para hacerse un implante mamario es completamente \u00fanico, por lo que aqu\u00ed en Apex Clinic ofrecemos un servicio especializado personalizado a sus necesidades. Hemos ayudado a miles de pacientes felices con el aumento de senos, \u00a1as\u00ed que d\u00e9 sus primeros pasos hoy!<\/p><h2>\u00a0<\/h2><h2>\u00bfPor qu\u00e9 un aumento de senos?<\/h2><p>Las pacientes que consideran un aumento de senos generalmente se someten a un aumento de senos por una o m\u00e1s de las siguientes razones:<\/p><p>\u00a0<\/p><ul><li>Sus senos no se han desarrollado completamente al tama\u00f1o deseado durante la adolescencia,<\/li><li>Para obtener un tama\u00f1o m\u00e1s grande,<\/li><li>Debido a la p\u00e9rdida de volumen, forma y plenitud de los senos despu\u00e9s del embarazo,<\/li><li>Despu\u00e9s de la p\u00e9rdida de peso, debido a la p\u00e9rdida de volumen, forma y plenitud de los senos,<\/li><li>Sufrir de asimetr\u00eda o mamas tubulares.<\/li><\/ul><p>\u00a0<\/p><h2>Cirug\u00eda de Aumento de Senos<\/h2><p>Los procedimientos de aumento de senos se realizan bajo anestesia general y duran entre 30 minutos y 1 hora en el quir\u00f3fano. Seg\u00fan las recomendaciones del cirujano y la preferencia personal, existe la opci\u00f3n de ser un paciente de d\u00eda en uno de nuestros hospitales MYA o pasar la noche para recuperarse.<\/p><p>Los pacientes deben esperar moretones e hinchaz\u00f3n en y alrededor de sus senos y pueden experimentar tirantez, incomodidad y sensibilidad despu\u00e9s del procedimiento. El dolor deber\u00eda desaparecer despu\u00e9s de 7 a 14 d\u00edas y se recetar\u00e1n analg\u00e9sicos para aliviar cualquier molestia.<\/p><p>\u00a0<\/p><h2>Opciones de implantes mamarios<\/h2><p>El viaje de aumento de senos de cada paciente es diferente, nuestros cirujanos expertos en aumento de senos le recomendar\u00e1n el mejor tama\u00f1o y ubicaci\u00f3n del implante seg\u00fan sus necesidades f\u00edsicas, la forma del cuerpo, el tejido mamario disponible y el resultado deseado.<\/p><p>Tama\u00f1o: los implantes mamarios se miden en cent\u00edmetros c\u00fabicos (o CC para abreviar), no en tama\u00f1os de copa, por ejemplo: 350 cc o 400 cc.<\/p><p>Forma: los implantes redondos o anat\u00f3micos (tambi\u00e9n conocidos como l\u00e1grima) vienen en dos formas.<\/p><p>Colocaci\u00f3n: la colocaci\u00f3n de implantes mamarios se refiere a si el implante se coloca debajo del m\u00fasculo, sobre el m\u00fasculo o parcialmente en el medio; se define como submuscular, subglandular y subfascial.<\/p><p>Perfil\/Proyecci\u00f3n: el perfil de los implantes mamarios se refiere a cu\u00e1nto sobresalen cuando est\u00e1 de pie y se define como un perfil bajo, medio, alto o muy alto.<\/p><p>\u00a0<\/p><h2>Precios de la cirug\u00eda de aumento de senos<\/h2><p>en la Cl\u00ednica Apex <strong>operaci\u00f3n de aumento de senos<\/strong> <strong>precios<\/strong> var\u00eda de persona a persona. Esto se debe a nuestro procedimiento personalizado de tratamiento seguro. Para informaci\u00f3n de precios, puede utilizar el formulario de contacto o nuestro n\u00famero de tel\u00e9fono.<\/p><p>\u00a0<\/p><p>\u00a0<\/p><\/section><\/article><\/div><\/div><\/div><\/section><\/section><\/section>\t\t\t\t\t\t\t\t<\/div>\n\t\t\t\t<\/div>\n\t\t\t\t\t<\/div>\n\t\t<\/div>\n\t\t\t\t\t<\/div>\n\t\t<\/section>\n\t\t\t\t<section class=\"elementor-section elementor-top-section elementor-element elementor-element-2e8d64b elementor-section-boxed elementor-section-height-default elementor-section-height-default\" data-id=\"2e8d64b\" data-element_type=\"section\" data-settings=\"{&quot;ekit_has_onepagescroll_dot&quot;:&quot;yes&quot;}\">\n\t\t\t\t\t\t<div class=\"elementor-container elementor-column-gap-default\">\n\t\t\t\t\t<div class=\"elementor-column elementor-col-100 elementor-top-column elementor-element elementor-element-5470dba\" data-id=\"5470dba\" data-element_type=\"column\">\n\t\t\t<div class=\"elementor-widget-wrap elementor-element-populated\">\n\t\t\t\t\t\t<div class=\"elementor-element elementor-element-2903763 elementor-widget elementor-widget-shortcode\" data-id=\"2903763\" data-element_type=\"widget\" data-settings=\"{&quot;ekit_we_effect_on&quot;:&quot;none&quot;}\" data-widget_type=\"shortcode.default\">\n\t\t\t\t<div class=\"elementor-widget-container\">\n\t\t\t\t\t\t\t<div class=\"elementor-shortcode\">\u00daltima actualizaci\u00f3n 2 de agosto de 2023 Informaci\u00f3n del editor:<a href=\"\" target=\"_blank\" class=\"last-modified-author\">digital@apexclinic.com.tr<\/a><\/div>\n\t\t\t\t\t\t<\/div>\n\t\t\t\t<\/div>\n\t\t\t\t\t<\/div>\n\t\t<\/div>\n\t\t\t\t\t<\/div>\n\t\t<\/section>\n\t\t\t\t<\/div>","protected":false},"excerpt":{"rendered":"<p>Meme B\u00fcy\u00fctme Meme B\u00fcy\u00fctme Hastanede Kal\u0131\u015f S\u00fcresi: 1 G\u00fcn Operasyon S\u00fcresi: 2-4 Saat Anestezi: Genel \u0130yile\u015fme S\u00fcresi: 1-2 Hafta Hemen Randevu Al\u0131n Meme B\u00fcy\u00fctme\u00a0 Meme b\u00fcy\u00fctme, g\u00f6\u011f\u00fcslerin \u015feklini ve boyutunu art\u0131rmak i\u00e7in yap\u0131lan cerrahi bir i\u015flemdir. Uzman cerrahlar\u0131m\u0131z memelerin boyutunu art\u0131rmak ve daha dolgun bir \u015fekil elde etmek i\u00e7in meme implantlar\u0131 yerle\u015ftirir. G\u00f6\u011f\u00fcs b\u00fcy\u00fctme, kozmetik [&hellip;]<\/p>","protected":false},"author":3,"featured_media":0,"parent":0,"menu_order":0,"comment_status":"closed","ping_status":"closed","template":"elementor_header_footer","meta":{"_lmt_disableupdate":"","_lmt_disable":"","_monsterinsights_skip_tracking":false,"_monsterinsights_sitenote_active":false,"_monsterinsights_sitenote_note":"","_monsterinsights_sitenote_category":0,"site-sidebar-layout":"no-sidebar","site-content-layout":"page-builder","ast-site-content-layout":"","site-content-style":"default","site-sidebar-style":"default","ast-global-header-display":"","ast-banner-title-visibility":"","ast-main-header-display":"","ast-hfb-above-header-display":"","ast-hfb-below-header-display":"","ast-hfb-mobile-header-display":"","site-post-title":"disabled","ast-breadcrumbs-content":"","ast-featured-img":"disabled","footer-sml-layout":"","theme-transparent-header-meta":"","adv-header-id-meta":"","stick-header-meta":"","header-above-stick-meta":"","header-main-stick-meta":"","header-below-stick-meta":"","astra-migrate-meta-layouts":"default","ast-page-background-enabled":"default","ast-page-background-meta":{"desktop":{"background-color":"var(--ast-global-color-4)","background-image":"","background-repeat":"repeat","background-position":"center center","background-size":"auto","background-attachment":"scroll","background-type":"","background-media":"","overlay-type":"","overlay-color":"","overlay-opacity":"","overlay-gradient":""},"tablet":{"background-color":"","background-image":"","background-repeat":"repeat","background-position":"center center","background-size":"auto","background-attachment":"scroll","background-type":"","background-media":"","overlay-type":"","overlay-color":"","overlay-opacity":"","overlay-gradient":""},"mobile":{"background-color":"","background-image":"","background-repeat":"repeat","background-position":"center center","background-size":"auto","background-attachment":"scroll","background-type":"","background-media":"","overlay-type":"","overlay-color":"","overlay-opacity":"","overlay-gradient":""}},"ast-content-background-meta":{"desktop":{"background-color":"var(--ast-global-color-5)","background-image":"","background-repeat":"repeat","background-position":"center center","background-size":"auto","background-attachment":"scroll","background-type":"","background-media":"","overlay-type":"","overlay-color":"","overlay-opacity":"","overlay-gradient":""},"tablet":{"background-color":"var(--ast-global-color-5)","background-image":"","background-repeat":"repeat","background-position":"center center","background-size":"auto","background-attachment":"scroll","background-type":"","background-media":"","overlay-type":"","overlay-color":"","overlay-opacity":"","overlay-gradient":""},"mobile":{"background-color":"var(--ast-global-color-5)","background-image":"","background-repeat":"repeat","background-position":"center center","background-size":"auto","background-attachment":"scroll","background-type":"","background-media":"","overlay-type":"","overlay-color":"","overlay-opacity":"","overlay-gradient":""}},"_joinchat":[],"footnotes":""},"class_list":["post-2604","page","type-page","status-publish","hentry"],"_links":{"self":[{"href":"https:\/\/www.apexclinic.com.tr\/es\/wp-json\/wp\/v2\/pages\/2604"}],"collection":[{"href":"https:\/\/www.apexclinic.com.tr\/es\/wp-json\/wp\/v2\/pages"}],"about":[{"href":"https:\/\/www.apexclinic.com.tr\/es\/wp-json\/wp\/v2\/types\/page"}],"author":[{"embeddable":true,"href":"https:\/\/www.apexclinic.com.tr\/es\/wp-json\/wp\/v2\/users\/3"}],"replies":[{"embeddable":true,"href":"https:\/\/www.apexclinic.com.tr\/es\/wp-json\/wp\/v2\/comments?post=2604"}],"version-history":[{"count":3,"href":"https:\/\/www.apexclinic.com.tr\/es\/wp-json\/wp\/v2\/pages\/2604\/revisions"}],"predecessor-version":[{"id":3448,"href":"https:\/\/www.apexclinic.com.tr\/es\/wp-json\/wp\/v2\/pages\/2604\/revisions\/3448"}],"wp:attachment":[{"href":"https:\/\/www.apexclinic.com.tr\/es\/wp-json\/wp\/v2\/media?parent=2604"}],"curies":[{"name":"wp","href":"https:\/\/api.w.org\/{rel}","templated":true}]}}