{"id":2891,"date":"2022-09-23T08:24:40","date_gmt":"2022-09-23T08:24:40","guid":{"rendered":"https:\/\/www.apexclinic.com.tr\/?page_id=2891"},"modified":"2023-08-02T09:55:34","modified_gmt":"2023-08-02T09:55:34","slug":"mide-botoksu","status":"publish","type":"page","link":"https:\/\/www.apexclinic.com.tr\/es\/estomago-botox\/","title":{"rendered":"B\u00f3tox estomacal"},"content":{"rendered":"<div data-elementor-type=\"wp-page\" data-elementor-id=\"2891\" class=\"elementor elementor-2891\" data-elementor-post-type=\"page\">\n\t\t\t\t\t\t<section class=\"elementor-section elementor-top-section elementor-element elementor-element-8d314c9 elementor-section-content-middle elementor-section-boxed elementor-section-height-default elementor-section-height-default\" data-id=\"8d314c9\" data-element_type=\"section\" data-settings=\"{&quot;background_background&quot;:&quot;classic&quot;,&quot;ekit_has_onepagescroll_dot&quot;:&quot;yes&quot;}\">\n\t\t\t\t\t\t<div class=\"elementor-container elementor-column-gap-no\">\n\t\t\t\t\t<div class=\"elementor-column elementor-col-50 elementor-top-column elementor-element elementor-element-228238c6\" data-id=\"228238c6\" data-element_type=\"column\" data-settings=\"{&quot;background_background&quot;:&quot;classic&quot;}\">\n\t\t\t<div class=\"elementor-widget-wrap elementor-element-populated\">\n\t\t\t\t\t\t<section class=\"elementor-section elementor-inner-section elementor-element elementor-element-65544c11 elementor-section-content-middle elementor-section-boxed elementor-section-height-default elementor-section-height-default\" data-id=\"65544c11\" data-element_type=\"section\" data-settings=\"{&quot;ekit_has_onepagescroll_dot&quot;:&quot;yes&quot;}\">\n\t\t\t\t\t\t<div class=\"elementor-container elementor-column-gap-default\">\n\t\t\t\t\t<div class=\"elementor-column elementor-col-50 elementor-inner-column elementor-element elementor-element-52f6619f\" data-id=\"52f6619f\" data-element_type=\"column\">\n\t\t\t<div class=\"elementor-widget-wrap elementor-element-populated\">\n\t\t\t\t\t\t<div class=\"elementor-element elementor-element-762201e0 elementor-widget-divider--view-line elementor-widget elementor-widget-divider\" data-id=\"762201e0\" data-element_type=\"widget\" data-settings=\"{&quot;ekit_we_effect_on&quot;:&quot;none&quot;}\" data-widget_type=\"divider.default\">\n\t\t\t\t<div class=\"elementor-widget-container\">\n\t\t\t\t\t\t\t<div class=\"elementor-divider\">\n\t\t\t<span class=\"elementor-divider-separator\">\n\t\t\t\t\t\t<\/span>\n\t\t<\/div>\n\t\t\t\t\t\t<\/div>\n\t\t\t\t<\/div>\n\t\t\t\t\t<\/div>\n\t\t<\/div>\n\t\t\t\t<div class=\"elementor-column elementor-col-50 elementor-inner-column elementor-element elementor-element-400c63b\" data-id=\"400c63b\" data-element_type=\"column\">\n\t\t\t<div class=\"elementor-widget-wrap elementor-element-populated\">\n\t\t\t\t\t\t<div class=\"elementor-element elementor-element-1b7b5c07 envato-kit-138-bracket elementor-widget elementor-widget-heading\" data-id=\"1b7b5c07\" data-element_type=\"widget\" data-settings=\"{&quot;ekit_we_effect_on&quot;:&quot;none&quot;}\" data-widget_type=\"heading.default\">\n\t\t\t\t<div class=\"elementor-widget-container\">\n\t\t\t\t\t<h3 class=\"elementor-heading-title elementor-size-default\">Cl\u00ednica Apex<\/h3>\t\t\t\t<\/div>\n\t\t\t\t<\/div>\n\t\t\t\t\t<\/div>\n\t\t<\/div>\n\t\t\t\t\t<\/div>\n\t\t<\/section>\n\t\t\t\t<div class=\"elementor-element elementor-element-20c19315 elementor-widget elementor-widget-heading\" data-id=\"20c19315\" data-element_type=\"widget\" data-settings=\"{&quot;ekit_we_effect_on&quot;:&quot;none&quot;}\" data-widget_type=\"heading.default\">\n\t\t\t\t<div class=\"elementor-widget-container\">\n\t\t\t\t\t<h2 class=\"elementor-heading-title elementor-size-default\">B\u00f3tox estomacal<\/h2>\t\t\t\t<\/div>\n\t\t\t\t<\/div>\n\t\t\t\t<div class=\"elementor-element elementor-element-3a966ec2 elementor-widget elementor-widget-spacer\" data-id=\"3a966ec2\" data-element_type=\"widget\" data-settings=\"{&quot;ekit_we_effect_on&quot;:&quot;none&quot;}\" data-widget_type=\"spacer.default\">\n\t\t\t\t<div class=\"elementor-widget-container\">\n\t\t\t\t\t\t\t<div class=\"elementor-spacer\">\n\t\t\t<div class=\"elementor-spacer-inner\"><\/div>\n\t\t<\/div>\n\t\t\t\t\t\t<\/div>\n\t\t\t\t<\/div>\n\t\t\t\t<div class=\"elementor-element elementor-element-24997070 elementor-widget elementor-widget-text-editor\" data-id=\"24997070\" data-element_type=\"widget\" data-settings=\"{&quot;ekit_we_effect_on&quot;:&quot;none&quot;}\" data-widget_type=\"text-editor.default\">\n\t\t\t\t<div class=\"elementor-widget-container\">\n\t\t\t\t\t\t\t\t\t<p>Mide botoksu, endoskopi yolu ile midenin belirli b\u00f6lgelerine botilinum toksini enjekte edilmesi i\u015flemidir. Cerrahi bir y\u00f6ntem olmad\u0131\u011f\u0131 i\u00e7in herhangi bir kesi i\u015flemi yap\u0131lmayan mide botoksu tedavisinde, %15-20 kadar kilo kayb\u0131 hedeflenir. Mide botoksu sonucunda ghrelin ad\u0131 verilen a\u00e7l\u0131k hormonu seviyesinde azalma ya\u015fan\u0131r. Bununla birlikte, mide asit sal\u0131n\u0131m\u0131 azal\u0131r ve mide bo\u015falmas\u0131 yava\u015flar.<\/p>\t\t\t\t\t\t\t\t<\/div>\n\t\t\t\t<\/div>\n\t\t\t\t<div class=\"elementor-element elementor-element-36b59b7 elementor-tablet-align-center elementor-align-left elementor-widget elementor-widget-button\" data-id=\"36b59b7\" data-element_type=\"widget\" data-settings=\"{&quot;ekit_we_effect_on&quot;:&quot;none&quot;}\" data-widget_type=\"button.default\">\n\t\t\t\t<div class=\"elementor-widget-container\">\n\t\t\t\t\t\t\t\t\t<div class=\"elementor-button-wrapper\">\n\t\t\t\t\t<a class=\"elementor-button elementor-button-link elementor-size-md\" href=\"#makale\">\n\t\t\t\t\t\t<span class=\"elementor-button-content-wrapper\">\n\t\t\t\t\t\t\t\t\t<span class=\"elementor-button-text\">M\u00e1s<\/span>\n\t\t\t\t\t<\/span>\n\t\t\t\t\t<\/a>\n\t\t\t\t<\/div>\n\t\t\t\t\t\t\t\t<\/div>\n\t\t\t\t<\/div>\n\t\t\t\t\t<\/div>\n\t\t<\/div>\n\t\t\t\t<div class=\"elementor-column elementor-col-50 elementor-top-column elementor-element elementor-element-362f9d05\" data-id=\"362f9d05\" data-element_type=\"column\" data-settings=\"{&quot;background_background&quot;:&quot;classic&quot;}\">\n\t\t\t<div class=\"elementor-widget-wrap elementor-element-populated\">\n\t\t\t\t\t\t<section class=\"elementor-section elementor-inner-section elementor-element elementor-element-7c85fd9d elementor-section-full_width elementor-section-height-default elementor-section-height-default\" data-id=\"7c85fd9d\" data-element_type=\"section\" data-settings=\"{&quot;background_background&quot;:&quot;classic&quot;,&quot;ekit_has_onepagescroll_dot&quot;:&quot;yes&quot;}\">\n\t\t\t\t\t\t<div class=\"elementor-container elementor-column-gap-no\">\n\t\t\t\t\t<div class=\"elementor-column elementor-col-100 elementor-inner-column elementor-element elementor-element-364df4cf\" data-id=\"364df4cf\" data-element_type=\"column\">\n\t\t\t<div class=\"elementor-widget-wrap elementor-element-populated\">\n\t\t\t\t\t\t<div class=\"elementor-element elementor-element-1f72805 elementor-widget elementor-widget-image\" data-id=\"1f72805\" data-element_type=\"widget\" data-settings=\"{&quot;ekit_we_effect_on&quot;:&quot;none&quot;}\" data-widget_type=\"image.default\">\n\t\t\t\t<div class=\"elementor-widget-container\">\n\t\t\t\t\t\t\t\t\t\t\t\t\t\t\t<img fetchpriority=\"high\" decoding=\"async\" width=\"1024\" height=\"683\" src=\"https:\/\/www.apexclinic.com.tr\/wp-content\/uploads\/2022\/09\/young-woman-with-beautiful-body-measure-tape-min-1024x683.jpg\" class=\"attachment-large size-large wp-image-2766\" alt=\"Bypass g\u00e1strico\" srcset=\"https:\/\/www.apexclinic.com.tr\/wp-content\/uploads\/2022\/09\/young-woman-with-beautiful-body-measure-tape-min-1024x683.jpg 1024w, https:\/\/www.apexclinic.com.tr\/wp-content\/uploads\/2022\/09\/young-woman-with-beautiful-body-measure-tape-min-300x200.jpg 300w, https:\/\/www.apexclinic.com.tr\/wp-content\/uploads\/2022\/09\/young-woman-with-beautiful-body-measure-tape-min-768x512.jpg 768w, https:\/\/www.apexclinic.com.tr\/wp-content\/uploads\/2022\/09\/young-woman-with-beautiful-body-measure-tape-min-1536x1024.jpg 1536w, https:\/\/www.apexclinic.com.tr\/wp-content\/uploads\/2022\/09\/young-woman-with-beautiful-body-measure-tape-min-2048x1365.jpg 2048w, https:\/\/www.apexclinic.com.tr\/wp-content\/uploads\/2022\/09\/young-woman-with-beautiful-body-measure-tape-min-18x12.jpg 18w\" sizes=\"(max-width: 1024px) 100vw, 1024px\" \/>\t\t\t\t\t\t\t\t\t\t\t\t\t\t\t<\/div>\n\t\t\t\t<\/div>\n\t\t\t\t\t<\/div>\n\t\t<\/div>\n\t\t\t\t\t<\/div>\n\t\t<\/section>\n\t\t\t\t\t<\/div>\n\t\t<\/div>\n\t\t\t\t\t<\/div>\n\t\t<\/section>\n\t\t\t\t<section class=\"elementor-section elementor-top-section elementor-element elementor-element-7214ea3 elementor-section-boxed elementor-section-height-default elementor-section-height-default\" data-id=\"7214ea3\" data-element_type=\"section\" id=\"makale\" data-settings=\"{&quot;ekit_has_onepagescroll_dot&quot;:&quot;yes&quot;}\">\n\t\t\t\t\t\t<div class=\"elementor-container elementor-column-gap-default\">\n\t\t\t\t\t<div class=\"elementor-column elementor-col-100 elementor-top-column elementor-element elementor-element-1245a49\" data-id=\"1245a49\" data-element_type=\"column\">\n\t\t\t<div class=\"elementor-widget-wrap elementor-element-populated\">\n\t\t\t\t\t\t<div class=\"elementor-element elementor-element-3b93696 elementor-widget elementor-widget-text-editor\" data-id=\"3b93696\" data-element_type=\"widget\" data-settings=\"{&quot;ekit_we_effect_on&quot;:&quot;none&quot;}\" data-widget_type=\"text-editor.default\">\n\t\t\t\t<div class=\"elementor-widget-container\">\n\t\t\t\t\t\t\t\t\t<h3>\u00bfC\u00f3mo se fabrica el botox estomacal?<\/h3><p>El botox estomacal es una aplicaci\u00f3n indolora en la que la inyecci\u00f3n se realiza con la ayuda de la boca y un endoscopio. No hay necesidad de anestesia general durante la aplicaci\u00f3n del procedimiento, y este procedimiento no se considera una operaci\u00f3n quir\u00fargica, como en otros procedimientos para el tratamiento de la obesidad. Esto hace que el proceso aplicado sea completamente seguro y no peligroso. La cantidad de botox aplicada a los pacientes var\u00eda seg\u00fan el estado de salud de los pacientes. El procedimiento de botox estomacal, que dura aproximadamente 15 minutos, no causa ning\u00fan dolor en el paciente.<\/p><p>Dado que esta operaci\u00f3n no requiere una intervenci\u00f3n quir\u00fargica, no es posible abrir incisiones en los cuerpos de las personas. Dado que es un m\u00e9todo oral, el paciente se mantiene en observaci\u00f3n durante algunas horas despu\u00e9s del procedimiento y luego es dado de alta. Adem\u00e1s, aunque las personas que son muy t\u00edmidas acerca de los da\u00f1os del botox estomacal se preguntan con temor este proceso, es bastante seguro considerando el m\u00e9todo de aplicaci\u00f3n.<\/p><h3>\u00bfCu\u00e1les son los efectos secundarios del botox estomacal?<\/h3><p>Quienes tienen proceso de botox estomacal comienzan a ver los efectos de este m\u00e9todo el d\u00eda de la aplicaci\u00f3n y dentro de los siguientes 2 a 3 d\u00edas. Despu\u00e9s de 2 o 3 d\u00edas de aplicaci\u00f3n del m\u00e9todo, se observa un enlentecimiento y una disminuci\u00f3n de la sensaci\u00f3n de hambre del individuo. En consecuencia, despu\u00e9s de aproximadamente 2 semanas, el paciente comienza a perder peso y este proceso puede durar aproximadamente de 4 a 6 meses. Porque el efecto del botox aplicado en el est\u00f3mago termina entre los 4 y los 6 meses. Por esta raz\u00f3n, el m\u00e9todo no deja ning\u00fan da\u00f1o permanente en el cuerpo. Adem\u00e1s, se sabe que tanto el botox estomacal como los procedimientos de botox aplicados en otras partes del cuerpo no tienen efectos secundarios.<\/p><p>Este proceso se aplica de una manera que afecta los m\u00fasculos lisos en el \u00e1rea del est\u00f3mago, para que el sistema nervioso o el sistema digestivo no se vean afectados negativamente por el botox estomacal. Sin embargo, este m\u00e9todo puede causar reacciones negativas en personas que tienen enfermedades musculares y son al\u00e9rgicas a la aplicaci\u00f3n de botox. Por esta raz\u00f3n, el botox estomacal no se aplica a personas con este tipo de problemas. Por lo tanto, se previene un efecto secundario potencial y un riesgo.<\/p>\t\t\t\t\t\t\t\t<\/div>\n\t\t\t\t<\/div>\n\t\t\t\t\t<\/div>\n\t\t<\/div>\n\t\t\t\t\t<\/div>\n\t\t<\/section>\n\t\t\t\t<section class=\"elementor-section elementor-top-section elementor-element elementor-element-f553d6c elementor-section-boxed elementor-section-height-default elementor-section-height-default\" data-id=\"f553d6c\" data-element_type=\"section\" data-settings=\"{&quot;ekit_has_onepagescroll_dot&quot;:&quot;yes&quot;}\">\n\t\t\t\t\t\t<div class=\"elementor-container elementor-column-gap-default\">\n\t\t\t\t\t<div class=\"elementor-column elementor-col-100 elementor-top-column elementor-element elementor-element-afd2e90\" data-id=\"afd2e90\" data-element_type=\"column\">\n\t\t\t<div class=\"elementor-widget-wrap elementor-element-populated\">\n\t\t\t\t\t\t<div class=\"elementor-element elementor-element-d1d11de elementor-widget elementor-widget-spacer\" data-id=\"d1d11de\" data-element_type=\"widget\" data-settings=\"{&quot;ekit_we_effect_on&quot;:&quot;none&quot;}\" data-widget_type=\"spacer.default\">\n\t\t\t\t<div class=\"elementor-widget-container\">\n\t\t\t\t\t\t\t<div class=\"elementor-spacer\">\n\t\t\t<div class=\"elementor-spacer-inner\"><\/div>\n\t\t<\/div>\n\t\t\t\t\t\t<\/div>\n\t\t\t\t<\/div>\n\t\t\t\t\t<\/div>\n\t\t<\/div>\n\t\t\t\t\t<\/div>\n\t\t<\/section>\n\t\t\t\t<section class=\"elementor-section elementor-top-section elementor-element elementor-element-6654243 elementor-section-boxed elementor-section-height-default elementor-section-height-default\" data-id=\"6654243\" data-element_type=\"section\" data-settings=\"{&quot;ekit_has_onepagescroll_dot&quot;:&quot;yes&quot;}\">\n\t\t\t\t\t\t<div class=\"elementor-container elementor-column-gap-default\">\n\t\t\t\t\t<div class=\"elementor-column elementor-col-100 elementor-top-column elementor-element elementor-element-49d2314\" data-id=\"49d2314\" data-element_type=\"column\">\n\t\t\t<div class=\"elementor-widget-wrap elementor-element-populated\">\n\t\t\t\t\t\t<div class=\"elementor-element elementor-element-7192e3d elementor-widget elementor-widget-shortcode\" data-id=\"7192e3d\" data-element_type=\"widget\" data-settings=\"{&quot;ekit_we_effect_on&quot;:&quot;none&quot;}\" data-widget_type=\"shortcode.default\">\n\t\t\t\t<div class=\"elementor-widget-container\">\n\t\t\t\t\t\t\t<div class=\"elementor-shortcode\">\u00daltima actualizaci\u00f3n 2 de agosto de 2023 Informaci\u00f3n del editor:<a href=\"\" target=\"_blank\" class=\"last-modified-author\">digital@apexclinic.com.tr<\/a><\/div>\n\t\t\t\t\t\t<\/div>\n\t\t\t\t<\/div>\n\t\t\t\t\t<\/div>\n\t\t<\/div>\n\t\t\t\t\t<\/div>\n\t\t<\/section>\n\t\t\t\t<\/div>","protected":false},"excerpt":{"rendered":"<p>Apex Clinic Mide Botoksu Mide botoksu, endoskopi yolu ile midenin belirli b\u00f6lgelerine botilinum toksini enjekte edilmesi i\u015flemidir. Cerrahi bir y\u00f6ntem olmad\u0131\u011f\u0131 i\u00e7in herhangi bir kesi i\u015flemi yap\u0131lmayan mide botoksu tedavisinde, %15-20 kadar kilo kayb\u0131 hedeflenir. Mide botoksu sonucunda ghrelin ad\u0131 verilen a\u00e7l\u0131k hormonu seviyesinde azalma ya\u015fan\u0131r. Bununla birlikte, mide asit sal\u0131n\u0131m\u0131 azal\u0131r ve mide bo\u015falmas\u0131 [&hellip;]<\/p>","protected":false},"author":3,"featured_media":0,"parent":0,"menu_order":0,"comment_status":"closed","ping_status":"closed","template":"","meta":{"_lmt_disableupdate":"","_lmt_disable":"","_monsterinsights_skip_tracking":false,"_monsterinsights_sitenote_active":false,"_monsterinsights_sitenote_note":"","_monsterinsights_sitenote_category":0,"site-sidebar-layout":"no-sidebar","site-content-layout":"page-builder","ast-site-content-layout":"","site-content-style":"default","site-sidebar-style":"default","ast-global-header-display":"","ast-banner-title-visibility":"","ast-main-header-display":"","ast-hfb-above-header-display":"","ast-hfb-below-header-display":"","ast-hfb-mobile-header-display":"","site-post-title":"disabled","ast-breadcrumbs-content":"","ast-featured-img":"disabled","footer-sml-layout":"","theme-transparent-header-meta":"","adv-header-id-meta":"","stick-header-meta":"","header-above-stick-meta":"","header-main-stick-meta":"","header-below-stick-meta":"","astra-migrate-meta-layouts":"default","ast-page-background-enabled":"default","ast-page-background-meta":{"desktop":{"background-color":"var(--ast-global-color-4)","background-image":"","background-repeat":"repeat","background-position":"center center","background-size":"auto","background-attachment":"scroll","background-type":"","background-media":"","overlay-type":"","overlay-color":"","overlay-opacity":"","overlay-gradient":""},"tablet":{"background-color":"","background-image":"","background-repeat":"repeat","background-position":"center center","background-size":"auto","background-attachment":"scroll","background-type":"","background-media":"","overlay-type":"","overlay-color":"","overlay-opacity":"","overlay-gradient":""},"mobile":{"background-color":"","background-image":"","background-repeat":"repeat","background-position":"center center","background-size":"auto","background-attachment":"scroll","background-type":"","background-media":"","overlay-type":"","overlay-color":"","overlay-opacity":"","overlay-gradient":""}},"ast-content-background-meta":{"desktop":{"background-color":"var(--ast-global-color-5)","background-image":"","background-repeat":"repeat","background-position":"center center","background-size":"auto","background-attachment":"scroll","background-type":"","background-media":"","overlay-type":"","overlay-color":"","overlay-opacity":"","overlay-gradient":""},"tablet":{"background-color":"var(--ast-global-color-5)","background-image":"","background-repeat":"repeat","background-position":"center center","background-size":"auto","background-attachment":"scroll","background-type":"","background-media":"","overlay-type":"","overlay-color":"","overlay-opacity":"","overlay-gradient":""},"mobile":{"background-color":"var(--ast-global-color-5)","background-image":"","background-repeat":"repeat","background-position":"center center","background-size":"auto","background-attachment":"scroll","background-type":"","background-media":"","overlay-type":"","overlay-color":"","overlay-opacity":"","overlay-gradient":""}},"_joinchat":[],"footnotes":""},"class_list":["post-2891","page","type-page","status-publish","hentry"],"_links":{"self":[{"href":"https:\/\/www.apexclinic.com.tr\/es\/wp-json\/wp\/v2\/pages\/2891"}],"collection":[{"href":"https:\/\/www.apexclinic.com.tr\/es\/wp-json\/wp\/v2\/pages"}],"about":[{"href":"https:\/\/www.apexclinic.com.tr\/es\/wp-json\/wp\/v2\/types\/page"}],"author":[{"embeddable":true,"href":"https:\/\/www.apexclinic.com.tr\/es\/wp-json\/wp\/v2\/users\/3"}],"replies":[{"embeddable":true,"href":"https:\/\/www.apexclinic.com.tr\/es\/wp-json\/wp\/v2\/comments?post=2891"}],"version-history":[{"count":3,"href":"https:\/\/www.apexclinic.com.tr\/es\/wp-json\/wp\/v2\/pages\/2891\/revisions"}],"predecessor-version":[{"id":3421,"href":"https:\/\/www.apexclinic.com.tr\/es\/wp-json\/wp\/v2\/pages\/2891\/revisions\/3421"}],"wp:attachment":[{"href":"https:\/\/www.apexclinic.com.tr\/es\/wp-json\/wp\/v2\/media?parent=2891"}],"curies":[{"name":"wp","href":"https:\/\/api.w.org\/{rel}","templated":true}]}}