{"id":3206,"date":"2023-02-23T11:50:25","date_gmt":"2023-02-23T11:50:25","guid":{"rendered":"https:\/\/www.apexclinic.com.tr\/?page_id=3206"},"modified":"2023-02-23T14:50:54","modified_gmt":"2023-02-23T14:50:54","slug":"vucut-kitle-indeksi-hesaplama-araci","status":"publish","type":"page","link":"https:\/\/www.apexclinic.com.tr\/es\/herramienta-de-calculo-del-indice-de-masa-corporal\/","title":{"rendered":"Calculadora del \u00cdndice de Masa Corporal"},"content":{"rendered":"<div data-elementor-type=\"wp-page\" data-elementor-id=\"3206\" class=\"elementor elementor-3206\" data-elementor-post-type=\"page\">\n\t\t\t\t\t\t<section class=\"elementor-section elementor-top-section elementor-element elementor-element-1d56999 elementor-section-boxed elementor-section-height-default elementor-section-height-default\" data-id=\"1d56999\" data-element_type=\"section\" data-settings=\"{&quot;background_background&quot;:&quot;classic&quot;,&quot;ekit_has_onepagescroll_dot&quot;:&quot;yes&quot;}\">\n\t\t\t\t\t\t<div class=\"elementor-container elementor-column-gap-default\">\n\t\t\t\t\t<div class=\"elementor-column elementor-col-100 elementor-top-column elementor-element elementor-element-c95235b\" data-id=\"c95235b\" data-element_type=\"column\">\n\t\t\t<div class=\"elementor-widget-wrap elementor-element-populated\">\n\t\t\t\t\t\t<div class=\"elementor-element elementor-element-750e6f4 elementor-widget elementor-widget-html\" data-id=\"750e6f4\" data-element_type=\"widget\" data-settings=\"{&quot;ekit_we_effect_on&quot;:&quot;none&quot;}\" data-widget_type=\"html.default\">\n\t\t\t\t<div class=\"elementor-widget-container\">\n\t\t\t\t\t<!DOCTYPE html>\r\n<html lang=\"tr\">\r\n<head>\r\n\t<meta charset=\"UTF-8\">\r\n\t<title>Calculadora del \u00cdndice de Masa Corporal<\/title>\r\n\t<style>\r\n\t\tbody {\r\n\t\t\tfont-family: sans-serif;\r\n\t\t\tbackground-color: #f5f5f5;\r\n\t\t}\r\n\r\n\t\t.container {\r\n\t\t\tmax-width: 600px;\r\n\t\t\tmargin: 0 auto;\r\n\t\t\tpadding: 20px;\r\n\t\t\tbackground-color: #fff;\r\n\t\t\tbox-shadow: 0 0 10px rgba(0, 0, 0, 0.1);\r\n\t\t}\r\n\r\n\t\th1 {\r\n\t\t\tfont-size: 24px;\r\n\t\t\tfont-weight: bold;\r\n\t\t\ttext-align: center;\r\n\t\t\tmargin-top: 0;\r\n\t\t\tmargin-bottom: 20px;\r\n\t\t}\r\n\r\n\t\tform {\r\n\t\t\tdisplay: flex;\r\n\t\t\tflex-direction: column;\r\n\t\t}\r\n\r\n\t\tlabel {\r\n\t\t\tfont-weight: bold;\r\n\t\t\tmargin-bottom: 10px;\r\n\t\t}\r\n\r\n\t\tinput {\r\n\t\t\tpadding: 10px;\r\n\t\t\tborder: 1px solid #ccc;\r\n\t\t\tborder-radius: 5px;\r\n\t\t\tmargin-bottom: 20px;\r\n\t\t\tfont-size: 16px;\r\n\t\t}\r\n\r\n\t\tbutton {\r\n\t\t\tbackground-color: #007bff;\r\n\t\t\tcolor: #fff;\r\n\t\t\tpadding: 10px;\r\n\t\t\tborder: none;\r\n\t\t\tborder-radius: 5px;\r\n\t\t\tfont-size: 16px;\r\n\t\t\tcursor: pointer;\r\n\t\t}\r\n\r\n\t\t.result {\r\n\t\t\tfont-size: 24px;\r\n\t\t\tfont-weight: bold;\r\n\t\t\ttext-align: center;\r\n\t\t\tmargin-top: 20px;\r\n\t\t}\r\n\r\n\t\t.error {\r\n\t\t\tcolor: red;\r\n\t\t\tmargin-top: 10px;\r\n\t\t}\r\n\t<\/style>\r\n<\/head>\r\n<body>\r\n\t<div class=\"container\">\r\n\t\t<h1>Calculadora del \u00cdndice de Masa Corporal<\/h1>\r\n\t\t<form onsubmit=\"return hesapla()\" action=\"\">\r\n\t\t\t<label for=\"kilo\">Peso (kg)<\/label>\r\n\t\t\t<input type=\"number\" id=\"kilo\" required>\r\n\r\n\t\t\t<label for=\"boy\">Altura (cm)<\/label>\r\n\t\t\t<input type=\"number\" id=\"boy\" required>\r\n\r\n\t\t\t<button type=\"submit\">Calcular<\/button>\r\n\t\t<input type=\"hidden\" name=\"trp-form-language\" value=\"es\"\/><\/form>\r\n\r\n\t\t<div id=\"sonuc\" class=\"result\"><\/div>\r\n\r\n\t\t<div id=\"hata\" class=\"error\"><\/div>\r\n\r\n\t\t<script>\r\n\t\t\r\n\t\t\tfunction hesapla() {\r\n\t\t\t    document.getElementById(\"sonuc\").innerHTML = \"\";\r\ndocument.getElementById(\"hata\").innerHTML = \"\";\r\n\t\t\t\tvar kilo = document.getElementById(\"kilo\").value;\r\n\t\t\t\tvar boy = document.getElementById(\"boy\").value;\r\n\r\n\t\t\t\tif (kilo <= 0 || boy <= 0) {\r\n\t\t\t\t\tdocument.getElementById(\"sonuc\").innerHTML = \"\";\r\n\t\t\t\t\tdocument.getElementById(\"hata\").innerHTML = \"Kilo ve boy de\u011ferleri pozitif olmal\u0131d\u0131r.\";\r\n\t\t\t\t\treturn false;\r\n\t\t\t\t}\r\n\r\n\t\t\t\tvar boyMetre = boy \/ 100;\r\n\t\t\t\tvar vki = kilo \/ (boyMetre * boyMetre);\r\n\r\n\t\t\t\tif (vki < 18.5) {\r\n\t\t\t\t\tdocument.getElementById(\"sonuc\").innerHTML = \"VK\u0130: \" + vki.toFixed(2) + \" (Zay\u0131f)\";\r\n\t\t\t\t} else if (vki < 25) {\r\n\t\t\t\t\tdocument.getElementById(\"sonuc\").innerHTML = \"VK\u0130: \" + vki.toFixed(\r\n) + \" (Normal)\";\r\n} else if (vki < 30) {\r\ndocument.getElementById(\"sonuc\").innerHTML = \"VK\u0130: \" + vki.toFixed(2) + \" (Fazla Kilolu)\";\r\n} else if (vki < 35) {\r\ndocument.getElementById(\"sonuc\").innerHTML = \"VK\u0130: \" + vki.toFixed(2) + \" (Obez)\";\r\n} else {\r\ndocument.getElementById(\"sonuc\").innerHTML = \"VK\u0130: \" + vki.toFixed(2) + \" (A\u015f\u0131r\u0131 Obez)\";\r\ndocument.getElementById(\"hata\").innerHTML = \"Obezite cerrahisi i\u00e7in uygunsunuz. En do\u011fru i\u015flem i\u00e7in bizimle ileti\u015fime ge\u00e7in.\";\r\n}\r\n\treturn false;\r\n\t\t}\r\n\t<\/script>\r\n<\/div>\r\n<\/body>\r\n<\/html>\t\t\t\t<\/div>\n\t\t\t\t<\/div>\n\t\t\t\t\t<\/div>\n\t\t<\/div>\n\t\t\t\t\t<\/div>\n\t\t<\/section>\n\t\t\t\t<section class=\"elementor-section elementor-top-section elementor-element elementor-element-d8eb4a6 elementor-section-boxed elementor-section-height-default elementor-section-height-default\" data-id=\"d8eb4a6\" data-element_type=\"section\" data-settings=\"{&quot;ekit_has_onepagescroll_dot&quot;:&quot;yes&quot;}\">\n\t\t\t\t\t\t<div class=\"elementor-container elementor-column-gap-default\">\n\t\t\t\t\t<div class=\"elementor-column elementor-col-100 elementor-top-column elementor-element elementor-element-3ebec1c\" data-id=\"3ebec1c\" data-element_type=\"column\">\n\t\t\t<div class=\"elementor-widget-wrap elementor-element-populated\">\n\t\t\t\t\t\t<div class=\"elementor-element elementor-element-d226df7 elementor-widget elementor-widget-text-editor\" data-id=\"d226df7\" data-element_type=\"widget\" data-settings=\"{&quot;ekit_we_effect_on&quot;:&quot;none&quot;}\" data-widget_type=\"text-editor.default\">\n\t\t\t\t<div class=\"elementor-widget-container\">\n\t\t\t\t\t\t\t\t\t<p>El \u00edndice de masa corporal (IMC) es un m\u00e9todo que mide la relaci\u00f3n entre el peso corporal y la altura. <strong>Calculadora de \u00edndice de masa corporal<\/strong>Es una herramienta muy importante para que las personas lleven una vida saludable. El IMC es una medida importante que se utiliza para determinar la obesidad, las enfermedades card\u00edacas, la diabetes y muchas otras enfermedades. En este art\u00edculo, cubriremos c\u00f3mo se calcula el IMC y por qu\u00e9 es importante para una vida saludable.<\/p><h3>\u00bfQu\u00e9 es el IMC?<\/h3><p><strong>\u00cdndice de masa corporal<\/strong> (IMC) mide la relaci\u00f3n entre el peso corporal de una persona y su altura. El IMC es una medida utilizada para determinar si una persona tiene peso normal, sobrepeso u obesidad. Para calcular el IMC, el peso de una persona (kg) se divide por su altura (m) al cuadrado.<\/p><h3>\u00bfC\u00f3mo usar la calculadora de IMC?<\/h3><p><strong>C\u00e1lculo del \u00cdndice de Masa Corporal<\/strong>calcula el valor del IMC cuando se ingresan la altura y el peso de la persona. La herramienta de calculadora de IMC se puede encontrar en muchos sitios web y aplicaciones m\u00f3viles. Para calcular el IMC, es importante ingresar correctamente la altura y el peso de una persona. Los valores del IMC se interpretan como:<\/p><ul><li>Valores por debajo de 18,5: D\u00e9bil<\/li><li>Valores entre 18,5-24,9: Normal<\/li><li>Valores 25-29,9: Sobrepeso<\/li><li>30 y m\u00e1s: obeso<\/li><\/ul><h3>\u00bfPor qu\u00e9 es importante el IMC?<\/h3><p>El IMC es una herramienta importante para determinar el estado de salud de una persona. Las personas con un IMC alto corren el riesgo de sufrir enfermedades card\u00edacas, presi\u00f3n arterial alta, diabetes y muchas otras enfermedades. El IMC es muy importante para una vida saludable porque mantener un IMC saludable reduce el riesgo de estas enfermedades.<\/p><p>El \u00edndice de masa corporal (IMC) es una herramienta importante para determinar el estado de salud de una persona. Las personas con un IMC alto corren el riesgo de sufrir enfermedades card\u00edacas, presi\u00f3n arterial alta, diabetes y muchas otras enfermedades. Por lo tanto, tener un valor de IMC en el rango normal es muy importante para mantener una vida saludable.<\/p><p>Un IMC alto aumenta el riesgo de obesidad. La obesidad es un problema de salud creciente en todo el mundo. La obesidad causa inflamaci\u00f3n y resistencia a la insulina en el cuerpo, aumentando el riesgo de enfermedades del coraz\u00f3n, diabetes, enfermedades del h\u00edgado, apnea del sue\u00f1o, depresi\u00f3n, c\u00e1ncer y muchas otras enfermedades. La obesidad tambi\u00e9n afecta negativamente la calidad de vida y la longevidad.<\/p><p>Para que el valor del IMC est\u00e9 dentro del rango normal, es necesario hacer ejercicio regularmente y seguir un plan de alimentaci\u00f3n saludable. El ejercicio y una dieta saludable ayudan a controlar el peso corporal y mantienen el IMC en un rango saludable. Las personas con un IMC en el rango normal aumentan sus posibilidades de vivir una vida saludable.<\/p><p>Un valor de IMC en el rango normal es importante no solo para la salud f\u00edsica sino tambi\u00e9n para la salud psicol\u00f3gica. Un valor de IMC alto puede disminuir la confianza en s\u00ed mismo y la autoestima de una persona. Por lo tanto, mantener un IMC saludable puede aumentar la confianza en s\u00ed mismo de una persona.<\/p><p>El IMC es un criterio importante para mantener una vida saludable. Tener un valor de IMC en el rango normal reduce el riesgo de enfermedades del coraz\u00f3n, presi\u00f3n arterial alta, diabetes y muchas otras enfermedades. Para que el valor del IMC est\u00e9 dentro del rango normal, es necesario hacer ejercicio regularmente y seguir un plan de alimentaci\u00f3n saludable. Adem\u00e1s, mantener el valor del IMC bajo control tambi\u00e9n es importante para la salud psicol\u00f3gica al aumentar la confianza en uno mismo y la autoestima. Verificar el valor del IMC es un paso importante que se puede tomar para mantener una vida saludable.<\/p>\t\t\t\t\t\t\t\t<\/div>\n\t\t\t\t<\/div>\n\t\t\t\t\t<\/div>\n\t\t<\/div>\n\t\t\t\t\t<\/div>\n\t\t<\/section>\n\t\t\t\t<\/div>","protected":false},"excerpt":{"rendered":"<p>V\u00fccut Kitle \u0130ndeksi Hesaplama V\u00fccut Kitle \u0130ndeksi Hesaplama Kilo (kg) Boy (cm) Hesapla V\u00fccut kitle indeksi (VK\u0130), v\u00fccut a\u011f\u0131rl\u0131\u011f\u0131n\u0131n boy ile orant\u0131s\u0131n\u0131 \u00f6l\u00e7en bir y\u00f6ntemdir. V\u00fccut kitle indeksi hesaplama arac\u0131, insanlar\u0131n sa\u011fl\u0131kl\u0131 bir ya\u015fam s\u00fcrd\u00fcrmeleri i\u00e7in \u00e7ok \u00f6nemli bir ara\u00e7t\u0131r. VK\u0130, obezite, kalp hastal\u0131\u011f\u0131, diyabet ve di\u011fer pek \u00e7ok hastal\u0131\u011f\u0131n belirlenmesinde kullan\u0131lan \u00f6nemli bir \u00f6l\u00e7\u00fctt\u00fcr. [&hellip;]<\/p>","protected":false},"author":3,"featured_media":0,"parent":0,"menu_order":0,"comment_status":"closed","ping_status":"closed","template":"","meta":{"_lmt_disableupdate":"","_lmt_disable":"","_monsterinsights_skip_tracking":false,"_monsterinsights_sitenote_active":false,"_monsterinsights_sitenote_note":"","_monsterinsights_sitenote_category":0,"site-sidebar-layout":"no-sidebar","site-content-layout":"page-builder","ast-site-content-layout":"","site-content-style":"default","site-sidebar-style":"default","ast-global-header-display":"","ast-banner-title-visibility":"","ast-main-header-display":"","ast-hfb-above-header-display":"","ast-hfb-below-header-display":"","ast-hfb-mobile-header-display":"","site-post-title":"disabled","ast-breadcrumbs-content":"","ast-featured-img":"disabled","footer-sml-layout":"","theme-transparent-header-meta":"","adv-header-id-meta":"","stick-header-meta":"","header-above-stick-meta":"","header-main-stick-meta":"","header-below-stick-meta":"","astra-migrate-meta-layouts":"default","ast-page-background-enabled":"default","ast-page-background-meta":{"desktop":{"background-color":"var(--ast-global-color-4)","background-image":"","background-repeat":"repeat","background-position":"center center","background-size":"auto","background-attachment":"scroll","background-type":"","background-media":"","overlay-type":"","overlay-color":"","overlay-opacity":"","overlay-gradient":""},"tablet":{"background-color":"","background-image":"","background-repeat":"repeat","background-position":"center center","background-size":"auto","background-attachment":"scroll","background-type":"","background-media":"","overlay-type":"","overlay-color":"","overlay-opacity":"","overlay-gradient":""},"mobile":{"background-color":"","background-image":"","background-repeat":"repeat","background-position":"center center","background-size":"auto","background-attachment":"scroll","background-type":"","background-media":"","overlay-type":"","overlay-color":"","overlay-opacity":"","overlay-gradient":""}},"ast-content-background-meta":{"desktop":{"background-color":"var(--ast-global-color-5)","background-image":"","background-repeat":"repeat","background-position":"center center","background-size":"auto","background-attachment":"scroll","background-type":"","background-media":"","overlay-type":"","overlay-color":"","overlay-opacity":"","overlay-gradient":""},"tablet":{"background-color":"var(--ast-global-color-5)","background-image":"","background-repeat":"repeat","background-position":"center center","background-size":"auto","background-attachment":"scroll","background-type":"","background-media":"","overlay-type":"","overlay-color":"","overlay-opacity":"","overlay-gradient":""},"mobile":{"background-color":"var(--ast-global-color-5)","background-image":"","background-repeat":"repeat","background-position":"center center","background-size":"auto","background-attachment":"scroll","background-type":"","background-media":"","overlay-type":"","overlay-color":"","overlay-opacity":"","overlay-gradient":""}},"_joinchat":[],"footnotes":""},"class_list":["post-3206","page","type-page","status-publish","hentry"],"_links":{"self":[{"href":"https:\/\/www.apexclinic.com.tr\/es\/wp-json\/wp\/v2\/pages\/3206"}],"collection":[{"href":"https:\/\/www.apexclinic.com.tr\/es\/wp-json\/wp\/v2\/pages"}],"about":[{"href":"https:\/\/www.apexclinic.com.tr\/es\/wp-json\/wp\/v2\/types\/page"}],"author":[{"embeddable":true,"href":"https:\/\/www.apexclinic.com.tr\/es\/wp-json\/wp\/v2\/users\/3"}],"replies":[{"embeddable":true,"href":"https:\/\/www.apexclinic.com.tr\/es\/wp-json\/wp\/v2\/comments?post=3206"}],"version-history":[{"count":22,"href":"https:\/\/www.apexclinic.com.tr\/es\/wp-json\/wp\/v2\/pages\/3206\/revisions"}],"predecessor-version":[{"id":3238,"href":"https:\/\/www.apexclinic.com.tr\/es\/wp-json\/wp\/v2\/pages\/3206\/revisions\/3238"}],"wp:attachment":[{"href":"https:\/\/www.apexclinic.com.tr\/es\/wp-json\/wp\/v2\/media?parent=3206"}],"curies":[{"name":"wp","href":"https:\/\/api.w.org\/{rel}","templated":true}]}}