{"id":2351,"date":"2022-09-07T13:36:13","date_gmt":"2022-09-07T13:36:13","guid":{"rendered":"https:\/\/www.apexclinic.com.tr\/?page_id=2351"},"modified":"2023-08-02T10:52:55","modified_gmt":"2023-08-02T10:52:55","slug":"brezilya-popo-estetigi","status":"publish","type":"page","link":"https:\/\/www.apexclinic.com.tr\/fr\/bresil-fesses-esthetique\/","title":{"rendered":"Lifting br\u00e9silien des fesses"},"content":{"rendered":"<div data-elementor-type=\"wp-page\" data-elementor-id=\"2351\" class=\"elementor elementor-2351\" data-elementor-post-type=\"page\">\n\t\t\t\t\t\t<section class=\"elementor-section elementor-top-section elementor-element elementor-element-9afa8da elementor-section-boxed elementor-section-height-default elementor-section-height-default\" data-id=\"9afa8da\" data-element_type=\"section\" data-settings=\"{&quot;background_background&quot;:&quot;gradient&quot;,&quot;ekit_has_onepagescroll_dot&quot;:&quot;yes&quot;}\">\n\t\t\t\t\t\t<div class=\"elementor-container elementor-column-gap-default\">\n\t\t\t\t\t<div class=\"elementor-column elementor-col-100 elementor-top-column elementor-element elementor-element-bc56646\" data-id=\"bc56646\" data-element_type=\"column\">\n\t\t\t<div class=\"elementor-widget-wrap elementor-element-populated\">\n\t\t\t\t\t\t<div class=\"elementor-element elementor-element-0fb26c0 elementor-widget elementor-widget-spacer\" data-id=\"0fb26c0\" data-element_type=\"widget\" data-settings=\"{&quot;ekit_we_effect_on&quot;:&quot;none&quot;}\" data-widget_type=\"spacer.default\">\n\t\t\t\t<div class=\"elementor-widget-container\">\n\t\t\t\t\t\t\t<div class=\"elementor-spacer\">\n\t\t\t<div class=\"elementor-spacer-inner\"><\/div>\n\t\t<\/div>\n\t\t\t\t\t\t<\/div>\n\t\t\t\t<\/div>\n\t\t\t\t<div class=\"elementor-element elementor-element-efd06cb elementor-widget elementor-widget-heading\" data-id=\"efd06cb\" data-element_type=\"widget\" data-settings=\"{&quot;ekit_we_effect_on&quot;:&quot;none&quot;}\" data-widget_type=\"heading.default\">\n\t\t\t\t<div class=\"elementor-widget-container\">\n\t\t\t\t\t<h2 class=\"elementor-heading-title elementor-size-default\">Lifting br\u00e9silien des fesses (BBL)<\/h2>\t\t\t\t<\/div>\n\t\t\t\t<\/div>\n\t\t\t\t<div class=\"elementor-element elementor-element-e2ddd16 elementor-widget elementor-widget-spacer\" data-id=\"e2ddd16\" data-element_type=\"widget\" data-settings=\"{&quot;ekit_we_effect_on&quot;:&quot;none&quot;}\" data-widget_type=\"spacer.default\">\n\t\t\t\t<div class=\"elementor-widget-container\">\n\t\t\t\t\t\t\t<div class=\"elementor-spacer\">\n\t\t\t<div class=\"elementor-spacer-inner\"><\/div>\n\t\t<\/div>\n\t\t\t\t\t\t<\/div>\n\t\t\t\t<\/div>\n\t\t\t\t\t<\/div>\n\t\t<\/div>\n\t\t\t\t\t<\/div>\n\t\t<\/section>\n\t\t\t\t<section class=\"elementor-section elementor-top-section elementor-element elementor-element-c610b43 elementor-section-boxed elementor-section-height-default elementor-section-height-default\" data-id=\"c610b43\" data-element_type=\"section\" data-settings=\"{&quot;ekit_has_onepagescroll_dot&quot;:&quot;yes&quot;}\">\n\t\t\t\t\t\t<div class=\"elementor-container elementor-column-gap-default\">\n\t\t\t\t\t<div class=\"elementor-column elementor-col-100 elementor-top-column elementor-element elementor-element-1731658\" data-id=\"1731658\" data-element_type=\"column\">\n\t\t\t<div class=\"elementor-widget-wrap elementor-element-populated\">\n\t\t\t\t\t\t<div class=\"elementor-element elementor-element-4c05546 elementor-widget elementor-widget-spacer\" data-id=\"4c05546\" data-element_type=\"widget\" data-settings=\"{&quot;ekit_we_effect_on&quot;:&quot;none&quot;}\" data-widget_type=\"spacer.default\">\n\t\t\t\t<div class=\"elementor-widget-container\">\n\t\t\t\t\t\t\t<div class=\"elementor-spacer\">\n\t\t\t<div class=\"elementor-spacer-inner\"><\/div>\n\t\t<\/div>\n\t\t\t\t\t\t<\/div>\n\t\t\t\t<\/div>\n\t\t\t\t\t<\/div>\n\t\t<\/div>\n\t\t\t\t\t<\/div>\n\t\t<\/section>\n\t\t\t\t<section class=\"elementor-section elementor-top-section elementor-element elementor-element-dd57234 elementor-section-boxed elementor-section-height-default elementor-section-height-default\" data-id=\"dd57234\" data-element_type=\"section\" data-settings=\"{&quot;ekit_has_onepagescroll_dot&quot;:&quot;yes&quot;}\">\n\t\t\t\t\t\t<div class=\"elementor-container elementor-column-gap-default\">\n\t\t\t\t\t<div class=\"elementor-column elementor-col-50 elementor-top-column elementor-element elementor-element-96900a3\" data-id=\"96900a3\" data-element_type=\"column\" data-settings=\"{&quot;background_background&quot;:&quot;classic&quot;}\">\n\t\t\t<div class=\"elementor-widget-wrap elementor-element-populated\">\n\t\t\t\t\t\t<div class=\"elementor-element elementor-element-f6d3ca3 elementor-widget elementor-widget-image\" data-id=\"f6d3ca3\" data-element_type=\"widget\" data-settings=\"{&quot;ekit_we_effect_on&quot;:&quot;none&quot;}\" data-widget_type=\"image.default\">\n\t\t\t\t<div class=\"elementor-widget-container\">\n\t\t\t\t\t\t\t\t\t\t\t\t\t\t\t<img fetchpriority=\"high\" decoding=\"async\" width=\"1024\" height=\"683\" src=\"https:\/\/www.apexclinic.com.tr\/wp-content\/uploads\/2022\/09\/beautiful-female-back-butt-isolated-white-min-1024x683.jpg\" class=\"attachment-large size-large wp-image-2084\" alt=\"\" srcset=\"https:\/\/www.apexclinic.com.tr\/wp-content\/uploads\/2022\/09\/beautiful-female-back-butt-isolated-white-min-1024x683.jpg 1024w, https:\/\/www.apexclinic.com.tr\/wp-content\/uploads\/2022\/09\/beautiful-female-back-butt-isolated-white-min-300x200.jpg 300w, https:\/\/www.apexclinic.com.tr\/wp-content\/uploads\/2022\/09\/beautiful-female-back-butt-isolated-white-min-768x512.jpg 768w, https:\/\/www.apexclinic.com.tr\/wp-content\/uploads\/2022\/09\/beautiful-female-back-butt-isolated-white-min-1536x1024.jpg 1536w, https:\/\/www.apexclinic.com.tr\/wp-content\/uploads\/2022\/09\/beautiful-female-back-butt-isolated-white-min-2048x1365.jpg 2048w\" sizes=\"(max-width: 1024px) 100vw, 1024px\" \/>\t\t\t\t\t\t\t\t\t\t\t\t\t\t\t<\/div>\n\t\t\t\t<\/div>\n\t\t\t\t\t<\/div>\n\t\t<\/div>\n\t\t\t\t<div class=\"elementor-column elementor-col-50 elementor-top-column elementor-element elementor-element-1708227\" data-id=\"1708227\" data-element_type=\"column\">\n\t\t\t<div class=\"elementor-widget-wrap elementor-element-populated\">\n\t\t\t\t\t\t<div class=\"elementor-element elementor-element-b78616c elementor-widget-divider--view-line_text elementor-widget-divider--element-align-left elementor-widget elementor-widget-divider\" data-id=\"b78616c\" data-element_type=\"widget\" data-settings=\"{&quot;ekit_we_effect_on&quot;:&quot;none&quot;}\" data-widget_type=\"divider.default\">\n\t\t\t\t<div class=\"elementor-widget-container\">\n\t\t\t\t\t\t\t<div class=\"elementor-divider\">\n\t\t\t<span class=\"elementor-divider-separator\">\n\t\t\t\t\t\t\t<h3 class=\"elementor-divider__text elementor-divider__element\">\n\t\t\t\tBBL\t\t\t\t<\/h3>\n\t\t\t\t\t\t<\/span>\n\t\t<\/div>\n\t\t\t\t\t\t<\/div>\n\t\t\t\t<\/div>\n\t\t\t\t<div class=\"elementor-element elementor-element-5b8886a elementor-align-left elementor-widget__width-auto elementor-icon-list--layout-traditional elementor-list-item-link-full_width elementor-widget elementor-widget-icon-list\" data-id=\"5b8886a\" data-element_type=\"widget\" data-settings=\"{&quot;ekit_we_effect_on&quot;:&quot;none&quot;}\" data-widget_type=\"icon-list.default\">\n\t\t\t\t<div class=\"elementor-widget-container\">\n\t\t\t\t\t\t\t<ul class=\"elementor-icon-list-items\">\n\t\t\t\t\t\t\t<li class=\"elementor-icon-list-item\">\n\t\t\t\t\t\t\t\t\t\t\t<span class=\"elementor-icon-list-icon\">\n\t\t\t\t\t\t\t<i aria-hidden=\"true\" class=\"far fa-hospital\"><\/i>\t\t\t\t\t\t<\/span>\n\t\t\t\t\t\t\t\t\t\t<span class=\"elementor-icon-list-text\">Dur\u00e9e du s\u00e9jour \u00e0 l&#039;h\u00f4pital : 1 jour<\/span>\n\t\t\t\t\t\t\t\t\t<\/li>\n\t\t\t\t\t\t\t\t<li class=\"elementor-icon-list-item\">\n\t\t\t\t\t\t\t\t\t\t\t<span class=\"elementor-icon-list-icon\">\n\t\t\t\t\t\t\t<i aria-hidden=\"true\" class=\"far fa-clock\"><\/i>\t\t\t\t\t\t<\/span>\n\t\t\t\t\t\t\t\t\t\t<span class=\"elementor-icon-list-text\">Temps de fonctionnement : 2-4 heures<\/span>\n\t\t\t\t\t\t\t\t\t<\/li>\n\t\t\t\t\t\t\t\t<li class=\"elementor-icon-list-item\">\n\t\t\t\t\t\t\t\t\t\t\t<span class=\"elementor-icon-list-icon\">\n\t\t\t\t\t\t\t<i aria-hidden=\"true\" class=\"fas fa-syringe\"><\/i>\t\t\t\t\t\t<\/span>\n\t\t\t\t\t\t\t\t\t\t<span class=\"elementor-icon-list-text\">Anesth\u00e9sie\u00a0: g\u00e9n\u00e9rale<\/span>\n\t\t\t\t\t\t\t\t\t<\/li>\n\t\t\t\t\t\t\t\t<li class=\"elementor-icon-list-item\">\n\t\t\t\t\t\t\t\t\t\t\t<span class=\"elementor-icon-list-icon\">\n\t\t\t\t\t\t\t<i aria-hidden=\"true\" class=\"far fa-heart\"><\/i>\t\t\t\t\t\t<\/span>\n\t\t\t\t\t\t\t\t\t\t<span class=\"elementor-icon-list-text\">Temps de r\u00e9cup\u00e9ration : 1-2 semaines<\/span>\n\t\t\t\t\t\t\t\t\t<\/li>\n\t\t\t\t\t\t<\/ul>\n\t\t\t\t\t\t<\/div>\n\t\t\t\t<\/div>\n\t\t\t\t<div class=\"elementor-element elementor-element-860d5ee elementor-widget elementor-widget-button\" data-id=\"860d5ee\" data-element_type=\"widget\" data-settings=\"{&quot;ekit_we_effect_on&quot;:&quot;none&quot;}\" data-widget_type=\"button.default\">\n\t\t\t\t<div class=\"elementor-widget-container\">\n\t\t\t\t\t\t\t\t\t<div class=\"elementor-button-wrapper\">\n\t\t\t\t\t<a class=\"elementor-button elementor-button-link elementor-size-sm\" href=\"https:\/\/www.apexclinic.com.tr\/fr\/\">\n\t\t\t\t\t\t<span class=\"elementor-button-content-wrapper\">\n\t\t\t\t\t\t\t\t\t<span class=\"elementor-button-text\">Prenez rendez-vous maintenant<\/span>\n\t\t\t\t\t<\/span>\n\t\t\t\t\t<\/a>\n\t\t\t\t<\/div>\n\t\t\t\t\t\t\t\t<\/div>\n\t\t\t\t<\/div>\n\t\t\t\t\t<\/div>\n\t\t<\/div>\n\t\t\t\t\t<\/div>\n\t\t<\/section>\n\t\t\t\t<section class=\"elementor-section elementor-top-section elementor-element elementor-element-0121500 elementor-section-boxed elementor-section-height-default elementor-section-height-default\" data-id=\"0121500\" data-element_type=\"section\" data-settings=\"{&quot;ekit_has_onepagescroll_dot&quot;:&quot;yes&quot;}\">\n\t\t\t\t\t\t<div class=\"elementor-container elementor-column-gap-default\">\n\t\t\t\t\t<div class=\"elementor-column elementor-col-100 elementor-top-column elementor-element elementor-element-fc1963e\" data-id=\"fc1963e\" data-element_type=\"column\">\n\t\t\t<div class=\"elementor-widget-wrap elementor-element-populated\">\n\t\t\t\t\t\t<div class=\"elementor-element elementor-element-2d0ab1b elementor-widget elementor-widget-spacer\" data-id=\"2d0ab1b\" data-element_type=\"widget\" data-settings=\"{&quot;ekit_we_effect_on&quot;:&quot;none&quot;}\" data-widget_type=\"spacer.default\">\n\t\t\t\t<div class=\"elementor-widget-container\">\n\t\t\t\t\t\t\t<div class=\"elementor-spacer\">\n\t\t\t<div class=\"elementor-spacer-inner\"><\/div>\n\t\t<\/div>\n\t\t\t\t\t\t<\/div>\n\t\t\t\t<\/div>\n\t\t\t\t\t<\/div>\n\t\t<\/div>\n\t\t\t\t\t<\/div>\n\t\t<\/section>\n\t\t\t\t<section class=\"elementor-section elementor-top-section elementor-element elementor-element-ce5665f elementor-section-boxed elementor-section-height-default elementor-section-height-default\" data-id=\"ce5665f\" data-element_type=\"section\" data-settings=\"{&quot;ekit_has_onepagescroll_dot&quot;:&quot;yes&quot;}\">\n\t\t\t\t\t\t<div class=\"elementor-container elementor-column-gap-default\">\n\t\t\t\t\t<div class=\"elementor-column elementor-col-100 elementor-top-column elementor-element elementor-element-339c420\" data-id=\"339c420\" data-element_type=\"column\">\n\t\t\t<div class=\"elementor-widget-wrap elementor-element-populated\">\n\t\t\t\t\t\t<div class=\"elementor-element elementor-element-3d77eba elementor-widget elementor-widget-text-editor\" data-id=\"3d77eba\" data-element_type=\"widget\" data-settings=\"{&quot;ekit_we_effect_on&quot;:&quot;none&quot;}\" data-widget_type=\"text-editor.default\">\n\t\t\t\t<div class=\"elementor-widget-container\">\n\t\t\t\t\t\t\t\t\t<section class=\"services_page_header\"><section class=\"services_page_header\"><h2 class=\"services_page_title\">BBL Esth\u00e9tique<\/h2><\/section><section class=\"services_page_content entry-content\"><p>Les chirurgies de lifting des fesses sont la premi\u00e8re chose que font les personnes qui veulent un corps proportionnel. Ces chirurgies sont des chirurgies indolores et sp\u00e9ciales qui sont couramment pratiqu\u00e9es aujourd&#039;hui. Les gens ont d\u00e9finitivement recours \u00e0 ces techniques pour fournir une image de fesses plus compl\u00e8te et arrondie en m\u00eame temps. Afin de r\u00e9aliser la crosse comme celle-ci, les transferts sont effectu\u00e9s avec de l&#039;huile sp\u00e9ciale. Afin d&#039;augmenter la pl\u00e9nitude, en particulier dans la r\u00e9gion des hanches, des transferts sont effectu\u00e9s \u00e0 partir des tissus adipeux. Il est connu comme une chirurgie populaire qui est devenue assez courante. De cette fa\u00e7on\u00a0<strong>c&#039;est quoi bbl<\/strong>\u00a0Les r\u00e9ponses \u00e0 ces questions sont \u00e9galement donn\u00e9es de la mani\u00e8re la plus correcte.<\/p><p>Dans l&#039;esth\u00e9tique du lifting des fesses, des formes sp\u00e9ciales sont donn\u00e9es aux dimensions des hanches sans recourir au silicone. Surtout avec la liposuccion, l&#039;exc\u00e8s de graisse dans l&#039;abdomen, les cuisses ou la taille est pr\u00e9lev\u00e9 et inject\u00e9 dans les fesses. Avec cette chirurgie, tous les rapports qui peuvent survenir dans le corps sont gu\u00e9ris correctement. Les images disproportionn\u00e9es sont \u00e9vit\u00e9es, notamment gr\u00e2ce \u00e0 la graisse pr\u00e9lev\u00e9e sur les zones en exc\u00e8s. Ainsi, l&#039;int\u00e9grit\u00e9 est assur\u00e9e de la mani\u00e8re la plus correcte.<\/p><p>Si la masse grasse dans le corps de la personne est faible, cela peut \u00e9galement se produire gr\u00e2ce au silicone. Des silicones de la taille souhait\u00e9e sont plac\u00e9es au bas des piercings sans endommager en aucune fa\u00e7on les tissus des fesses. La liposuccion est la chose la plus appropri\u00e9e pour les m\u00e9thodes de r\u00e9duction ou de lifting des fesses.<\/p><p>\u00a0<\/p><h3><strong>Qui peut avoir une esth\u00e9tique avec BBL ?<\/strong><\/h3><p>Cette esth\u00e9tique peut \u00eatre r\u00e9alis\u00e9e facilement par quiconque n&#039;aime pas le rapport et la forme de la hanche. Les structures des hanches sont d\u00e9termin\u00e9es par des structures g\u00e9n\u00e9tiques. Des effets tels que la forme squelettique du corps, les d\u00e9p\u00f4ts de graisse affectent l&#039;apparence des hanches ou des fesses. Ces esth\u00e9tiques peuvent \u00eatre facilement r\u00e9alis\u00e9es sur des personnes de tous \u00e2ges. Il n&#039;y a aucun dommage ou probl\u00e8me. Les personnes qui n&#039;ont pas d&#039;affaissement excessif des hanches, les personnes qui ont suffisamment de graisse dans leurs parties du corps peuvent subir ces op\u00e9rations plus facilement. Il peut \u00eatre facilement amen\u00e9 aux tailles et niveaux de levage souhait\u00e9s sans endommager la crosse de quelque mani\u00e8re que ce soit.<\/p><p>\u00a0<\/p><h3><strong>Quels sont les avantages de BBL Aesthetics ?<\/strong><\/h3><p>Il am\u00e9liore les courbes des bas du corps, notamment chez les femmes, en les montrant mieux. Cela rend les hanches plus pleines et plus droites. \u00c9tant donn\u00e9 que la graisse dans d&#039;autres parties du corps diminuera, le corps se montrera beaucoup mieux. Lorsqu&#039;une tenue est port\u00e9e, des lignes de corps plus attrayantes sont obtenues. Surtout chez les personnes ayant des hanches faciales, on obtient de belles fesses. Il y a des situations qui sont tr\u00e8s agr\u00e9ables \u00e0 l&#039;\u0153il en termes d&#039;esth\u00e9tique. Il cr\u00e9e une image b\u00e9n\u00e9fique en cr\u00e9ant l&#039;\u00e9quilibre sup\u00e9rieur et inf\u00e9rieur dans le corps.<\/p><p>\u00a0<\/p><h3><strong>Comment se d\u00e9roulent les op\u00e9rations esth\u00e9tiques BBL ?<\/strong><\/h3><p>Avant d&#039;appliquer ces op\u00e9rations, la structure corporelle et les taux de graisse de la personne sont v\u00e9rifi\u00e9s. Pendant l&#039;op\u00e9ration, la graisse est pr\u00e9lev\u00e9e sur certaines parties du corps par des moyens appropri\u00e9s. Il est garanti que la graisse est collect\u00e9e et \u00e9limin\u00e9e avec certains principes sans endommager au minimum les tissus adipeux. Ces graisses collect\u00e9es du corps sont transf\u00e9r\u00e9es de mani\u00e8re appropri\u00e9e vers la zone requise. Les graisses pr\u00e9lev\u00e9es sont purifi\u00e9es et pr\u00e9par\u00e9es pour \u00eatre transf\u00e9r\u00e9es dans la zone des fesses.<\/p><p>Les personnes qui souhaitent agrandir et am\u00e9liorer le volume des fesses s&#039;appliquent d\u00e9finitivement \u00e0 cette op\u00e9ration. Toutes les huiles ne resteront pas dans cette zone et au bout d&#039;un moment, certaines d&#039;entre elles fondront d&#039;elles-m\u00eames. Le chirurgien, tout compte fait, r\u00e9alise l&#039;intervention dans des conditions tr\u00e8s hygi\u00e9niques et favorables.<\/p><p>\u00a0<\/p><h3><strong>Comment se d\u00e9roule le processus de r\u00e9cup\u00e9ration apr\u00e8s BBL Aesthetics ?<\/strong><\/h3><p>Les personnes qui ont subi cette esth\u00e9tique doivent absolument prendre certaines pr\u00e9cautions pendant le processus de gu\u00e9rison. De petites doses d&#039;analg\u00e9siques doivent \u00eatre consomm\u00e9es pour un minimum de douleur pouvant survenir apr\u00e8s la chirurgie. Apr\u00e8s cette chirurgie, il est interdit de s&#039;asseoir ou de s&#039;allonger sur la hanche pendant 2 semaines. Le chirurgien qui a effectu\u00e9 l&#039;op\u00e9ration recommande d\u00e9finitivement de se coucher davantage sur le ventre. Pendant un certain temps, il sera recommand\u00e9 que toutes les activit\u00e9s sauf le besoin d&#039;aller aux toilettes se fassent debout.<\/p><p>Des si\u00e8ges de type bagel sont utilis\u00e9s afin de ne pas cr\u00e9er de pression imm\u00e9diate sur les hanches. 8 semaines apr\u00e8s l&#039;op\u00e9ration, la personne peut reprendre une vie normale. La premi\u00e8re semaine de l&#039;op\u00e9ration est tr\u00e8s importante. La personne op\u00e9r\u00e9e peut reprendre le travail dans les 10 \u00e0 14 jours suivant cette semaine.<\/p><p>\u00a0<\/p><h3><strong>Quels sont les tarifs de BBL Aesthetics ?<\/strong><\/h3><p>Les gammes de prix d\u00e9termin\u00e9es dans cette esth\u00e9tique sont en constante \u00e9volution. La taille des fesses, la quantit\u00e9 de graisse \u00e0 appliquer\u00a0<strong>prix esth\u00e9tiques bbl\u00a0<\/strong>peut entra\u00eener des changements dans La clinique et le chirurgien o\u00f9 vous le souhaitez affectent les prix. Apr\u00e8s avoir d\u00e9cid\u00e9 de cette chirurgie, la personne apprend les proc\u00e9dures \u00e0 effectuer en rencontrant la chirurgie appropri\u00e9e du chirurgien. Ensuite, apr\u00e8s avoir pass\u00e9 les tests et analyses appropri\u00e9s, la m\u00e9thode \u00e0 appliquer et la quantit\u00e9 de p\u00e9trole \u00e0 acheter sont d\u00e9termin\u00e9es et une analyse de prix est effectu\u00e9e. Une fois tous ceux-ci d\u00e9termin\u00e9s, le m\u00e9decin donne le prix au patient.<\/p><\/section><\/section>\t\t\t\t\t\t\t\t<\/div>\n\t\t\t\t<\/div>\n\t\t\t\t\t<\/div>\n\t\t<\/div>\n\t\t\t\t\t<\/div>\n\t\t<\/section>\n\t\t\t\t<section class=\"elementor-section elementor-top-section elementor-element elementor-element-946275a elementor-section-boxed elementor-section-height-default elementor-section-height-default\" data-id=\"946275a\" data-element_type=\"section\" data-settings=\"{&quot;ekit_has_onepagescroll_dot&quot;:&quot;yes&quot;}\">\n\t\t\t\t\t\t<div class=\"elementor-container elementor-column-gap-default\">\n\t\t\t\t\t<div class=\"elementor-column elementor-col-100 elementor-top-column elementor-element elementor-element-b5f1a3b\" data-id=\"b5f1a3b\" data-element_type=\"column\">\n\t\t\t<div class=\"elementor-widget-wrap elementor-element-populated\">\n\t\t\t\t\t\t<div class=\"elementor-element elementor-element-e0c7e71 elementor-widget elementor-widget-shortcode\" data-id=\"e0c7e71\" data-element_type=\"widget\" data-settings=\"{&quot;ekit_we_effect_on&quot;:&quot;none&quot;}\" data-widget_type=\"shortcode.default\">\n\t\t\t\t<div class=\"elementor-widget-container\">\n\t\t\t\t\t\t\t<div class=\"elementor-shortcode\">Derni\u00e8re mise \u00e0 jour le 2 ao\u00fbt 2023 Informations de l&#039;\u00e9diteur\u00a0:<a href=\"\" target=\"_blank\" class=\"last-modified-author\">digital@apexclinic.com.tr<\/a><\/div>\n\t\t\t\t\t\t<\/div>\n\t\t\t\t<\/div>\n\t\t\t\t\t<\/div>\n\t\t<\/div>\n\t\t\t\t\t<\/div>\n\t\t<\/section>\n\t\t\t\t<\/div>","protected":false},"excerpt":{"rendered":"<p>Brezilya Popo Esteti\u011fi (BBL) BBL Hastanede Kal\u0131\u015f S\u00fcresi: 1 G\u00fcn Operasyon S\u00fcresi: 2-4 Saat Anestezi: Genel \u0130yile\u015fme S\u00fcresi: 1-2 Hafta Hemen Randevu Al\u0131n BBL Esteti\u011fi Orant\u0131l\u0131 bir v\u00fccut isteyen ki\u015filerin ilk yapt\u0131rd\u0131\u011f\u0131 \u015fey popo kald\u0131rma ameliyatlar\u0131 olmaktad\u0131r. Bu ameliyatlar g\u00fcn\u00fcm\u00fczde \u00e7ok yayg\u0131n olarak yap\u0131lan a\u011fr\u0131s\u0131z ac\u0131s\u0131z ve \u00f6zel ameliyatlar olarak bulunmaktad\u0131r. Ki\u015filer daha dolgun ve [&hellip;]<\/p>","protected":false},"author":3,"featured_media":0,"parent":0,"menu_order":0,"comment_status":"closed","ping_status":"closed","template":"elementor_header_footer","meta":{"_lmt_disableupdate":"","_lmt_disable":"","_monsterinsights_skip_tracking":false,"_monsterinsights_sitenote_active":false,"_monsterinsights_sitenote_note":"","_monsterinsights_sitenote_category":0,"site-sidebar-layout":"no-sidebar","site-content-layout":"page-builder","ast-site-content-layout":"","site-content-style":"default","site-sidebar-style":"default","ast-global-header-display":"","ast-banner-title-visibility":"","ast-main-header-display":"","ast-hfb-above-header-display":"","ast-hfb-below-header-display":"","ast-hfb-mobile-header-display":"","site-post-title":"disabled","ast-breadcrumbs-content":"","ast-featured-img":"disabled","footer-sml-layout":"","theme-transparent-header-meta":"","adv-header-id-meta":"","stick-header-meta":"","header-above-stick-meta":"","header-main-stick-meta":"","header-below-stick-meta":"","astra-migrate-meta-layouts":"default","ast-page-background-enabled":"default","ast-page-background-meta":{"desktop":{"background-color":"var(--ast-global-color-4)","background-image":"","background-repeat":"repeat","background-position":"center center","background-size":"auto","background-attachment":"scroll","background-type":"","background-media":"","overlay-type":"","overlay-color":"","overlay-opacity":"","overlay-gradient":""},"tablet":{"background-color":"","background-image":"","background-repeat":"repeat","background-position":"center center","background-size":"auto","background-attachment":"scroll","background-type":"","background-media":"","overlay-type":"","overlay-color":"","overlay-opacity":"","overlay-gradient":""},"mobile":{"background-color":"","background-image":"","background-repeat":"repeat","background-position":"center center","background-size":"auto","background-attachment":"scroll","background-type":"","background-media":"","overlay-type":"","overlay-color":"","overlay-opacity":"","overlay-gradient":""}},"ast-content-background-meta":{"desktop":{"background-color":"var(--ast-global-color-5)","background-image":"","background-repeat":"repeat","background-position":"center center","background-size":"auto","background-attachment":"scroll","background-type":"","background-media":"","overlay-type":"","overlay-color":"","overlay-opacity":"","overlay-gradient":""},"tablet":{"background-color":"var(--ast-global-color-5)","background-image":"","background-repeat":"repeat","background-position":"center center","background-size":"auto","background-attachment":"scroll","background-type":"","background-media":"","overlay-type":"","overlay-color":"","overlay-opacity":"","overlay-gradient":""},"mobile":{"background-color":"var(--ast-global-color-5)","background-image":"","background-repeat":"repeat","background-position":"center center","background-size":"auto","background-attachment":"scroll","background-type":"","background-media":"","overlay-type":"","overlay-color":"","overlay-opacity":"","overlay-gradient":""}},"_joinchat":[],"footnotes":""},"class_list":["post-2351","page","type-page","status-publish","hentry"],"_links":{"self":[{"href":"https:\/\/www.apexclinic.com.tr\/fr\/wp-json\/wp\/v2\/pages\/2351"}],"collection":[{"href":"https:\/\/www.apexclinic.com.tr\/fr\/wp-json\/wp\/v2\/pages"}],"about":[{"href":"https:\/\/www.apexclinic.com.tr\/fr\/wp-json\/wp\/v2\/types\/page"}],"author":[{"embeddable":true,"href":"https:\/\/www.apexclinic.com.tr\/fr\/wp-json\/wp\/v2\/users\/3"}],"replies":[{"embeddable":true,"href":"https:\/\/www.apexclinic.com.tr\/fr\/wp-json\/wp\/v2\/comments?post=2351"}],"version-history":[{"count":3,"href":"https:\/\/www.apexclinic.com.tr\/fr\/wp-json\/wp\/v2\/pages\/2351\/revisions"}],"predecessor-version":[{"id":3463,"href":"https:\/\/www.apexclinic.com.tr\/fr\/wp-json\/wp\/v2\/pages\/2351\/revisions\/3463"}],"wp:attachment":[{"href":"https:\/\/www.apexclinic.com.tr\/fr\/wp-json\/wp\/v2\/media?parent=2351"}],"curies":[{"name":"wp","href":"https:\/\/api.w.org\/{rel}","templated":true}]}}