{"id":2737,"date":"2022-09-22T14:20:27","date_gmt":"2022-09-22T14:20:27","guid":{"rendered":"https:\/\/www.apexclinic.com.tr\/?page_id=2737"},"modified":"2024-07-11T10:24:06","modified_gmt":"2024-07-11T10:24:06","slug":"hollywood-smile-gulus-tasarimi","status":"publish","type":"page","link":"https:\/\/www.apexclinic.com.tr\/fr\/hollywood-smile-gulus-design\/","title":{"rendered":"Sourire HollyWood (conception de sourire)"},"content":{"rendered":"<div data-elementor-type=\"wp-page\" data-elementor-id=\"2737\" class=\"elementor elementor-2737\" data-elementor-post-type=\"page\">\n\t\t\t\t\t\t<section class=\"elementor-section elementor-top-section elementor-element elementor-element-1e60086 elementor-section-content-middle elementor-section-boxed elementor-section-height-default elementor-section-height-default\" data-id=\"1e60086\" data-element_type=\"section\" data-settings=\"{&quot;background_background&quot;:&quot;classic&quot;,&quot;ekit_has_onepagescroll_dot&quot;:&quot;yes&quot;}\">\n\t\t\t\t\t\t<div class=\"elementor-container elementor-column-gap-wide\">\n\t\t\t\t\t<div class=\"elementor-column elementor-col-50 elementor-top-column elementor-element elementor-element-03ebb3a\" data-id=\"03ebb3a\" data-element_type=\"column\">\n\t\t\t<div class=\"elementor-widget-wrap elementor-element-populated\">\n\t\t\t\t\t\t<div class=\"elementor-element elementor-element-acbfdd6 elementor-invisible elementor-widget elementor-widget-heading\" data-id=\"acbfdd6\" data-element_type=\"widget\" data-settings=\"{&quot;_animation&quot;:&quot;fadeIn&quot;,&quot;ekit_we_effect_on&quot;:&quot;none&quot;}\" data-widget_type=\"heading.default\">\n\t\t\t\t<div class=\"elementor-widget-container\">\n\t\t\t\t\t<h5 class=\"elementor-heading-title elementor-size-medium\">Apex Clinic<\/h5>\t\t\t\t<\/div>\n\t\t\t\t<\/div>\n\t\t\t\t<div class=\"elementor-element elementor-element-77655fb elementor-widget elementor-widget-heading\" data-id=\"77655fb\" data-element_type=\"widget\" data-settings=\"{&quot;ekit_we_effect_on&quot;:&quot;none&quot;}\" data-widget_type=\"heading.default\">\n\t\t\t\t<div class=\"elementor-widget-container\">\n\t\t\t\t\t<h2 class=\"elementor-heading-title elementor-size-xxl\">Sourire de HollyWood<\/h2>\t\t\t\t<\/div>\n\t\t\t\t<\/div>\n\t\t\t\t<div class=\"elementor-element elementor-element-ad0f82e elementor-widget-divider--view-line elementor-invisible elementor-widget elementor-widget-divider\" data-id=\"ad0f82e\" data-element_type=\"widget\" data-settings=\"{&quot;_animation&quot;:&quot;fadeInUp&quot;,&quot;ekit_we_effect_on&quot;:&quot;none&quot;}\" data-widget_type=\"divider.default\">\n\t\t\t\t<div class=\"elementor-widget-container\">\n\t\t\t\t\t\t\t<div class=\"elementor-divider\">\n\t\t\t<span class=\"elementor-divider-separator\">\n\t\t\t\t\t\t<\/span>\n\t\t<\/div>\n\t\t\t\t\t\t<\/div>\n\t\t\t\t<\/div>\n\t\t\t\t<div class=\"elementor-element elementor-element-33869bd elementor-widget elementor-widget-text-editor\" data-id=\"33869bd\" data-element_type=\"widget\" data-settings=\"{&quot;ekit_we_effect_on&quot;:&quot;none&quot;}\" data-widget_type=\"text-editor.default\">\n\t\t\t\t<div class=\"elementor-widget-container\">\n\t\t\t\t\t\t\t\t\t<p>La conception du sourire Hollywood Smile est une proc\u00e9dure simple qui peut corriger une grande vari\u00e9t\u00e9 de troubles dentaires. Le but de ce sourire est d&#039;atteindre un standard dentaire id\u00e9al et un sourire radieux.<br \/>Hollywood Smile combine des traitements dentaires cosm\u00e9tiques et restaurateurs pour vous faire sourire comme une star. Les facettes dentaires esth\u00e9tiques aident \u00e0 couvrir les imperfections de votre sourire gr\u00e2ce \u00e0 un plan de traitement personnalis\u00e9 en fonction de vos besoins et de vos souhaits.<\/p>\t\t\t\t\t\t\t\t<\/div>\n\t\t\t\t<\/div>\n\t\t\t\t<div class=\"elementor-element elementor-element-f0281ed elementor-align-right elementor-invisible elementor-widget elementor-widget-button\" data-id=\"f0281ed\" data-element_type=\"widget\" data-settings=\"{&quot;_animation&quot;:&quot;fadeInUp&quot;,&quot;_animation_delay&quot;:800,&quot;ekit_we_effect_on&quot;:&quot;none&quot;}\" data-widget_type=\"button.default\">\n\t\t\t\t<div class=\"elementor-widget-container\">\n\t\t\t\t\t\t\t\t\t<div class=\"elementor-button-wrapper\">\n\t\t\t\t\t<a class=\"elementor-button elementor-button-link elementor-size-md elementor-animation-float\" href=\"https:\/\/www.apexclinic.com.tr\/fr\/contact\/\">\n\t\t\t\t\t\t<span class=\"elementor-button-content-wrapper\">\n\t\t\t\t\t\t<span class=\"elementor-button-icon\">\n\t\t\t\t<i aria-hidden=\"true\" class=\"fas fa-long-arrow-alt-right\"><\/i>\t\t\t<\/span>\n\t\t\t\t\t\t\t\t\t<span class=\"elementor-button-text\">Prendre rendez-vous<\/span>\n\t\t\t\t\t<\/span>\n\t\t\t\t\t<\/a>\n\t\t\t\t<\/div>\n\t\t\t\t\t\t\t\t<\/div>\n\t\t\t\t<\/div>\n\t\t\t\t\t<\/div>\n\t\t<\/div>\n\t\t\t\t<div class=\"elementor-column elementor-col-50 elementor-top-column elementor-element elementor-element-7d657d7\" data-id=\"7d657d7\" data-element_type=\"column\">\n\t\t\t<div class=\"elementor-widget-wrap elementor-element-populated\">\n\t\t\t\t\t\t<div class=\"elementor-element elementor-element-6c52ddc elementor-widget elementor-widget-html\" data-id=\"6c52ddc\" data-element_type=\"widget\" data-settings=\"{&quot;ekit_we_effect_on&quot;:&quot;none&quot;}\" data-widget_type=\"html.default\">\n\t\t\t\t<div class=\"elementor-widget-container\">\n\t\t\t\t\t<div style=\"width: 100%; height: 0px; position: relative; padding-bottom: 56.250%;\"><iframe src=\"https:\/\/streamable.com\/e\/78824u\" frameborder=\"0\" width=\"100%\" height=\"100%\" allowfullscreen style=\"width: 100%; height: 100%; position: absolute;\"><\/iframe><\/div>\t\t\t\t<\/div>\n\t\t\t\t<\/div>\n\t\t\t\t\t<\/div>\n\t\t<\/div>\n\t\t\t\t\t<\/div>\n\t\t<\/section>\n\t\t\t\t<section class=\"elementor-section elementor-top-section elementor-element elementor-element-c59a366 elementor-section-boxed elementor-section-height-default elementor-section-height-default\" data-id=\"c59a366\" data-element_type=\"section\" data-settings=\"{&quot;ekit_has_onepagescroll_dot&quot;:&quot;yes&quot;}\">\n\t\t\t\t\t\t<div class=\"elementor-container elementor-column-gap-default\">\n\t\t\t\t\t<div class=\"elementor-column elementor-col-100 elementor-top-column elementor-element elementor-element-d41d481\" data-id=\"d41d481\" data-element_type=\"column\">\n\t\t\t<div class=\"elementor-widget-wrap elementor-element-populated\">\n\t\t\t\t\t\t<div class=\"elementor-element elementor-element-a536d1d elementor-widget elementor-widget-text-editor\" data-id=\"a536d1d\" data-element_type=\"widget\" data-settings=\"{&quot;ekit_we_effect_on&quot;:&quot;none&quot;}\" data-widget_type=\"text-editor.default\">\n\t\t\t\t<div class=\"elementor-widget-container\">\n\t\t\t\t\t\t\t\t\t<h3>Qu\u2019est-ce que le sourire hollywoodien ?<\/h3><p>Hollywood Smile tire son nom des sourires parfaits des stars hollywoodiennes et garantit que les dents sont esth\u00e9tiquement optimis\u00e9es. Ce traitement comprend de nombreuses proc\u00e9dures telles que le blanchiment des dents, les couronnes dentaires, l\u2019alignement des dents et l\u2019esth\u00e9tique des gencives. En tant que Clinique Apex, nous donnons confiance \u00e0 nos patients et leur permettons de sourire de leur mieux gr\u00e2ce au traitement Hollywood Smile.<\/p><h3>Ce qui est requis pour une esth\u00e9tique de sourire efficace<\/h3><p>Une esth\u00e9tique du sourire efficace n\u00e9cessite que les dents soient proportionnelles entre elles et au visage. De nombreux facteurs assurent cet \u00e9quilibre :<\/p><ul><li><strong>Dimensionnement des dents selon le nombre d&#039;or\u00a0:<\/strong> La taille des dents dans une certaine mesure est importante pour un aspect esth\u00e9tique.<\/li><li><strong>Aucun espace entre les dents\u00a0:<\/strong> N\u2019avoir aucun espace entre les dents est essentiel pour un sourire lisse.<\/li><li><strong>Sym\u00e9trie gingivale\u00a0:<\/strong> La sym\u00e9trie des gencives donne au sourire un aspect esth\u00e9tique.<\/li><li><strong>Visibilit\u00e9 des gencives\u00a0:<\/strong> En position souriante, il est id\u00e9al que les gencives apparaissent \u00e0 une certaine distance sous les l\u00e8vres.<\/li><li><strong>Quantit\u00e9 d&#039;apparence des dents\u00a0:<\/strong> En position souriante, les dents doivent appara\u00eetre de mani\u00e8re optimale.<\/li><li><strong>Sym\u00e9trie m\u00e9diane des dents\u00a0:<\/strong> L\u2019alignement sym\u00e9trique des dents selon la ligne m\u00e9diane assure un sourire \u00e9quilibr\u00e9.<\/li><li><strong>Des gencives saines\u00a0:<\/strong> Avoir des gencives saines est important pour la sant\u00e9 bucco-dentaire globale.<\/li><li><strong>Phonation correcte\u00a0:<\/strong> Pendant que vous parlez, les sons doivent frapper correctement les dents et une bonne phonation doit \u00eatre assur\u00e9e.<\/li><\/ul><h3>\u00c0 qui s\u2019applique Hollywood Smile ?<\/h3><p>Dans le mod\u00e8le Hollywood Smile, l&#039;\u00e9tat des l\u00e8vres et des gencives du patient est examin\u00e9 en d\u00e9tail. Les formes, les tailles et les positions des dents dans la bouche sont examin\u00e9es et le dessin du sourire qui convient le mieux au visage de la personne est appliqu\u00e9. Le ph\u00e9nom\u00e8ne esth\u00e9tique est propre \u00e0 l\u2019individu ; Il est con\u00e7u en tenant compte de la proportion du visage de la personne, de la couleur des dents, de la position des l\u00e8vres et de la couleur de la peau.<\/p><h3>Comment faire un sourire hollywoodien ?<\/h3><p>La photographie est tr\u00e8s importante en dentisterie pour cr\u00e9er un sourire hollywoodien. En photographie dentaire, les dents et les tissus environnants sont photographi\u00e9s. Outre les photographies, la prise de mesures est \u00e9galement importante pour la conception du sourire en 3D afin que les informations soient transf\u00e9r\u00e9es au laboratoire dentaire. Des vid\u00e9os sont \u00e9galement prises et l&#039;esth\u00e9tique faciale dynamique du patient est examin\u00e9e tout en parlant et en riant, et ce qui peut \u00eatre fait au sujet des dents pour une beaut\u00e9 faciale optimale est d\u00e9termin\u00e9.<\/p>\t\t\t\t\t\t\t\t<\/div>\n\t\t\t\t<\/div>\n\t\t\t\t\t<\/div>\n\t\t<\/div>\n\t\t\t\t\t<\/div>\n\t\t<\/section>\n\t\t\t\t<section class=\"elementor-section elementor-top-section elementor-element elementor-element-7fb0c49 elementor-section-boxed elementor-section-height-default elementor-section-height-default\" data-id=\"7fb0c49\" data-element_type=\"section\" data-settings=\"{&quot;ekit_has_onepagescroll_dot&quot;:&quot;yes&quot;}\">\n\t\t\t\t\t\t<div class=\"elementor-container elementor-column-gap-default\">\n\t\t\t\t\t<div class=\"elementor-column elementor-col-100 elementor-top-column elementor-element elementor-element-0055d10\" data-id=\"0055d10\" data-element_type=\"column\">\n\t\t\t<div class=\"elementor-widget-wrap elementor-element-populated\">\n\t\t\t\t\t\t<div class=\"elementor-element elementor-element-fbd9b3e elementor-widget elementor-widget-shortcode\" data-id=\"fbd9b3e\" data-element_type=\"widget\" data-settings=\"{&quot;ekit_we_effect_on&quot;:&quot;none&quot;}\" data-widget_type=\"shortcode.default\">\n\t\t\t\t<div class=\"elementor-widget-container\">\n\t\t\t\t\t\t\t<div class=\"elementor-shortcode\">Derni\u00e8re mise \u00e0 jour le 11 juillet 2024 Informations sur l&#039;\u00e9diteur\u00a0:<a href=\"\" target=\"_blank\" class=\"last-modified-author\">digital@apexclinic.com.tr<\/a><\/div>\n\t\t\t\t\t\t<\/div>\n\t\t\t\t<\/div>\n\t\t\t\t\t<\/div>\n\t\t<\/div>\n\t\t\t\t\t<\/div>\n\t\t<\/section>\n\t\t\t\t<\/div>","protected":false},"excerpt":{"rendered":"<p>Apex Clinic HollyWood Smile Hollywood Smile g\u00fcl\u00fc\u015f tasar\u0131m\u0131, \u00e7ok \u00e7e\u015fitli di\u015f bozukluklar\u0131n\u0131 d\u00fczeltebilen basit bir prosed\u00fcrd\u00fcr. Bu g\u00fcl\u00fc\u015f\u00fcn amac\u0131 ideal bir di\u015f standart\u0131 ve \u0131\u015f\u0131lt\u0131l\u0131 bir g\u00fcl\u00fc\u015f elde etmektir.Hollywood Smile, sizi bir star gibi g\u00fcl\u00fcmsetmek i\u00e7in kozmetik ve onar\u0131c\u0131 di\u015f tedavilerini birle\u015ftirir. Estetik di\u015f kaplamalar\u0131, ihtiya\u00e7lar\u0131n\u0131za ve isteklerinize uyacak ki\u015fiselle\u015ftirilmi\u015f bir tedavi plan\u0131 arac\u0131l\u0131\u011f\u0131yla g\u00fcl\u00fc\u015f\u00fcn\u00fczdeki [&hellip;]<\/p>","protected":false},"author":3,"featured_media":0,"parent":0,"menu_order":0,"comment_status":"closed","ping_status":"closed","template":"","meta":{"_lmt_disableupdate":"","_lmt_disable":"","_monsterinsights_skip_tracking":false,"_monsterinsights_sitenote_active":false,"_monsterinsights_sitenote_note":"","_monsterinsights_sitenote_category":0,"site-sidebar-layout":"no-sidebar","site-content-layout":"page-builder","ast-site-content-layout":"","site-content-style":"default","site-sidebar-style":"default","ast-global-header-display":"","ast-banner-title-visibility":"","ast-main-header-display":"","ast-hfb-above-header-display":"","ast-hfb-below-header-display":"","ast-hfb-mobile-header-display":"","site-post-title":"disabled","ast-breadcrumbs-content":"","ast-featured-img":"disabled","footer-sml-layout":"","theme-transparent-header-meta":"","adv-header-id-meta":"","stick-header-meta":"","header-above-stick-meta":"","header-main-stick-meta":"","header-below-stick-meta":"","astra-migrate-meta-layouts":"default","ast-page-background-enabled":"default","ast-page-background-meta":{"desktop":{"background-color":"var(--ast-global-color-4)","background-image":"","background-repeat":"repeat","background-position":"center center","background-size":"auto","background-attachment":"scroll","background-type":"","background-media":"","overlay-type":"","overlay-color":"","overlay-opacity":"","overlay-gradient":""},"tablet":{"background-color":"","background-image":"","background-repeat":"repeat","background-position":"center center","background-size":"auto","background-attachment":"scroll","background-type":"","background-media":"","overlay-type":"","overlay-color":"","overlay-opacity":"","overlay-gradient":""},"mobile":{"background-color":"","background-image":"","background-repeat":"repeat","background-position":"center center","background-size":"auto","background-attachment":"scroll","background-type":"","background-media":"","overlay-type":"","overlay-color":"","overlay-opacity":"","overlay-gradient":""}},"ast-content-background-meta":{"desktop":{"background-color":"var(--ast-global-color-5)","background-image":"","background-repeat":"repeat","background-position":"center center","background-size":"auto","background-attachment":"scroll","background-type":"","background-media":"","overlay-type":"","overlay-color":"","overlay-opacity":"","overlay-gradient":""},"tablet":{"background-color":"var(--ast-global-color-5)","background-image":"","background-repeat":"repeat","background-position":"center center","background-size":"auto","background-attachment":"scroll","background-type":"","background-media":"","overlay-type":"","overlay-color":"","overlay-opacity":"","overlay-gradient":""},"mobile":{"background-color":"var(--ast-global-color-5)","background-image":"","background-repeat":"repeat","background-position":"center center","background-size":"auto","background-attachment":"scroll","background-type":"","background-media":"","overlay-type":"","overlay-color":"","overlay-opacity":"","overlay-gradient":""}},"_joinchat":[],"footnotes":""},"class_list":["post-2737","page","type-page","status-publish","hentry"],"_links":{"self":[{"href":"https:\/\/www.apexclinic.com.tr\/fr\/wp-json\/wp\/v2\/pages\/2737"}],"collection":[{"href":"https:\/\/www.apexclinic.com.tr\/fr\/wp-json\/wp\/v2\/pages"}],"about":[{"href":"https:\/\/www.apexclinic.com.tr\/fr\/wp-json\/wp\/v2\/types\/page"}],"author":[{"embeddable":true,"href":"https:\/\/www.apexclinic.com.tr\/fr\/wp-json\/wp\/v2\/users\/3"}],"replies":[{"embeddable":true,"href":"https:\/\/www.apexclinic.com.tr\/fr\/wp-json\/wp\/v2\/comments?post=2737"}],"version-history":[{"count":9,"href":"https:\/\/www.apexclinic.com.tr\/fr\/wp-json\/wp\/v2\/pages\/2737\/revisions"}],"predecessor-version":[{"id":3790,"href":"https:\/\/www.apexclinic.com.tr\/fr\/wp-json\/wp\/v2\/pages\/2737\/revisions\/3790"}],"wp:attachment":[{"href":"https:\/\/www.apexclinic.com.tr\/fr\/wp-json\/wp\/v2\/media?parent=2737"}],"curies":[{"name":"wp","href":"https:\/\/api.w.org\/{rel}","templated":true}]}}