{"id":2891,"date":"2022-09-23T08:24:40","date_gmt":"2022-09-23T08:24:40","guid":{"rendered":"https:\/\/www.apexclinic.com.tr\/?page_id=2891"},"modified":"2023-08-02T09:55:34","modified_gmt":"2023-08-02T09:55:34","slug":"mide-botoksu","status":"publish","type":"page","link":"https:\/\/www.apexclinic.com.tr\/fr\/estomac-botox\/","title":{"rendered":"Botox de l&#039;estomac"},"content":{"rendered":"<div data-elementor-type=\"wp-page\" data-elementor-id=\"2891\" class=\"elementor elementor-2891\" data-elementor-post-type=\"page\">\n\t\t\t\t\t\t<section class=\"elementor-section elementor-top-section elementor-element elementor-element-8d314c9 elementor-section-content-middle elementor-section-boxed elementor-section-height-default elementor-section-height-default\" data-id=\"8d314c9\" data-element_type=\"section\" data-settings=\"{&quot;background_background&quot;:&quot;classic&quot;,&quot;ekit_has_onepagescroll_dot&quot;:&quot;yes&quot;}\">\n\t\t\t\t\t\t<div class=\"elementor-container elementor-column-gap-no\">\n\t\t\t\t\t<div class=\"elementor-column elementor-col-50 elementor-top-column elementor-element elementor-element-228238c6\" data-id=\"228238c6\" data-element_type=\"column\" data-settings=\"{&quot;background_background&quot;:&quot;classic&quot;}\">\n\t\t\t<div class=\"elementor-widget-wrap elementor-element-populated\">\n\t\t\t\t\t\t<section class=\"elementor-section elementor-inner-section elementor-element elementor-element-65544c11 elementor-section-content-middle elementor-section-boxed elementor-section-height-default elementor-section-height-default\" data-id=\"65544c11\" data-element_type=\"section\" data-settings=\"{&quot;ekit_has_onepagescroll_dot&quot;:&quot;yes&quot;}\">\n\t\t\t\t\t\t<div class=\"elementor-container elementor-column-gap-default\">\n\t\t\t\t\t<div class=\"elementor-column elementor-col-50 elementor-inner-column elementor-element elementor-element-52f6619f\" data-id=\"52f6619f\" data-element_type=\"column\">\n\t\t\t<div class=\"elementor-widget-wrap elementor-element-populated\">\n\t\t\t\t\t\t<div class=\"elementor-element elementor-element-762201e0 elementor-widget-divider--view-line elementor-widget elementor-widget-divider\" data-id=\"762201e0\" data-element_type=\"widget\" data-settings=\"{&quot;ekit_we_effect_on&quot;:&quot;none&quot;}\" data-widget_type=\"divider.default\">\n\t\t\t\t<div class=\"elementor-widget-container\">\n\t\t\t\t\t\t\t<div class=\"elementor-divider\">\n\t\t\t<span class=\"elementor-divider-separator\">\n\t\t\t\t\t\t<\/span>\n\t\t<\/div>\n\t\t\t\t\t\t<\/div>\n\t\t\t\t<\/div>\n\t\t\t\t\t<\/div>\n\t\t<\/div>\n\t\t\t\t<div class=\"elementor-column elementor-col-50 elementor-inner-column elementor-element elementor-element-400c63b\" data-id=\"400c63b\" data-element_type=\"column\">\n\t\t\t<div class=\"elementor-widget-wrap elementor-element-populated\">\n\t\t\t\t\t\t<div class=\"elementor-element elementor-element-1b7b5c07 envato-kit-138-bracket elementor-widget elementor-widget-heading\" data-id=\"1b7b5c07\" data-element_type=\"widget\" data-settings=\"{&quot;ekit_we_effect_on&quot;:&quot;none&quot;}\" data-widget_type=\"heading.default\">\n\t\t\t\t<div class=\"elementor-widget-container\">\n\t\t\t\t\t<h3 class=\"elementor-heading-title elementor-size-default\">Apex Clinic<\/h3>\t\t\t\t<\/div>\n\t\t\t\t<\/div>\n\t\t\t\t\t<\/div>\n\t\t<\/div>\n\t\t\t\t\t<\/div>\n\t\t<\/section>\n\t\t\t\t<div class=\"elementor-element elementor-element-20c19315 elementor-widget elementor-widget-heading\" data-id=\"20c19315\" data-element_type=\"widget\" data-settings=\"{&quot;ekit_we_effect_on&quot;:&quot;none&quot;}\" data-widget_type=\"heading.default\">\n\t\t\t\t<div class=\"elementor-widget-container\">\n\t\t\t\t\t<h2 class=\"elementor-heading-title elementor-size-default\">Botox de l&#039;estomac<\/h2>\t\t\t\t<\/div>\n\t\t\t\t<\/div>\n\t\t\t\t<div class=\"elementor-element elementor-element-3a966ec2 elementor-widget elementor-widget-spacer\" data-id=\"3a966ec2\" data-element_type=\"widget\" data-settings=\"{&quot;ekit_we_effect_on&quot;:&quot;none&quot;}\" data-widget_type=\"spacer.default\">\n\t\t\t\t<div class=\"elementor-widget-container\">\n\t\t\t\t\t\t\t<div class=\"elementor-spacer\">\n\t\t\t<div class=\"elementor-spacer-inner\"><\/div>\n\t\t<\/div>\n\t\t\t\t\t\t<\/div>\n\t\t\t\t<\/div>\n\t\t\t\t<div class=\"elementor-element elementor-element-24997070 elementor-widget elementor-widget-text-editor\" data-id=\"24997070\" data-element_type=\"widget\" data-settings=\"{&quot;ekit_we_effect_on&quot;:&quot;none&quot;}\" data-widget_type=\"text-editor.default\">\n\t\t\t\t<div class=\"elementor-widget-container\">\n\t\t\t\t\t\t\t\t\t<p>Mide botoksu, endoskopi yolu ile midenin belirli b\u00f6lgelerine botilinum toksini enjekte edilmesi i\u015flemidir. Cerrahi bir y\u00f6ntem olmad\u0131\u011f\u0131 i\u00e7in herhangi bir kesi i\u015flemi yap\u0131lmayan mide botoksu tedavisinde, %15-20 kadar kilo kayb\u0131 hedeflenir. Mide botoksu sonucunda ghrelin ad\u0131 verilen a\u00e7l\u0131k hormonu seviyesinde azalma ya\u015fan\u0131r. Bununla birlikte, mide asit sal\u0131n\u0131m\u0131 azal\u0131r ve mide bo\u015falmas\u0131 yava\u015flar.<\/p>\t\t\t\t\t\t\t\t<\/div>\n\t\t\t\t<\/div>\n\t\t\t\t<div class=\"elementor-element elementor-element-36b59b7 elementor-tablet-align-center elementor-align-left elementor-widget elementor-widget-button\" data-id=\"36b59b7\" data-element_type=\"widget\" data-settings=\"{&quot;ekit_we_effect_on&quot;:&quot;none&quot;}\" data-widget_type=\"button.default\">\n\t\t\t\t<div class=\"elementor-widget-container\">\n\t\t\t\t\t\t\t\t\t<div class=\"elementor-button-wrapper\">\n\t\t\t\t\t<a class=\"elementor-button elementor-button-link elementor-size-md\" href=\"#makale\">\n\t\t\t\t\t\t<span class=\"elementor-button-content-wrapper\">\n\t\t\t\t\t\t\t\t\t<span class=\"elementor-button-text\">Suite<\/span>\n\t\t\t\t\t<\/span>\n\t\t\t\t\t<\/a>\n\t\t\t\t<\/div>\n\t\t\t\t\t\t\t\t<\/div>\n\t\t\t\t<\/div>\n\t\t\t\t\t<\/div>\n\t\t<\/div>\n\t\t\t\t<div class=\"elementor-column elementor-col-50 elementor-top-column elementor-element elementor-element-362f9d05\" data-id=\"362f9d05\" data-element_type=\"column\" data-settings=\"{&quot;background_background&quot;:&quot;classic&quot;}\">\n\t\t\t<div class=\"elementor-widget-wrap elementor-element-populated\">\n\t\t\t\t\t\t<section class=\"elementor-section elementor-inner-section elementor-element elementor-element-7c85fd9d elementor-section-full_width elementor-section-height-default elementor-section-height-default\" data-id=\"7c85fd9d\" data-element_type=\"section\" data-settings=\"{&quot;background_background&quot;:&quot;classic&quot;,&quot;ekit_has_onepagescroll_dot&quot;:&quot;yes&quot;}\">\n\t\t\t\t\t\t<div class=\"elementor-container elementor-column-gap-no\">\n\t\t\t\t\t<div class=\"elementor-column elementor-col-100 elementor-inner-column elementor-element elementor-element-364df4cf\" data-id=\"364df4cf\" data-element_type=\"column\">\n\t\t\t<div class=\"elementor-widget-wrap elementor-element-populated\">\n\t\t\t\t\t\t<div class=\"elementor-element elementor-element-1f72805 elementor-widget elementor-widget-image\" data-id=\"1f72805\" data-element_type=\"widget\" data-settings=\"{&quot;ekit_we_effect_on&quot;:&quot;none&quot;}\" data-widget_type=\"image.default\">\n\t\t\t\t<div class=\"elementor-widget-container\">\n\t\t\t\t\t\t\t\t\t\t\t\t\t\t\t<img fetchpriority=\"high\" decoding=\"async\" width=\"1024\" height=\"683\" src=\"https:\/\/www.apexclinic.com.tr\/wp-content\/uploads\/2022\/09\/young-woman-with-beautiful-body-measure-tape-min-1024x683.jpg\" class=\"attachment-large size-large wp-image-2766\" alt=\"pontage gastrique\" srcset=\"https:\/\/www.apexclinic.com.tr\/wp-content\/uploads\/2022\/09\/young-woman-with-beautiful-body-measure-tape-min-1024x683.jpg 1024w, https:\/\/www.apexclinic.com.tr\/wp-content\/uploads\/2022\/09\/young-woman-with-beautiful-body-measure-tape-min-300x200.jpg 300w, https:\/\/www.apexclinic.com.tr\/wp-content\/uploads\/2022\/09\/young-woman-with-beautiful-body-measure-tape-min-768x512.jpg 768w, https:\/\/www.apexclinic.com.tr\/wp-content\/uploads\/2022\/09\/young-woman-with-beautiful-body-measure-tape-min-1536x1024.jpg 1536w, https:\/\/www.apexclinic.com.tr\/wp-content\/uploads\/2022\/09\/young-woman-with-beautiful-body-measure-tape-min-2048x1365.jpg 2048w, https:\/\/www.apexclinic.com.tr\/wp-content\/uploads\/2022\/09\/young-woman-with-beautiful-body-measure-tape-min-18x12.jpg 18w\" sizes=\"(max-width: 1024px) 100vw, 1024px\" \/>\t\t\t\t\t\t\t\t\t\t\t\t\t\t\t<\/div>\n\t\t\t\t<\/div>\n\t\t\t\t\t<\/div>\n\t\t<\/div>\n\t\t\t\t\t<\/div>\n\t\t<\/section>\n\t\t\t\t\t<\/div>\n\t\t<\/div>\n\t\t\t\t\t<\/div>\n\t\t<\/section>\n\t\t\t\t<section class=\"elementor-section elementor-top-section elementor-element elementor-element-7214ea3 elementor-section-boxed elementor-section-height-default elementor-section-height-default\" data-id=\"7214ea3\" data-element_type=\"section\" id=\"makale\" data-settings=\"{&quot;ekit_has_onepagescroll_dot&quot;:&quot;yes&quot;}\">\n\t\t\t\t\t\t<div class=\"elementor-container elementor-column-gap-default\">\n\t\t\t\t\t<div class=\"elementor-column elementor-col-100 elementor-top-column elementor-element elementor-element-1245a49\" data-id=\"1245a49\" data-element_type=\"column\">\n\t\t\t<div class=\"elementor-widget-wrap elementor-element-populated\">\n\t\t\t\t\t\t<div class=\"elementor-element elementor-element-3b93696 elementor-widget elementor-widget-text-editor\" data-id=\"3b93696\" data-element_type=\"widget\" data-settings=\"{&quot;ekit_we_effect_on&quot;:&quot;none&quot;}\" data-widget_type=\"text-editor.default\">\n\t\t\t\t<div class=\"elementor-widget-container\">\n\t\t\t\t\t\t\t\t\t<h3>Comment est fabriqu\u00e9 le Botox de l&#039;estomac ?<\/h3><p>Le botox de l&#039;estomac est une application indolore dans laquelle l&#039;injection est faite \u00e0 l&#039;aide de la bouche et de l&#039;endoscope. Il n&#039;y a pas besoin d&#039;anesth\u00e9sie g\u00e9n\u00e9rale lors de l&#039;application de la proc\u00e9dure, et cette proc\u00e9dure n&#039;est pas consid\u00e9r\u00e9e comme une op\u00e9ration chirurgicale, comme dans d&#039;autres proc\u00e9dures de traitement de l&#039;ob\u00e9sit\u00e9. Cela rend le processus appliqu\u00e9 compl\u00e8tement s\u00fbr et non dangereux. La quantit\u00e9 de botox appliqu\u00e9e aux patients varie en fonction de l&#039;\u00e9tat de sant\u00e9 des patients. La proc\u00e9dure de botox gastrique, qui prend environ 15 minutes, ne provoque aucune douleur chez le patient.<\/p><p>\u00c9tant donn\u00e9 que cette op\u00e9ration ne n\u00e9cessite pas d&#039;intervention chirurgicale, il n&#039;est pas possible d&#039;ouvrir des incisions dans le corps des personnes. Puisqu&#039;il s&#039;agit d&#039;une m\u00e9thode orale, apr\u00e8s la fin de la proc\u00e9dure, le patient est gard\u00e9 en observation pendant quelques heures, puis renvoy\u00e9. De plus, bien que ce processus soit craintivement demand\u00e9 par les personnes tr\u00e8s timides quant aux m\u00e9faits du botox gastrique, il est tout \u00e0 fait s\u00fbr compte tenu de la m\u00e9thode d&#039;application.<\/p><h3>Quels sont les effets secondaires du Botox de l&#039;estomac ?<\/h3><p>Ceux qui ont un processus de botox gastrique commencent \u00e0 voir les effets de cette m\u00e9thode le jour de l&#039;application et dans les 2 \u00e0 3 jours suivants. Apr\u00e8s 2 ou 3 jours d&#039;application de la m\u00e9thode, on observe un ralentissement et une diminution de la sensation de faim de l&#039;individu. En cons\u00e9quence, apr\u00e8s environ 2 semaines, le patient commence \u00e0 perdre du poids, et ce processus peut prendre environ 4 \u00e0 6 mois. Car l&#039;effet du botox appliqu\u00e9 sur le ventre se termine entre 4 et 6 mois. Pour cette raison, la m\u00e9thode ne laisse aucun dommage permanent au corps. De plus, on sait que les proc\u00e9dures de botox gastrique et de botox appliqu\u00e9es dans d&#039;autres parties du corps n&#039;ont aucun effet secondaire.<\/p><p>Ce processus est appliqu\u00e9 de mani\u00e8re \u00e0 affecter les muscles lisses de la r\u00e9gion de l&#039;estomac, de sorte que le syst\u00e8me nerveux ou le syst\u00e8me digestif ne soit pas affect\u00e9 par le botox de l&#039;estomac. Cependant, cette m\u00e9thode peut provoquer des r\u00e9actions n\u00e9gatives chez les personnes souffrant de maladies musculaires et allergiques \u00e0 l&#039;application de botox. Pour cette raison, le botox gastrique n&#039;est pas appliqu\u00e9 aux personnes ayant de tels probl\u00e8mes. Ainsi, un effet secondaire potentiel et un risque sont \u00e9vit\u00e9s.<\/p>\t\t\t\t\t\t\t\t<\/div>\n\t\t\t\t<\/div>\n\t\t\t\t\t<\/div>\n\t\t<\/div>\n\t\t\t\t\t<\/div>\n\t\t<\/section>\n\t\t\t\t<section class=\"elementor-section elementor-top-section elementor-element elementor-element-f553d6c elementor-section-boxed elementor-section-height-default elementor-section-height-default\" data-id=\"f553d6c\" data-element_type=\"section\" data-settings=\"{&quot;ekit_has_onepagescroll_dot&quot;:&quot;yes&quot;}\">\n\t\t\t\t\t\t<div class=\"elementor-container elementor-column-gap-default\">\n\t\t\t\t\t<div class=\"elementor-column elementor-col-100 elementor-top-column elementor-element elementor-element-afd2e90\" data-id=\"afd2e90\" data-element_type=\"column\">\n\t\t\t<div class=\"elementor-widget-wrap elementor-element-populated\">\n\t\t\t\t\t\t<div class=\"elementor-element elementor-element-d1d11de elementor-widget elementor-widget-spacer\" data-id=\"d1d11de\" data-element_type=\"widget\" data-settings=\"{&quot;ekit_we_effect_on&quot;:&quot;none&quot;}\" data-widget_type=\"spacer.default\">\n\t\t\t\t<div class=\"elementor-widget-container\">\n\t\t\t\t\t\t\t<div class=\"elementor-spacer\">\n\t\t\t<div class=\"elementor-spacer-inner\"><\/div>\n\t\t<\/div>\n\t\t\t\t\t\t<\/div>\n\t\t\t\t<\/div>\n\t\t\t\t\t<\/div>\n\t\t<\/div>\n\t\t\t\t\t<\/div>\n\t\t<\/section>\n\t\t\t\t<section class=\"elementor-section elementor-top-section elementor-element elementor-element-6654243 elementor-section-boxed elementor-section-height-default elementor-section-height-default\" data-id=\"6654243\" data-element_type=\"section\" data-settings=\"{&quot;ekit_has_onepagescroll_dot&quot;:&quot;yes&quot;}\">\n\t\t\t\t\t\t<div class=\"elementor-container elementor-column-gap-default\">\n\t\t\t\t\t<div class=\"elementor-column elementor-col-100 elementor-top-column elementor-element elementor-element-49d2314\" data-id=\"49d2314\" data-element_type=\"column\">\n\t\t\t<div class=\"elementor-widget-wrap elementor-element-populated\">\n\t\t\t\t\t\t<div class=\"elementor-element elementor-element-7192e3d elementor-widget elementor-widget-shortcode\" data-id=\"7192e3d\" data-element_type=\"widget\" data-settings=\"{&quot;ekit_we_effect_on&quot;:&quot;none&quot;}\" data-widget_type=\"shortcode.default\">\n\t\t\t\t<div class=\"elementor-widget-container\">\n\t\t\t\t\t\t\t<div class=\"elementor-shortcode\">Derni\u00e8re mise \u00e0 jour le 2 ao\u00fbt 2023 Informations de l&#039;\u00e9diteur\u00a0:<a href=\"\" target=\"_blank\" class=\"last-modified-author\">digital@apexclinic.com.tr<\/a><\/div>\n\t\t\t\t\t\t<\/div>\n\t\t\t\t<\/div>\n\t\t\t\t\t<\/div>\n\t\t<\/div>\n\t\t\t\t\t<\/div>\n\t\t<\/section>\n\t\t\t\t<\/div>","protected":false},"excerpt":{"rendered":"<p>Apex Clinic Mide Botoksu Mide botoksu, endoskopi yolu ile midenin belirli b\u00f6lgelerine botilinum toksini enjekte edilmesi i\u015flemidir. Cerrahi bir y\u00f6ntem olmad\u0131\u011f\u0131 i\u00e7in herhangi bir kesi i\u015flemi yap\u0131lmayan mide botoksu tedavisinde, %15-20 kadar kilo kayb\u0131 hedeflenir. Mide botoksu sonucunda ghrelin ad\u0131 verilen a\u00e7l\u0131k hormonu seviyesinde azalma ya\u015fan\u0131r. Bununla birlikte, mide asit sal\u0131n\u0131m\u0131 azal\u0131r ve mide bo\u015falmas\u0131 [&hellip;]<\/p>","protected":false},"author":3,"featured_media":0,"parent":0,"menu_order":0,"comment_status":"closed","ping_status":"closed","template":"","meta":{"_lmt_disableupdate":"","_lmt_disable":"","_monsterinsights_skip_tracking":false,"_monsterinsights_sitenote_active":false,"_monsterinsights_sitenote_note":"","_monsterinsights_sitenote_category":0,"site-sidebar-layout":"no-sidebar","site-content-layout":"page-builder","ast-site-content-layout":"","site-content-style":"default","site-sidebar-style":"default","ast-global-header-display":"","ast-banner-title-visibility":"","ast-main-header-display":"","ast-hfb-above-header-display":"","ast-hfb-below-header-display":"","ast-hfb-mobile-header-display":"","site-post-title":"disabled","ast-breadcrumbs-content":"","ast-featured-img":"disabled","footer-sml-layout":"","theme-transparent-header-meta":"","adv-header-id-meta":"","stick-header-meta":"","header-above-stick-meta":"","header-main-stick-meta":"","header-below-stick-meta":"","astra-migrate-meta-layouts":"default","ast-page-background-enabled":"default","ast-page-background-meta":{"desktop":{"background-color":"var(--ast-global-color-4)","background-image":"","background-repeat":"repeat","background-position":"center center","background-size":"auto","background-attachment":"scroll","background-type":"","background-media":"","overlay-type":"","overlay-color":"","overlay-opacity":"","overlay-gradient":""},"tablet":{"background-color":"","background-image":"","background-repeat":"repeat","background-position":"center center","background-size":"auto","background-attachment":"scroll","background-type":"","background-media":"","overlay-type":"","overlay-color":"","overlay-opacity":"","overlay-gradient":""},"mobile":{"background-color":"","background-image":"","background-repeat":"repeat","background-position":"center center","background-size":"auto","background-attachment":"scroll","background-type":"","background-media":"","overlay-type":"","overlay-color":"","overlay-opacity":"","overlay-gradient":""}},"ast-content-background-meta":{"desktop":{"background-color":"var(--ast-global-color-5)","background-image":"","background-repeat":"repeat","background-position":"center center","background-size":"auto","background-attachment":"scroll","background-type":"","background-media":"","overlay-type":"","overlay-color":"","overlay-opacity":"","overlay-gradient":""},"tablet":{"background-color":"var(--ast-global-color-5)","background-image":"","background-repeat":"repeat","background-position":"center center","background-size":"auto","background-attachment":"scroll","background-type":"","background-media":"","overlay-type":"","overlay-color":"","overlay-opacity":"","overlay-gradient":""},"mobile":{"background-color":"var(--ast-global-color-5)","background-image":"","background-repeat":"repeat","background-position":"center center","background-size":"auto","background-attachment":"scroll","background-type":"","background-media":"","overlay-type":"","overlay-color":"","overlay-opacity":"","overlay-gradient":""}},"_joinchat":[],"footnotes":""},"class_list":["post-2891","page","type-page","status-publish","hentry"],"_links":{"self":[{"href":"https:\/\/www.apexclinic.com.tr\/fr\/wp-json\/wp\/v2\/pages\/2891"}],"collection":[{"href":"https:\/\/www.apexclinic.com.tr\/fr\/wp-json\/wp\/v2\/pages"}],"about":[{"href":"https:\/\/www.apexclinic.com.tr\/fr\/wp-json\/wp\/v2\/types\/page"}],"author":[{"embeddable":true,"href":"https:\/\/www.apexclinic.com.tr\/fr\/wp-json\/wp\/v2\/users\/3"}],"replies":[{"embeddable":true,"href":"https:\/\/www.apexclinic.com.tr\/fr\/wp-json\/wp\/v2\/comments?post=2891"}],"version-history":[{"count":3,"href":"https:\/\/www.apexclinic.com.tr\/fr\/wp-json\/wp\/v2\/pages\/2891\/revisions"}],"predecessor-version":[{"id":3421,"href":"https:\/\/www.apexclinic.com.tr\/fr\/wp-json\/wp\/v2\/pages\/2891\/revisions\/3421"}],"wp:attachment":[{"href":"https:\/\/www.apexclinic.com.tr\/fr\/wp-json\/wp\/v2\/media?parent=2891"}],"curies":[{"name":"wp","href":"https:\/\/api.w.org\/{rel}","templated":true}]}}