{"id":3206,"date":"2023-02-23T11:50:25","date_gmt":"2023-02-23T11:50:25","guid":{"rendered":"https:\/\/www.apexclinic.com.tr\/?page_id=3206"},"modified":"2023-02-23T14:50:54","modified_gmt":"2023-02-23T14:50:54","slug":"vucut-kitle-indeksi-hesaplama-araci","status":"publish","type":"page","link":"https:\/\/www.apexclinic.com.tr\/fr\/outil-de-calcul-de-lindice-de-masse-corporelle\/","title":{"rendered":"Calculateur d&#039;indice de masse corporelle"},"content":{"rendered":"<div data-elementor-type=\"wp-page\" data-elementor-id=\"3206\" class=\"elementor elementor-3206\" data-elementor-post-type=\"page\">\n\t\t\t\t\t\t<section class=\"elementor-section elementor-top-section elementor-element elementor-element-1d56999 elementor-section-boxed elementor-section-height-default elementor-section-height-default\" data-id=\"1d56999\" data-element_type=\"section\" data-settings=\"{&quot;background_background&quot;:&quot;classic&quot;,&quot;ekit_has_onepagescroll_dot&quot;:&quot;yes&quot;}\">\n\t\t\t\t\t\t<div class=\"elementor-container elementor-column-gap-default\">\n\t\t\t\t\t<div class=\"elementor-column elementor-col-100 elementor-top-column elementor-element elementor-element-c95235b\" data-id=\"c95235b\" data-element_type=\"column\">\n\t\t\t<div class=\"elementor-widget-wrap elementor-element-populated\">\n\t\t\t\t\t\t<div class=\"elementor-element elementor-element-750e6f4 elementor-widget elementor-widget-html\" data-id=\"750e6f4\" data-element_type=\"widget\" data-settings=\"{&quot;ekit_we_effect_on&quot;:&quot;none&quot;}\" data-widget_type=\"html.default\">\n\t\t\t\t<div class=\"elementor-widget-container\">\n\t\t\t\t\t<!DOCTYPE html>\r\n<html lang=\"tr\">\r\n<head>\r\n\t<meta charset=\"UTF-8\">\r\n\t<title>Calculateur d&#039;indice de masse corporelle<\/title>\r\n\t<style>\r\n\t\tbody {\r\n\t\t\tfont-family: sans-serif;\r\n\t\t\tbackground-color: #f5f5f5;\r\n\t\t}\r\n\r\n\t\t.container {\r\n\t\t\tmax-width: 600px;\r\n\t\t\tmargin: 0 auto;\r\n\t\t\tpadding: 20px;\r\n\t\t\tbackground-color: #fff;\r\n\t\t\tbox-shadow: 0 0 10px rgba(0, 0, 0, 0.1);\r\n\t\t}\r\n\r\n\t\th1 {\r\n\t\t\tfont-size: 24px;\r\n\t\t\tfont-weight: bold;\r\n\t\t\ttext-align: center;\r\n\t\t\tmargin-top: 0;\r\n\t\t\tmargin-bottom: 20px;\r\n\t\t}\r\n\r\n\t\tform {\r\n\t\t\tdisplay: flex;\r\n\t\t\tflex-direction: column;\r\n\t\t}\r\n\r\n\t\tlabel {\r\n\t\t\tfont-weight: bold;\r\n\t\t\tmargin-bottom: 10px;\r\n\t\t}\r\n\r\n\t\tinput {\r\n\t\t\tpadding: 10px;\r\n\t\t\tborder: 1px solid #ccc;\r\n\t\t\tborder-radius: 5px;\r\n\t\t\tmargin-bottom: 20px;\r\n\t\t\tfont-size: 16px;\r\n\t\t}\r\n\r\n\t\tbutton {\r\n\t\t\tbackground-color: #007bff;\r\n\t\t\tcolor: #fff;\r\n\t\t\tpadding: 10px;\r\n\t\t\tborder: none;\r\n\t\t\tborder-radius: 5px;\r\n\t\t\tfont-size: 16px;\r\n\t\t\tcursor: pointer;\r\n\t\t}\r\n\r\n\t\t.result {\r\n\t\t\tfont-size: 24px;\r\n\t\t\tfont-weight: bold;\r\n\t\t\ttext-align: center;\r\n\t\t\tmargin-top: 20px;\r\n\t\t}\r\n\r\n\t\t.error {\r\n\t\t\tcolor: red;\r\n\t\t\tmargin-top: 10px;\r\n\t\t}\r\n\t<\/style>\r\n<\/head>\r\n<body>\r\n\t<div class=\"container\">\r\n\t\t<h1>Calculateur d&#039;indice de masse corporelle<\/h1>\r\n\t\t<form onsubmit=\"return hesapla()\" action=\"\">\r\n\t\t\t<label for=\"kilo\">poids (kg)<\/label>\r\n\t\t\t<input type=\"number\" id=\"kilo\" required>\r\n\r\n\t\t\t<label for=\"boy\">Hauteur (cm)<\/label>\r\n\t\t\t<input type=\"number\" id=\"boy\" required>\r\n\r\n\t\t\t<button type=\"submit\">Calculer<\/button>\r\n\t\t<input type=\"hidden\" name=\"trp-form-language\" value=\"fr\"\/><\/form>\r\n\r\n\t\t<div id=\"sonuc\" class=\"result\"><\/div>\r\n\r\n\t\t<div id=\"hata\" class=\"error\"><\/div>\r\n\r\n\t\t<script>\r\n\t\t\r\n\t\t\tfunction hesapla() {\r\n\t\t\t    document.getElementById(\"sonuc\").innerHTML = \"\";\r\ndocument.getElementById(\"hata\").innerHTML = \"\";\r\n\t\t\t\tvar kilo = document.getElementById(\"kilo\").value;\r\n\t\t\t\tvar boy = document.getElementById(\"boy\").value;\r\n\r\n\t\t\t\tif (kilo <= 0 || boy <= 0) {\r\n\t\t\t\t\tdocument.getElementById(\"sonuc\").innerHTML = \"\";\r\n\t\t\t\t\tdocument.getElementById(\"hata\").innerHTML = \"Kilo ve boy de\u011ferleri pozitif olmal\u0131d\u0131r.\";\r\n\t\t\t\t\treturn false;\r\n\t\t\t\t}\r\n\r\n\t\t\t\tvar boyMetre = boy \/ 100;\r\n\t\t\t\tvar vki = kilo \/ (boyMetre * boyMetre);\r\n\r\n\t\t\t\tif (vki < 18.5) {\r\n\t\t\t\t\tdocument.getElementById(\"sonuc\").innerHTML = \"VK\u0130: \" + vki.toFixed(2) + \" (Zay\u0131f)\";\r\n\t\t\t\t} else if (vki < 25) {\r\n\t\t\t\t\tdocument.getElementById(\"sonuc\").innerHTML = \"VK\u0130: \" + vki.toFixed(\r\n) + \" (Normal)\";\r\n} else if (vki < 30) {\r\ndocument.getElementById(\"sonuc\").innerHTML = \"VK\u0130: \" + vki.toFixed(2) + \" (Fazla Kilolu)\";\r\n} else if (vki < 35) {\r\ndocument.getElementById(\"sonuc\").innerHTML = \"VK\u0130: \" + vki.toFixed(2) + \" (Obez)\";\r\n} else {\r\ndocument.getElementById(\"sonuc\").innerHTML = \"VK\u0130: \" + vki.toFixed(2) + \" (A\u015f\u0131r\u0131 Obez)\";\r\ndocument.getElementById(\"hata\").innerHTML = \"Obezite cerrahisi i\u00e7in uygunsunuz. En do\u011fru i\u015flem i\u00e7in bizimle ileti\u015fime ge\u00e7in.\";\r\n}\r\n\treturn false;\r\n\t\t}\r\n\t<\/script>\r\n<\/div>\r\n<\/body>\r\n<\/html>\t\t\t\t<\/div>\n\t\t\t\t<\/div>\n\t\t\t\t\t<\/div>\n\t\t<\/div>\n\t\t\t\t\t<\/div>\n\t\t<\/section>\n\t\t\t\t<section class=\"elementor-section elementor-top-section elementor-element elementor-element-d8eb4a6 elementor-section-boxed elementor-section-height-default elementor-section-height-default\" data-id=\"d8eb4a6\" data-element_type=\"section\" data-settings=\"{&quot;ekit_has_onepagescroll_dot&quot;:&quot;yes&quot;}\">\n\t\t\t\t\t\t<div class=\"elementor-container elementor-column-gap-default\">\n\t\t\t\t\t<div class=\"elementor-column elementor-col-100 elementor-top-column elementor-element elementor-element-3ebec1c\" data-id=\"3ebec1c\" data-element_type=\"column\">\n\t\t\t<div class=\"elementor-widget-wrap elementor-element-populated\">\n\t\t\t\t\t\t<div class=\"elementor-element elementor-element-d226df7 elementor-widget elementor-widget-text-editor\" data-id=\"d226df7\" data-element_type=\"widget\" data-settings=\"{&quot;ekit_we_effect_on&quot;:&quot;none&quot;}\" data-widget_type=\"text-editor.default\">\n\t\t\t\t<div class=\"elementor-widget-container\">\n\t\t\t\t\t\t\t\t\t<p>L&#039;indice de masse corporelle (IMC) est une m\u00e9thode qui mesure le rapport entre le poids corporel et la taille. <strong>Calculateur d&#039;indice de masse corporelle<\/strong>C&#039;est un outil tr\u00e8s important pour que les gens m\u00e8nent une vie saine. L&#039;IMC est une mesure importante utilis\u00e9e pour d\u00e9terminer l&#039;ob\u00e9sit\u00e9, les maladies cardiaques, le diab\u00e8te et de nombreuses autres maladies. Dans cet article, nous verrons comment l&#039;IMC est calcul\u00e9 et pourquoi il est important pour une vie saine.<\/p><h3>Qu&#039;est-ce que l&#039;IMC ?<\/h3><p><strong>Indice de masse corporelle<\/strong> (IMC) mesure le rapport entre le poids corporel d&#039;une personne et sa taille. L&#039;IMC est une mesure utilis\u00e9e pour d\u00e9terminer si une personne est de poids normal, en surpoids ou ob\u00e8se. Pour calculer l&#039;IMC, le poids d&#039;une personne (kg) est divis\u00e9 par sa taille (m) au carr\u00e9.<\/p><h3>Comment utiliser le calculateur d&#039;IMC\u00a0?<\/h3><p><strong>Calcul de l&#039;indice de masse corporelle<\/strong>calcule la valeur de l&#039;IMC lorsque la taille et le poids de la personne sont entr\u00e9s. L&#039;outil de calcul de l&#039;IMC peut \u00eatre trouv\u00e9 sur de nombreux sites Web et applications mobiles. Pour calculer l&#039;IMC, il est important d&#039;entrer correctement la taille et le poids d&#039;une personne. Les valeurs de l&#039;IMC sont interpr\u00e9t\u00e9es comme\u00a0:<\/p><ul><li>Valeurs inf\u00e9rieures \u00e0 18,5 : Faible<\/li><li>Valeurs entre 18,5 et 24,9 : Normal<\/li><li>Valeurs 25-29,9 : Surpoids<\/li><li>30 ans et plus\u00a0: ob\u00e8se<\/li><\/ul><h3>Pourquoi l&#039;IMC est-il important\u00a0?<\/h3><p>L&#039;IMC est un outil important pour d\u00e9terminer l&#039;\u00e9tat de sant\u00e9 d&#039;une personne. Les personnes ayant un IMC \u00e9lev\u00e9 sont \u00e0 risque de maladie cardiaque, d&#039;hypertension art\u00e9rielle, de diab\u00e8te et de nombreuses autres maladies. L&#039;IMC est tr\u00e8s important pour une vie saine car le maintien d&#039;un IMC sain r\u00e9duit le risque de ces maladies.<\/p><p>L&#039;indice de masse corporelle (IMC) est un outil important pour d\u00e9terminer l&#039;\u00e9tat de sant\u00e9 d&#039;une personne. Les personnes ayant un IMC \u00e9lev\u00e9 sont \u00e0 risque de maladie cardiaque, d&#039;hypertension art\u00e9rielle, de diab\u00e8te et de nombreuses autres maladies. Par cons\u00e9quent, avoir une valeur d&#039;IMC dans la plage normale est tr\u00e8s important pour maintenir une vie saine.<\/p><p>Un IMC \u00e9lev\u00e9 augmente le risque d&#039;ob\u00e9sit\u00e9. L&#039;ob\u00e9sit\u00e9 est un probl\u00e8me de sant\u00e9 croissant dans le monde. L&#039;ob\u00e9sit\u00e9 provoque une inflammation et une r\u00e9sistance \u00e0 l&#039;insuline dans le corps, augmentant le risque de maladies cardiaques, de diab\u00e8te, de maladies du foie, d&#039;apn\u00e9e du sommeil, de d\u00e9pression, de cancer et de nombreuses autres maladies. L&#039;ob\u00e9sit\u00e9 affecte \u00e9galement n\u00e9gativement la qualit\u00e9 de vie et la long\u00e9vit\u00e9.<\/p><p>Pour que la valeur de l&#039;IMC se situe dans la fourchette normale, il est n\u00e9cessaire de faire de l&#039;exercice r\u00e9guli\u00e8rement et de suivre un r\u00e9gime alimentaire sain. L&#039;exercice et une alimentation saine aident \u00e0 contr\u00f4ler le poids corporel et \u00e0 maintenir l&#039;IMC dans une fourchette saine. Les personnes ayant un IMC dans la fourchette normale augmentent leurs chances de mener une vie saine.<\/p><p>Une valeur d&#039;IMC dans la fourchette normale est importante non seulement pour la sant\u00e9 physique mais aussi pour la sant\u00e9 psychologique. Un IMC \u00e9lev\u00e9 peut r\u00e9duire la confiance en soi et l&#039;estime de soi d&#039;une personne. Par cons\u00e9quent, le maintien d&#039;un IMC sain peut augmenter la confiance en soi d&#039;une personne.<\/p><p>L&#039;IMC est un crit\u00e8re important pour maintenir une vie saine. Avoir une valeur d&#039;IMC dans la fourchette normale r\u00e9duit le risque de maladies cardiaques, d&#039;hypertension art\u00e9rielle, de diab\u00e8te et de nombreuses autres maladies. Pour que la valeur de l&#039;IMC se situe dans la fourchette normale, il est n\u00e9cessaire de faire de l&#039;exercice r\u00e9guli\u00e8rement et de suivre un r\u00e9gime alimentaire sain. De plus, garder la valeur de l&#039;IMC sous contr\u00f4le est \u00e9galement important pour la sant\u00e9 psychologique en augmentant la confiance en soi et l&#039;estime de soi. La v\u00e9rification de la valeur de l&#039;IMC est une \u00e9tape importante qui peut \u00eatre franchie pour maintenir une vie saine.<\/p>\t\t\t\t\t\t\t\t<\/div>\n\t\t\t\t<\/div>\n\t\t\t\t\t<\/div>\n\t\t<\/div>\n\t\t\t\t\t<\/div>\n\t\t<\/section>\n\t\t\t\t<\/div>","protected":false},"excerpt":{"rendered":"<p>V\u00fccut Kitle \u0130ndeksi Hesaplama V\u00fccut Kitle \u0130ndeksi Hesaplama Kilo (kg) Boy (cm) Hesapla V\u00fccut kitle indeksi (VK\u0130), v\u00fccut a\u011f\u0131rl\u0131\u011f\u0131n\u0131n boy ile orant\u0131s\u0131n\u0131 \u00f6l\u00e7en bir y\u00f6ntemdir. V\u00fccut kitle indeksi hesaplama arac\u0131, insanlar\u0131n sa\u011fl\u0131kl\u0131 bir ya\u015fam s\u00fcrd\u00fcrmeleri i\u00e7in \u00e7ok \u00f6nemli bir ara\u00e7t\u0131r. VK\u0130, obezite, kalp hastal\u0131\u011f\u0131, diyabet ve di\u011fer pek \u00e7ok hastal\u0131\u011f\u0131n belirlenmesinde kullan\u0131lan \u00f6nemli bir \u00f6l\u00e7\u00fctt\u00fcr. [&hellip;]<\/p>","protected":false},"author":3,"featured_media":0,"parent":0,"menu_order":0,"comment_status":"closed","ping_status":"closed","template":"","meta":{"_lmt_disableupdate":"","_lmt_disable":"","_monsterinsights_skip_tracking":false,"_monsterinsights_sitenote_active":false,"_monsterinsights_sitenote_note":"","_monsterinsights_sitenote_category":0,"site-sidebar-layout":"no-sidebar","site-content-layout":"page-builder","ast-site-content-layout":"","site-content-style":"default","site-sidebar-style":"default","ast-global-header-display":"","ast-banner-title-visibility":"","ast-main-header-display":"","ast-hfb-above-header-display":"","ast-hfb-below-header-display":"","ast-hfb-mobile-header-display":"","site-post-title":"disabled","ast-breadcrumbs-content":"","ast-featured-img":"disabled","footer-sml-layout":"","theme-transparent-header-meta":"","adv-header-id-meta":"","stick-header-meta":"","header-above-stick-meta":"","header-main-stick-meta":"","header-below-stick-meta":"","astra-migrate-meta-layouts":"default","ast-page-background-enabled":"default","ast-page-background-meta":{"desktop":{"background-color":"var(--ast-global-color-4)","background-image":"","background-repeat":"repeat","background-position":"center center","background-size":"auto","background-attachment":"scroll","background-type":"","background-media":"","overlay-type":"","overlay-color":"","overlay-opacity":"","overlay-gradient":""},"tablet":{"background-color":"","background-image":"","background-repeat":"repeat","background-position":"center center","background-size":"auto","background-attachment":"scroll","background-type":"","background-media":"","overlay-type":"","overlay-color":"","overlay-opacity":"","overlay-gradient":""},"mobile":{"background-color":"","background-image":"","background-repeat":"repeat","background-position":"center center","background-size":"auto","background-attachment":"scroll","background-type":"","background-media":"","overlay-type":"","overlay-color":"","overlay-opacity":"","overlay-gradient":""}},"ast-content-background-meta":{"desktop":{"background-color":"var(--ast-global-color-5)","background-image":"","background-repeat":"repeat","background-position":"center center","background-size":"auto","background-attachment":"scroll","background-type":"","background-media":"","overlay-type":"","overlay-color":"","overlay-opacity":"","overlay-gradient":""},"tablet":{"background-color":"var(--ast-global-color-5)","background-image":"","background-repeat":"repeat","background-position":"center center","background-size":"auto","background-attachment":"scroll","background-type":"","background-media":"","overlay-type":"","overlay-color":"","overlay-opacity":"","overlay-gradient":""},"mobile":{"background-color":"var(--ast-global-color-5)","background-image":"","background-repeat":"repeat","background-position":"center center","background-size":"auto","background-attachment":"scroll","background-type":"","background-media":"","overlay-type":"","overlay-color":"","overlay-opacity":"","overlay-gradient":""}},"_joinchat":[],"footnotes":""},"class_list":["post-3206","page","type-page","status-publish","hentry"],"_links":{"self":[{"href":"https:\/\/www.apexclinic.com.tr\/fr\/wp-json\/wp\/v2\/pages\/3206"}],"collection":[{"href":"https:\/\/www.apexclinic.com.tr\/fr\/wp-json\/wp\/v2\/pages"}],"about":[{"href":"https:\/\/www.apexclinic.com.tr\/fr\/wp-json\/wp\/v2\/types\/page"}],"author":[{"embeddable":true,"href":"https:\/\/www.apexclinic.com.tr\/fr\/wp-json\/wp\/v2\/users\/3"}],"replies":[{"embeddable":true,"href":"https:\/\/www.apexclinic.com.tr\/fr\/wp-json\/wp\/v2\/comments?post=3206"}],"version-history":[{"count":22,"href":"https:\/\/www.apexclinic.com.tr\/fr\/wp-json\/wp\/v2\/pages\/3206\/revisions"}],"predecessor-version":[{"id":3238,"href":"https:\/\/www.apexclinic.com.tr\/fr\/wp-json\/wp\/v2\/pages\/3206\/revisions\/3238"}],"wp:attachment":[{"href":"https:\/\/www.apexclinic.com.tr\/fr\/wp-json\/wp\/v2\/media?parent=3206"}],"curies":[{"name":"wp","href":"https:\/\/api.w.org\/{rel}","templated":true}]}}