{"id":3767,"date":"2024-05-11T08:57:22","date_gmt":"2024-05-11T08:57:22","guid":{"rendered":"https:\/\/www.apexclinic.com.tr\/?page_id=3767"},"modified":"2024-05-11T09:02:00","modified_gmt":"2024-05-11T09:02:00","slug":"kaplama-tedavisi","status":"publish","type":"page","link":"https:\/\/www.apexclinic.com.tr\/fr\/kaplama-tedavisi\/","title":{"rendered":"Traitement de rev\u00eatement"},"content":{"rendered":"<div data-elementor-type=\"wp-page\" data-elementor-id=\"3767\" class=\"elementor elementor-3767\" data-elementor-post-type=\"page\">\n\t\t\t\t\t\t<section class=\"elementor-section elementor-top-section elementor-element elementor-element-ef8055a elementor-section-boxed elementor-section-height-default elementor-section-height-default\" data-id=\"ef8055a\" data-element_type=\"section\" data-settings=\"{&quot;background_background&quot;:&quot;gradient&quot;,&quot;ekit_has_onepagescroll_dot&quot;:&quot;yes&quot;}\">\n\t\t\t\t\t\t<div class=\"elementor-container elementor-column-gap-default\">\n\t\t\t\t\t<div class=\"elementor-column elementor-col-100 elementor-top-column elementor-element elementor-element-c9bcfcc\" data-id=\"c9bcfcc\" data-element_type=\"column\">\n\t\t\t<div class=\"elementor-widget-wrap elementor-element-populated\">\n\t\t\t\t\t\t<div class=\"elementor-element elementor-element-25c4780 elementor-widget elementor-widget-spacer\" data-id=\"25c4780\" data-element_type=\"widget\" data-settings=\"{&quot;ekit_we_effect_on&quot;:&quot;none&quot;}\" data-widget_type=\"spacer.default\">\n\t\t\t\t<div class=\"elementor-widget-container\">\n\t\t\t\t\t\t\t<div class=\"elementor-spacer\">\n\t\t\t<div class=\"elementor-spacer-inner\"><\/div>\n\t\t<\/div>\n\t\t\t\t\t\t<\/div>\n\t\t\t\t<\/div>\n\t\t\t\t<div class=\"elementor-element elementor-element-d978e06 elementor-widget elementor-widget-heading\" data-id=\"d978e06\" data-element_type=\"widget\" data-settings=\"{&quot;ekit_we_effect_on&quot;:&quot;none&quot;}\" data-widget_type=\"heading.default\">\n\t\t\t\t<div class=\"elementor-widget-container\">\n\t\t\t\t\t<h2 class=\"elementor-heading-title elementor-size-default\">Di\u015f Kaplama<\/h2>\t\t\t\t<\/div>\n\t\t\t\t<\/div>\n\t\t\t\t<div class=\"elementor-element elementor-element-2b7ceba elementor-widget elementor-widget-spacer\" data-id=\"2b7ceba\" data-element_type=\"widget\" data-settings=\"{&quot;ekit_we_effect_on&quot;:&quot;none&quot;}\" data-widget_type=\"spacer.default\">\n\t\t\t\t<div class=\"elementor-widget-container\">\n\t\t\t\t\t\t\t<div class=\"elementor-spacer\">\n\t\t\t<div class=\"elementor-spacer-inner\"><\/div>\n\t\t<\/div>\n\t\t\t\t\t\t<\/div>\n\t\t\t\t<\/div>\n\t\t\t\t\t<\/div>\n\t\t<\/div>\n\t\t\t\t\t<\/div>\n\t\t<\/section>\n\t\t\t\t<section class=\"elementor-section elementor-top-section elementor-element elementor-element-75c7f88 elementor-section-boxed elementor-section-height-default elementor-section-height-default\" data-id=\"75c7f88\" data-element_type=\"section\" data-settings=\"{&quot;ekit_has_onepagescroll_dot&quot;:&quot;yes&quot;}\">\n\t\t\t\t\t\t<div class=\"elementor-container elementor-column-gap-default\">\n\t\t\t\t\t<div class=\"elementor-column elementor-col-100 elementor-top-column elementor-element elementor-element-6c1c3e0\" data-id=\"6c1c3e0\" data-element_type=\"column\">\n\t\t\t<div class=\"elementor-widget-wrap elementor-element-populated\">\n\t\t\t\t\t\t<div class=\"elementor-element elementor-element-b20d695 elementor-widget elementor-widget-spacer\" data-id=\"b20d695\" data-element_type=\"widget\" data-settings=\"{&quot;ekit_we_effect_on&quot;:&quot;none&quot;}\" data-widget_type=\"spacer.default\">\n\t\t\t\t<div class=\"elementor-widget-container\">\n\t\t\t\t\t\t\t<div class=\"elementor-spacer\">\n\t\t\t<div class=\"elementor-spacer-inner\"><\/div>\n\t\t<\/div>\n\t\t\t\t\t\t<\/div>\n\t\t\t\t<\/div>\n\t\t\t\t\t<\/div>\n\t\t<\/div>\n\t\t\t\t\t<\/div>\n\t\t<\/section>\n\t\t\t\t<section class=\"elementor-section elementor-top-section elementor-element elementor-element-1146ef2 elementor-section-boxed elementor-section-height-default elementor-section-height-default\" data-id=\"1146ef2\" data-element_type=\"section\" data-settings=\"{&quot;ekit_has_onepagescroll_dot&quot;:&quot;yes&quot;}\">\n\t\t\t\t\t\t<div class=\"elementor-container elementor-column-gap-default\">\n\t\t\t\t\t<div class=\"elementor-column elementor-col-50 elementor-top-column elementor-element elementor-element-500354e\" data-id=\"500354e\" data-element_type=\"column\" data-settings=\"{&quot;background_background&quot;:&quot;classic&quot;}\">\n\t\t\t<div class=\"elementor-widget-wrap elementor-element-populated\">\n\t\t\t\t\t\t<div class=\"elementor-element elementor-element-e644814 elementor-widget elementor-widget-image\" data-id=\"e644814\" data-element_type=\"widget\" data-settings=\"{&quot;ekit_we_effect_on&quot;:&quot;none&quot;}\" data-widget_type=\"image.default\">\n\t\t\t\t<div class=\"elementor-widget-container\">\n\t\t\t\t\t\t\t\t\t\t\t\t\t\t\t<img fetchpriority=\"high\" decoding=\"async\" width=\"1024\" height=\"684\" src=\"https:\/\/www.apexclinic.com.tr\/wp-content\/uploads\/2024\/05\/shutterstock_667433485-min-1024x684.jpg\" class=\"attachment-large size-large wp-image-3772\" alt=\"dental crown\" srcset=\"https:\/\/www.apexclinic.com.tr\/wp-content\/uploads\/2024\/05\/shutterstock_667433485-min-1024x684.jpg 1024w, https:\/\/www.apexclinic.com.tr\/wp-content\/uploads\/2024\/05\/shutterstock_667433485-min-300x200.jpg 300w, https:\/\/www.apexclinic.com.tr\/wp-content\/uploads\/2024\/05\/shutterstock_667433485-min-768x513.jpg 768w, https:\/\/www.apexclinic.com.tr\/wp-content\/uploads\/2024\/05\/shutterstock_667433485-min-1536x1025.jpg 1536w, https:\/\/www.apexclinic.com.tr\/wp-content\/uploads\/2024\/05\/shutterstock_667433485-min-2048x1367.jpg 2048w, https:\/\/www.apexclinic.com.tr\/wp-content\/uploads\/2024\/05\/shutterstock_667433485-min-18x12.jpg 18w\" sizes=\"(max-width: 1024px) 100vw, 1024px\" \/>\t\t\t\t\t\t\t\t\t\t\t\t\t\t\t<\/div>\n\t\t\t\t<\/div>\n\t\t\t\t\t<\/div>\n\t\t<\/div>\n\t\t\t\t<div class=\"elementor-column elementor-col-50 elementor-top-column elementor-element elementor-element-63ca5ba\" data-id=\"63ca5ba\" data-element_type=\"column\">\n\t\t\t<div class=\"elementor-widget-wrap elementor-element-populated\">\n\t\t\t\t\t\t<div class=\"elementor-element elementor-element-e03c52c elementor-widget-divider--view-line_text elementor-widget-divider--element-align-left elementor-widget elementor-widget-divider\" data-id=\"e03c52c\" data-element_type=\"widget\" data-settings=\"{&quot;ekit_we_effect_on&quot;:&quot;none&quot;}\" data-widget_type=\"divider.default\">\n\t\t\t\t<div class=\"elementor-widget-container\">\n\t\t\t\t\t\t\t<div class=\"elementor-divider\">\n\t\t\t<span class=\"elementor-divider-separator\">\n\t\t\t\t\t\t\t<h3 class=\"elementor-divider__text elementor-divider__element\">\n\t\t\t\tDi\u015f Kaplama\t\t\t\t<\/h3>\n\t\t\t\t\t\t<\/span>\n\t\t<\/div>\n\t\t\t\t\t\t<\/div>\n\t\t\t\t<\/div>\n\t\t\t\t<div class=\"elementor-element elementor-element-647f35c elementor-align-left elementor-widget__width-auto elementor-icon-list--layout-traditional elementor-list-item-link-full_width elementor-widget elementor-widget-icon-list\" data-id=\"647f35c\" data-element_type=\"widget\" data-settings=\"{&quot;ekit_we_effect_on&quot;:&quot;none&quot;}\" data-widget_type=\"icon-list.default\">\n\t\t\t\t<div class=\"elementor-widget-container\">\n\t\t\t\t\t\t\t<ul class=\"elementor-icon-list-items\">\n\t\t\t\t\t\t\t<li class=\"elementor-icon-list-item\">\n\t\t\t\t\t\t\t\t\t\t\t<span class=\"elementor-icon-list-icon\">\n\t\t\t\t\t\t\t<i aria-hidden=\"true\" class=\"far fa-hospital\"><\/i>\t\t\t\t\t\t<\/span>\n\t\t\t\t\t\t\t\t\t\t<span class=\"elementor-icon-list-text\">Dur\u00e9e du s\u00e9jour \u00e0 l&#039;h\u00f4pital : Non requis<\/span>\n\t\t\t\t\t\t\t\t\t<\/li>\n\t\t\t\t\t\t\t\t<li class=\"elementor-icon-list-item\">\n\t\t\t\t\t\t\t\t\t\t\t<span class=\"elementor-icon-list-icon\">\n\t\t\t\t\t\t\t<i aria-hidden=\"true\" class=\"far fa-clock\"><\/i>\t\t\t\t\t\t<\/span>\n\t\t\t\t\t\t\t\t\t\t<span class=\"elementor-icon-list-text\">Temps de fonctionnement : 1-2 heures<\/span>\n\t\t\t\t\t\t\t\t\t<\/li>\n\t\t\t\t\t\t\t\t<li class=\"elementor-icon-list-item\">\n\t\t\t\t\t\t\t\t\t\t\t<span class=\"elementor-icon-list-icon\">\n\t\t\t\t\t\t\t<i aria-hidden=\"true\" class=\"fas fa-syringe\"><\/i>\t\t\t\t\t\t<\/span>\n\t\t\t\t\t\t\t\t\t\t<span class=\"elementor-icon-list-text\">Anesth\u00e9sie : Locale<\/span>\n\t\t\t\t\t\t\t\t\t<\/li>\n\t\t\t\t\t\t\t\t<li class=\"elementor-icon-list-item\">\n\t\t\t\t\t\t\t\t\t\t\t<span class=\"elementor-icon-list-icon\">\n\t\t\t\t\t\t\t<i aria-hidden=\"true\" class=\"far fa-heart\"><\/i>\t\t\t\t\t\t<\/span>\n\t\t\t\t\t\t\t\t\t\t<span class=\"elementor-icon-list-text\">\u0130yile\u015fme S\u00fcresi: Hemen<\/span>\n\t\t\t\t\t\t\t\t\t<\/li>\n\t\t\t\t\t\t<\/ul>\n\t\t\t\t\t\t<\/div>\n\t\t\t\t<\/div>\n\t\t\t\t<div class=\"elementor-element elementor-element-174a3b2 elementor-widget elementor-widget-button\" data-id=\"174a3b2\" data-element_type=\"widget\" data-settings=\"{&quot;ekit_we_effect_on&quot;:&quot;none&quot;}\" data-widget_type=\"button.default\">\n\t\t\t\t<div class=\"elementor-widget-container\">\n\t\t\t\t\t\t\t\t\t<div class=\"elementor-button-wrapper\">\n\t\t\t\t\t<a class=\"elementor-button elementor-button-link elementor-size-sm\" href=\"https:\/\/www.apexclinic.com.tr\/fr\/\">\n\t\t\t\t\t\t<span class=\"elementor-button-content-wrapper\">\n\t\t\t\t\t\t\t\t\t<span class=\"elementor-button-text\">Prenez rendez-vous maintenant<\/span>\n\t\t\t\t\t<\/span>\n\t\t\t\t\t<\/a>\n\t\t\t\t<\/div>\n\t\t\t\t\t\t\t\t<\/div>\n\t\t\t\t<\/div>\n\t\t\t\t\t<\/div>\n\t\t<\/div>\n\t\t\t\t\t<\/div>\n\t\t<\/section>\n\t\t\t\t<section class=\"elementor-section elementor-top-section elementor-element elementor-element-4e81890 elementor-section-boxed elementor-section-height-default elementor-section-height-default\" data-id=\"4e81890\" data-element_type=\"section\" data-settings=\"{&quot;ekit_has_onepagescroll_dot&quot;:&quot;yes&quot;}\">\n\t\t\t\t\t\t<div class=\"elementor-container elementor-column-gap-default\">\n\t\t\t\t\t<div class=\"elementor-column elementor-col-100 elementor-top-column elementor-element elementor-element-8167e2e\" data-id=\"8167e2e\" data-element_type=\"column\">\n\t\t\t<div class=\"elementor-widget-wrap elementor-element-populated\">\n\t\t\t\t\t\t<div class=\"elementor-element elementor-element-fef31aa elementor-widget elementor-widget-text-editor\" data-id=\"fef31aa\" data-element_type=\"widget\" data-settings=\"{&quot;ekit_we_effect_on&quot;:&quot;none&quot;}\" data-widget_type=\"text-editor.default\">\n\t\t\t\t<div class=\"elementor-widget-container\">\n\t\t\t\t\t\t\t\t\t<section class=\"services_page_header\"><section class=\"services_page_header\"><section class=\"services_page_header\"><div class=\"elementor-element elementor-element-4b7e1618 elementor-widget elementor-widget-heading\" data-id=\"4b7e1618\" data-element_type=\"widget\" data-widget_type=\"heading.default\"><div class=\"elementor-widget-container\"><h2>Di\u015f Kaplama Nedir?<\/h2><p>Di\u015f kaplama, di\u015flerinizi estetik veya sa\u011fl\u0131k nedenlerle yeniden \u015fekillendirmek i\u00e7in kullan\u0131lan bir dental i\u015flemdir. Di\u015f kaplamalar\u0131, di\u015flerin \u00f6n y\u00fczeyini kaplayarak renk, boyut, \u015fekil ve bazen de fonksiyonel d\u00fczeltmeler sa\u011flar. Bu prosed\u00fcr genellikle kozmetik di\u015f hekimli\u011fi uygulamalar\u0131 aras\u0131nda yer al\u0131r ve ki\u015finin g\u00fcl\u00fc\u015f\u00fcn\u00fc iyile\u015ftirmeyi ama\u00e7lar.<\/p><h3>Hangi Durumlarda Di\u015f Kaplamas\u0131 Yap\u0131l\u0131r?<\/h3><ol><li><strong>Renk De\u011fi\u015fikli\u011fi<\/strong>: Di\u015flerdeki kal\u0131c\u0131 lekeler veya renk de\u011fi\u015fiklikleri, di\u015f kaplamalar\u0131yla d\u00fczeltilebilir.<\/li><li><strong>\u015eekil ve Boyut De\u011fi\u015fikli\u011fi<\/strong>: K\u0131r\u0131k, a\u015f\u0131nm\u0131\u015f veya d\u00fczensiz di\u015fler, kaplamalarla yeniden \u015fekillendirilebilir.<\/li><li><strong>Bo\u015fluklar\u0131n Kapat\u0131lmas\u0131<\/strong>: Di\u015fler aras\u0131ndaki bo\u015fluklar, kaplamalarla kapat\u0131labilir.<\/li><li><strong>K\u0131r\u0131k veya Zarar G\u00f6rm\u00fc\u015f Di\u015fler<\/strong>: Hasar g\u00f6rm\u00fc\u015f veya k\u0131r\u0131k di\u015fler, kaplamalarla korunabilir ve onar\u0131labilir.<\/li><li><strong>Estetik D\u00fczeltmeler<\/strong>: G\u00fcl\u00fc\u015f esteti\u011fini iyile\u015ftirmek amac\u0131yla di\u015flerin g\u00f6r\u00fcn\u00fcm\u00fc kaplamalarla d\u00fczeltilir.<\/li><\/ol><h3>Di\u015f Kaplama T\u00fcrleri<\/h3><ol><li><strong>Porselen Kaplamalar<\/strong>: Genellikle di\u015fin \u00f6l\u00e7\u00fcs\u00fc al\u0131nd\u0131ktan sonra laboratuvarda \u00f6zel olarak \u00fcretilen dayan\u0131kl\u0131 ve estetik porselen kaplamalard\u0131r.<\/li><li><strong>Kompozit Re\u00e7ine Kaplamalar<\/strong>: Do\u011frudan di\u015f y\u00fczeyine uygulanan ve do\u011fal di\u015f rengine e\u015fle\u015ftirilen kaplamalard\u0131r.<\/li><li><strong>Zirkonyum Kaplamalar<\/strong>: Dayan\u0131kl\u0131 ve estetik kaplama se\u00e7enekleridir, \u00f6zellikle arka di\u015fler i\u00e7in tercih edilir.<\/li><\/ol><h3>Di\u015f Kaplama S\u00fcreci<\/h3><ol><li><strong>Inspection et planification<\/strong>: Di\u015f hekimi, hastan\u0131n ihtiya\u00e7lar\u0131n\u0131 de\u011ferlendirir ve uygun kaplama tipini belirler.<\/li><li><strong>Haz\u0131rl\u0131k<\/strong>: Di\u015flerin minimal a\u015f\u0131nd\u0131r\u0131lmas\u0131 ve \u00f6l\u00e7\u00fclerin al\u0131nmas\u0131.<\/li><li><strong>Ge\u00e7ici Kaplama<\/strong>: Laboratuvarda kal\u0131c\u0131 kaplamalar haz\u0131rlan\u0131rken, ge\u00e7ici kaplama yap\u0131labilir.<\/li><li><strong>Kal\u0131c\u0131 Kaplama Uygulamas\u0131<\/strong>: Haz\u0131r olan kaplamalar di\u015flere yerle\u015ftirilir ve uygun \u015fekilde yap\u0131\u015ft\u0131r\u0131l\u0131r.<\/li><\/ol><p>Di\u015f kaplamalar\u0131, d\u00fczenli di\u015f bak\u0131m\u0131yla uzun \u00f6m\u00fcrl\u00fc olabilirler. Di\u015f hekiminiz size kaplama bak\u0131m\u0131 konusunda tavsiyelerde bulunacakt\u0131r.<\/p><p>G\u00fcl\u00fc\u015f\u00fcn\u00fczdeki potansiyeli ke\u015ffedin ve di\u015f kaplamalar\u0131yla daha sa\u011fl\u0131kl\u0131 ve estetik bir g\u00fcl\u00fcmseme elde edin.<\/p><\/div><\/div><\/section><\/section><\/section>\t\t\t\t\t\t\t\t<\/div>\n\t\t\t\t<\/div>\n\t\t\t\t\t<\/div>\n\t\t<\/div>\n\t\t\t\t\t<\/div>\n\t\t<\/section>\n\t\t\t\t<\/div>","protected":false},"excerpt":{"rendered":"<p>Di\u015f Kaplama Di\u015f Kaplama Hastanede Kal\u0131\u015f S\u00fcresi: Gerekli De\u011fil Operasyon S\u00fcresi: 1-2 Saat Anestezi: Lokal \u0130yile\u015fme S\u00fcresi: Hemen Hemen Randevu Al\u0131n Di\u015f Kaplama Nedir? Di\u015f kaplama, di\u015flerinizi estetik veya sa\u011fl\u0131k nedenlerle yeniden \u015fekillendirmek i\u00e7in kullan\u0131lan bir dental i\u015flemdir. Di\u015f kaplamalar\u0131, di\u015flerin \u00f6n y\u00fczeyini kaplayarak renk, boyut, \u015fekil ve bazen de fonksiyonel d\u00fczeltmeler sa\u011flar. Bu prosed\u00fcr [&hellip;]<\/p>","protected":false},"author":3,"featured_media":0,"parent":0,"menu_order":0,"comment_status":"closed","ping_status":"closed","template":"","meta":{"_lmt_disableupdate":"","_lmt_disable":"","_monsterinsights_skip_tracking":false,"_monsterinsights_sitenote_active":false,"_monsterinsights_sitenote_note":"","_monsterinsights_sitenote_category":0,"site-sidebar-layout":"no-sidebar","site-content-layout":"page-builder","ast-site-content-layout":"full-width-container","site-content-style":"default","site-sidebar-style":"default","ast-global-header-display":"","ast-banner-title-visibility":"","ast-main-header-display":"","ast-hfb-above-header-display":"","ast-hfb-below-header-display":"","ast-hfb-mobile-header-display":"","site-post-title":"disabled","ast-breadcrumbs-content":"","ast-featured-img":"disabled","footer-sml-layout":"","theme-transparent-header-meta":"","adv-header-id-meta":"","stick-header-meta":"","header-above-stick-meta":"","header-main-stick-meta":"","header-below-stick-meta":"","astra-migrate-meta-layouts":"set","ast-page-background-enabled":"default","ast-page-background-meta":{"desktop":{"background-color":"var(--ast-global-color-4)","background-image":"","background-repeat":"repeat","background-position":"center center","background-size":"auto","background-attachment":"scroll","background-type":"","background-media":"","overlay-type":"","overlay-color":"","overlay-opacity":"","overlay-gradient":""},"tablet":{"background-color":"","background-image":"","background-repeat":"repeat","background-position":"center center","background-size":"auto","background-attachment":"scroll","background-type":"","background-media":"","overlay-type":"","overlay-color":"","overlay-opacity":"","overlay-gradient":""},"mobile":{"background-color":"","background-image":"","background-repeat":"repeat","background-position":"center center","background-size":"auto","background-attachment":"scroll","background-type":"","background-media":"","overlay-type":"","overlay-color":"","overlay-opacity":"","overlay-gradient":""}},"ast-content-background-meta":{"desktop":{"background-color":"var(--ast-global-color-5)","background-image":"","background-repeat":"repeat","background-position":"center center","background-size":"auto","background-attachment":"scroll","background-type":"","background-media":"","overlay-type":"","overlay-color":"","overlay-opacity":"","overlay-gradient":""},"tablet":{"background-color":"var(--ast-global-color-5)","background-image":"","background-repeat":"repeat","background-position":"center center","background-size":"auto","background-attachment":"scroll","background-type":"","background-media":"","overlay-type":"","overlay-color":"","overlay-opacity":"","overlay-gradient":""},"mobile":{"background-color":"var(--ast-global-color-5)","background-image":"","background-repeat":"repeat","background-position":"center center","background-size":"auto","background-attachment":"scroll","background-type":"","background-media":"","overlay-type":"","overlay-color":"","overlay-opacity":"","overlay-gradient":""}},"_joinchat":[],"footnotes":""},"class_list":["post-3767","page","type-page","status-publish","hentry"],"_links":{"self":[{"href":"https:\/\/www.apexclinic.com.tr\/fr\/wp-json\/wp\/v2\/pages\/3767"}],"collection":[{"href":"https:\/\/www.apexclinic.com.tr\/fr\/wp-json\/wp\/v2\/pages"}],"about":[{"href":"https:\/\/www.apexclinic.com.tr\/fr\/wp-json\/wp\/v2\/types\/page"}],"author":[{"embeddable":true,"href":"https:\/\/www.apexclinic.com.tr\/fr\/wp-json\/wp\/v2\/users\/3"}],"replies":[{"embeddable":true,"href":"https:\/\/www.apexclinic.com.tr\/fr\/wp-json\/wp\/v2\/comments?post=3767"}],"version-history":[{"count":7,"href":"https:\/\/www.apexclinic.com.tr\/fr\/wp-json\/wp\/v2\/pages\/3767\/revisions"}],"predecessor-version":[{"id":3776,"href":"https:\/\/www.apexclinic.com.tr\/fr\/wp-json\/wp\/v2\/pages\/3767\/revisions\/3776"}],"wp:attachment":[{"href":"https:\/\/www.apexclinic.com.tr\/fr\/wp-json\/wp\/v2\/media?parent=3767"}],"curies":[{"name":"wp","href":"https:\/\/api.w.org\/{rel}","templated":true}]}}