{"id":2382,"date":"2022-09-07T13:36:13","date_gmt":"2022-09-07T13:36:13","guid":{"rendered":"https:\/\/www.apexclinic.com.tr\/?page_id=2382"},"modified":"2023-08-02T10:50:23","modified_gmt":"2023-08-02T10:50:23","slug":"six-pack-ameliyati","status":"publish","type":"page","link":"https:\/\/www.apexclinic.com.tr\/it\/chirurgia-a-sei-confezioni\/","title":{"rendered":"Chirurgia Six Pack"},"content":{"rendered":"<div data-elementor-type=\"wp-page\" data-elementor-id=\"2382\" class=\"elementor elementor-2382\" data-elementor-post-type=\"page\">\n\t\t\t\t\t\t<section class=\"elementor-section elementor-top-section elementor-element elementor-element-9afa8da elementor-section-boxed elementor-section-height-default elementor-section-height-default\" data-id=\"9afa8da\" data-element_type=\"section\" data-settings=\"{&quot;background_background&quot;:&quot;gradient&quot;,&quot;ekit_has_onepagescroll_dot&quot;:&quot;yes&quot;}\">\n\t\t\t\t\t\t<div class=\"elementor-container elementor-column-gap-default\">\n\t\t\t\t\t<div class=\"elementor-column elementor-col-100 elementor-top-column elementor-element elementor-element-bc56646\" data-id=\"bc56646\" data-element_type=\"column\">\n\t\t\t<div class=\"elementor-widget-wrap elementor-element-populated\">\n\t\t\t\t\t\t<div class=\"elementor-element elementor-element-0fb26c0 elementor-widget elementor-widget-spacer\" data-id=\"0fb26c0\" data-element_type=\"widget\" data-settings=\"{&quot;ekit_we_effect_on&quot;:&quot;none&quot;}\" data-widget_type=\"spacer.default\">\n\t\t\t\t<div class=\"elementor-widget-container\">\n\t\t\t\t\t\t\t<div class=\"elementor-spacer\">\n\t\t\t<div class=\"elementor-spacer-inner\"><\/div>\n\t\t<\/div>\n\t\t\t\t\t\t<\/div>\n\t\t\t\t<\/div>\n\t\t\t\t<div class=\"elementor-element elementor-element-efd06cb elementor-widget elementor-widget-heading\" data-id=\"efd06cb\" data-element_type=\"widget\" data-settings=\"{&quot;ekit_we_effect_on&quot;:&quot;none&quot;}\" data-widget_type=\"heading.default\">\n\t\t\t\t<div class=\"elementor-widget-container\">\n\t\t\t\t\t<h2 class=\"elementor-heading-title elementor-size-default\">Chirurgia Six Pack\n<\/h2>\t\t\t\t<\/div>\n\t\t\t\t<\/div>\n\t\t\t\t<div class=\"elementor-element elementor-element-e2ddd16 elementor-widget elementor-widget-spacer\" data-id=\"e2ddd16\" data-element_type=\"widget\" data-settings=\"{&quot;ekit_we_effect_on&quot;:&quot;none&quot;}\" data-widget_type=\"spacer.default\">\n\t\t\t\t<div class=\"elementor-widget-container\">\n\t\t\t\t\t\t\t<div class=\"elementor-spacer\">\n\t\t\t<div class=\"elementor-spacer-inner\"><\/div>\n\t\t<\/div>\n\t\t\t\t\t\t<\/div>\n\t\t\t\t<\/div>\n\t\t\t\t\t<\/div>\n\t\t<\/div>\n\t\t\t\t\t<\/div>\n\t\t<\/section>\n\t\t\t\t<section class=\"elementor-section elementor-top-section elementor-element elementor-element-c610b43 elementor-section-boxed elementor-section-height-default elementor-section-height-default\" data-id=\"c610b43\" data-element_type=\"section\" data-settings=\"{&quot;ekit_has_onepagescroll_dot&quot;:&quot;yes&quot;}\">\n\t\t\t\t\t\t<div class=\"elementor-container elementor-column-gap-default\">\n\t\t\t\t\t<div class=\"elementor-column elementor-col-100 elementor-top-column elementor-element elementor-element-1731658\" data-id=\"1731658\" data-element_type=\"column\">\n\t\t\t<div class=\"elementor-widget-wrap elementor-element-populated\">\n\t\t\t\t\t\t<div class=\"elementor-element elementor-element-4c05546 elementor-widget elementor-widget-spacer\" data-id=\"4c05546\" data-element_type=\"widget\" data-settings=\"{&quot;ekit_we_effect_on&quot;:&quot;none&quot;}\" data-widget_type=\"spacer.default\">\n\t\t\t\t<div class=\"elementor-widget-container\">\n\t\t\t\t\t\t\t<div class=\"elementor-spacer\">\n\t\t\t<div class=\"elementor-spacer-inner\"><\/div>\n\t\t<\/div>\n\t\t\t\t\t\t<\/div>\n\t\t\t\t<\/div>\n\t\t\t\t\t<\/div>\n\t\t<\/div>\n\t\t\t\t\t<\/div>\n\t\t<\/section>\n\t\t\t\t<section class=\"elementor-section elementor-top-section elementor-element elementor-element-dd57234 elementor-section-boxed elementor-section-height-default elementor-section-height-default\" data-id=\"dd57234\" data-element_type=\"section\" data-settings=\"{&quot;ekit_has_onepagescroll_dot&quot;:&quot;yes&quot;}\">\n\t\t\t\t\t\t<div class=\"elementor-container elementor-column-gap-default\">\n\t\t\t\t\t<div class=\"elementor-column elementor-col-50 elementor-top-column elementor-element elementor-element-96900a3\" data-id=\"96900a3\" data-element_type=\"column\" data-settings=\"{&quot;background_background&quot;:&quot;classic&quot;}\">\n\t\t\t<div class=\"elementor-widget-wrap elementor-element-populated\">\n\t\t\t\t\t\t<div class=\"elementor-element elementor-element-f6d3ca3 elementor-widget elementor-widget-image\" data-id=\"f6d3ca3\" data-element_type=\"widget\" data-settings=\"{&quot;ekit_we_effect_on&quot;:&quot;none&quot;}\" data-widget_type=\"image.default\">\n\t\t\t\t<div class=\"elementor-widget-container\">\n\t\t\t\t\t\t\t\t\t\t\t\t\t\t\t<img fetchpriority=\"high\" decoding=\"async\" width=\"1024\" height=\"683\" src=\"https:\/\/www.apexclinic.com.tr\/wp-content\/uploads\/2022\/08\/six-pack-ameliyati-1-1024x683.png\" class=\"attachment-large size-large wp-image-1480\" alt=\"\" srcset=\"https:\/\/www.apexclinic.com.tr\/wp-content\/uploads\/2022\/08\/six-pack-ameliyati-1-1024x683.png 1024w, https:\/\/www.apexclinic.com.tr\/wp-content\/uploads\/2022\/08\/six-pack-ameliyati-1-300x200.png 300w, https:\/\/www.apexclinic.com.tr\/wp-content\/uploads\/2022\/08\/six-pack-ameliyati-1-768x512.png 768w, https:\/\/www.apexclinic.com.tr\/wp-content\/uploads\/2022\/08\/six-pack-ameliyati-1.png 1200w\" sizes=\"(max-width: 1024px) 100vw, 1024px\" \/>\t\t\t\t\t\t\t\t\t\t\t\t\t\t\t<\/div>\n\t\t\t\t<\/div>\n\t\t\t\t\t<\/div>\n\t\t<\/div>\n\t\t\t\t<div class=\"elementor-column elementor-col-50 elementor-top-column elementor-element elementor-element-1708227\" data-id=\"1708227\" data-element_type=\"column\">\n\t\t\t<div class=\"elementor-widget-wrap elementor-element-populated\">\n\t\t\t\t\t\t<div class=\"elementor-element elementor-element-b78616c elementor-widget-divider--view-line_text elementor-widget-divider--element-align-left elementor-widget elementor-widget-divider\" data-id=\"b78616c\" data-element_type=\"widget\" data-settings=\"{&quot;ekit_we_effect_on&quot;:&quot;none&quot;}\" data-widget_type=\"divider.default\">\n\t\t\t\t<div class=\"elementor-widget-container\">\n\t\t\t\t\t\t\t<div class=\"elementor-divider\">\n\t\t\t<span class=\"elementor-divider-separator\">\n\t\t\t\t\t\t\t<h3 class=\"elementor-divider__text elementor-divider__element\">\n\t\t\t\tChirurgia Six Pack\t\t\t\t<\/h3>\n\t\t\t\t\t\t<\/span>\n\t\t<\/div>\n\t\t\t\t\t\t<\/div>\n\t\t\t\t<\/div>\n\t\t\t\t<div class=\"elementor-element elementor-element-169c52d elementor-align-left elementor-widget__width-auto elementor-icon-list--layout-traditional elementor-list-item-link-full_width elementor-widget elementor-widget-icon-list\" data-id=\"169c52d\" data-element_type=\"widget\" data-settings=\"{&quot;ekit_we_effect_on&quot;:&quot;none&quot;}\" data-widget_type=\"icon-list.default\">\n\t\t\t\t<div class=\"elementor-widget-container\">\n\t\t\t\t\t\t\t<ul class=\"elementor-icon-list-items\">\n\t\t\t\t\t\t\t<li class=\"elementor-icon-list-item\">\n\t\t\t\t\t\t\t\t\t\t\t<span class=\"elementor-icon-list-icon\">\n\t\t\t\t\t\t\t<i aria-hidden=\"true\" class=\"far fa-hospital\"><\/i>\t\t\t\t\t\t<\/span>\n\t\t\t\t\t\t\t\t\t\t<span class=\"elementor-icon-list-text\">Durata degenza in ospedale: 1-2 giorni<\/span>\n\t\t\t\t\t\t\t\t\t<\/li>\n\t\t\t\t\t\t\t\t<li class=\"elementor-icon-list-item\">\n\t\t\t\t\t\t\t\t\t\t\t<span class=\"elementor-icon-list-icon\">\n\t\t\t\t\t\t\t<i aria-hidden=\"true\" class=\"far fa-clock\"><\/i>\t\t\t\t\t\t<\/span>\n\t\t\t\t\t\t\t\t\t\t<span class=\"elementor-icon-list-text\">Tempo di funzionamento: 2-4 ore<\/span>\n\t\t\t\t\t\t\t\t\t<\/li>\n\t\t\t\t\t\t\t\t<li class=\"elementor-icon-list-item\">\n\t\t\t\t\t\t\t\t\t\t\t<span class=\"elementor-icon-list-icon\">\n\t\t\t\t\t\t\t<i aria-hidden=\"true\" class=\"fas fa-syringe\"><\/i>\t\t\t\t\t\t<\/span>\n\t\t\t\t\t\t\t\t\t\t<span class=\"elementor-icon-list-text\">Anestesia: Generale<\/span>\n\t\t\t\t\t\t\t\t\t<\/li>\n\t\t\t\t\t\t\t\t<li class=\"elementor-icon-list-item\">\n\t\t\t\t\t\t\t\t\t\t\t<span class=\"elementor-icon-list-icon\">\n\t\t\t\t\t\t\t<i aria-hidden=\"true\" class=\"far fa-heart\"><\/i>\t\t\t\t\t\t<\/span>\n\t\t\t\t\t\t\t\t\t\t<span class=\"elementor-icon-list-text\">Tempo di guarigione: 4-6 settimane<\/span>\n\t\t\t\t\t\t\t\t\t<\/li>\n\t\t\t\t\t\t<\/ul>\n\t\t\t\t\t\t<\/div>\n\t\t\t\t<\/div>\n\t\t\t\t<div class=\"elementor-element elementor-element-860d5ee elementor-widget elementor-widget-button\" data-id=\"860d5ee\" data-element_type=\"widget\" data-settings=\"{&quot;ekit_we_effect_on&quot;:&quot;none&quot;}\" data-widget_type=\"button.default\">\n\t\t\t\t<div class=\"elementor-widget-container\">\n\t\t\t\t\t\t\t\t\t<div class=\"elementor-button-wrapper\">\n\t\t\t\t\t<a class=\"elementor-button elementor-button-link elementor-size-sm\" href=\"https:\/\/www.apexclinic.com.tr\/it\/\">\n\t\t\t\t\t\t<span class=\"elementor-button-content-wrapper\">\n\t\t\t\t\t\t\t\t\t<span class=\"elementor-button-text\">Fissa un appuntamento ora<\/span>\n\t\t\t\t\t<\/span>\n\t\t\t\t\t<\/a>\n\t\t\t\t<\/div>\n\t\t\t\t\t\t\t\t<\/div>\n\t\t\t\t<\/div>\n\t\t\t\t\t<\/div>\n\t\t<\/div>\n\t\t\t\t\t<\/div>\n\t\t<\/section>\n\t\t\t\t<section class=\"elementor-section elementor-top-section elementor-element elementor-element-0121500 elementor-section-boxed elementor-section-height-default elementor-section-height-default\" data-id=\"0121500\" data-element_type=\"section\" data-settings=\"{&quot;ekit_has_onepagescroll_dot&quot;:&quot;yes&quot;}\">\n\t\t\t\t\t\t<div class=\"elementor-container elementor-column-gap-default\">\n\t\t\t\t\t<div class=\"elementor-column elementor-col-100 elementor-top-column elementor-element elementor-element-fc1963e\" data-id=\"fc1963e\" data-element_type=\"column\">\n\t\t\t<div class=\"elementor-widget-wrap elementor-element-populated\">\n\t\t\t\t\t\t<div class=\"elementor-element elementor-element-2d0ab1b elementor-widget elementor-widget-spacer\" data-id=\"2d0ab1b\" data-element_type=\"widget\" data-settings=\"{&quot;ekit_we_effect_on&quot;:&quot;none&quot;}\" data-widget_type=\"spacer.default\">\n\t\t\t\t<div class=\"elementor-widget-container\">\n\t\t\t\t\t\t\t<div class=\"elementor-spacer\">\n\t\t\t<div class=\"elementor-spacer-inner\"><\/div>\n\t\t<\/div>\n\t\t\t\t\t\t<\/div>\n\t\t\t\t<\/div>\n\t\t\t\t\t<\/div>\n\t\t<\/div>\n\t\t\t\t\t<\/div>\n\t\t<\/section>\n\t\t\t\t<section class=\"elementor-section elementor-top-section elementor-element elementor-element-ce5665f elementor-section-boxed elementor-section-height-default elementor-section-height-default\" data-id=\"ce5665f\" data-element_type=\"section\" data-settings=\"{&quot;ekit_has_onepagescroll_dot&quot;:&quot;yes&quot;}\">\n\t\t\t\t\t\t<div class=\"elementor-container elementor-column-gap-default\">\n\t\t\t\t\t<div class=\"elementor-column elementor-col-100 elementor-top-column elementor-element elementor-element-339c420\" data-id=\"339c420\" data-element_type=\"column\">\n\t\t\t<div class=\"elementor-widget-wrap elementor-element-populated\">\n\t\t\t\t\t\t<div class=\"elementor-element elementor-element-3d77eba elementor-widget elementor-widget-text-editor\" data-id=\"3d77eba\" data-element_type=\"widget\" data-settings=\"{&quot;ekit_we_effect_on&quot;:&quot;none&quot;}\" data-widget_type=\"text-editor.default\">\n\t\t\t\t<div class=\"elementor-widget-container\">\n\t\t\t\t\t\t\t\t\t<section class=\"services_page_header\"><section class=\"services_page_header\"><section class=\"services_page_header\"><div class=\"page_content_wrap\"><div class=\"content_wrap\"><div class=\"content\"><article id=\"post-782\" class=\"services_single itemscope post-782 cpt_services type-cpt_services status-publish has-post-thumbnail hentry cpt_services_group-plastik-cerrahi\"><section class=\"services_page_header\"><section class=\"services_page_header\"><div class=\"page_content_wrap\"><div class=\"content_wrap\"><div class=\"content\"><article id=\"post-759\" class=\"services_single itemscope post-759 cpt_services type-cpt_services status-publish has-post-thumbnail hentry cpt_services_group-plastik-cerrahi\"><section class=\"services_page_header\"><h2 class=\"services_page_title\">Chirurgia Six Pack<\/h2><\/section><section class=\"services_page_content entry-content\"><p class=\"vc_custom_heading vc_custom_1548774426257\">Come Apex Clinic, viene applicato da medici specialisti nel nostro ospedale.\u00a0<strong>intervento chirurgico a sei confezioni<\/strong>\u00a0\u00c8 possibile che gli uomini abbiano una struttura corporea in forma, atletica e muscolosa, un aspetto estetico moderno e sano, spalle larghe e muscolose, braccia muscolose, pancia magra e muscoli addominali prominenti.<\/p><p class=\"vc_custom_heading vc_custom_1548774426257\"><strong>sei pacchi<\/strong>; Il torace, la schiena, le braccia, le gambe, l&#039;addome e la zona della vita sono le regioni in cui si possono eseguire le operazioni estetiche muscolari e la zona pi\u00f9 comune \u00e8 l&#039;addome.<\/p><p class=\"vc_custom_heading vc_custom_1548774426257\">Con l&#039;operazione di estetica muscolare si pu\u00f2 anche assottigliare la zona della vita e si possono svelare i muscoli della vita. Come ApexClinic, \u00e8 possibile schiarire i muscoli della spalla, delle braccia, del torace e dell&#039;addome per fornire un aspetto pi\u00f9 atletico, soprattutto negli uomini, con l&#039;operazione eseguita dai medici specialisti nel nostro ospedale. Poich\u00e9 l&#039;area pi\u00f9 comune dell&#039;estetica muscolare \u00e8 l&#039;addome, \u00e8 noto come sixpack negli uomini e twopack nelle donne.<\/p><p>Nell&#039;operazione eseguita in anestesia generale nel nostro ospedale e in cui vengono praticate piccole incisioni chirurgiche di 4-5 mm di lunghezza in corrispondenza delle pieghe del corpo, \u00e8 possibile arrivare alla conclusione dell&#039;addome baklava nell&#039;uomo preservando il tessuto adiposo in le zone in cui i muscoli addominali sono incurvati o aumentandolo con riempimento di grasso, e rimuovendo il tessuto adiposo nelle zone in cui i muscoli sono increspati mediante tecnica di liposuzione.<\/p><p>L&#039;operazione sixpack, che viene eseguita da medici specialisti nel nostro ospedale, dura in media 1,5 ore e il paziente deve utilizzare lo speciale corsetto per almeno 1 mese dopo l&#039;operazione.<\/p><p>Come ApexClinic, nel nostro ospedale, uomini e donne giovani e di mezza et\u00e0 che desiderano avere un aspetto atletico e muscolare, generalmente non hanno problemi di obesit\u00e0, persone con grasso regionale in eccesso, persone che hanno difficolt\u00e0 a sviluppare e rendere visibile il tessuto muscolare, e chi vuole avere un corpo muscoloso in breve tempo L&#039;estetica muscolare pu\u00f2 essere applicata alle persone dai nostri medici specialisti.<\/p><\/section><\/article><\/div><\/div><\/div><footer class=\"footer_wrap footer_custom footer_custom_336 footer_custom_footer scheme_dark\"><div class=\"vc_row wpb_row vc_row-fluid shape_divider_top-none shape_divider_bottom-none sc_layouts_row sc_layouts_row_type_normal\"><div class=\"wpb_column vc_column_container vc_col-sm-12 sc_layouts_column_icons_position_left\"><div class=\"vc_column-inner\"><div class=\"wpb_wrapper\">\u00a0<\/div><\/div><\/div><\/div><\/footer><\/section><\/section><\/article><\/div><\/div><\/div><\/section><\/section><\/section>\t\t\t\t\t\t\t\t<\/div>\n\t\t\t\t<\/div>\n\t\t\t\t\t<\/div>\n\t\t<\/div>\n\t\t\t\t\t<\/div>\n\t\t<\/section>\n\t\t\t\t<section class=\"elementor-section elementor-top-section elementor-element elementor-element-9d6544f elementor-section-boxed elementor-section-height-default elementor-section-height-default\" data-id=\"9d6544f\" data-element_type=\"section\" data-settings=\"{&quot;ekit_has_onepagescroll_dot&quot;:&quot;yes&quot;}\">\n\t\t\t\t\t\t<div class=\"elementor-container elementor-column-gap-default\">\n\t\t\t\t\t<div class=\"elementor-column elementor-col-100 elementor-top-column elementor-element elementor-element-0d5fb2b\" data-id=\"0d5fb2b\" data-element_type=\"column\">\n\t\t\t<div class=\"elementor-widget-wrap elementor-element-populated\">\n\t\t\t\t\t\t<div class=\"elementor-element elementor-element-c59295a elementor-widget elementor-widget-shortcode\" data-id=\"c59295a\" data-element_type=\"widget\" data-settings=\"{&quot;ekit_we_effect_on&quot;:&quot;none&quot;}\" data-widget_type=\"shortcode.default\">\n\t\t\t\t<div class=\"elementor-widget-container\">\n\t\t\t\t\t\t\t<div class=\"elementor-shortcode\">Ultimo aggiornamento 2 agosto 2023 Informazioni sull&#039;editore:<a href=\"\" target=\"_blank\" class=\"last-modified-author\">digital@apexclinic.com.tr<\/a><\/div>\n\t\t\t\t\t\t<\/div>\n\t\t\t\t<\/div>\n\t\t\t\t\t<\/div>\n\t\t<\/div>\n\t\t\t\t\t<\/div>\n\t\t<\/section>\n\t\t\t\t<\/div>","protected":false},"excerpt":{"rendered":"<p>Six Pack Ameliyat\u0131 Six Pack Ameliyat\u0131 Hastanede Kal\u0131\u015f S\u00fcresi: 1-2 G\u00fcn Operasyon S\u00fcresi: 2-4 Saat Anestezi: Genel \u0130yile\u015fme S\u00fcresi: 4-6 Hafta Hemen Randevu Al\u0131n Six Pack Ameliyat\u0131 Apex Clinic olarak hastanemizde uzman doktorlar taraf\u0131ndan uygulanan\u00a0six pack ameliyat\u0131\u00a0ile erkekler fit, atletik ve kasl\u0131 bir v\u00fccut yap\u0131s\u0131na, modern, sa\u011fl\u0131kl\u0131 estetik g\u00f6r\u00fcn\u00fcme, geni\u015f ve kasl\u0131 omuzlara, kasl\u0131 kollara, [&hellip;]<\/p>","protected":false},"author":3,"featured_media":0,"parent":0,"menu_order":0,"comment_status":"closed","ping_status":"closed","template":"elementor_header_footer","meta":{"_lmt_disableupdate":"","_lmt_disable":"","_monsterinsights_skip_tracking":false,"_monsterinsights_sitenote_active":false,"_monsterinsights_sitenote_note":"","_monsterinsights_sitenote_category":0,"site-sidebar-layout":"no-sidebar","site-content-layout":"page-builder","ast-site-content-layout":"","site-content-style":"default","site-sidebar-style":"default","ast-global-header-display":"","ast-banner-title-visibility":"","ast-main-header-display":"","ast-hfb-above-header-display":"","ast-hfb-below-header-display":"","ast-hfb-mobile-header-display":"","site-post-title":"disabled","ast-breadcrumbs-content":"","ast-featured-img":"disabled","footer-sml-layout":"","theme-transparent-header-meta":"","adv-header-id-meta":"","stick-header-meta":"","header-above-stick-meta":"","header-main-stick-meta":"","header-below-stick-meta":"","astra-migrate-meta-layouts":"default","ast-page-background-enabled":"default","ast-page-background-meta":{"desktop":{"background-color":"var(--ast-global-color-4)","background-image":"","background-repeat":"repeat","background-position":"center center","background-size":"auto","background-attachment":"scroll","background-type":"","background-media":"","overlay-type":"","overlay-color":"","overlay-opacity":"","overlay-gradient":""},"tablet":{"background-color":"","background-image":"","background-repeat":"repeat","background-position":"center center","background-size":"auto","background-attachment":"scroll","background-type":"","background-media":"","overlay-type":"","overlay-color":"","overlay-opacity":"","overlay-gradient":""},"mobile":{"background-color":"","background-image":"","background-repeat":"repeat","background-position":"center center","background-size":"auto","background-attachment":"scroll","background-type":"","background-media":"","overlay-type":"","overlay-color":"","overlay-opacity":"","overlay-gradient":""}},"ast-content-background-meta":{"desktop":{"background-color":"var(--ast-global-color-5)","background-image":"","background-repeat":"repeat","background-position":"center center","background-size":"auto","background-attachment":"scroll","background-type":"","background-media":"","overlay-type":"","overlay-color":"","overlay-opacity":"","overlay-gradient":""},"tablet":{"background-color":"var(--ast-global-color-5)","background-image":"","background-repeat":"repeat","background-position":"center center","background-size":"auto","background-attachment":"scroll","background-type":"","background-media":"","overlay-type":"","overlay-color":"","overlay-opacity":"","overlay-gradient":""},"mobile":{"background-color":"var(--ast-global-color-5)","background-image":"","background-repeat":"repeat","background-position":"center center","background-size":"auto","background-attachment":"scroll","background-type":"","background-media":"","overlay-type":"","overlay-color":"","overlay-opacity":"","overlay-gradient":""}},"_joinchat":[],"footnotes":""},"class_list":["post-2382","page","type-page","status-publish","hentry"],"_links":{"self":[{"href":"https:\/\/www.apexclinic.com.tr\/it\/wp-json\/wp\/v2\/pages\/2382"}],"collection":[{"href":"https:\/\/www.apexclinic.com.tr\/it\/wp-json\/wp\/v2\/pages"}],"about":[{"href":"https:\/\/www.apexclinic.com.tr\/it\/wp-json\/wp\/v2\/types\/page"}],"author":[{"embeddable":true,"href":"https:\/\/www.apexclinic.com.tr\/it\/wp-json\/wp\/v2\/users\/3"}],"replies":[{"embeddable":true,"href":"https:\/\/www.apexclinic.com.tr\/it\/wp-json\/wp\/v2\/comments?post=2382"}],"version-history":[{"count":3,"href":"https:\/\/www.apexclinic.com.tr\/it\/wp-json\/wp\/v2\/pages\/2382\/revisions"}],"predecessor-version":[{"id":3445,"href":"https:\/\/www.apexclinic.com.tr\/it\/wp-json\/wp\/v2\/pages\/2382\/revisions\/3445"}],"wp:attachment":[{"href":"https:\/\/www.apexclinic.com.tr\/it\/wp-json\/wp\/v2\/media?parent=2382"}],"curies":[{"name":"wp","href":"https:\/\/api.w.org\/{rel}","templated":true}]}}