{"id":2737,"date":"2022-09-22T14:20:27","date_gmt":"2022-09-22T14:20:27","guid":{"rendered":"https:\/\/www.apexclinic.com.tr\/?page_id=2737"},"modified":"2024-07-11T10:24:06","modified_gmt":"2024-07-11T10:24:06","slug":"hollywood-smile-gulus-tasarimi","status":"publish","type":"page","link":"https:\/\/www.apexclinic.com.tr\/it\/hollywood-smile-gulus-design\/","title":{"rendered":"Sorriso di HollyWood (design del sorriso)"},"content":{"rendered":"<div data-elementor-type=\"wp-page\" data-elementor-id=\"2737\" class=\"elementor elementor-2737\" data-elementor-post-type=\"page\">\n\t\t\t\t\t\t<section class=\"elementor-section elementor-top-section elementor-element elementor-element-1e60086 elementor-section-content-middle elementor-section-boxed elementor-section-height-default elementor-section-height-default\" data-id=\"1e60086\" data-element_type=\"section\" data-settings=\"{&quot;background_background&quot;:&quot;classic&quot;,&quot;ekit_has_onepagescroll_dot&quot;:&quot;yes&quot;}\">\n\t\t\t\t\t\t<div class=\"elementor-container elementor-column-gap-wide\">\n\t\t\t\t\t<div class=\"elementor-column elementor-col-50 elementor-top-column elementor-element elementor-element-03ebb3a\" data-id=\"03ebb3a\" data-element_type=\"column\">\n\t\t\t<div class=\"elementor-widget-wrap elementor-element-populated\">\n\t\t\t\t\t\t<div class=\"elementor-element elementor-element-acbfdd6 elementor-invisible elementor-widget elementor-widget-heading\" data-id=\"acbfdd6\" data-element_type=\"widget\" data-settings=\"{&quot;_animation&quot;:&quot;fadeIn&quot;,&quot;ekit_we_effect_on&quot;:&quot;none&quot;}\" data-widget_type=\"heading.default\">\n\t\t\t\t<div class=\"elementor-widget-container\">\n\t\t\t\t\t<h5 class=\"elementor-heading-title elementor-size-medium\">Apex Clinic<\/h5>\t\t\t\t<\/div>\n\t\t\t\t<\/div>\n\t\t\t\t<div class=\"elementor-element elementor-element-77655fb elementor-widget elementor-widget-heading\" data-id=\"77655fb\" data-element_type=\"widget\" data-settings=\"{&quot;ekit_we_effect_on&quot;:&quot;none&quot;}\" data-widget_type=\"heading.default\">\n\t\t\t\t<div class=\"elementor-widget-container\">\n\t\t\t\t\t<h2 class=\"elementor-heading-title elementor-size-xxl\">Sorriso di Holly Wood<\/h2>\t\t\t\t<\/div>\n\t\t\t\t<\/div>\n\t\t\t\t<div class=\"elementor-element elementor-element-ad0f82e elementor-widget-divider--view-line elementor-invisible elementor-widget elementor-widget-divider\" data-id=\"ad0f82e\" data-element_type=\"widget\" data-settings=\"{&quot;_animation&quot;:&quot;fadeInUp&quot;,&quot;ekit_we_effect_on&quot;:&quot;none&quot;}\" data-widget_type=\"divider.default\">\n\t\t\t\t<div class=\"elementor-widget-container\">\n\t\t\t\t\t\t\t<div class=\"elementor-divider\">\n\t\t\t<span class=\"elementor-divider-separator\">\n\t\t\t\t\t\t<\/span>\n\t\t<\/div>\n\t\t\t\t\t\t<\/div>\n\t\t\t\t<\/div>\n\t\t\t\t<div class=\"elementor-element elementor-element-33869bd elementor-widget elementor-widget-text-editor\" data-id=\"33869bd\" data-element_type=\"widget\" data-settings=\"{&quot;ekit_we_effect_on&quot;:&quot;none&quot;}\" data-widget_type=\"text-editor.default\">\n\t\t\t\t<div class=\"elementor-widget-container\">\n\t\t\t\t\t\t\t\t\t<p>Il design del sorriso di Hollywood Smile \u00e8 una procedura semplice che pu\u00f2 correggere un&#039;ampia variet\u00e0 di disturbi dentali. Lo scopo di questo sorriso \u00e8 quello di raggiungere uno standard dentale ideale e un sorriso radioso.<br \/>Hollywood Smile combina trattamenti odontoiatrici cosmetici e riparativi per farti sorridere come una star. Le faccette dentali estetiche aiutano a coprire le imperfezioni del tuo sorriso attraverso un piano di trattamento personalizzato in base alle tue esigenze e desideri.<\/p>\t\t\t\t\t\t\t\t<\/div>\n\t\t\t\t<\/div>\n\t\t\t\t<div class=\"elementor-element elementor-element-f0281ed elementor-align-right elementor-invisible elementor-widget elementor-widget-button\" data-id=\"f0281ed\" data-element_type=\"widget\" data-settings=\"{&quot;_animation&quot;:&quot;fadeInUp&quot;,&quot;_animation_delay&quot;:800,&quot;ekit_we_effect_on&quot;:&quot;none&quot;}\" data-widget_type=\"button.default\">\n\t\t\t\t<div class=\"elementor-widget-container\">\n\t\t\t\t\t\t\t\t\t<div class=\"elementor-button-wrapper\">\n\t\t\t\t\t<a class=\"elementor-button elementor-button-link elementor-size-md elementor-animation-float\" href=\"https:\/\/www.apexclinic.com.tr\/it\/contatto\/\">\n\t\t\t\t\t\t<span class=\"elementor-button-content-wrapper\">\n\t\t\t\t\t\t<span class=\"elementor-button-icon\">\n\t\t\t\t<i aria-hidden=\"true\" class=\"fas fa-long-arrow-alt-right\"><\/i>\t\t\t<\/span>\n\t\t\t\t\t\t\t\t\t<span class=\"elementor-button-text\">Fissa un appuntamento<\/span>\n\t\t\t\t\t<\/span>\n\t\t\t\t\t<\/a>\n\t\t\t\t<\/div>\n\t\t\t\t\t\t\t\t<\/div>\n\t\t\t\t<\/div>\n\t\t\t\t\t<\/div>\n\t\t<\/div>\n\t\t\t\t<div class=\"elementor-column elementor-col-50 elementor-top-column elementor-element elementor-element-7d657d7\" data-id=\"7d657d7\" data-element_type=\"column\">\n\t\t\t<div class=\"elementor-widget-wrap elementor-element-populated\">\n\t\t\t\t\t\t<div class=\"elementor-element elementor-element-6c52ddc elementor-widget elementor-widget-html\" data-id=\"6c52ddc\" data-element_type=\"widget\" data-settings=\"{&quot;ekit_we_effect_on&quot;:&quot;none&quot;}\" data-widget_type=\"html.default\">\n\t\t\t\t<div class=\"elementor-widget-container\">\n\t\t\t\t\t<div style=\"width: 100%; height: 0px; position: relative; padding-bottom: 56.250%;\"><iframe src=\"https:\/\/streamable.com\/e\/78824u\" frameborder=\"0\" width=\"100%\" height=\"100%\" allowfullscreen style=\"width: 100%; height: 100%; position: absolute;\"><\/iframe><\/div>\t\t\t\t<\/div>\n\t\t\t\t<\/div>\n\t\t\t\t\t<\/div>\n\t\t<\/div>\n\t\t\t\t\t<\/div>\n\t\t<\/section>\n\t\t\t\t<section class=\"elementor-section elementor-top-section elementor-element elementor-element-c59a366 elementor-section-boxed elementor-section-height-default elementor-section-height-default\" data-id=\"c59a366\" data-element_type=\"section\" data-settings=\"{&quot;ekit_has_onepagescroll_dot&quot;:&quot;yes&quot;}\">\n\t\t\t\t\t\t<div class=\"elementor-container elementor-column-gap-default\">\n\t\t\t\t\t<div class=\"elementor-column elementor-col-100 elementor-top-column elementor-element elementor-element-d41d481\" data-id=\"d41d481\" data-element_type=\"column\">\n\t\t\t<div class=\"elementor-widget-wrap elementor-element-populated\">\n\t\t\t\t\t\t<div class=\"elementor-element elementor-element-a536d1d elementor-widget elementor-widget-text-editor\" data-id=\"a536d1d\" data-element_type=\"widget\" data-settings=\"{&quot;ekit_we_effect_on&quot;:&quot;none&quot;}\" data-widget_type=\"text-editor.default\">\n\t\t\t\t<div class=\"elementor-widget-container\">\n\t\t\t\t\t\t\t\t\t<h3>Cos&#039;\u00e8 Hollywood Smile?<\/h3><p>Hollywood Smile prende il nome dai sorrisi perfetti delle star di Hollywood e garantisce che i denti siano esteticamente ottimizzati. Questo trattamento comprende molte procedure come lo sbiancamento dei denti, le corone dentali, l&#039;allineamento dei denti e l&#039;estetica delle gengive. Come Clinica Apex, diamo ai nostri pazienti fiducia in se stessi e permettiamo loro di sorridere al meglio con il trattamento Hollywood Smile.<\/p><h3>Cosa \u00e8 necessario per un\u2019estetica del sorriso efficace<\/h3><p>Un\u2019estetica del sorriso efficace richiede che i denti siano proporzionati tra loro e al viso. Sono molti i fattori che garantiscono questo equilibrio:<\/p><ul><li><strong>Dimensionamento dei denti secondo la sezione aurea:<\/strong> Dimensionare i denti in una certa misura \u00e8 importante per un aspetto estetico.<\/li><li><strong>Nessuno spazio tra i denti:<\/strong> Non avere spazi tra i denti \u00e8 essenziale per un sorriso liscio.<\/li><li><strong>Simmetria gengivale:<\/strong> La simmetria delle gengive conferisce al sorriso un aspetto estetico.<\/li><li><strong>Visibilit\u00e0 gengivale:<\/strong> Nella posizione sorridente, l&#039;ideale \u00e8 che le gengive appaiano ad una certa distanza da sotto le labbra.<\/li><li><strong>Quantit\u00e0 di aspetto dei denti:<\/strong> Nella posizione sorridente i denti dovrebbero apparire in modo ottimale.<\/li><li><strong>Simmetria della linea mediana dei denti:<\/strong> L&#039;allineamento simmetrico dei denti secondo la linea mediana garantisce un sorriso equilibrato.<\/li><li><strong>Gengive sane:<\/strong> Avere gengive sane \u00e8 importante per la salute orale generale.<\/li><li><strong>Fonazione corretta:<\/strong> Mentre si parla i suoni devono arrivare correttamente ai denti e deve essere assicurata una corretta fonazione.<\/li><\/ul><h3>A chi viene applicato Hollywood Smile?<\/h3><p>Nel design Hollywood Smile, le condizioni delle labbra e dei tessuti gengivali del paziente vengono esaminate in dettaglio. Vengono esaminate le forme, le dimensioni e le posizioni dei denti in bocca e viene applicato il disegno del sorriso che meglio si adatta al viso della persona. Il fenomeno estetico \u00e8 specifico per l&#039;individuo; \u00c8 progettato tenendo conto delle proporzioni del viso, del colore dei denti, della posizione delle labbra e del colore della pelle della persona.<\/p><h3>Come fare un sorriso hollywoodiano?<\/h3><p>La fotografia \u00e8 molto importante in odontoiatria quando si crea un sorriso hollywoodiano. Nella fotografia dentale vengono fotografati sia i denti che i tessuti circostanti. Oltre alle fotografie, anche la misurazione \u00e8 importante per la progettazione del sorriso 3D per trasferire le informazioni al laboratorio odontotecnico. Vengono inoltre girati dei video e viene esaminata l&#039;estetica facciale dinamica del paziente mentre parla e sorride, e viene determinato cosa si pu\u00f2 fare sui denti per una bellezza facciale ottimale.<\/p>\t\t\t\t\t\t\t\t<\/div>\n\t\t\t\t<\/div>\n\t\t\t\t\t<\/div>\n\t\t<\/div>\n\t\t\t\t\t<\/div>\n\t\t<\/section>\n\t\t\t\t<section class=\"elementor-section elementor-top-section elementor-element elementor-element-7fb0c49 elementor-section-boxed elementor-section-height-default elementor-section-height-default\" data-id=\"7fb0c49\" data-element_type=\"section\" data-settings=\"{&quot;ekit_has_onepagescroll_dot&quot;:&quot;yes&quot;}\">\n\t\t\t\t\t\t<div class=\"elementor-container elementor-column-gap-default\">\n\t\t\t\t\t<div class=\"elementor-column elementor-col-100 elementor-top-column elementor-element elementor-element-0055d10\" data-id=\"0055d10\" data-element_type=\"column\">\n\t\t\t<div class=\"elementor-widget-wrap elementor-element-populated\">\n\t\t\t\t\t\t<div class=\"elementor-element elementor-element-fbd9b3e elementor-widget elementor-widget-shortcode\" data-id=\"fbd9b3e\" data-element_type=\"widget\" data-settings=\"{&quot;ekit_we_effect_on&quot;:&quot;none&quot;}\" data-widget_type=\"shortcode.default\">\n\t\t\t\t<div class=\"elementor-widget-container\">\n\t\t\t\t\t\t\t<div class=\"elementor-shortcode\">Ultimo aggiornamento Luglio 11, 2024 Informazioni redattore:<a href=\"\" target=\"_blank\" class=\"last-modified-author\">digital@apexclinic.com.tr<\/a><\/div>\n\t\t\t\t\t\t<\/div>\n\t\t\t\t<\/div>\n\t\t\t\t\t<\/div>\n\t\t<\/div>\n\t\t\t\t\t<\/div>\n\t\t<\/section>\n\t\t\t\t<\/div>","protected":false},"excerpt":{"rendered":"<p>Apex Clinic HollyWood Smile Hollywood Smile g\u00fcl\u00fc\u015f tasar\u0131m\u0131, \u00e7ok \u00e7e\u015fitli di\u015f bozukluklar\u0131n\u0131 d\u00fczeltebilen basit bir prosed\u00fcrd\u00fcr. Bu g\u00fcl\u00fc\u015f\u00fcn amac\u0131 ideal bir di\u015f standart\u0131 ve \u0131\u015f\u0131lt\u0131l\u0131 bir g\u00fcl\u00fc\u015f elde etmektir.Hollywood Smile, sizi bir star gibi g\u00fcl\u00fcmsetmek i\u00e7in kozmetik ve onar\u0131c\u0131 di\u015f tedavilerini birle\u015ftirir. Estetik di\u015f kaplamalar\u0131, ihtiya\u00e7lar\u0131n\u0131za ve isteklerinize uyacak ki\u015fiselle\u015ftirilmi\u015f bir tedavi plan\u0131 arac\u0131l\u0131\u011f\u0131yla g\u00fcl\u00fc\u015f\u00fcn\u00fczdeki [&hellip;]<\/p>","protected":false},"author":3,"featured_media":0,"parent":0,"menu_order":0,"comment_status":"closed","ping_status":"closed","template":"","meta":{"_lmt_disableupdate":"","_lmt_disable":"","_monsterinsights_skip_tracking":false,"_monsterinsights_sitenote_active":false,"_monsterinsights_sitenote_note":"","_monsterinsights_sitenote_category":0,"site-sidebar-layout":"no-sidebar","site-content-layout":"page-builder","ast-site-content-layout":"","site-content-style":"default","site-sidebar-style":"default","ast-global-header-display":"","ast-banner-title-visibility":"","ast-main-header-display":"","ast-hfb-above-header-display":"","ast-hfb-below-header-display":"","ast-hfb-mobile-header-display":"","site-post-title":"disabled","ast-breadcrumbs-content":"","ast-featured-img":"disabled","footer-sml-layout":"","theme-transparent-header-meta":"","adv-header-id-meta":"","stick-header-meta":"","header-above-stick-meta":"","header-main-stick-meta":"","header-below-stick-meta":"","astra-migrate-meta-layouts":"default","ast-page-background-enabled":"default","ast-page-background-meta":{"desktop":{"background-color":"var(--ast-global-color-4)","background-image":"","background-repeat":"repeat","background-position":"center center","background-size":"auto","background-attachment":"scroll","background-type":"","background-media":"","overlay-type":"","overlay-color":"","overlay-opacity":"","overlay-gradient":""},"tablet":{"background-color":"","background-image":"","background-repeat":"repeat","background-position":"center center","background-size":"auto","background-attachment":"scroll","background-type":"","background-media":"","overlay-type":"","overlay-color":"","overlay-opacity":"","overlay-gradient":""},"mobile":{"background-color":"","background-image":"","background-repeat":"repeat","background-position":"center center","background-size":"auto","background-attachment":"scroll","background-type":"","background-media":"","overlay-type":"","overlay-color":"","overlay-opacity":"","overlay-gradient":""}},"ast-content-background-meta":{"desktop":{"background-color":"var(--ast-global-color-5)","background-image":"","background-repeat":"repeat","background-position":"center center","background-size":"auto","background-attachment":"scroll","background-type":"","background-media":"","overlay-type":"","overlay-color":"","overlay-opacity":"","overlay-gradient":""},"tablet":{"background-color":"var(--ast-global-color-5)","background-image":"","background-repeat":"repeat","background-position":"center center","background-size":"auto","background-attachment":"scroll","background-type":"","background-media":"","overlay-type":"","overlay-color":"","overlay-opacity":"","overlay-gradient":""},"mobile":{"background-color":"var(--ast-global-color-5)","background-image":"","background-repeat":"repeat","background-position":"center center","background-size":"auto","background-attachment":"scroll","background-type":"","background-media":"","overlay-type":"","overlay-color":"","overlay-opacity":"","overlay-gradient":""}},"_joinchat":[],"footnotes":""},"class_list":["post-2737","page","type-page","status-publish","hentry"],"_links":{"self":[{"href":"https:\/\/www.apexclinic.com.tr\/it\/wp-json\/wp\/v2\/pages\/2737"}],"collection":[{"href":"https:\/\/www.apexclinic.com.tr\/it\/wp-json\/wp\/v2\/pages"}],"about":[{"href":"https:\/\/www.apexclinic.com.tr\/it\/wp-json\/wp\/v2\/types\/page"}],"author":[{"embeddable":true,"href":"https:\/\/www.apexclinic.com.tr\/it\/wp-json\/wp\/v2\/users\/3"}],"replies":[{"embeddable":true,"href":"https:\/\/www.apexclinic.com.tr\/it\/wp-json\/wp\/v2\/comments?post=2737"}],"version-history":[{"count":9,"href":"https:\/\/www.apexclinic.com.tr\/it\/wp-json\/wp\/v2\/pages\/2737\/revisions"}],"predecessor-version":[{"id":3790,"href":"https:\/\/www.apexclinic.com.tr\/it\/wp-json\/wp\/v2\/pages\/2737\/revisions\/3790"}],"wp:attachment":[{"href":"https:\/\/www.apexclinic.com.tr\/it\/wp-json\/wp\/v2\/media?parent=2737"}],"curies":[{"name":"wp","href":"https:\/\/api.w.org\/{rel}","templated":true}]}}