{"id":2346,"date":"2022-09-07T13:36:13","date_gmt":"2022-09-07T13:36:13","guid":{"rendered":"https:\/\/www.apexclinic.com.tr\/?page_id=2346"},"modified":"2023-08-02T09:55:59","modified_gmt":"2023-08-02T09:55:59","slug":"rinoplasti","status":"publish","type":"page","link":"https:\/\/www.apexclinic.com.tr\/ro\/rinoplastie\/","title":{"rendered":"Opera\u021bie de rinoplastie"},"content":{"rendered":"<div data-elementor-type=\"wp-page\" data-elementor-id=\"2346\" class=\"elementor elementor-2346\" data-elementor-post-type=\"page\">\n\t\t\t\t\t\t<section class=\"elementor-section elementor-top-section elementor-element elementor-element-9afa8da elementor-section-boxed elementor-section-height-default elementor-section-height-default\" data-id=\"9afa8da\" data-element_type=\"section\" data-settings=\"{&quot;background_background&quot;:&quot;gradient&quot;,&quot;ekit_has_onepagescroll_dot&quot;:&quot;yes&quot;}\">\n\t\t\t\t\t\t<div class=\"elementor-container elementor-column-gap-default\">\n\t\t\t\t\t<div class=\"elementor-column elementor-col-100 elementor-top-column elementor-element elementor-element-bc56646\" data-id=\"bc56646\" data-element_type=\"column\">\n\t\t\t<div class=\"elementor-widget-wrap elementor-element-populated\">\n\t\t\t\t\t\t<div class=\"elementor-element elementor-element-0fb26c0 elementor-widget elementor-widget-spacer\" data-id=\"0fb26c0\" data-element_type=\"widget\" data-settings=\"{&quot;ekit_we_effect_on&quot;:&quot;none&quot;}\" data-widget_type=\"spacer.default\">\n\t\t\t\t<div class=\"elementor-widget-container\">\n\t\t\t\t\t\t\t<div class=\"elementor-spacer\">\n\t\t\t<div class=\"elementor-spacer-inner\"><\/div>\n\t\t<\/div>\n\t\t\t\t\t\t<\/div>\n\t\t\t\t<\/div>\n\t\t\t\t<div class=\"elementor-element elementor-element-efd06cb elementor-widget elementor-widget-heading\" data-id=\"efd06cb\" data-element_type=\"widget\" data-settings=\"{&quot;ekit_we_effect_on&quot;:&quot;none&quot;}\" data-widget_type=\"heading.default\">\n\t\t\t\t<div class=\"elementor-widget-container\">\n\t\t\t\t\t<h2 class=\"elementor-heading-title elementor-size-default\">Opera\u021bie de rinoplastie<\/h2>\t\t\t\t<\/div>\n\t\t\t\t<\/div>\n\t\t\t\t<div class=\"elementor-element elementor-element-e2ddd16 elementor-widget elementor-widget-spacer\" data-id=\"e2ddd16\" data-element_type=\"widget\" data-settings=\"{&quot;ekit_we_effect_on&quot;:&quot;none&quot;}\" data-widget_type=\"spacer.default\">\n\t\t\t\t<div class=\"elementor-widget-container\">\n\t\t\t\t\t\t\t<div class=\"elementor-spacer\">\n\t\t\t<div class=\"elementor-spacer-inner\"><\/div>\n\t\t<\/div>\n\t\t\t\t\t\t<\/div>\n\t\t\t\t<\/div>\n\t\t\t\t\t<\/div>\n\t\t<\/div>\n\t\t\t\t\t<\/div>\n\t\t<\/section>\n\t\t\t\t<section class=\"elementor-section elementor-top-section elementor-element elementor-element-c610b43 elementor-section-boxed elementor-section-height-default elementor-section-height-default\" data-id=\"c610b43\" data-element_type=\"section\" data-settings=\"{&quot;ekit_has_onepagescroll_dot&quot;:&quot;yes&quot;}\">\n\t\t\t\t\t\t<div class=\"elementor-container elementor-column-gap-default\">\n\t\t\t\t\t<div class=\"elementor-column elementor-col-100 elementor-top-column elementor-element elementor-element-1731658\" data-id=\"1731658\" data-element_type=\"column\">\n\t\t\t<div class=\"elementor-widget-wrap elementor-element-populated\">\n\t\t\t\t\t\t<div class=\"elementor-element elementor-element-4c05546 elementor-widget elementor-widget-spacer\" data-id=\"4c05546\" data-element_type=\"widget\" data-settings=\"{&quot;ekit_we_effect_on&quot;:&quot;none&quot;}\" data-widget_type=\"spacer.default\">\n\t\t\t\t<div class=\"elementor-widget-container\">\n\t\t\t\t\t\t\t<div class=\"elementor-spacer\">\n\t\t\t<div class=\"elementor-spacer-inner\"><\/div>\n\t\t<\/div>\n\t\t\t\t\t\t<\/div>\n\t\t\t\t<\/div>\n\t\t\t\t\t<\/div>\n\t\t<\/div>\n\t\t\t\t\t<\/div>\n\t\t<\/section>\n\t\t\t\t<section class=\"elementor-section elementor-top-section elementor-element elementor-element-dd57234 elementor-section-boxed elementor-section-height-default elementor-section-height-default\" data-id=\"dd57234\" data-element_type=\"section\" data-settings=\"{&quot;ekit_has_onepagescroll_dot&quot;:&quot;yes&quot;}\">\n\t\t\t\t\t\t<div class=\"elementor-container elementor-column-gap-default\">\n\t\t\t\t\t<div class=\"elementor-column elementor-col-50 elementor-top-column elementor-element elementor-element-96900a3\" data-id=\"96900a3\" data-element_type=\"column\" data-settings=\"{&quot;background_background&quot;:&quot;classic&quot;}\">\n\t\t\t<div class=\"elementor-widget-wrap elementor-element-populated\">\n\t\t\t\t\t\t<div class=\"elementor-element elementor-element-f6d3ca3 elementor-widget elementor-widget-image\" data-id=\"f6d3ca3\" data-element_type=\"widget\" data-settings=\"{&quot;ekit_we_effect_on&quot;:&quot;none&quot;}\" data-widget_type=\"image.default\">\n\t\t\t\t<div class=\"elementor-widget-container\">\n\t\t\t\t\t\t\t\t\t\t\t\t\t\t\t<img fetchpriority=\"high\" decoding=\"async\" width=\"1024\" height=\"681\" src=\"https:\/\/www.apexclinic.com.tr\/wp-content\/uploads\/2022\/08\/portrait-beautiful-asian-woman-touches-nose-smiles-min-1024x681.jpg\" class=\"attachment-large size-large wp-image-1883\" alt=\"\" srcset=\"https:\/\/www.apexclinic.com.tr\/wp-content\/uploads\/2022\/08\/portrait-beautiful-asian-woman-touches-nose-smiles-min-1024x681.jpg 1024w, https:\/\/www.apexclinic.com.tr\/wp-content\/uploads\/2022\/08\/portrait-beautiful-asian-woman-touches-nose-smiles-min-300x200.jpg 300w, https:\/\/www.apexclinic.com.tr\/wp-content\/uploads\/2022\/08\/portrait-beautiful-asian-woman-touches-nose-smiles-min-768x511.jpg 768w, https:\/\/www.apexclinic.com.tr\/wp-content\/uploads\/2022\/08\/portrait-beautiful-asian-woman-touches-nose-smiles-min-1536x1022.jpg 1536w, https:\/\/www.apexclinic.com.tr\/wp-content\/uploads\/2022\/08\/portrait-beautiful-asian-woman-touches-nose-smiles-min-2048x1363.jpg 2048w\" sizes=\"(max-width: 1024px) 100vw, 1024px\" \/>\t\t\t\t\t\t\t\t\t\t\t\t\t\t\t<\/div>\n\t\t\t\t<\/div>\n\t\t\t\t\t<\/div>\n\t\t<\/div>\n\t\t\t\t<div class=\"elementor-column elementor-col-50 elementor-top-column elementor-element elementor-element-1708227\" data-id=\"1708227\" data-element_type=\"column\">\n\t\t\t<div class=\"elementor-widget-wrap elementor-element-populated\">\n\t\t\t\t\t\t<div class=\"elementor-element elementor-element-b78616c elementor-widget-divider--view-line_text elementor-widget-divider--element-align-left elementor-widget elementor-widget-divider\" data-id=\"b78616c\" data-element_type=\"widget\" data-settings=\"{&quot;ekit_we_effect_on&quot;:&quot;none&quot;}\" data-widget_type=\"divider.default\">\n\t\t\t\t<div class=\"elementor-widget-container\">\n\t\t\t\t\t\t\t<div class=\"elementor-divider\">\n\t\t\t<span class=\"elementor-divider-separator\">\n\t\t\t\t\t\t\t<h3 class=\"elementor-divider__text elementor-divider__element\">\n\t\t\t\trinoplastie\t\t\t\t<\/h3>\n\t\t\t\t\t\t<\/span>\n\t\t<\/div>\n\t\t\t\t\t\t<\/div>\n\t\t\t\t<\/div>\n\t\t\t\t<div class=\"elementor-element elementor-element-ae1980c elementor-align-left elementor-widget__width-auto elementor-icon-list--layout-traditional elementor-list-item-link-full_width elementor-widget elementor-widget-icon-list\" data-id=\"ae1980c\" data-element_type=\"widget\" data-settings=\"{&quot;ekit_we_effect_on&quot;:&quot;none&quot;}\" data-widget_type=\"icon-list.default\">\n\t\t\t\t<div class=\"elementor-widget-container\">\n\t\t\t\t\t\t\t<ul class=\"elementor-icon-list-items\">\n\t\t\t\t\t\t\t<li class=\"elementor-icon-list-item\">\n\t\t\t\t\t\t\t\t\t\t\t<span class=\"elementor-icon-list-icon\">\n\t\t\t\t\t\t\t<i aria-hidden=\"true\" class=\"far fa-hospital\"><\/i>\t\t\t\t\t\t<\/span>\n\t\t\t\t\t\t\t\t\t\t<span class=\"elementor-icon-list-text\">Durata \u0219ederii \u00een spital: 1 zi<\/span>\n\t\t\t\t\t\t\t\t\t<\/li>\n\t\t\t\t\t\t\t\t<li class=\"elementor-icon-list-item\">\n\t\t\t\t\t\t\t\t\t\t\t<span class=\"elementor-icon-list-icon\">\n\t\t\t\t\t\t\t<i aria-hidden=\"true\" class=\"far fa-clock\"><\/i>\t\t\t\t\t\t<\/span>\n\t\t\t\t\t\t\t\t\t\t<span class=\"elementor-icon-list-text\">Timp de func\u021bionare: 2-4 ore<\/span>\n\t\t\t\t\t\t\t\t\t<\/li>\n\t\t\t\t\t\t\t\t<li class=\"elementor-icon-list-item\">\n\t\t\t\t\t\t\t\t\t\t\t<span class=\"elementor-icon-list-icon\">\n\t\t\t\t\t\t\t<i aria-hidden=\"true\" class=\"fas fa-syringe\"><\/i>\t\t\t\t\t\t<\/span>\n\t\t\t\t\t\t\t\t\t\t<span class=\"elementor-icon-list-text\">Anestezie: general\u0103<\/span>\n\t\t\t\t\t\t\t\t\t<\/li>\n\t\t\t\t\t\t\t\t<li class=\"elementor-icon-list-item\">\n\t\t\t\t\t\t\t\t\t\t\t<span class=\"elementor-icon-list-icon\">\n\t\t\t\t\t\t\t<i aria-hidden=\"true\" class=\"far fa-heart\"><\/i>\t\t\t\t\t\t<\/span>\n\t\t\t\t\t\t\t\t\t\t<span class=\"elementor-icon-list-text\">Timp de recuperare: 1-2 s\u0103pt\u0103m\u00e2ni<\/span>\n\t\t\t\t\t\t\t\t\t<\/li>\n\t\t\t\t\t\t<\/ul>\n\t\t\t\t\t\t<\/div>\n\t\t\t\t<\/div>\n\t\t\t\t<div class=\"elementor-element elementor-element-860d5ee elementor-widget elementor-widget-button\" data-id=\"860d5ee\" data-element_type=\"widget\" data-settings=\"{&quot;ekit_we_effect_on&quot;:&quot;none&quot;}\" data-widget_type=\"button.default\">\n\t\t\t\t<div class=\"elementor-widget-container\">\n\t\t\t\t\t\t\t\t\t<div class=\"elementor-button-wrapper\">\n\t\t\t\t\t<a class=\"elementor-button elementor-button-link elementor-size-sm\" href=\"https:\/\/www.apexclinic.com.tr\/ro\/\">\n\t\t\t\t\t\t<span class=\"elementor-button-content-wrapper\">\n\t\t\t\t\t\t\t\t\t<span class=\"elementor-button-text\">F\u0103 o programare acum<\/span>\n\t\t\t\t\t<\/span>\n\t\t\t\t\t<\/a>\n\t\t\t\t<\/div>\n\t\t\t\t\t\t\t\t<\/div>\n\t\t\t\t<\/div>\n\t\t\t\t\t<\/div>\n\t\t<\/div>\n\t\t\t\t\t<\/div>\n\t\t<\/section>\n\t\t\t\t<section class=\"elementor-section elementor-top-section elementor-element elementor-element-0121500 elementor-section-boxed elementor-section-height-default elementor-section-height-default\" data-id=\"0121500\" data-element_type=\"section\" data-settings=\"{&quot;ekit_has_onepagescroll_dot&quot;:&quot;yes&quot;}\">\n\t\t\t\t\t\t<div class=\"elementor-container elementor-column-gap-default\">\n\t\t\t\t\t<div class=\"elementor-column elementor-col-100 elementor-top-column elementor-element elementor-element-fc1963e\" data-id=\"fc1963e\" data-element_type=\"column\">\n\t\t\t<div class=\"elementor-widget-wrap elementor-element-populated\">\n\t\t\t\t\t\t<div class=\"elementor-element elementor-element-2d0ab1b elementor-widget elementor-widget-spacer\" data-id=\"2d0ab1b\" data-element_type=\"widget\" data-settings=\"{&quot;ekit_we_effect_on&quot;:&quot;none&quot;}\" data-widget_type=\"spacer.default\">\n\t\t\t\t<div class=\"elementor-widget-container\">\n\t\t\t\t\t\t\t<div class=\"elementor-spacer\">\n\t\t\t<div class=\"elementor-spacer-inner\"><\/div>\n\t\t<\/div>\n\t\t\t\t\t\t<\/div>\n\t\t\t\t<\/div>\n\t\t\t\t\t<\/div>\n\t\t<\/div>\n\t\t\t\t\t<\/div>\n\t\t<\/section>\n\t\t\t\t<section class=\"elementor-section elementor-top-section elementor-element elementor-element-ce5665f elementor-section-boxed elementor-section-height-default elementor-section-height-default\" data-id=\"ce5665f\" data-element_type=\"section\" data-settings=\"{&quot;ekit_has_onepagescroll_dot&quot;:&quot;yes&quot;}\">\n\t\t\t\t\t\t<div class=\"elementor-container elementor-column-gap-default\">\n\t\t\t\t\t<div class=\"elementor-column elementor-col-100 elementor-top-column elementor-element elementor-element-339c420\" data-id=\"339c420\" data-element_type=\"column\">\n\t\t\t<div class=\"elementor-widget-wrap elementor-element-populated\">\n\t\t\t\t\t\t<div class=\"elementor-element elementor-element-3d77eba elementor-widget elementor-widget-text-editor\" data-id=\"3d77eba\" data-element_type=\"widget\" data-settings=\"{&quot;ekit_we_effect_on&quot;:&quot;none&quot;}\" data-widget_type=\"text-editor.default\">\n\t\t\t\t<div class=\"elementor-widget-container\">\n\t\t\t\t\t\t\t\t\t<section class=\"services_page_header\"><h3><strong>rinoplastie<\/strong><\/h3><p>Rinoplastia este o opera\u021bie plastic\u0103 a nasului. Aceast\u0103 opera\u021bie estetic\u0103 apare de obicei pentru c\u0103 oamenilor nu le place aspectul lor. \u00cen unele cazuri, aceast\u0103 interven\u021bie chirurgical\u0103 estetic\u0103 este efectuat\u0103 dup\u0103 evenimente precum orice v\u0103t\u0103mare sau v\u0103t\u0103mare. De cele mai multe ori, estetica de rinoplastie este aplicat\u0103 \u00een perioadele \u00een care sunt experimentate probleme precum dificult\u0103\u021bi de respira\u021bie. Prima \u00eentrebare care vine \u00een minte tuturor\u00a0<strong>ce este rinoplastia\u00a0<\/strong>este o \u00eentrebare.<\/p><p>Structura fracturilor care pot ap\u0103rea din p\u0103r\u021bile superioare sau inferioare ale nasului se nume\u0219te structura nasului. Nasul este unul dintre cele mai importante instrumente respiratorii din corpul uman. Aceast\u0103 estetic\u0103 se schimb\u0103 sezonier \u00een anumite zile \u0219i ore. Unul dintre cei mai importan\u021bi factori ai acestui stil estetic este experien\u021ba medicului. Cu c\u00e2t medicul este mai experimentat, cu at\u00e2t se efectueaz\u0103 mai multe opera\u021bii de succes.<\/p><p>\u00a0<\/p><h3><strong>Cum se efectueaz\u0103 rinoplastia estetic\u0103?<\/strong><\/h3><p>Este un tip de estetic\u0103 care se realizeaz\u0103 atunci c\u00e2nd se consider\u0103 necesar. Dac\u0103 orice strat de piele sau \u021besut cartilaginos are o problem\u0103, rinoplastia este o necesitate. Trebuie f\u0103cut un plan \u00eenainte de efectuarea rinoplastiei. \u00centruc\u00e2t opera\u021biile chirurgicale vor intra \u00een joc \u00een acest tip de estetic\u0103, importan\u021ba tr\u0103s\u0103turilor faciale ale persoanei este foarte mare. Fiecare punct este evaluat p\u00e2n\u0103 la cel mai mic detaliu, astfel \u00eenc\u00e2t individul s\u0103 nu fie v\u0103t\u0103mat \u00een urma oric\u0103rei opera\u021biuni. Pentru a evita efectele adverse \u00een cazuri precum s\u00e2ngerare, infec\u021bie sau anestezie, examin\u0103rile persoanei sunt efectuate \u00een mod regulat \u0219i precis.<\/p><p>\u00cen ultimii ani au ap\u0103rut probleme legate de dificult\u0103\u021bi de respira\u021bie \u00een nas. Acesta este cel mai important indicator al necesit\u0103\u021bii de estetic\u0103 a rinoplastiei. Inainte de efectuarea rinoplastiei se examineaza si se evalueaza simptomele si se decide ca se va face estetica. Pacientul \u00eei spune chirurgului ce fel de estetic\u0103 vrea s\u0103 fie nasul lui. Persoanele care au suferit opera\u021bii la nas pot p\u0103r\u0103si de obicei spitalul \u00een aceea\u0219i zi. Trebuie s\u0103 acorde aten\u021bie multor probleme.<\/p><p>\u00a0<\/p><h3><strong>Ce ar trebui luat \u00een considerare dup\u0103 estetica rinoplastiei?<\/strong><\/h3><p>Dup\u0103 aceast\u0103 opera\u021bie plastic\u0103, persoana ar trebui s\u0103 acorde cu siguran\u021b\u0103 aten\u021bie mi\u0219c\u0103rilor sale. Deoarece umflarea va ap\u0103rea \u00een anumite p\u0103r\u021bi ale fe\u021bei, el ar trebui cu siguran\u021b\u0103 s\u0103 se protejeze pe sine \u0219i nasul \u00eempotriva influen\u021belor externe. In general se fac pansamente interne. Pacientul re\u00eennoie\u0219te \u0219i verific\u0103 constant pansamentele interne \u00eentre 1 \u0219i 7 zile. Pentru a preveni umflarea nasului pacientului, capul trebuie a\u0219ezat mai sus dec\u00e2t nivelul pieptului. Astfel, umflarea va fi redus\u0103 la minimum. Alergarea, miscarile bruste, loviturile in nas, dusul foarte fierbinte sau foarte rece nu trebuie luate.<\/p><p>\u00a0<\/p><h3><strong>Cum sunt pre\u021burile pentru estetica rinoplastiei?<\/strong><\/h3><p>Aceste pre\u021buri estetice variaz\u0103 de la chirurg la chirurg. M\u0103rimea procedurii, intervalul de timp care trebuie acordat, afecteaz\u0103 opera\u021bia \u0219i estetica din punct de vedere al pre\u021bului. Cu c\u00e2t opera\u021bia nasului este mai mare\u00a0<strong>preturi de rinoplastie\u00a0<\/strong>care va cre\u0219te. Nasul, care este cel mai sensibil \u0219i are nevoie de aten\u021bie, trebuie f\u0103cut bine \u0219i la locul potrivit. Dac\u0103 persoana acord\u0103 aten\u021bie fiec\u0103rei sugestii date dup\u0103 opera\u021bii, se va recupera devreme. Intervalul de recuperare al operatiilor variaza intr-o saptamana si 2 luni, iar dupa aceasta estetica dureaza aproximativ 1 an pentru ca nasul sa se potriveasca complet.<\/p><p>\u00a0<\/p><\/section>\t\t\t\t\t\t\t\t<\/div>\n\t\t\t\t<\/div>\n\t\t\t\t\t<\/div>\n\t\t<\/div>\n\t\t\t\t\t<\/div>\n\t\t<\/section>\n\t\t\t\t<section class=\"elementor-section elementor-top-section elementor-element elementor-element-0d46919 elementor-section-boxed elementor-section-height-default elementor-section-height-default\" data-id=\"0d46919\" data-element_type=\"section\" data-settings=\"{&quot;ekit_has_onepagescroll_dot&quot;:&quot;yes&quot;}\">\n\t\t\t\t\t\t<div class=\"elementor-container elementor-column-gap-default\">\n\t\t\t\t\t<div class=\"elementor-column elementor-col-100 elementor-top-column elementor-element elementor-element-93a7034\" data-id=\"93a7034\" data-element_type=\"column\">\n\t\t\t<div class=\"elementor-widget-wrap elementor-element-populated\">\n\t\t\t\t\t\t<div class=\"elementor-element elementor-element-ed36c0e elementor-widget elementor-widget-shortcode\" data-id=\"ed36c0e\" data-element_type=\"widget\" data-settings=\"{&quot;ekit_we_effect_on&quot;:&quot;none&quot;}\" data-widget_type=\"shortcode.default\">\n\t\t\t\t<div class=\"elementor-widget-container\">\n\t\t\t\t\t\t\t<div class=\"elementor-shortcode\">Ultima actualizare 2 august 2023 Informa\u021bii editor:<a href=\"\" target=\"_blank\" class=\"last-modified-author\">digital@apexclinic.com.tr<\/a><\/div>\n\t\t\t\t\t\t<\/div>\n\t\t\t\t<\/div>\n\t\t\t\t\t<\/div>\n\t\t<\/div>\n\t\t\t\t\t<\/div>\n\t\t<\/section>\n\t\t\t\t<\/div>","protected":false},"excerpt":{"rendered":"<p>Rinoplasti Operasyonu Rinoplasti Hastanede Kal\u0131\u015f S\u00fcresi: 1 G\u00fcn Operasyon S\u00fcresi: 2-4 Saat Anestezi: Genel \u0130yile\u015fme S\u00fcresi: 1-2 Hafta Hemen Randevu Al\u0131n Rinoplasti Rinoplasti bir burun estetik ameliyat\u0131 olmaktad\u0131r. Bu estetik operasyonu genellikle ki\u015filerin g\u00f6r\u00fcnt\u00fclerini be\u011fenmemesinden dolay\u0131 meydana gelmektedir. Baz\u0131 durumlarda ise herhangi bir yaralanma zedelenme gibi olaylar ya\u015fand\u0131ktan sonra bu estetik ameliyat\u0131 yap\u0131lmaktad\u0131r. \u00c7o\u011fu zaman [&hellip;]<\/p>","protected":false},"author":3,"featured_media":0,"parent":0,"menu_order":0,"comment_status":"closed","ping_status":"closed","template":"elementor_header_footer","meta":{"_lmt_disableupdate":"","_lmt_disable":"","_monsterinsights_skip_tracking":false,"_monsterinsights_sitenote_active":false,"_monsterinsights_sitenote_note":"","_monsterinsights_sitenote_category":0,"site-sidebar-layout":"no-sidebar","site-content-layout":"page-builder","ast-site-content-layout":"","site-content-style":"default","site-sidebar-style":"default","ast-global-header-display":"","ast-banner-title-visibility":"","ast-main-header-display":"","ast-hfb-above-header-display":"","ast-hfb-below-header-display":"","ast-hfb-mobile-header-display":"","site-post-title":"disabled","ast-breadcrumbs-content":"","ast-featured-img":"disabled","footer-sml-layout":"","theme-transparent-header-meta":"","adv-header-id-meta":"","stick-header-meta":"","header-above-stick-meta":"","header-main-stick-meta":"","header-below-stick-meta":"","astra-migrate-meta-layouts":"default","ast-page-background-enabled":"default","ast-page-background-meta":{"desktop":{"background-color":"var(--ast-global-color-4)","background-image":"","background-repeat":"repeat","background-position":"center center","background-size":"auto","background-attachment":"scroll","background-type":"","background-media":"","overlay-type":"","overlay-color":"","overlay-opacity":"","overlay-gradient":""},"tablet":{"background-color":"","background-image":"","background-repeat":"repeat","background-position":"center center","background-size":"auto","background-attachment":"scroll","background-type":"","background-media":"","overlay-type":"","overlay-color":"","overlay-opacity":"","overlay-gradient":""},"mobile":{"background-color":"","background-image":"","background-repeat":"repeat","background-position":"center center","background-size":"auto","background-attachment":"scroll","background-type":"","background-media":"","overlay-type":"","overlay-color":"","overlay-opacity":"","overlay-gradient":""}},"ast-content-background-meta":{"desktop":{"background-color":"var(--ast-global-color-5)","background-image":"","background-repeat":"repeat","background-position":"center center","background-size":"auto","background-attachment":"scroll","background-type":"","background-media":"","overlay-type":"","overlay-color":"","overlay-opacity":"","overlay-gradient":""},"tablet":{"background-color":"var(--ast-global-color-5)","background-image":"","background-repeat":"repeat","background-position":"center center","background-size":"auto","background-attachment":"scroll","background-type":"","background-media":"","overlay-type":"","overlay-color":"","overlay-opacity":"","overlay-gradient":""},"mobile":{"background-color":"var(--ast-global-color-5)","background-image":"","background-repeat":"repeat","background-position":"center center","background-size":"auto","background-attachment":"scroll","background-type":"","background-media":"","overlay-type":"","overlay-color":"","overlay-opacity":"","overlay-gradient":""}},"_joinchat":[],"footnotes":""},"class_list":["post-2346","page","type-page","status-publish","hentry"],"_links":{"self":[{"href":"https:\/\/www.apexclinic.com.tr\/ro\/wp-json\/wp\/v2\/pages\/2346"}],"collection":[{"href":"https:\/\/www.apexclinic.com.tr\/ro\/wp-json\/wp\/v2\/pages"}],"about":[{"href":"https:\/\/www.apexclinic.com.tr\/ro\/wp-json\/wp\/v2\/types\/page"}],"author":[{"embeddable":true,"href":"https:\/\/www.apexclinic.com.tr\/ro\/wp-json\/wp\/v2\/users\/3"}],"replies":[{"embeddable":true,"href":"https:\/\/www.apexclinic.com.tr\/ro\/wp-json\/wp\/v2\/comments?post=2346"}],"version-history":[{"count":6,"href":"https:\/\/www.apexclinic.com.tr\/ro\/wp-json\/wp\/v2\/pages\/2346\/revisions"}],"predecessor-version":[{"id":3424,"href":"https:\/\/www.apexclinic.com.tr\/ro\/wp-json\/wp\/v2\/pages\/2346\/revisions\/3424"}],"wp:attachment":[{"href":"https:\/\/www.apexclinic.com.tr\/ro\/wp-json\/wp\/v2\/media?parent=2346"}],"curies":[{"name":"wp","href":"https:\/\/api.w.org\/{rel}","templated":true}]}}