{"id":2351,"date":"2022-09-07T13:36:13","date_gmt":"2022-09-07T13:36:13","guid":{"rendered":"https:\/\/www.apexclinic.com.tr\/?page_id=2351"},"modified":"2023-08-02T10:52:55","modified_gmt":"2023-08-02T10:52:55","slug":"brezilya-popo-estetigi","status":"publish","type":"page","link":"https:\/\/www.apexclinic.com.tr\/ro\/brazil-fund-estetica\/","title":{"rendered":"Lifting brazilian de fund"},"content":{"rendered":"<div data-elementor-type=\"wp-page\" data-elementor-id=\"2351\" class=\"elementor elementor-2351\" data-elementor-post-type=\"page\">\n\t\t\t\t\t\t<section class=\"elementor-section elementor-top-section elementor-element elementor-element-9afa8da elementor-section-boxed elementor-section-height-default elementor-section-height-default\" data-id=\"9afa8da\" data-element_type=\"section\" data-settings=\"{&quot;background_background&quot;:&quot;gradient&quot;,&quot;ekit_has_onepagescroll_dot&quot;:&quot;yes&quot;}\">\n\t\t\t\t\t\t<div class=\"elementor-container elementor-column-gap-default\">\n\t\t\t\t\t<div class=\"elementor-column elementor-col-100 elementor-top-column elementor-element elementor-element-bc56646\" data-id=\"bc56646\" data-element_type=\"column\">\n\t\t\t<div class=\"elementor-widget-wrap elementor-element-populated\">\n\t\t\t\t\t\t<div class=\"elementor-element elementor-element-0fb26c0 elementor-widget elementor-widget-spacer\" data-id=\"0fb26c0\" data-element_type=\"widget\" data-settings=\"{&quot;ekit_we_effect_on&quot;:&quot;none&quot;}\" data-widget_type=\"spacer.default\">\n\t\t\t\t<div class=\"elementor-widget-container\">\n\t\t\t\t\t\t\t<div class=\"elementor-spacer\">\n\t\t\t<div class=\"elementor-spacer-inner\"><\/div>\n\t\t<\/div>\n\t\t\t\t\t\t<\/div>\n\t\t\t\t<\/div>\n\t\t\t\t<div class=\"elementor-element elementor-element-efd06cb elementor-widget elementor-widget-heading\" data-id=\"efd06cb\" data-element_type=\"widget\" data-settings=\"{&quot;ekit_we_effect_on&quot;:&quot;none&quot;}\" data-widget_type=\"heading.default\">\n\t\t\t\t<div class=\"elementor-widget-container\">\n\t\t\t\t\t<h2 class=\"elementor-heading-title elementor-size-default\">Lifting brazilian de fund (BBL)<\/h2>\t\t\t\t<\/div>\n\t\t\t\t<\/div>\n\t\t\t\t<div class=\"elementor-element elementor-element-e2ddd16 elementor-widget elementor-widget-spacer\" data-id=\"e2ddd16\" data-element_type=\"widget\" data-settings=\"{&quot;ekit_we_effect_on&quot;:&quot;none&quot;}\" data-widget_type=\"spacer.default\">\n\t\t\t\t<div class=\"elementor-widget-container\">\n\t\t\t\t\t\t\t<div class=\"elementor-spacer\">\n\t\t\t<div class=\"elementor-spacer-inner\"><\/div>\n\t\t<\/div>\n\t\t\t\t\t\t<\/div>\n\t\t\t\t<\/div>\n\t\t\t\t\t<\/div>\n\t\t<\/div>\n\t\t\t\t\t<\/div>\n\t\t<\/section>\n\t\t\t\t<section class=\"elementor-section elementor-top-section elementor-element elementor-element-c610b43 elementor-section-boxed elementor-section-height-default elementor-section-height-default\" data-id=\"c610b43\" data-element_type=\"section\" data-settings=\"{&quot;ekit_has_onepagescroll_dot&quot;:&quot;yes&quot;}\">\n\t\t\t\t\t\t<div class=\"elementor-container elementor-column-gap-default\">\n\t\t\t\t\t<div class=\"elementor-column elementor-col-100 elementor-top-column elementor-element elementor-element-1731658\" data-id=\"1731658\" data-element_type=\"column\">\n\t\t\t<div class=\"elementor-widget-wrap elementor-element-populated\">\n\t\t\t\t\t\t<div class=\"elementor-element elementor-element-4c05546 elementor-widget elementor-widget-spacer\" data-id=\"4c05546\" data-element_type=\"widget\" data-settings=\"{&quot;ekit_we_effect_on&quot;:&quot;none&quot;}\" data-widget_type=\"spacer.default\">\n\t\t\t\t<div class=\"elementor-widget-container\">\n\t\t\t\t\t\t\t<div class=\"elementor-spacer\">\n\t\t\t<div class=\"elementor-spacer-inner\"><\/div>\n\t\t<\/div>\n\t\t\t\t\t\t<\/div>\n\t\t\t\t<\/div>\n\t\t\t\t\t<\/div>\n\t\t<\/div>\n\t\t\t\t\t<\/div>\n\t\t<\/section>\n\t\t\t\t<section class=\"elementor-section elementor-top-section elementor-element elementor-element-dd57234 elementor-section-boxed elementor-section-height-default elementor-section-height-default\" data-id=\"dd57234\" data-element_type=\"section\" data-settings=\"{&quot;ekit_has_onepagescroll_dot&quot;:&quot;yes&quot;}\">\n\t\t\t\t\t\t<div class=\"elementor-container elementor-column-gap-default\">\n\t\t\t\t\t<div class=\"elementor-column elementor-col-50 elementor-top-column elementor-element elementor-element-96900a3\" data-id=\"96900a3\" data-element_type=\"column\" data-settings=\"{&quot;background_background&quot;:&quot;classic&quot;}\">\n\t\t\t<div class=\"elementor-widget-wrap elementor-element-populated\">\n\t\t\t\t\t\t<div class=\"elementor-element elementor-element-f6d3ca3 elementor-widget elementor-widget-image\" data-id=\"f6d3ca3\" data-element_type=\"widget\" data-settings=\"{&quot;ekit_we_effect_on&quot;:&quot;none&quot;}\" data-widget_type=\"image.default\">\n\t\t\t\t<div class=\"elementor-widget-container\">\n\t\t\t\t\t\t\t\t\t\t\t\t\t\t\t<img fetchpriority=\"high\" decoding=\"async\" width=\"1024\" height=\"683\" src=\"https:\/\/www.apexclinic.com.tr\/wp-content\/uploads\/2022\/09\/beautiful-female-back-butt-isolated-white-min-1024x683.jpg\" class=\"attachment-large size-large wp-image-2084\" alt=\"\" srcset=\"https:\/\/www.apexclinic.com.tr\/wp-content\/uploads\/2022\/09\/beautiful-female-back-butt-isolated-white-min-1024x683.jpg.webp 1024w, https:\/\/www.apexclinic.com.tr\/wp-content\/uploads\/2022\/09\/beautiful-female-back-butt-isolated-white-min-300x200.jpg.webp 300w, https:\/\/www.apexclinic.com.tr\/wp-content\/uploads\/2022\/09\/beautiful-female-back-butt-isolated-white-min-768x512.jpg.webp 768w, https:\/\/www.apexclinic.com.tr\/wp-content\/uploads\/2022\/09\/beautiful-female-back-butt-isolated-white-min-1536x1024.jpg.webp 1536w, https:\/\/www.apexclinic.com.tr\/wp-content\/uploads\/2022\/09\/beautiful-female-back-butt-isolated-white-min-2048x1365.jpg.webp 2048w\" sizes=\"(max-width: 1024px) 100vw, 1024px\" \/>\t\t\t\t\t\t\t\t\t\t\t\t\t\t\t<\/div>\n\t\t\t\t<\/div>\n\t\t\t\t\t<\/div>\n\t\t<\/div>\n\t\t\t\t<div class=\"elementor-column elementor-col-50 elementor-top-column elementor-element elementor-element-1708227\" data-id=\"1708227\" data-element_type=\"column\">\n\t\t\t<div class=\"elementor-widget-wrap elementor-element-populated\">\n\t\t\t\t\t\t<div class=\"elementor-element elementor-element-b78616c elementor-widget-divider--view-line_text elementor-widget-divider--element-align-left elementor-widget elementor-widget-divider\" data-id=\"b78616c\" data-element_type=\"widget\" data-settings=\"{&quot;ekit_we_effect_on&quot;:&quot;none&quot;}\" data-widget_type=\"divider.default\">\n\t\t\t\t<div class=\"elementor-widget-container\">\n\t\t\t\t\t\t\t<div class=\"elementor-divider\">\n\t\t\t<span class=\"elementor-divider-separator\">\n\t\t\t\t\t\t\t<h3 class=\"elementor-divider__text elementor-divider__element\">\n\t\t\t\tBBL\t\t\t\t<\/h3>\n\t\t\t\t\t\t<\/span>\n\t\t<\/div>\n\t\t\t\t\t\t<\/div>\n\t\t\t\t<\/div>\n\t\t\t\t<div class=\"elementor-element elementor-element-5b8886a elementor-align-left elementor-widget__width-auto elementor-icon-list--layout-traditional elementor-list-item-link-full_width elementor-widget elementor-widget-icon-list\" data-id=\"5b8886a\" data-element_type=\"widget\" data-settings=\"{&quot;ekit_we_effect_on&quot;:&quot;none&quot;}\" data-widget_type=\"icon-list.default\">\n\t\t\t\t<div class=\"elementor-widget-container\">\n\t\t\t\t\t\t\t<ul class=\"elementor-icon-list-items\">\n\t\t\t\t\t\t\t<li class=\"elementor-icon-list-item\">\n\t\t\t\t\t\t\t\t\t\t\t<span class=\"elementor-icon-list-icon\">\n\t\t\t\t\t\t\t<i aria-hidden=\"true\" class=\"far fa-hospital\"><\/i>\t\t\t\t\t\t<\/span>\n\t\t\t\t\t\t\t\t\t\t<span class=\"elementor-icon-list-text\">Durata \u0219ederii \u00een spital: 1 zi<\/span>\n\t\t\t\t\t\t\t\t\t<\/li>\n\t\t\t\t\t\t\t\t<li class=\"elementor-icon-list-item\">\n\t\t\t\t\t\t\t\t\t\t\t<span class=\"elementor-icon-list-icon\">\n\t\t\t\t\t\t\t<i aria-hidden=\"true\" class=\"far fa-clock\"><\/i>\t\t\t\t\t\t<\/span>\n\t\t\t\t\t\t\t\t\t\t<span class=\"elementor-icon-list-text\">Timp de func\u021bionare: 2-4 ore<\/span>\n\t\t\t\t\t\t\t\t\t<\/li>\n\t\t\t\t\t\t\t\t<li class=\"elementor-icon-list-item\">\n\t\t\t\t\t\t\t\t\t\t\t<span class=\"elementor-icon-list-icon\">\n\t\t\t\t\t\t\t<i aria-hidden=\"true\" class=\"fas fa-syringe\"><\/i>\t\t\t\t\t\t<\/span>\n\t\t\t\t\t\t\t\t\t\t<span class=\"elementor-icon-list-text\">Anestezie: general\u0103<\/span>\n\t\t\t\t\t\t\t\t\t<\/li>\n\t\t\t\t\t\t\t\t<li class=\"elementor-icon-list-item\">\n\t\t\t\t\t\t\t\t\t\t\t<span class=\"elementor-icon-list-icon\">\n\t\t\t\t\t\t\t<i aria-hidden=\"true\" class=\"far fa-heart\"><\/i>\t\t\t\t\t\t<\/span>\n\t\t\t\t\t\t\t\t\t\t<span class=\"elementor-icon-list-text\">Timp de recuperare: 1-2 s\u0103pt\u0103m\u00e2ni<\/span>\n\t\t\t\t\t\t\t\t\t<\/li>\n\t\t\t\t\t\t<\/ul>\n\t\t\t\t\t\t<\/div>\n\t\t\t\t<\/div>\n\t\t\t\t<div class=\"elementor-element elementor-element-860d5ee elementor-widget elementor-widget-button\" data-id=\"860d5ee\" data-element_type=\"widget\" data-settings=\"{&quot;ekit_we_effect_on&quot;:&quot;none&quot;}\" data-widget_type=\"button.default\">\n\t\t\t\t<div class=\"elementor-widget-container\">\n\t\t\t\t\t\t\t\t\t<div class=\"elementor-button-wrapper\">\n\t\t\t\t\t<a class=\"elementor-button elementor-button-link elementor-size-sm\" href=\"https:\/\/www.apexclinic.com.tr\/ro\/\">\n\t\t\t\t\t\t<span class=\"elementor-button-content-wrapper\">\n\t\t\t\t\t\t\t\t\t<span class=\"elementor-button-text\">F\u0103 o programare acum<\/span>\n\t\t\t\t\t<\/span>\n\t\t\t\t\t<\/a>\n\t\t\t\t<\/div>\n\t\t\t\t\t\t\t\t<\/div>\n\t\t\t\t<\/div>\n\t\t\t\t\t<\/div>\n\t\t<\/div>\n\t\t\t\t\t<\/div>\n\t\t<\/section>\n\t\t\t\t<section class=\"elementor-section elementor-top-section elementor-element elementor-element-0121500 elementor-section-boxed elementor-section-height-default elementor-section-height-default\" data-id=\"0121500\" data-element_type=\"section\" data-settings=\"{&quot;ekit_has_onepagescroll_dot&quot;:&quot;yes&quot;}\">\n\t\t\t\t\t\t<div class=\"elementor-container elementor-column-gap-default\">\n\t\t\t\t\t<div class=\"elementor-column elementor-col-100 elementor-top-column elementor-element elementor-element-fc1963e\" data-id=\"fc1963e\" data-element_type=\"column\">\n\t\t\t<div class=\"elementor-widget-wrap elementor-element-populated\">\n\t\t\t\t\t\t<div class=\"elementor-element elementor-element-2d0ab1b elementor-widget elementor-widget-spacer\" data-id=\"2d0ab1b\" data-element_type=\"widget\" data-settings=\"{&quot;ekit_we_effect_on&quot;:&quot;none&quot;}\" data-widget_type=\"spacer.default\">\n\t\t\t\t<div class=\"elementor-widget-container\">\n\t\t\t\t\t\t\t<div class=\"elementor-spacer\">\n\t\t\t<div class=\"elementor-spacer-inner\"><\/div>\n\t\t<\/div>\n\t\t\t\t\t\t<\/div>\n\t\t\t\t<\/div>\n\t\t\t\t\t<\/div>\n\t\t<\/div>\n\t\t\t\t\t<\/div>\n\t\t<\/section>\n\t\t\t\t<section class=\"elementor-section elementor-top-section elementor-element elementor-element-ce5665f elementor-section-boxed elementor-section-height-default elementor-section-height-default\" data-id=\"ce5665f\" data-element_type=\"section\" data-settings=\"{&quot;ekit_has_onepagescroll_dot&quot;:&quot;yes&quot;}\">\n\t\t\t\t\t\t<div class=\"elementor-container elementor-column-gap-default\">\n\t\t\t\t\t<div class=\"elementor-column elementor-col-100 elementor-top-column elementor-element elementor-element-339c420\" data-id=\"339c420\" data-element_type=\"column\">\n\t\t\t<div class=\"elementor-widget-wrap elementor-element-populated\">\n\t\t\t\t\t\t<div class=\"elementor-element elementor-element-3d77eba elementor-widget elementor-widget-text-editor\" data-id=\"3d77eba\" data-element_type=\"widget\" data-settings=\"{&quot;ekit_we_effect_on&quot;:&quot;none&quot;}\" data-widget_type=\"text-editor.default\">\n\t\t\t\t<div class=\"elementor-widget-container\">\n\t\t\t\t\t\t\t\t\t<section class=\"services_page_header\"><section class=\"services_page_header\"><h2 class=\"services_page_title\">BBL Estetica<\/h2><\/section><section class=\"services_page_content entry-content\"><p>Opera\u021biile de ridicare a feselor sunt primul lucru pe care \u00eel fac oamenii care \u00ee\u0219i doresc un corp propor\u021bional. Aceste interven\u021bii chirurgicale sunt opera\u021bii nedureroase \u0219i speciale care sunt efectuate \u00een mod obi\u0219nuit ast\u0103zi. Oamenii cu siguran\u021b\u0103 recurg la aceste tehnici pentru a oferi o imagine a fundului mai plin\u0103 \u0219i rotunjit\u0103 \u00een acela\u0219i timp. Pentru a face fundul a\u0219a, se fac transferuri cu ulei special. Pentru a cre\u0219te plenitudinea mai ales \u00een zona \u0219oldului, se fac transferuri din \u021besuturile adipoase. Este cunoscut\u0103 ca o interven\u021bie chirurgical\u0103 popular\u0103 care a devenit destul de comun\u0103. \u00cen acest fel\u00a0<strong>ce este bbl<\/strong>\u00a0R\u0103spunsurile la astfel de \u00eentreb\u0103ri sunt date \u0219i \u00een cel mai corect mod.<\/p><p>In estetica butt lift se dau forme deosebite dimensiunilor soldurilor fara a apela la silicon. \u00cen special cu liposuc\u021bia, excesul de gr\u0103sime \u00een abdomen, coapse sau talie este luat \u0219i injectat \u00een fese. Cu aceast\u0103 interven\u021bie chirurgical\u0103, toate rapoartele care pot ap\u0103rea \u00een organism sunt vindecate corect. Imaginile dispropor\u021bionate sunt prevenite, mai ales datorit\u0103 gr\u0103simii preluate din zonele \u00een exces. Astfel, integritatea este asigurat\u0103 \u00een cel mai corect mod.<\/p><p>Dac\u0103 masa de gr\u0103sime din corpul persoanei este sc\u0103zut\u0103, acest lucru se poate \u00eent\u00e2mpla \u0219i datorit\u0103 siliconului. Silicoanele de dimensiunea dorit\u0103 sunt plasate \u00een partea de jos a piercing-urilor f\u0103r\u0103 a deteriora \u00een niciun fel \u021besuturile fundului. Liposuc\u021bia este cel mai potrivit lucru pentru metodele de reducere a feselor sau ridicare a feselor.<\/p><p>\u00a0<\/p><h3><strong>Cine poate avea estetic\u0103 cu BBL?<\/strong><\/h3><p>Aceast\u0103 estetic\u0103 poate fi realizat\u0103 cu u\u0219urin\u021b\u0103 de oricine c\u0103ruia nu \u00eei place propor\u021bia \u0219i forma \u0219oldurilor. Structurile \u0219oldurilor sunt determinate de structuri genetice. Efecte precum forma scheletic\u0103 a corpului, depozitele de gr\u0103sime afecteaz\u0103 aspectul \u0219oldurilor sau feselor. Aceste estetici pot fi realizate cu u\u0219urin\u021b\u0103 pe indivizi de toate v\u00e2rstele. Nu exist\u0103 daune sau problem\u0103. Persoanele care nu au lasare excesiv\u0103 \u00een \u0219olduri, persoanele care au suficient\u0103 gr\u0103sime \u00een p\u0103r\u021bile corpului pot face aceste opera\u021bii mai u\u0219or. Poate fi adus cu u\u0219urin\u021b\u0103 la dimensiunile \u0219i nivelurile de ridicare dorite, f\u0103r\u0103 a deteriora fundul \u00een vreun fel.<\/p><p>\u00a0<\/p><h3><strong>Care sunt beneficiile BBL Aesthetics?<\/strong><\/h3><p>\u00cembun\u0103t\u0103\u021be\u0219te curbele corpurilor inferioare, \u00een special la femei, ar\u0103t\u00e2ndu-le mai bine. Face \u0219oldurile s\u0103 par\u0103 mai pline \u0219i mai drepte. Deoarece gr\u0103simea din alte p\u0103r\u021bi ale corpului va sc\u0103dea, corpul se va ar\u0103ta mult mai bine. C\u00e2nd se poart\u0103 o \u021binut\u0103, se ob\u021bin linii corporale mai atractive. Mai ales la persoanele cu \u0219olduri faciale se ob\u021bin fese frumoase. Sunt situa\u021bii care sunt foarte pl\u0103cute ochiului din punct de vedere estetic. Creeaz\u0103 o imagine benefic\u0103 prin crearea echilibrului superior \u0219i inferior al corpului.<\/p><p>\u00a0<\/p><h3><strong>Cum se efectueaz\u0103 opera\u021biile estetice BBL?<\/strong><\/h3><p>\u00cenainte de aplicarea acestor opera\u021bii, se verific\u0103 structura corpului \u0219i propor\u021biile de gr\u0103sime ale persoanei. \u00cen timpul opera\u021biei, gr\u0103simea este prelevat\u0103 din anumite p\u0103r\u021bi ale corpului prin mijloace adecvate. Se asigur\u0103 c\u0103 gr\u0103simea este colectat\u0103 \u0219i \u00eendep\u0103rtat\u0103 cu anumite principii f\u0103r\u0103 a afecta minim \u021besuturile adipoase. Aceste gr\u0103simi colectate din organism sunt transferate \u00een zona necesar\u0103 \u00eentr-un mod adecvat. Gr\u0103simile luate sunt purificate \u0219i preg\u0103tite pentru a fi transferate \u00een zona feselor.<\/p><p>Oamenii care doresc s\u0103 m\u0103reasc\u0103 \u0219i s\u0103 \u00eembun\u0103t\u0103\u021beasc\u0103 volumul fesului se aplic\u0103 cu siguran\u021b\u0103 la aceast\u0103 opera\u021bie. Toate uleiurile nu vor r\u0103m\u00e2ne \u00een aceast\u0103 zon\u0103, iar dup\u0103 un timp, unele dintre ele se vor topi de la sine. Chirurgul, \u021bin\u00e2nd cont de toate, efectueaz\u0103 opera\u021bia \u00een condi\u021bii foarte igienice \u0219i favorabile.<\/p><p>\u00a0<\/p><h3><strong>Cum este procesul de recuperare dup\u0103 BBL Aesthetics?<\/strong><\/h3><p>Persoanele care au suferit aceast\u0103 estetic\u0103 trebuie neap\u0103rat s\u0103 ia unele m\u0103suri de precau\u021bie \u00een timpul procesului de vindecare. Doze mici de analgezice trebuie consumate pentru durerea minim\u0103 care poate ap\u0103rea dup\u0103 interven\u021bia chirurgical\u0103. Dup\u0103 aceast\u0103 interven\u021bie chirurgical\u0103, este interzis s\u0103 stai sau s\u0103 stai \u00eentins pe \u0219old timp de 2 s\u0103pt\u0103m\u00e2ni. Chirurgul care a efectuat opera\u021bia recomand\u0103 cu siguran\u021b\u0103 s\u0103 se \u00eentind\u0103 mai mult cu fa\u021ba \u00een jos. Pentru o perioad\u0103, se va recomanda ca toate activit\u0103\u021bile, cu excep\u021bia nevoii de toalet\u0103, s\u0103 fie f\u0103cute \u00een picioare.<\/p><p>Scaunele tip covrigi sunt folosite pentru a nu crea presiune imediat\u0103 asupra \u0219oldurilor. La 8 s\u0103pt\u0103m\u00e2ni de la opera\u021bie, persoana poate reveni la via\u021ba normal\u0103. Prima s\u0103pt\u0103m\u00e2n\u0103 de opera\u021bie este foarte important\u0103. Persoana care a suferit o interven\u021bie chirurgical\u0103 poate reveni la munc\u0103 \u00een 10 p\u00e2n\u0103 la 14 zile dup\u0103 aceast\u0103 s\u0103pt\u0103m\u00e2n\u0103.<\/p><p>\u00a0<\/p><h3><strong>Care sunt pre\u021burile BBL Aesthetics?<\/strong><\/h3><p>Gamele de pre\u021b determinate \u00een aceast\u0103 estetic\u0103 sunt \u00een continu\u0103 schimbare. Dimensiunea feselor, cantitatea de gr\u0103sime care trebuie aplicat\u0103\u00a0<strong>bbl preturi estetice\u00a0<\/strong>poate provoca modific\u0103ri \u00een Clinica \u0219i chirurgul unde dori\u021bi afecteaz\u0103 pre\u021burile. Dup\u0103 ce a decis asupra acestei interven\u021bii chirurgicale, persoana \u00eenva\u021b\u0103 procedurile care trebuie efectuate prin \u00eent\u00e2lnirea cu interven\u021bia chirurgical\u0103 corespunz\u0103toare de la chirurg. Apoi, dup\u0103 trecerea testelor \u0219i analizelor corespunz\u0103toare, se determin\u0103 metoda de aplicat \u0219i cantitatea de ulei de achizi\u021bionat \u0219i se face o analiz\u0103 de pre\u021b. Dup\u0103 ce toate acestea sunt determinate, medicul d\u0103 pre\u021bul pacientului.<\/p><\/section><\/section>\t\t\t\t\t\t\t\t<\/div>\n\t\t\t\t<\/div>\n\t\t\t\t\t<\/div>\n\t\t<\/div>\n\t\t\t\t\t<\/div>\n\t\t<\/section>\n\t\t\t\t<section class=\"elementor-section elementor-top-section elementor-element elementor-element-946275a elementor-section-boxed elementor-section-height-default elementor-section-height-default\" data-id=\"946275a\" data-element_type=\"section\" data-settings=\"{&quot;ekit_has_onepagescroll_dot&quot;:&quot;yes&quot;}\">\n\t\t\t\t\t\t<div class=\"elementor-container elementor-column-gap-default\">\n\t\t\t\t\t<div class=\"elementor-column elementor-col-100 elementor-top-column elementor-element elementor-element-b5f1a3b\" data-id=\"b5f1a3b\" data-element_type=\"column\">\n\t\t\t<div class=\"elementor-widget-wrap elementor-element-populated\">\n\t\t\t\t\t\t<div class=\"elementor-element elementor-element-e0c7e71 elementor-widget elementor-widget-shortcode\" data-id=\"e0c7e71\" data-element_type=\"widget\" data-settings=\"{&quot;ekit_we_effect_on&quot;:&quot;none&quot;}\" data-widget_type=\"shortcode.default\">\n\t\t\t\t<div class=\"elementor-widget-container\">\n\t\t\t\t\t\t\t<div class=\"elementor-shortcode\">Ultima actualizare 2 august 2023 Informa\u021bii editor:<a href=\"\" target=\"_blank\" class=\"last-modified-author\">digital@apexclinic.com.tr<\/a><\/div>\n\t\t\t\t\t\t<\/div>\n\t\t\t\t<\/div>\n\t\t\t\t\t<\/div>\n\t\t<\/div>\n\t\t\t\t\t<\/div>\n\t\t<\/section>\n\t\t\t\t<\/div>","protected":false},"excerpt":{"rendered":"<p>Brezilya Popo Esteti\u011fi (BBL) BBL Hastanede Kal\u0131\u015f S\u00fcresi: 1 G\u00fcn Operasyon S\u00fcresi: 2-4 Saat Anestezi: Genel \u0130yile\u015fme S\u00fcresi: 1-2 Hafta Hemen Randevu Al\u0131n BBL Esteti\u011fi Orant\u0131l\u0131 bir v\u00fccut isteyen ki\u015filerin ilk yapt\u0131rd\u0131\u011f\u0131 \u015fey popo kald\u0131rma ameliyatlar\u0131 olmaktad\u0131r. Bu ameliyatlar g\u00fcn\u00fcm\u00fczde \u00e7ok yayg\u0131n olarak yap\u0131lan a\u011fr\u0131s\u0131z ac\u0131s\u0131z ve \u00f6zel ameliyatlar olarak bulunmaktad\u0131r. Ki\u015filer daha dolgun ve [&hellip;]<\/p>","protected":false},"author":3,"featured_media":0,"parent":0,"menu_order":0,"comment_status":"closed","ping_status":"closed","template":"elementor_header_footer","meta":{"_lmt_disableupdate":"","_lmt_disable":"","_monsterinsights_skip_tracking":false,"_monsterinsights_sitenote_active":false,"_monsterinsights_sitenote_note":"","_monsterinsights_sitenote_category":0,"site-sidebar-layout":"no-sidebar","site-content-layout":"page-builder","ast-site-content-layout":"","site-content-style":"default","site-sidebar-style":"default","ast-global-header-display":"","ast-banner-title-visibility":"","ast-main-header-display":"","ast-hfb-above-header-display":"","ast-hfb-below-header-display":"","ast-hfb-mobile-header-display":"","site-post-title":"disabled","ast-breadcrumbs-content":"","ast-featured-img":"disabled","footer-sml-layout":"","theme-transparent-header-meta":"","adv-header-id-meta":"","stick-header-meta":"","header-above-stick-meta":"","header-main-stick-meta":"","header-below-stick-meta":"","astra-migrate-meta-layouts":"default","ast-page-background-enabled":"default","ast-page-background-meta":{"desktop":{"background-color":"var(--ast-global-color-4)","background-image":"","background-repeat":"repeat","background-position":"center center","background-size":"auto","background-attachment":"scroll","background-type":"","background-media":"","overlay-type":"","overlay-color":"","overlay-opacity":"","overlay-gradient":""},"tablet":{"background-color":"","background-image":"","background-repeat":"repeat","background-position":"center center","background-size":"auto","background-attachment":"scroll","background-type":"","background-media":"","overlay-type":"","overlay-color":"","overlay-opacity":"","overlay-gradient":""},"mobile":{"background-color":"","background-image":"","background-repeat":"repeat","background-position":"center center","background-size":"auto","background-attachment":"scroll","background-type":"","background-media":"","overlay-type":"","overlay-color":"","overlay-opacity":"","overlay-gradient":""}},"ast-content-background-meta":{"desktop":{"background-color":"var(--ast-global-color-5)","background-image":"","background-repeat":"repeat","background-position":"center center","background-size":"auto","background-attachment":"scroll","background-type":"","background-media":"","overlay-type":"","overlay-color":"","overlay-opacity":"","overlay-gradient":""},"tablet":{"background-color":"var(--ast-global-color-5)","background-image":"","background-repeat":"repeat","background-position":"center center","background-size":"auto","background-attachment":"scroll","background-type":"","background-media":"","overlay-type":"","overlay-color":"","overlay-opacity":"","overlay-gradient":""},"mobile":{"background-color":"var(--ast-global-color-5)","background-image":"","background-repeat":"repeat","background-position":"center center","background-size":"auto","background-attachment":"scroll","background-type":"","background-media":"","overlay-type":"","overlay-color":"","overlay-opacity":"","overlay-gradient":""}},"_joinchat":[],"footnotes":""},"class_list":["post-2351","page","type-page","status-publish","hentry"],"_links":{"self":[{"href":"https:\/\/www.apexclinic.com.tr\/ro\/wp-json\/wp\/v2\/pages\/2351"}],"collection":[{"href":"https:\/\/www.apexclinic.com.tr\/ro\/wp-json\/wp\/v2\/pages"}],"about":[{"href":"https:\/\/www.apexclinic.com.tr\/ro\/wp-json\/wp\/v2\/types\/page"}],"author":[{"embeddable":true,"href":"https:\/\/www.apexclinic.com.tr\/ro\/wp-json\/wp\/v2\/users\/3"}],"replies":[{"embeddable":true,"href":"https:\/\/www.apexclinic.com.tr\/ro\/wp-json\/wp\/v2\/comments?post=2351"}],"version-history":[{"count":3,"href":"https:\/\/www.apexclinic.com.tr\/ro\/wp-json\/wp\/v2\/pages\/2351\/revisions"}],"predecessor-version":[{"id":3463,"href":"https:\/\/www.apexclinic.com.tr\/ro\/wp-json\/wp\/v2\/pages\/2351\/revisions\/3463"}],"wp:attachment":[{"href":"https:\/\/www.apexclinic.com.tr\/ro\/wp-json\/wp\/v2\/media?parent=2351"}],"curies":[{"name":"wp","href":"https:\/\/api.w.org\/{rel}","templated":true}]}}