{"id":2604,"date":"2022-09-07T13:36:13","date_gmt":"2022-09-07T13:36:13","guid":{"rendered":"https:\/\/www.apexclinic.com.tr\/?page_id=2604"},"modified":"2023-08-02T10:50:45","modified_gmt":"2023-08-02T10:50:45","slug":"meme-buyutme","status":"publish","type":"page","link":"https:\/\/www.apexclinic.com.tr\/ro\/marire-a-sanilor\/","title":{"rendered":"M\u0103rirea s\u00e2nilor"},"content":{"rendered":"<div data-elementor-type=\"wp-page\" data-elementor-id=\"2604\" class=\"elementor elementor-2604\" data-elementor-post-type=\"page\">\n\t\t\t\t\t\t<section class=\"elementor-section elementor-top-section elementor-element elementor-element-9afa8da elementor-section-boxed elementor-section-height-default elementor-section-height-default\" data-id=\"9afa8da\" data-element_type=\"section\" data-settings=\"{&quot;background_background&quot;:&quot;gradient&quot;,&quot;ekit_has_onepagescroll_dot&quot;:&quot;yes&quot;}\">\n\t\t\t\t\t\t<div class=\"elementor-container elementor-column-gap-default\">\n\t\t\t\t\t<div class=\"elementor-column elementor-col-100 elementor-top-column elementor-element elementor-element-bc56646\" data-id=\"bc56646\" data-element_type=\"column\">\n\t\t\t<div class=\"elementor-widget-wrap elementor-element-populated\">\n\t\t\t\t\t\t<div class=\"elementor-element elementor-element-0fb26c0 elementor-widget elementor-widget-spacer\" data-id=\"0fb26c0\" data-element_type=\"widget\" data-settings=\"{&quot;ekit_we_effect_on&quot;:&quot;none&quot;}\" data-widget_type=\"spacer.default\">\n\t\t\t\t<div class=\"elementor-widget-container\">\n\t\t\t\t\t\t\t<div class=\"elementor-spacer\">\n\t\t\t<div class=\"elementor-spacer-inner\"><\/div>\n\t\t<\/div>\n\t\t\t\t\t\t<\/div>\n\t\t\t\t<\/div>\n\t\t\t\t<div class=\"elementor-element elementor-element-efd06cb elementor-widget elementor-widget-heading\" data-id=\"efd06cb\" data-element_type=\"widget\" data-settings=\"{&quot;ekit_we_effect_on&quot;:&quot;none&quot;}\" data-widget_type=\"heading.default\">\n\t\t\t\t<div class=\"elementor-widget-container\">\n\t\t\t\t\t<h2 class=\"elementor-heading-title elementor-size-default\">M\u0103rirea s\u00e2nilor\n<\/h2>\t\t\t\t<\/div>\n\t\t\t\t<\/div>\n\t\t\t\t<div class=\"elementor-element elementor-element-e2ddd16 elementor-widget elementor-widget-spacer\" data-id=\"e2ddd16\" data-element_type=\"widget\" data-settings=\"{&quot;ekit_we_effect_on&quot;:&quot;none&quot;}\" data-widget_type=\"spacer.default\">\n\t\t\t\t<div class=\"elementor-widget-container\">\n\t\t\t\t\t\t\t<div class=\"elementor-spacer\">\n\t\t\t<div class=\"elementor-spacer-inner\"><\/div>\n\t\t<\/div>\n\t\t\t\t\t\t<\/div>\n\t\t\t\t<\/div>\n\t\t\t\t\t<\/div>\n\t\t<\/div>\n\t\t\t\t\t<\/div>\n\t\t<\/section>\n\t\t\t\t<section class=\"elementor-section elementor-top-section elementor-element elementor-element-c610b43 elementor-section-boxed elementor-section-height-default elementor-section-height-default\" data-id=\"c610b43\" data-element_type=\"section\" data-settings=\"{&quot;ekit_has_onepagescroll_dot&quot;:&quot;yes&quot;}\">\n\t\t\t\t\t\t<div class=\"elementor-container elementor-column-gap-default\">\n\t\t\t\t\t<div class=\"elementor-column elementor-col-100 elementor-top-column elementor-element elementor-element-1731658\" data-id=\"1731658\" data-element_type=\"column\">\n\t\t\t<div class=\"elementor-widget-wrap elementor-element-populated\">\n\t\t\t\t\t\t<div class=\"elementor-element elementor-element-4c05546 elementor-widget elementor-widget-spacer\" data-id=\"4c05546\" data-element_type=\"widget\" data-settings=\"{&quot;ekit_we_effect_on&quot;:&quot;none&quot;}\" data-widget_type=\"spacer.default\">\n\t\t\t\t<div class=\"elementor-widget-container\">\n\t\t\t\t\t\t\t<div class=\"elementor-spacer\">\n\t\t\t<div class=\"elementor-spacer-inner\"><\/div>\n\t\t<\/div>\n\t\t\t\t\t\t<\/div>\n\t\t\t\t<\/div>\n\t\t\t\t\t<\/div>\n\t\t<\/div>\n\t\t\t\t\t<\/div>\n\t\t<\/section>\n\t\t\t\t<section class=\"elementor-section elementor-top-section elementor-element elementor-element-dd57234 elementor-section-boxed elementor-section-height-default elementor-section-height-default\" data-id=\"dd57234\" data-element_type=\"section\" data-settings=\"{&quot;ekit_has_onepagescroll_dot&quot;:&quot;yes&quot;}\">\n\t\t\t\t\t\t<div class=\"elementor-container elementor-column-gap-default\">\n\t\t\t\t\t<div class=\"elementor-column elementor-col-50 elementor-top-column elementor-element elementor-element-96900a3\" data-id=\"96900a3\" data-element_type=\"column\" data-settings=\"{&quot;background_background&quot;:&quot;classic&quot;}\">\n\t\t\t<div class=\"elementor-widget-wrap elementor-element-populated\">\n\t\t\t\t\t\t<div class=\"elementor-element elementor-element-f6d3ca3 elementor-widget elementor-widget-image\" data-id=\"f6d3ca3\" data-element_type=\"widget\" data-settings=\"{&quot;ekit_we_effect_on&quot;:&quot;none&quot;}\" data-widget_type=\"image.default\">\n\t\t\t\t<div class=\"elementor-widget-container\">\n\t\t\t\t\t\t\t\t\t\t\t\t\t\t\t<img fetchpriority=\"high\" decoding=\"async\" width=\"900\" height=\"600\" src=\"https:\/\/www.apexclinic.com.tr\/wp-content\/uploads\/2022\/09\/memediklestirme.jpg\" class=\"attachment-large size-large wp-image-2183\" alt=\"\" srcset=\"https:\/\/www.apexclinic.com.tr\/wp-content\/uploads\/2022\/09\/memediklestirme.jpg.webp 900w, https:\/\/www.apexclinic.com.tr\/wp-content\/uploads\/2022\/09\/memediklestirme-300x200.jpg.webp 300w, https:\/\/www.apexclinic.com.tr\/wp-content\/uploads\/2022\/09\/memediklestirme-768x512.jpg.webp 768w\" sizes=\"(max-width: 900px) 100vw, 900px\" \/>\t\t\t\t\t\t\t\t\t\t\t\t\t\t\t<\/div>\n\t\t\t\t<\/div>\n\t\t\t\t\t<\/div>\n\t\t<\/div>\n\t\t\t\t<div class=\"elementor-column elementor-col-50 elementor-top-column elementor-element elementor-element-1708227\" data-id=\"1708227\" data-element_type=\"column\">\n\t\t\t<div class=\"elementor-widget-wrap elementor-element-populated\">\n\t\t\t\t\t\t<div class=\"elementor-element elementor-element-b78616c elementor-widget-divider--view-line_text elementor-widget-divider--element-align-left elementor-widget elementor-widget-divider\" data-id=\"b78616c\" data-element_type=\"widget\" data-settings=\"{&quot;ekit_we_effect_on&quot;:&quot;none&quot;}\" data-widget_type=\"divider.default\">\n\t\t\t\t<div class=\"elementor-widget-container\">\n\t\t\t\t\t\t\t<div class=\"elementor-divider\">\n\t\t\t<span class=\"elementor-divider-separator\">\n\t\t\t\t\t\t\t<h3 class=\"elementor-divider__text elementor-divider__element\">\n\t\t\t\tM\u0103rirea s\u00e2nilor\t\t\t\t<\/h3>\n\t\t\t\t\t\t<\/span>\n\t\t<\/div>\n\t\t\t\t\t\t<\/div>\n\t\t\t\t<\/div>\n\t\t\t\t<div class=\"elementor-element elementor-element-d37df03 elementor-align-left elementor-widget__width-auto elementor-icon-list--layout-traditional elementor-list-item-link-full_width elementor-widget elementor-widget-icon-list\" data-id=\"d37df03\" data-element_type=\"widget\" data-settings=\"{&quot;ekit_we_effect_on&quot;:&quot;none&quot;}\" data-widget_type=\"icon-list.default\">\n\t\t\t\t<div class=\"elementor-widget-container\">\n\t\t\t\t\t\t\t<ul class=\"elementor-icon-list-items\">\n\t\t\t\t\t\t\t<li class=\"elementor-icon-list-item\">\n\t\t\t\t\t\t\t\t\t\t\t<span class=\"elementor-icon-list-icon\">\n\t\t\t\t\t\t\t<i aria-hidden=\"true\" class=\"far fa-hospital\"><\/i>\t\t\t\t\t\t<\/span>\n\t\t\t\t\t\t\t\t\t\t<span class=\"elementor-icon-list-text\">Durata \u0219ederii \u00een spital: 1 zi<\/span>\n\t\t\t\t\t\t\t\t\t<\/li>\n\t\t\t\t\t\t\t\t<li class=\"elementor-icon-list-item\">\n\t\t\t\t\t\t\t\t\t\t\t<span class=\"elementor-icon-list-icon\">\n\t\t\t\t\t\t\t<i aria-hidden=\"true\" class=\"far fa-clock\"><\/i>\t\t\t\t\t\t<\/span>\n\t\t\t\t\t\t\t\t\t\t<span class=\"elementor-icon-list-text\">Timp de func\u021bionare: 2-4 ore<\/span>\n\t\t\t\t\t\t\t\t\t<\/li>\n\t\t\t\t\t\t\t\t<li class=\"elementor-icon-list-item\">\n\t\t\t\t\t\t\t\t\t\t\t<span class=\"elementor-icon-list-icon\">\n\t\t\t\t\t\t\t<i aria-hidden=\"true\" class=\"fas fa-syringe\"><\/i>\t\t\t\t\t\t<\/span>\n\t\t\t\t\t\t\t\t\t\t<span class=\"elementor-icon-list-text\">Anestezie: general\u0103<\/span>\n\t\t\t\t\t\t\t\t\t<\/li>\n\t\t\t\t\t\t\t\t<li class=\"elementor-icon-list-item\">\n\t\t\t\t\t\t\t\t\t\t\t<span class=\"elementor-icon-list-icon\">\n\t\t\t\t\t\t\t<i aria-hidden=\"true\" class=\"far fa-heart\"><\/i>\t\t\t\t\t\t<\/span>\n\t\t\t\t\t\t\t\t\t\t<span class=\"elementor-icon-list-text\">Timp de recuperare: 1-2 s\u0103pt\u0103m\u00e2ni<\/span>\n\t\t\t\t\t\t\t\t\t<\/li>\n\t\t\t\t\t\t<\/ul>\n\t\t\t\t\t\t<\/div>\n\t\t\t\t<\/div>\n\t\t\t\t<div class=\"elementor-element elementor-element-860d5ee elementor-widget elementor-widget-button\" data-id=\"860d5ee\" data-element_type=\"widget\" data-settings=\"{&quot;ekit_we_effect_on&quot;:&quot;none&quot;}\" data-widget_type=\"button.default\">\n\t\t\t\t<div class=\"elementor-widget-container\">\n\t\t\t\t\t\t\t\t\t<div class=\"elementor-button-wrapper\">\n\t\t\t\t\t<a class=\"elementor-button elementor-button-link elementor-size-sm\" href=\"https:\/\/www.apexclinic.com.tr\/ro\/\">\n\t\t\t\t\t\t<span class=\"elementor-button-content-wrapper\">\n\t\t\t\t\t\t\t\t\t<span class=\"elementor-button-text\">F\u0103 o programare acum<\/span>\n\t\t\t\t\t<\/span>\n\t\t\t\t\t<\/a>\n\t\t\t\t<\/div>\n\t\t\t\t\t\t\t\t<\/div>\n\t\t\t\t<\/div>\n\t\t\t\t\t<\/div>\n\t\t<\/div>\n\t\t\t\t\t<\/div>\n\t\t<\/section>\n\t\t\t\t<section class=\"elementor-section elementor-top-section elementor-element elementor-element-0121500 elementor-section-boxed elementor-section-height-default elementor-section-height-default\" data-id=\"0121500\" data-element_type=\"section\" data-settings=\"{&quot;ekit_has_onepagescroll_dot&quot;:&quot;yes&quot;}\">\n\t\t\t\t\t\t<div class=\"elementor-container elementor-column-gap-default\">\n\t\t\t\t\t<div class=\"elementor-column elementor-col-100 elementor-top-column elementor-element elementor-element-fc1963e\" data-id=\"fc1963e\" data-element_type=\"column\">\n\t\t\t<div class=\"elementor-widget-wrap elementor-element-populated\">\n\t\t\t\t\t\t<div class=\"elementor-element elementor-element-2d0ab1b elementor-widget elementor-widget-spacer\" data-id=\"2d0ab1b\" data-element_type=\"widget\" data-settings=\"{&quot;ekit_we_effect_on&quot;:&quot;none&quot;}\" data-widget_type=\"spacer.default\">\n\t\t\t\t<div class=\"elementor-widget-container\">\n\t\t\t\t\t\t\t<div class=\"elementor-spacer\">\n\t\t\t<div class=\"elementor-spacer-inner\"><\/div>\n\t\t<\/div>\n\t\t\t\t\t\t<\/div>\n\t\t\t\t<\/div>\n\t\t\t\t\t<\/div>\n\t\t<\/div>\n\t\t\t\t\t<\/div>\n\t\t<\/section>\n\t\t\t\t<section class=\"elementor-section elementor-top-section elementor-element elementor-element-ce5665f elementor-section-boxed elementor-section-height-default elementor-section-height-default\" data-id=\"ce5665f\" data-element_type=\"section\" data-settings=\"{&quot;ekit_has_onepagescroll_dot&quot;:&quot;yes&quot;}\">\n\t\t\t\t\t\t<div class=\"elementor-container elementor-column-gap-default\">\n\t\t\t\t\t<div class=\"elementor-column elementor-col-100 elementor-top-column elementor-element elementor-element-339c420\" data-id=\"339c420\" data-element_type=\"column\">\n\t\t\t<div class=\"elementor-widget-wrap elementor-element-populated\">\n\t\t\t\t\t\t<div class=\"elementor-element elementor-element-3d77eba elementor-widget elementor-widget-text-editor\" data-id=\"3d77eba\" data-element_type=\"widget\" data-settings=\"{&quot;ekit_we_effect_on&quot;:&quot;none&quot;}\" data-widget_type=\"text-editor.default\">\n\t\t\t\t<div class=\"elementor-widget-container\">\n\t\t\t\t\t\t\t\t\t<section class=\"services_page_header\"><section class=\"services_page_header\"><section class=\"services_page_header\"><div class=\"page_content_wrap\"><div class=\"content_wrap\"><div class=\"content\"><article id=\"post-782\" class=\"services_single itemscope post-782 cpt_services type-cpt_services status-publish has-post-thumbnail hentry cpt_services_group-plastik-cerrahi\"><section class=\"services_page_header\"><h1>M\u0103rirea s\u00e2nilor\u00a0<\/h1><p><strong>m\u0103rirea s\u00e2nilor<\/strong>Este o procedur\u0103 chirurgical\u0103 de m\u0103rire a formei \u0219i m\u0103rimii s\u00e2nilor. Chirurgii no\u0219tri exper\u021bi plaseaz\u0103 implanturi mamare pentru a cre\u0219te dimensiunea s\u00e2nilor \u0219i a ob\u021bine o form\u0103 mai plin\u0103. M\u0103rirea s\u00e2nilor este una dintre cele mai populare proceduri de la Clinica Apex, cu cea mai mare rat\u0103 de satisfac\u021bie a pacientului din industria chirurgiei estetice \u0219i poate duce la cre\u0219terea \u00eencrederii \u00een sine, la cre\u0219terea stimei de sine \u0219i la o calitate mai bun\u0103 a vie\u021bii.<\/p><p>Motivul fiec\u0103rui pacient pentru a-\u0219i ob\u021bine un implant mamar este complet unic, motiv pentru care aici la Clinica Apex oferim un serviciu de specialitate personalizat nevoilor dumneavoastr\u0103. Am ajutat mii de pacien\u021bi ferici\u021bi cu m\u0103rirea s\u00e2nilor, a\u0219a c\u0103 face\u021bi primii pa\u0219i ast\u0103zi!<\/p><h2>\u00a0<\/h2><h2>De ce marirea sanilor?<\/h2><p>Pacien\u021bii care iau \u00een considerare m\u0103rirea s\u00e2nilor sunt supu\u0219i de obicei m\u0103rire a s\u00e2nilor din unul sau mai multe dintre urm\u0103toarele motive:<\/p><p>\u00a0<\/p><ul><li>S\u00e2nii ei nu s-au dezvoltat pe deplin la dimensiunea dorit\u0103 \u00een timpul adolescen\u021bei,<\/li><li>Pentru a ob\u021bine o dimensiune mai mare,<\/li><li>Din cauza pierderii volumului, formei \u0219i plin\u0103t\u0103\u021bii s\u00e2nilor dup\u0103 sarcin\u0103,<\/li><li>Dup\u0103 pierderea \u00een greutate, din cauza pierderii volumului, formei \u0219i plin\u0103t\u0103\u021bii s\u00e2nilor,<\/li><li>Suferind de asimetrie sau s\u00e2ni tubulari.<\/li><\/ul><p>\u00a0<\/p><h2>Chirurgie de marire a sanilor<\/h2><p>Procedurile de marire a sanilor se efectueaza sub anestezie generala si dureaza intre 30 de minute si 1 ora in sala de operatie. \u00cen func\u021bie de recomand\u0103rile chirurgului \u0219i de preferin\u021bele personale, exist\u0103 op\u021biunea de a fi un pacient cu o zi la unul dintre spitalele noastre MYA sau de a r\u0103m\u00e2ne peste noapte pentru a v\u0103 recupera.<\/p><p>Pacien\u021bii ar trebui s\u0103 se a\u0219tepte la v\u00e2n\u0103t\u0103i \u0219i umfl\u0103turi \u00een \u0219i \u00een jurul s\u00e2nilor \u0219i pot prezenta senza\u021bie de senza\u021bie, disconfort \u0219i sensibilitate dup\u0103 procedur\u0103. Durerea ar trebui s\u0103 dispar\u0103 dup\u0103 7-14 zile \u0219i vor fi prescrise analgezice pentru a ameliora orice disconfort.<\/p><p>\u00a0<\/p><h2>Op\u021biuni de implant mamar<\/h2><p>C\u0103l\u0103toria fiec\u0103rei paciente pentru m\u0103rirea s\u00e2nilor este diferit\u0103, chirurgii no\u0219tri exper\u021bi \u00een m\u0103rirea s\u00e2nilor v\u0103 vor recomanda cea mai bun\u0103 dimensiune \u0219i plasare a implantului pentru dvs., \u00een func\u021bie de nevoile dvs. fizice, forma corpului, \u021besutul mamar disponibil \u0219i rezultatul dorit.<\/p><p>Dimensiune \u2013 implanturile mamare se m\u0103soar\u0103 \u00een centimetri cubi (sau CC pe scurt), nu dimensiunile cupei, de exemplu: 350cc sau 400cc.<\/p><p>Form\u0103 \u2013 Implanturile rotunde sau anatomice (cunoscute \u0219i sub numele de lacrim\u0103) au dou\u0103 forme.<\/p><p>Plasarea \u2013 Plasarea implanturilor mamare se refer\u0103 la dac\u0103 implantul este plasat sub mu\u0219chi, pe mu\u0219chi sau par\u021bial \u00eentre ele; este definit ca submuscular, subglandular \u0219i subfascial.<\/p><p>Profil\/Proiec\u021bie \u2013 Profilul implanturilor mamare se refer\u0103 la c\u00e2t de mult ies \u00een afar\u0103 c\u00e2nd sta\u021bi \u00een picioare \u0219i este definit ca un profil sc\u0103zut, mediu, \u00eenalt sau foarte \u00eenalt.<\/p><p>\u00a0<\/p><h2>Preturi operatii pentru marirea sanilor<\/h2><p>la Clinica Apex <strong>operatie de marire a sanilor<\/strong> <strong>preturi<\/strong> variaz\u0103 de la persoan\u0103 la persoan\u0103. Acest lucru se datoreaz\u0103 procedurii noastre personalizate de tratament sigur. Pentru informa\u021bii despre pre\u021b, pute\u021bi folosi formularul de contact sau num\u0103rul nostru de telefon.<\/p><p>\u00a0<\/p><p>\u00a0<\/p><\/section><\/article><\/div><\/div><\/div><\/section><\/section><\/section>\t\t\t\t\t\t\t\t<\/div>\n\t\t\t\t<\/div>\n\t\t\t\t\t<\/div>\n\t\t<\/div>\n\t\t\t\t\t<\/div>\n\t\t<\/section>\n\t\t\t\t<section class=\"elementor-section elementor-top-section elementor-element elementor-element-2e8d64b elementor-section-boxed elementor-section-height-default elementor-section-height-default\" data-id=\"2e8d64b\" data-element_type=\"section\" data-settings=\"{&quot;ekit_has_onepagescroll_dot&quot;:&quot;yes&quot;}\">\n\t\t\t\t\t\t<div class=\"elementor-container elementor-column-gap-default\">\n\t\t\t\t\t<div class=\"elementor-column elementor-col-100 elementor-top-column elementor-element elementor-element-5470dba\" data-id=\"5470dba\" data-element_type=\"column\">\n\t\t\t<div class=\"elementor-widget-wrap elementor-element-populated\">\n\t\t\t\t\t\t<div class=\"elementor-element elementor-element-2903763 elementor-widget elementor-widget-shortcode\" data-id=\"2903763\" data-element_type=\"widget\" data-settings=\"{&quot;ekit_we_effect_on&quot;:&quot;none&quot;}\" data-widget_type=\"shortcode.default\">\n\t\t\t\t<div class=\"elementor-widget-container\">\n\t\t\t\t\t\t\t<div class=\"elementor-shortcode\">Ultima actualizare 2 august 2023 Informa\u021bii editor:<a href=\"\" target=\"_blank\" class=\"last-modified-author\">digital@apexclinic.com.tr<\/a><\/div>\n\t\t\t\t\t\t<\/div>\n\t\t\t\t<\/div>\n\t\t\t\t\t<\/div>\n\t\t<\/div>\n\t\t\t\t\t<\/div>\n\t\t<\/section>\n\t\t\t\t<\/div>","protected":false},"excerpt":{"rendered":"<p>Meme B\u00fcy\u00fctme Meme B\u00fcy\u00fctme Hastanede Kal\u0131\u015f S\u00fcresi: 1 G\u00fcn Operasyon S\u00fcresi: 2-4 Saat Anestezi: Genel \u0130yile\u015fme S\u00fcresi: 1-2 Hafta Hemen Randevu Al\u0131n Meme B\u00fcy\u00fctme\u00a0 Meme b\u00fcy\u00fctme, g\u00f6\u011f\u00fcslerin \u015feklini ve boyutunu art\u0131rmak i\u00e7in yap\u0131lan cerrahi bir i\u015flemdir. Uzman cerrahlar\u0131m\u0131z memelerin boyutunu art\u0131rmak ve daha dolgun bir \u015fekil elde etmek i\u00e7in meme implantlar\u0131 yerle\u015ftirir. G\u00f6\u011f\u00fcs b\u00fcy\u00fctme, kozmetik [&hellip;]<\/p>","protected":false},"author":3,"featured_media":0,"parent":0,"menu_order":0,"comment_status":"closed","ping_status":"closed","template":"elementor_header_footer","meta":{"_lmt_disableupdate":"","_lmt_disable":"","_monsterinsights_skip_tracking":false,"_monsterinsights_sitenote_active":false,"_monsterinsights_sitenote_note":"","_monsterinsights_sitenote_category":0,"site-sidebar-layout":"no-sidebar","site-content-layout":"page-builder","ast-site-content-layout":"","site-content-style":"default","site-sidebar-style":"default","ast-global-header-display":"","ast-banner-title-visibility":"","ast-main-header-display":"","ast-hfb-above-header-display":"","ast-hfb-below-header-display":"","ast-hfb-mobile-header-display":"","site-post-title":"disabled","ast-breadcrumbs-content":"","ast-featured-img":"disabled","footer-sml-layout":"","theme-transparent-header-meta":"","adv-header-id-meta":"","stick-header-meta":"","header-above-stick-meta":"","header-main-stick-meta":"","header-below-stick-meta":"","astra-migrate-meta-layouts":"default","ast-page-background-enabled":"default","ast-page-background-meta":{"desktop":{"background-color":"var(--ast-global-color-4)","background-image":"","background-repeat":"repeat","background-position":"center center","background-size":"auto","background-attachment":"scroll","background-type":"","background-media":"","overlay-type":"","overlay-color":"","overlay-opacity":"","overlay-gradient":""},"tablet":{"background-color":"","background-image":"","background-repeat":"repeat","background-position":"center center","background-size":"auto","background-attachment":"scroll","background-type":"","background-media":"","overlay-type":"","overlay-color":"","overlay-opacity":"","overlay-gradient":""},"mobile":{"background-color":"","background-image":"","background-repeat":"repeat","background-position":"center center","background-size":"auto","background-attachment":"scroll","background-type":"","background-media":"","overlay-type":"","overlay-color":"","overlay-opacity":"","overlay-gradient":""}},"ast-content-background-meta":{"desktop":{"background-color":"var(--ast-global-color-5)","background-image":"","background-repeat":"repeat","background-position":"center center","background-size":"auto","background-attachment":"scroll","background-type":"","background-media":"","overlay-type":"","overlay-color":"","overlay-opacity":"","overlay-gradient":""},"tablet":{"background-color":"var(--ast-global-color-5)","background-image":"","background-repeat":"repeat","background-position":"center center","background-size":"auto","background-attachment":"scroll","background-type":"","background-media":"","overlay-type":"","overlay-color":"","overlay-opacity":"","overlay-gradient":""},"mobile":{"background-color":"var(--ast-global-color-5)","background-image":"","background-repeat":"repeat","background-position":"center center","background-size":"auto","background-attachment":"scroll","background-type":"","background-media":"","overlay-type":"","overlay-color":"","overlay-opacity":"","overlay-gradient":""}},"_joinchat":[],"footnotes":""},"class_list":["post-2604","page","type-page","status-publish","hentry"],"_links":{"self":[{"href":"https:\/\/www.apexclinic.com.tr\/ro\/wp-json\/wp\/v2\/pages\/2604"}],"collection":[{"href":"https:\/\/www.apexclinic.com.tr\/ro\/wp-json\/wp\/v2\/pages"}],"about":[{"href":"https:\/\/www.apexclinic.com.tr\/ro\/wp-json\/wp\/v2\/types\/page"}],"author":[{"embeddable":true,"href":"https:\/\/www.apexclinic.com.tr\/ro\/wp-json\/wp\/v2\/users\/3"}],"replies":[{"embeddable":true,"href":"https:\/\/www.apexclinic.com.tr\/ro\/wp-json\/wp\/v2\/comments?post=2604"}],"version-history":[{"count":3,"href":"https:\/\/www.apexclinic.com.tr\/ro\/wp-json\/wp\/v2\/pages\/2604\/revisions"}],"predecessor-version":[{"id":3448,"href":"https:\/\/www.apexclinic.com.tr\/ro\/wp-json\/wp\/v2\/pages\/2604\/revisions\/3448"}],"wp:attachment":[{"href":"https:\/\/www.apexclinic.com.tr\/ro\/wp-json\/wp\/v2\/media?parent=2604"}],"curies":[{"name":"wp","href":"https:\/\/api.w.org\/{rel}","templated":true}]}}