{"id":2737,"date":"2022-09-22T14:20:27","date_gmt":"2022-09-22T14:20:27","guid":{"rendered":"https:\/\/www.apexclinic.com.tr\/?page_id=2737"},"modified":"2024-07-11T10:24:06","modified_gmt":"2024-07-11T10:24:06","slug":"hollywood-smile-gulus-tasarimi","status":"publish","type":"page","link":"https:\/\/www.apexclinic.com.tr\/ro\/hollywood-smile-gulus-design\/","title":{"rendered":"HollyWood Smile (Design Smile)"},"content":{"rendered":"<div data-elementor-type=\"wp-page\" data-elementor-id=\"2737\" class=\"elementor elementor-2737\" data-elementor-post-type=\"page\">\n\t\t\t\t\t\t<section class=\"elementor-section elementor-top-section elementor-element elementor-element-1e60086 elementor-section-content-middle elementor-section-boxed elementor-section-height-default elementor-section-height-default\" data-id=\"1e60086\" data-element_type=\"section\" data-settings=\"{&quot;background_background&quot;:&quot;classic&quot;,&quot;ekit_has_onepagescroll_dot&quot;:&quot;yes&quot;}\">\n\t\t\t\t\t\t<div class=\"elementor-container elementor-column-gap-wide\">\n\t\t\t\t\t<div class=\"elementor-column elementor-col-50 elementor-top-column elementor-element elementor-element-03ebb3a\" data-id=\"03ebb3a\" data-element_type=\"column\">\n\t\t\t<div class=\"elementor-widget-wrap elementor-element-populated\">\n\t\t\t\t\t\t<div class=\"elementor-element elementor-element-acbfdd6 elementor-invisible elementor-widget elementor-widget-heading\" data-id=\"acbfdd6\" data-element_type=\"widget\" data-settings=\"{&quot;_animation&quot;:&quot;fadeIn&quot;,&quot;ekit_we_effect_on&quot;:&quot;none&quot;}\" data-widget_type=\"heading.default\">\n\t\t\t\t<div class=\"elementor-widget-container\">\n\t\t\t\t\t<h5 class=\"elementor-heading-title elementor-size-medium\">Clinica Apex<\/h5>\t\t\t\t<\/div>\n\t\t\t\t<\/div>\n\t\t\t\t<div class=\"elementor-element elementor-element-77655fb elementor-widget elementor-widget-heading\" data-id=\"77655fb\" data-element_type=\"widget\" data-settings=\"{&quot;ekit_we_effect_on&quot;:&quot;none&quot;}\" data-widget_type=\"heading.default\">\n\t\t\t\t<div class=\"elementor-widget-container\">\n\t\t\t\t\t<h2 class=\"elementor-heading-title elementor-size-xxl\">Z\u00e2mbet HollyWood<\/h2>\t\t\t\t<\/div>\n\t\t\t\t<\/div>\n\t\t\t\t<div class=\"elementor-element elementor-element-ad0f82e elementor-widget-divider--view-line elementor-invisible elementor-widget elementor-widget-divider\" data-id=\"ad0f82e\" data-element_type=\"widget\" data-settings=\"{&quot;_animation&quot;:&quot;fadeInUp&quot;,&quot;ekit_we_effect_on&quot;:&quot;none&quot;}\" data-widget_type=\"divider.default\">\n\t\t\t\t<div class=\"elementor-widget-container\">\n\t\t\t\t\t\t\t<div class=\"elementor-divider\">\n\t\t\t<span class=\"elementor-divider-separator\">\n\t\t\t\t\t\t<\/span>\n\t\t<\/div>\n\t\t\t\t\t\t<\/div>\n\t\t\t\t<\/div>\n\t\t\t\t<div class=\"elementor-element elementor-element-33869bd elementor-widget elementor-widget-text-editor\" data-id=\"33869bd\" data-element_type=\"widget\" data-settings=\"{&quot;ekit_we_effect_on&quot;:&quot;none&quot;}\" data-widget_type=\"text-editor.default\">\n\t\t\t\t<div class=\"elementor-widget-container\">\n\t\t\t\t\t\t\t\t\t<p>Designul z\u00e2mbetului Hollywood Smile este o procedur\u0103 simpl\u0103 care poate corecta o mare varietate de afec\u021biuni dentare. Scopul acestui z\u00e2mbet este de a atinge un standard dentar ideal \u0219i un z\u00e2mbet radiant.<br \/>Hollywood Smile combin\u0103 tratamentele dentare cosmetice \u0219i de restaurare pentru a te face s\u0103 z\u00e2mbe\u0219ti ca o vedet\u0103. Fa\u021betele dentare estetice ajut\u0103 la acoperirea imperfec\u021biunilor din z\u00e2mbetul t\u0103u printr-un plan de tratament personalizat, potrivit nevoilor \u0219i dorin\u021belor tale.<\/p>\t\t\t\t\t\t\t\t<\/div>\n\t\t\t\t<\/div>\n\t\t\t\t<div class=\"elementor-element elementor-element-f0281ed elementor-align-right elementor-invisible elementor-widget elementor-widget-button\" data-id=\"f0281ed\" data-element_type=\"widget\" data-settings=\"{&quot;_animation&quot;:&quot;fadeInUp&quot;,&quot;_animation_delay&quot;:800,&quot;ekit_we_effect_on&quot;:&quot;none&quot;}\" data-widget_type=\"button.default\">\n\t\t\t\t<div class=\"elementor-widget-container\">\n\t\t\t\t\t\t\t\t\t<div class=\"elementor-button-wrapper\">\n\t\t\t\t\t<a class=\"elementor-button elementor-button-link elementor-size-md elementor-animation-float\" href=\"https:\/\/www.apexclinic.com.tr\/ro\/a-lua-legatura\/\">\n\t\t\t\t\t\t<span class=\"elementor-button-content-wrapper\">\n\t\t\t\t\t\t<span class=\"elementor-button-icon\">\n\t\t\t\t<i aria-hidden=\"true\" class=\"fas fa-long-arrow-alt-right\"><\/i>\t\t\t<\/span>\n\t\t\t\t\t\t\t\t\t<span class=\"elementor-button-text\">Face o programare<\/span>\n\t\t\t\t\t<\/span>\n\t\t\t\t\t<\/a>\n\t\t\t\t<\/div>\n\t\t\t\t\t\t\t\t<\/div>\n\t\t\t\t<\/div>\n\t\t\t\t\t<\/div>\n\t\t<\/div>\n\t\t\t\t<div class=\"elementor-column elementor-col-50 elementor-top-column elementor-element elementor-element-7d657d7\" data-id=\"7d657d7\" data-element_type=\"column\">\n\t\t\t<div class=\"elementor-widget-wrap elementor-element-populated\">\n\t\t\t\t\t\t<div class=\"elementor-element elementor-element-6c52ddc elementor-widget elementor-widget-html\" data-id=\"6c52ddc\" data-element_type=\"widget\" data-settings=\"{&quot;ekit_we_effect_on&quot;:&quot;none&quot;}\" data-widget_type=\"html.default\">\n\t\t\t\t<div class=\"elementor-widget-container\">\n\t\t\t\t\t<div style=\"width: 100%; height: 0px; position: relative; padding-bottom: 56.250%;\"><iframe src=\"https:\/\/streamable.com\/e\/78824u\" frameborder=\"0\" width=\"100%\" height=\"100%\" allowfullscreen style=\"width: 100%; height: 100%; position: absolute;\"><\/iframe><\/div>\t\t\t\t<\/div>\n\t\t\t\t<\/div>\n\t\t\t\t\t<\/div>\n\t\t<\/div>\n\t\t\t\t\t<\/div>\n\t\t<\/section>\n\t\t\t\t<section class=\"elementor-section elementor-top-section elementor-element elementor-element-c59a366 elementor-section-boxed elementor-section-height-default elementor-section-height-default\" data-id=\"c59a366\" data-element_type=\"section\" data-settings=\"{&quot;ekit_has_onepagescroll_dot&quot;:&quot;yes&quot;}\">\n\t\t\t\t\t\t<div class=\"elementor-container elementor-column-gap-default\">\n\t\t\t\t\t<div class=\"elementor-column elementor-col-100 elementor-top-column elementor-element elementor-element-d41d481\" data-id=\"d41d481\" data-element_type=\"column\">\n\t\t\t<div class=\"elementor-widget-wrap elementor-element-populated\">\n\t\t\t\t\t\t<div class=\"elementor-element elementor-element-a536d1d elementor-widget elementor-widget-text-editor\" data-id=\"a536d1d\" data-element_type=\"widget\" data-settings=\"{&quot;ekit_we_effect_on&quot;:&quot;none&quot;}\" data-widget_type=\"text-editor.default\">\n\t\t\t\t<div class=\"elementor-widget-container\">\n\t\t\t\t\t\t\t\t\t<h3>Ce este Hollywood Smile?<\/h3><p>Hollywood Smile \u00ee\u0219i ia numele de la z\u00e2mbetele perfecte ale vedetelor de la Hollywood \u0219i se asigur\u0103 c\u0103 din\u021bii sunt optimiza\u021bi din punct de vedere estetic. Acest tratament include multe proceduri precum albirea din\u021bilor, coroanele dentare, alinierea din\u021bilor \u0219i estetica gingiilor. \u00cen calitate de Clinic\u0103 Apex, oferim pacien\u021bilor no\u0219tri \u00eencredere \u00een sine \u0219i le d\u0103m posibilitatea s\u0103 z\u00e2mbeasc\u0103 cel mai bine cu tratamentul Hollywood Smile.<\/p><h3>Ce este necesar pentru o estetic\u0103 eficient\u0103 a z\u00e2mbetului<\/h3><p>O estetic\u0103 eficient\u0103 a z\u00e2mbetului necesit\u0103 ca din\u021bii s\u0103 fie propor\u021bionali \u00eentre ei \u0219i fa\u021b\u0103 de fa\u021b\u0103. Exist\u0103 mul\u021bi factori care asigur\u0103 acest echilibru:<\/p><ul><li><strong>Dimensiunea din\u021bilor \u00een func\u021bie de raportul de aur:<\/strong> Dimensiunea dintilor intr-o anumita masura este importanta pentru un aspect estetic.<\/li><li><strong>F\u0103r\u0103 spa\u021biu \u00eentre din\u021bi:<\/strong> A nu avea spa\u021bii \u00eentre din\u021bi este esen\u021bial pentru un z\u00e2mbet neted.<\/li><li><strong>Simetria gingival\u0103:<\/strong> Simetria gingiilor face ca zambetul sa arate estetic.<\/li><li><strong>Vizibilitatea gingiilor:<\/strong> In pozitia de zambet este ideal ca gingiile sa apara la o anumita distanta de sub buze.<\/li><li><strong>Cantitatea de din\u021bi aspectul:<\/strong> \u00cen pozi\u021bia de z\u00e2mbet, din\u021bii ar trebui s\u0103 apar\u0103 optim.<\/li><li><strong>Simetria liniei mediane a din\u021bilor:<\/strong> Alinierea simetrica a dintilor in functie de linia mediana asigura un zambet echilibrat.<\/li><li><strong>Gingii s\u0103n\u0103toase:<\/strong> A avea gingii s\u0103n\u0103toase este important pentru s\u0103n\u0103tatea oral\u0103 general\u0103.<\/li><li><strong>Fona\u021bia corect\u0103:<\/strong> \u00cen timpul vorbirii, sunetele trebuie s\u0103 loveasc\u0103 corect din\u021bii \u0219i trebuie asigurat\u0103 o fona\u021bie adecvat\u0103.<\/li><\/ul><h3>Cui se aplic\u0103 Hollywood Smile?<\/h3><p>\u00cen designul Hollywood Smile, starea buzelor \u0219i a \u021besuturilor gingiilor pacientului este examinat\u0103 \u00een detaliu. Se examineaz\u0103 formele, m\u0103rimile \u0219i pozi\u021biile din\u021bilor din gur\u0103 \u0219i se aplic\u0103 designul z\u00e2mbetului care se potrive\u0219te cel mai bine chipului persoanei. Fenomenul estetic este specific individului; Este conceput lu\u00e2nd \u00een considerare propor\u021bia facial\u0103 a persoanei, culoarea din\u021bilor, pozi\u021bia buzelor \u0219i culoarea pielii.<\/p><h3>Cum s\u0103 faci un z\u00e2mbet de la Hollywood?<\/h3><p>Fotografia este foarte important\u0103 \u00een stomatologie atunci c\u00e2nd se creeaz\u0103 un z\u00e2mbet la Hollywood. \u00cen fotografia dentar\u0103, sunt fotografia\u021bi at\u00e2t din\u021bii, c\u00e2t \u0219i \u021besuturile din jur. Pe l\u00e2ng\u0103 fotografii, m\u0103surarea este important\u0103 \u0219i pentru proiectarea z\u00e2mbetului 3D, pentru ca informa\u021biile s\u0103 fie transferate la laboratorul dentar. De asemenea, sunt realizate videoclipuri \u0219i este examinat\u0103 estetica facial\u0103 dinamic\u0103 a pacientului \u00een timp ce vorbe\u0219te \u0219i z\u00e2mbe\u0219te \u0219i se stabile\u0219te ce se poate face cu privire la din\u021bi pentru o frumuse\u021be facial\u0103 optim\u0103.<\/p>\t\t\t\t\t\t\t\t<\/div>\n\t\t\t\t<\/div>\n\t\t\t\t\t<\/div>\n\t\t<\/div>\n\t\t\t\t\t<\/div>\n\t\t<\/section>\n\t\t\t\t<section class=\"elementor-section elementor-top-section elementor-element elementor-element-7fb0c49 elementor-section-boxed elementor-section-height-default elementor-section-height-default\" data-id=\"7fb0c49\" data-element_type=\"section\" data-settings=\"{&quot;ekit_has_onepagescroll_dot&quot;:&quot;yes&quot;}\">\n\t\t\t\t\t\t<div class=\"elementor-container elementor-column-gap-default\">\n\t\t\t\t\t<div class=\"elementor-column elementor-col-100 elementor-top-column elementor-element elementor-element-0055d10\" data-id=\"0055d10\" data-element_type=\"column\">\n\t\t\t<div class=\"elementor-widget-wrap elementor-element-populated\">\n\t\t\t\t\t\t<div class=\"elementor-element elementor-element-fbd9b3e elementor-widget elementor-widget-shortcode\" data-id=\"fbd9b3e\" data-element_type=\"widget\" data-settings=\"{&quot;ekit_we_effect_on&quot;:&quot;none&quot;}\" data-widget_type=\"shortcode.default\">\n\t\t\t\t<div class=\"elementor-widget-container\">\n\t\t\t\t\t\t\t<div class=\"elementor-shortcode\">Ultima actualizare 11 iulie 2024 Informa\u021bii editor:<a href=\"\" target=\"_blank\" class=\"last-modified-author\">digital@apexclinic.com.tr<\/a><\/div>\n\t\t\t\t\t\t<\/div>\n\t\t\t\t<\/div>\n\t\t\t\t\t<\/div>\n\t\t<\/div>\n\t\t\t\t\t<\/div>\n\t\t<\/section>\n\t\t\t\t<\/div>","protected":false},"excerpt":{"rendered":"<p>Apex Clinic HollyWood Smile Hollywood Smile g\u00fcl\u00fc\u015f tasar\u0131m\u0131, \u00e7ok \u00e7e\u015fitli di\u015f bozukluklar\u0131n\u0131 d\u00fczeltebilen basit bir prosed\u00fcrd\u00fcr. Bu g\u00fcl\u00fc\u015f\u00fcn amac\u0131 ideal bir di\u015f standart\u0131 ve \u0131\u015f\u0131lt\u0131l\u0131 bir g\u00fcl\u00fc\u015f elde etmektir.Hollywood Smile, sizi bir star gibi g\u00fcl\u00fcmsetmek i\u00e7in kozmetik ve onar\u0131c\u0131 di\u015f tedavilerini birle\u015ftirir. Estetik di\u015f kaplamalar\u0131, ihtiya\u00e7lar\u0131n\u0131za ve isteklerinize uyacak ki\u015fiselle\u015ftirilmi\u015f bir tedavi plan\u0131 arac\u0131l\u0131\u011f\u0131yla g\u00fcl\u00fc\u015f\u00fcn\u00fczdeki [&hellip;]<\/p>","protected":false},"author":3,"featured_media":0,"parent":0,"menu_order":0,"comment_status":"closed","ping_status":"closed","template":"","meta":{"_lmt_disableupdate":"","_lmt_disable":"","_monsterinsights_skip_tracking":false,"_monsterinsights_sitenote_active":false,"_monsterinsights_sitenote_note":"","_monsterinsights_sitenote_category":0,"site-sidebar-layout":"no-sidebar","site-content-layout":"page-builder","ast-site-content-layout":"","site-content-style":"default","site-sidebar-style":"default","ast-global-header-display":"","ast-banner-title-visibility":"","ast-main-header-display":"","ast-hfb-above-header-display":"","ast-hfb-below-header-display":"","ast-hfb-mobile-header-display":"","site-post-title":"disabled","ast-breadcrumbs-content":"","ast-featured-img":"disabled","footer-sml-layout":"","theme-transparent-header-meta":"","adv-header-id-meta":"","stick-header-meta":"","header-above-stick-meta":"","header-main-stick-meta":"","header-below-stick-meta":"","astra-migrate-meta-layouts":"default","ast-page-background-enabled":"default","ast-page-background-meta":{"desktop":{"background-color":"var(--ast-global-color-4)","background-image":"","background-repeat":"repeat","background-position":"center center","background-size":"auto","background-attachment":"scroll","background-type":"","background-media":"","overlay-type":"","overlay-color":"","overlay-opacity":"","overlay-gradient":""},"tablet":{"background-color":"","background-image":"","background-repeat":"repeat","background-position":"center center","background-size":"auto","background-attachment":"scroll","background-type":"","background-media":"","overlay-type":"","overlay-color":"","overlay-opacity":"","overlay-gradient":""},"mobile":{"background-color":"","background-image":"","background-repeat":"repeat","background-position":"center center","background-size":"auto","background-attachment":"scroll","background-type":"","background-media":"","overlay-type":"","overlay-color":"","overlay-opacity":"","overlay-gradient":""}},"ast-content-background-meta":{"desktop":{"background-color":"var(--ast-global-color-5)","background-image":"","background-repeat":"repeat","background-position":"center center","background-size":"auto","background-attachment":"scroll","background-type":"","background-media":"","overlay-type":"","overlay-color":"","overlay-opacity":"","overlay-gradient":""},"tablet":{"background-color":"var(--ast-global-color-5)","background-image":"","background-repeat":"repeat","background-position":"center center","background-size":"auto","background-attachment":"scroll","background-type":"","background-media":"","overlay-type":"","overlay-color":"","overlay-opacity":"","overlay-gradient":""},"mobile":{"background-color":"var(--ast-global-color-5)","background-image":"","background-repeat":"repeat","background-position":"center center","background-size":"auto","background-attachment":"scroll","background-type":"","background-media":"","overlay-type":"","overlay-color":"","overlay-opacity":"","overlay-gradient":""}},"_joinchat":[],"footnotes":""},"class_list":["post-2737","page","type-page","status-publish","hentry"],"_links":{"self":[{"href":"https:\/\/www.apexclinic.com.tr\/ro\/wp-json\/wp\/v2\/pages\/2737"}],"collection":[{"href":"https:\/\/www.apexclinic.com.tr\/ro\/wp-json\/wp\/v2\/pages"}],"about":[{"href":"https:\/\/www.apexclinic.com.tr\/ro\/wp-json\/wp\/v2\/types\/page"}],"author":[{"embeddable":true,"href":"https:\/\/www.apexclinic.com.tr\/ro\/wp-json\/wp\/v2\/users\/3"}],"replies":[{"embeddable":true,"href":"https:\/\/www.apexclinic.com.tr\/ro\/wp-json\/wp\/v2\/comments?post=2737"}],"version-history":[{"count":9,"href":"https:\/\/www.apexclinic.com.tr\/ro\/wp-json\/wp\/v2\/pages\/2737\/revisions"}],"predecessor-version":[{"id":3790,"href":"https:\/\/www.apexclinic.com.tr\/ro\/wp-json\/wp\/v2\/pages\/2737\/revisions\/3790"}],"wp:attachment":[{"href":"https:\/\/www.apexclinic.com.tr\/ro\/wp-json\/wp\/v2\/media?parent=2737"}],"curies":[{"name":"wp","href":"https:\/\/api.w.org\/{rel}","templated":true}]}}