{"id":3206,"date":"2023-02-23T11:50:25","date_gmt":"2023-02-23T11:50:25","guid":{"rendered":"https:\/\/www.apexclinic.com.tr\/?page_id=3206"},"modified":"2023-02-23T14:50:54","modified_gmt":"2023-02-23T14:50:54","slug":"vucut-kitle-indeksi-hesaplama-araci","status":"publish","type":"page","link":"https:\/\/www.apexclinic.com.tr\/ro\/instrument-de-calcul-indicelui-de-masa-corpului\/","title":{"rendered":"Calculator de indice de mas\u0103 corporal\u0103"},"content":{"rendered":"<div data-elementor-type=\"wp-page\" data-elementor-id=\"3206\" class=\"elementor elementor-3206\" data-elementor-post-type=\"page\">\n\t\t\t\t\t\t<section class=\"elementor-section elementor-top-section elementor-element elementor-element-1d56999 elementor-section-boxed elementor-section-height-default elementor-section-height-default\" data-id=\"1d56999\" data-element_type=\"section\" data-settings=\"{&quot;background_background&quot;:&quot;classic&quot;,&quot;ekit_has_onepagescroll_dot&quot;:&quot;yes&quot;}\">\n\t\t\t\t\t\t<div class=\"elementor-container elementor-column-gap-default\">\n\t\t\t\t\t<div class=\"elementor-column elementor-col-100 elementor-top-column elementor-element elementor-element-c95235b\" data-id=\"c95235b\" data-element_type=\"column\">\n\t\t\t<div class=\"elementor-widget-wrap elementor-element-populated\">\n\t\t\t\t\t\t<div class=\"elementor-element elementor-element-750e6f4 elementor-widget elementor-widget-html\" data-id=\"750e6f4\" data-element_type=\"widget\" data-settings=\"{&quot;ekit_we_effect_on&quot;:&quot;none&quot;}\" data-widget_type=\"html.default\">\n\t\t\t\t<div class=\"elementor-widget-container\">\n\t\t\t\t\t<!DOCTYPE html>\r\n<html lang=\"tr\">\r\n<head>\r\n\t<meta charset=\"UTF-8\">\r\n\t<title>Calculator de indice de mas\u0103 corporal\u0103<\/title>\r\n\t<style>\r\n\t\tbody {\r\n\t\t\tfont-family: sans-serif;\r\n\t\t\tbackground-color: #f5f5f5;\r\n\t\t}\r\n\r\n\t\t.container {\r\n\t\t\tmax-width: 600px;\r\n\t\t\tmargin: 0 auto;\r\n\t\t\tpadding: 20px;\r\n\t\t\tbackground-color: #fff;\r\n\t\t\tbox-shadow: 0 0 10px rgba(0, 0, 0, 0.1);\r\n\t\t}\r\n\r\n\t\th1 {\r\n\t\t\tfont-size: 24px;\r\n\t\t\tfont-weight: bold;\r\n\t\t\ttext-align: center;\r\n\t\t\tmargin-top: 0;\r\n\t\t\tmargin-bottom: 20px;\r\n\t\t}\r\n\r\n\t\tform {\r\n\t\t\tdisplay: flex;\r\n\t\t\tflex-direction: column;\r\n\t\t}\r\n\r\n\t\tlabel {\r\n\t\t\tfont-weight: bold;\r\n\t\t\tmargin-bottom: 10px;\r\n\t\t}\r\n\r\n\t\tinput {\r\n\t\t\tpadding: 10px;\r\n\t\t\tborder: 1px solid #ccc;\r\n\t\t\tborder-radius: 5px;\r\n\t\t\tmargin-bottom: 20px;\r\n\t\t\tfont-size: 16px;\r\n\t\t}\r\n\r\n\t\tbutton {\r\n\t\t\tbackground-color: #007bff;\r\n\t\t\tcolor: #fff;\r\n\t\t\tpadding: 10px;\r\n\t\t\tborder: none;\r\n\t\t\tborder-radius: 5px;\r\n\t\t\tfont-size: 16px;\r\n\t\t\tcursor: pointer;\r\n\t\t}\r\n\r\n\t\t.result {\r\n\t\t\tfont-size: 24px;\r\n\t\t\tfont-weight: bold;\r\n\t\t\ttext-align: center;\r\n\t\t\tmargin-top: 20px;\r\n\t\t}\r\n\r\n\t\t.error {\r\n\t\t\tcolor: red;\r\n\t\t\tmargin-top: 10px;\r\n\t\t}\r\n\t<\/style>\r\n<\/head>\r\n<body>\r\n\t<div class=\"container\">\r\n\t\t<h1>Calculator de indice de mas\u0103 corporal\u0103<\/h1>\r\n\t\t<form onsubmit=\"return hesapla()\" action=\"\">\r\n\t\t\t<label for=\"kilo\">Greutate (kg)<\/label>\r\n\t\t\t<input type=\"number\" id=\"kilo\" required>\r\n\r\n\t\t\t<label for=\"boy\">\u00cen\u0103l\u021bime (cm)<\/label>\r\n\t\t\t<input type=\"number\" id=\"boy\" required>\r\n\r\n\t\t\t<button type=\"submit\">calculati<\/button>\r\n\t\t<input type=\"hidden\" name=\"trp-form-language\" value=\"ro\"\/><\/form>\r\n\r\n\t\t<div id=\"sonuc\" class=\"result\"><\/div>\r\n\r\n\t\t<div id=\"hata\" class=\"error\"><\/div>\r\n\r\n\t\t<script>\r\n\t\t\r\n\t\t\tfunction hesapla() {\r\n\t\t\t    document.getElementById(\"sonuc\").innerHTML = \"\";\r\ndocument.getElementById(\"hata\").innerHTML = \"\";\r\n\t\t\t\tvar kilo = document.getElementById(\"kilo\").value;\r\n\t\t\t\tvar boy = document.getElementById(\"boy\").value;\r\n\r\n\t\t\t\tif (kilo <= 0 || boy <= 0) {\r\n\t\t\t\t\tdocument.getElementById(\"sonuc\").innerHTML = \"\";\r\n\t\t\t\t\tdocument.getElementById(\"hata\").innerHTML = \"Kilo ve boy de\u011ferleri pozitif olmal\u0131d\u0131r.\";\r\n\t\t\t\t\treturn false;\r\n\t\t\t\t}\r\n\r\n\t\t\t\tvar boyMetre = boy \/ 100;\r\n\t\t\t\tvar vki = kilo \/ (boyMetre * boyMetre);\r\n\r\n\t\t\t\tif (vki < 18.5) {\r\n\t\t\t\t\tdocument.getElementById(\"sonuc\").innerHTML = \"VK\u0130: \" + vki.toFixed(2) + \" (Zay\u0131f)\";\r\n\t\t\t\t} else if (vki < 25) {\r\n\t\t\t\t\tdocument.getElementById(\"sonuc\").innerHTML = \"VK\u0130: \" + vki.toFixed(\r\n) + \" (Normal)\";\r\n} else if (vki < 30) {\r\ndocument.getElementById(\"sonuc\").innerHTML = \"VK\u0130: \" + vki.toFixed(2) + \" (Fazla Kilolu)\";\r\n} else if (vki < 35) {\r\ndocument.getElementById(\"sonuc\").innerHTML = \"VK\u0130: \" + vki.toFixed(2) + \" (Obez)\";\r\n} else {\r\ndocument.getElementById(\"sonuc\").innerHTML = \"VK\u0130: \" + vki.toFixed(2) + \" (A\u015f\u0131r\u0131 Obez)\";\r\ndocument.getElementById(\"hata\").innerHTML = \"Obezite cerrahisi i\u00e7in uygunsunuz. En do\u011fru i\u015flem i\u00e7in bizimle ileti\u015fime ge\u00e7in.\";\r\n}\r\n\treturn false;\r\n\t\t}\r\n\t<\/script>\r\n<\/div>\r\n<\/body>\r\n<\/html>\t\t\t\t<\/div>\n\t\t\t\t<\/div>\n\t\t\t\t\t<\/div>\n\t\t<\/div>\n\t\t\t\t\t<\/div>\n\t\t<\/section>\n\t\t\t\t<section class=\"elementor-section elementor-top-section elementor-element elementor-element-d8eb4a6 elementor-section-boxed elementor-section-height-default elementor-section-height-default\" data-id=\"d8eb4a6\" data-element_type=\"section\" data-settings=\"{&quot;ekit_has_onepagescroll_dot&quot;:&quot;yes&quot;}\">\n\t\t\t\t\t\t<div class=\"elementor-container elementor-column-gap-default\">\n\t\t\t\t\t<div class=\"elementor-column elementor-col-100 elementor-top-column elementor-element elementor-element-3ebec1c\" data-id=\"3ebec1c\" data-element_type=\"column\">\n\t\t\t<div class=\"elementor-widget-wrap elementor-element-populated\">\n\t\t\t\t\t\t<div class=\"elementor-element elementor-element-d226df7 elementor-widget elementor-widget-text-editor\" data-id=\"d226df7\" data-element_type=\"widget\" data-settings=\"{&quot;ekit_we_effect_on&quot;:&quot;none&quot;}\" data-widget_type=\"text-editor.default\">\n\t\t\t\t<div class=\"elementor-widget-container\">\n\t\t\t\t\t\t\t\t\t<p>Indicele de mas\u0103 corporal\u0103 (IMC) este o metod\u0103 care m\u0103soar\u0103 raportul dintre greutatea corporal\u0103 \u0219i \u00een\u0103l\u021bimea. <strong>Calculator de indice de mas\u0103 corporal\u0103<\/strong>Este un instrument foarte important pentru ca oamenii s\u0103 duc\u0103 o via\u021b\u0103 s\u0103n\u0103toas\u0103. IMC este o m\u0103sur\u0103 important\u0103 folosit\u0103 pentru a determina obezitatea, bolile de inim\u0103, diabetul \u0219i multe alte boli. \u00cen acest articol, vom aborda modul \u00een care este calculat IMC \u0219i de ce este important pentru o via\u021b\u0103 s\u0103n\u0103toas\u0103.<\/p><h3>Ce este IMC?<\/h3><p><strong>Indicele de masa corporala<\/strong> (IMC) m\u0103soar\u0103 raportul dintre greutatea corporal\u0103 a unei persoane \u0219i \u00een\u0103l\u021bimea acesteia. IMC este o m\u0103sur\u0103 folosit\u0103 pentru a determina dac\u0103 o persoan\u0103 are greutate normal\u0103, supraponderal\u0103 sau obez\u0103. Pentru a calcula IMC, greutatea unei persoane (kg) este \u00eemp\u0103r\u021bit\u0103 la \u00een\u0103l\u021bimea (m) la p\u0103trat.<\/p><h3>Cum se utilizeaz\u0103 Calculatorul IMC?<\/h3><p><strong>Calculul indicelui de mas\u0103 corporal\u0103<\/strong>calculeaz\u0103 valoarea IMC atunci c\u00e2nd sunt introduse \u00een\u0103l\u021bimea \u0219i greutatea persoanei. Instrumentul de calcul al IMC poate fi g\u0103sit pe multe site-uri web \u0219i aplica\u021bii mobile. Pentru a calcula IMC, este important s\u0103 introduce\u021bi corect \u00een\u0103l\u021bimea \u0219i greutatea unei persoane. Valorile IMC sunt interpretate ca:<\/p><ul><li>Valori sub 18,5: Slab<\/li><li>Valori \u00eentre 18,5-24,9: Normal<\/li><li>Valori 25-29,9: Excesul de greutate<\/li><li>30 \u0219i peste: obezi<\/li><\/ul><h3>De ce este important IMC?<\/h3><p>IMC este un instrument important \u00een determinarea st\u0103rii de s\u0103n\u0103tate a unei persoane. Persoanele cu un IMC ridicat sunt expuse riscului de boli de inim\u0103, hipertensiune arterial\u0103, diabet \u0219i multe alte boli. IMC este foarte important pentru o via\u021b\u0103 s\u0103n\u0103toas\u0103, deoarece men\u021binerea unui IMC s\u0103n\u0103tos reduce riscul apari\u021biei acestor boli.<\/p><p>Indicele de mas\u0103 corporal\u0103 (IMC) este un instrument important \u00een determinarea st\u0103rii de s\u0103n\u0103tate a unei persoane. Persoanele cu un IMC ridicat sunt expuse riscului de boli de inim\u0103, hipertensiune arterial\u0103, diabet \u0219i multe alte boli. Prin urmare, a avea o valoare a IMC \u00een intervalul normal este foarte important pentru men\u021binerea unei vie\u021bi s\u0103n\u0103toase.<\/p><p>Un IMC ridicat cre\u0219te riscul de obezitate. Obezitatea este o problem\u0103 de s\u0103n\u0103tate \u00een cre\u0219tere la nivel mondial. Obezitatea cauzeaz\u0103 inflama\u021bii \u0219i rezisten\u021b\u0103 la insulin\u0103 \u00een organism, cresc\u00e2nd riscul de boli de inim\u0103, diabet, boli hepatice, apnee \u00een somn, depresie, cancer \u0219i multe alte boli. De asemenea, obezitatea afecteaz\u0103 negativ calitatea vie\u021bii \u0219i longevitatea.<\/p><p>Pentru ca valoarea IMC s\u0103 se \u00eencadreze \u00een intervalul normal, este necesar s\u0103 face\u021bi exerci\u021bii fizice \u00een mod regulat \u0219i s\u0103 urma\u021bi un plan alimentar s\u0103n\u0103tos. Exerci\u021biile fizice \u0219i o diet\u0103 s\u0103n\u0103toas\u0103 ajut\u0103 la controlul greut\u0103\u021bii corporale \u0219i la men\u021binerea IMC \u00eentr-un interval s\u0103n\u0103tos. Persoanele cu un IMC \u00een intervalul normal \u00ee\u0219i m\u0103resc \u0219ansele de a tr\u0103i o via\u021b\u0103 s\u0103n\u0103toas\u0103.<\/p><p>O valoare a IMC \u00een intervalul normal este important\u0103 nu numai pentru s\u0103n\u0103tatea fizic\u0103, ci \u0219i pentru s\u0103n\u0103tatea psihologic\u0103. O valoare ridicat\u0103 a IMC poate sc\u0103dea \u00eencrederea \u00een sine \u0219i stima de sine a unei persoane. Prin urmare, men\u021binerea unui IMC s\u0103n\u0103tos poate cre\u0219te \u00eencrederea \u00een sine a unei persoane.<\/p><p>IMC este un criteriu important pentru men\u021binerea unei vie\u021bi s\u0103n\u0103toase. Av\u00e2nd o valoare a IMC \u00een intervalul normal, reduce riscul de boli de inim\u0103, hipertensiune arterial\u0103, diabet \u0219i multe alte boli. Pentru ca valoarea IMC s\u0103 se \u00eencadreze \u00een intervalul normal, este necesar s\u0103 face\u021bi exerci\u021bii fizice \u00een mod regulat \u0219i s\u0103 urma\u021bi un plan alimentar s\u0103n\u0103tos. \u00cen plus, men\u021binerea sub control a valorii IMC este, de asemenea, important\u0103 pentru s\u0103n\u0103tatea psihologic\u0103 prin cre\u0219terea \u00eencrederii \u00een sine \u0219i a stimei de sine. Verificarea valorii IMC este un pas important care poate fi luat pentru a men\u021bine o via\u021b\u0103 s\u0103n\u0103toas\u0103.<\/p>\t\t\t\t\t\t\t\t<\/div>\n\t\t\t\t<\/div>\n\t\t\t\t\t<\/div>\n\t\t<\/div>\n\t\t\t\t\t<\/div>\n\t\t<\/section>\n\t\t\t\t<\/div>","protected":false},"excerpt":{"rendered":"<p>V\u00fccut Kitle \u0130ndeksi Hesaplama V\u00fccut Kitle \u0130ndeksi Hesaplama Kilo (kg) Boy (cm) Hesapla V\u00fccut kitle indeksi (VK\u0130), v\u00fccut a\u011f\u0131rl\u0131\u011f\u0131n\u0131n boy ile orant\u0131s\u0131n\u0131 \u00f6l\u00e7en bir y\u00f6ntemdir. V\u00fccut kitle indeksi hesaplama arac\u0131, insanlar\u0131n sa\u011fl\u0131kl\u0131 bir ya\u015fam s\u00fcrd\u00fcrmeleri i\u00e7in \u00e7ok \u00f6nemli bir ara\u00e7t\u0131r. VK\u0130, obezite, kalp hastal\u0131\u011f\u0131, diyabet ve di\u011fer pek \u00e7ok hastal\u0131\u011f\u0131n belirlenmesinde kullan\u0131lan \u00f6nemli bir \u00f6l\u00e7\u00fctt\u00fcr. [&hellip;]<\/p>","protected":false},"author":3,"featured_media":0,"parent":0,"menu_order":0,"comment_status":"closed","ping_status":"closed","template":"","meta":{"_lmt_disableupdate":"","_lmt_disable":"","_monsterinsights_skip_tracking":false,"_monsterinsights_sitenote_active":false,"_monsterinsights_sitenote_note":"","_monsterinsights_sitenote_category":0,"site-sidebar-layout":"no-sidebar","site-content-layout":"page-builder","ast-site-content-layout":"","site-content-style":"default","site-sidebar-style":"default","ast-global-header-display":"","ast-banner-title-visibility":"","ast-main-header-display":"","ast-hfb-above-header-display":"","ast-hfb-below-header-display":"","ast-hfb-mobile-header-display":"","site-post-title":"disabled","ast-breadcrumbs-content":"","ast-featured-img":"disabled","footer-sml-layout":"","theme-transparent-header-meta":"","adv-header-id-meta":"","stick-header-meta":"","header-above-stick-meta":"","header-main-stick-meta":"","header-below-stick-meta":"","astra-migrate-meta-layouts":"default","ast-page-background-enabled":"default","ast-page-background-meta":{"desktop":{"background-color":"var(--ast-global-color-4)","background-image":"","background-repeat":"repeat","background-position":"center center","background-size":"auto","background-attachment":"scroll","background-type":"","background-media":"","overlay-type":"","overlay-color":"","overlay-opacity":"","overlay-gradient":""},"tablet":{"background-color":"","background-image":"","background-repeat":"repeat","background-position":"center center","background-size":"auto","background-attachment":"scroll","background-type":"","background-media":"","overlay-type":"","overlay-color":"","overlay-opacity":"","overlay-gradient":""},"mobile":{"background-color":"","background-image":"","background-repeat":"repeat","background-position":"center center","background-size":"auto","background-attachment":"scroll","background-type":"","background-media":"","overlay-type":"","overlay-color":"","overlay-opacity":"","overlay-gradient":""}},"ast-content-background-meta":{"desktop":{"background-color":"var(--ast-global-color-5)","background-image":"","background-repeat":"repeat","background-position":"center center","background-size":"auto","background-attachment":"scroll","background-type":"","background-media":"","overlay-type":"","overlay-color":"","overlay-opacity":"","overlay-gradient":""},"tablet":{"background-color":"var(--ast-global-color-5)","background-image":"","background-repeat":"repeat","background-position":"center center","background-size":"auto","background-attachment":"scroll","background-type":"","background-media":"","overlay-type":"","overlay-color":"","overlay-opacity":"","overlay-gradient":""},"mobile":{"background-color":"var(--ast-global-color-5)","background-image":"","background-repeat":"repeat","background-position":"center center","background-size":"auto","background-attachment":"scroll","background-type":"","background-media":"","overlay-type":"","overlay-color":"","overlay-opacity":"","overlay-gradient":""}},"_joinchat":[],"footnotes":""},"class_list":["post-3206","page","type-page","status-publish","hentry"],"_links":{"self":[{"href":"https:\/\/www.apexclinic.com.tr\/ro\/wp-json\/wp\/v2\/pages\/3206"}],"collection":[{"href":"https:\/\/www.apexclinic.com.tr\/ro\/wp-json\/wp\/v2\/pages"}],"about":[{"href":"https:\/\/www.apexclinic.com.tr\/ro\/wp-json\/wp\/v2\/types\/page"}],"author":[{"embeddable":true,"href":"https:\/\/www.apexclinic.com.tr\/ro\/wp-json\/wp\/v2\/users\/3"}],"replies":[{"embeddable":true,"href":"https:\/\/www.apexclinic.com.tr\/ro\/wp-json\/wp\/v2\/comments?post=3206"}],"version-history":[{"count":22,"href":"https:\/\/www.apexclinic.com.tr\/ro\/wp-json\/wp\/v2\/pages\/3206\/revisions"}],"predecessor-version":[{"id":3238,"href":"https:\/\/www.apexclinic.com.tr\/ro\/wp-json\/wp\/v2\/pages\/3206\/revisions\/3238"}],"wp:attachment":[{"href":"https:\/\/www.apexclinic.com.tr\/ro\/wp-json\/wp\/v2\/media?parent=3206"}],"curies":[{"name":"wp","href":"https:\/\/api.w.org\/{rel}","templated":true}]}}