{"id":2375,"date":"2022-09-07T13:36:13","date_gmt":"2022-09-07T13:36:13","guid":{"rendered":"https:\/\/www.apexclinic.com.tr\/?page_id=2375"},"modified":"2023-08-02T11:04:11","modified_gmt":"2023-08-02T11:04:11","slug":"uyluk-germe","status":"publish","type":"page","link":"https:\/\/www.apexclinic.com.tr\/ru\/%d1%80%d0%b0%d1%81%d1%82%d1%8f%d0%b6%d0%ba%d0%b0-%d0%b1%d0%b5%d0%b4%d0%b5%d1%80\/","title":{"rendered":"\u041f\u043e\u0434\u0442\u044f\u0436\u043a\u0430 \u0431\u0435\u0434\u0435\u0440"},"content":{"rendered":"<div data-elementor-type=\"wp-page\" data-elementor-id=\"2375\" class=\"elementor elementor-2375\" data-elementor-post-type=\"page\">\n\t\t\t\t\t\t<section class=\"elementor-section elementor-top-section elementor-element elementor-element-9afa8da elementor-section-boxed elementor-section-height-default elementor-section-height-default\" data-id=\"9afa8da\" data-element_type=\"section\" data-settings=\"{&quot;background_background&quot;:&quot;gradient&quot;,&quot;ekit_has_onepagescroll_dot&quot;:&quot;yes&quot;}\">\n\t\t\t\t\t\t<div class=\"elementor-container elementor-column-gap-default\">\n\t\t\t\t\t<div class=\"elementor-column elementor-col-100 elementor-top-column elementor-element elementor-element-bc56646\" data-id=\"bc56646\" data-element_type=\"column\">\n\t\t\t<div class=\"elementor-widget-wrap elementor-element-populated\">\n\t\t\t\t\t\t<div class=\"elementor-element elementor-element-0fb26c0 elementor-widget elementor-widget-spacer\" data-id=\"0fb26c0\" data-element_type=\"widget\" data-settings=\"{&quot;ekit_we_effect_on&quot;:&quot;none&quot;}\" data-widget_type=\"spacer.default\">\n\t\t\t\t<div class=\"elementor-widget-container\">\n\t\t\t\t\t\t\t<div class=\"elementor-spacer\">\n\t\t\t<div class=\"elementor-spacer-inner\"><\/div>\n\t\t<\/div>\n\t\t\t\t\t\t<\/div>\n\t\t\t\t<\/div>\n\t\t\t\t<div class=\"elementor-element elementor-element-efd06cb elementor-widget elementor-widget-heading\" data-id=\"efd06cb\" data-element_type=\"widget\" data-settings=\"{&quot;ekit_we_effect_on&quot;:&quot;none&quot;}\" data-widget_type=\"heading.default\">\n\t\t\t\t<div class=\"elementor-widget-container\">\n\t\t\t\t\t<h2 class=\"elementor-heading-title elementor-size-default\">\u041f\u043e\u0434\u0442\u044f\u0436\u043a\u0430 \u0431\u0435\u0434\u0435\u0440\n<\/h2>\t\t\t\t<\/div>\n\t\t\t\t<\/div>\n\t\t\t\t<div class=\"elementor-element elementor-element-e2ddd16 elementor-widget elementor-widget-spacer\" data-id=\"e2ddd16\" data-element_type=\"widget\" data-settings=\"{&quot;ekit_we_effect_on&quot;:&quot;none&quot;}\" data-widget_type=\"spacer.default\">\n\t\t\t\t<div class=\"elementor-widget-container\">\n\t\t\t\t\t\t\t<div class=\"elementor-spacer\">\n\t\t\t<div class=\"elementor-spacer-inner\"><\/div>\n\t\t<\/div>\n\t\t\t\t\t\t<\/div>\n\t\t\t\t<\/div>\n\t\t\t\t\t<\/div>\n\t\t<\/div>\n\t\t\t\t\t<\/div>\n\t\t<\/section>\n\t\t\t\t<section class=\"elementor-section elementor-top-section elementor-element elementor-element-c610b43 elementor-section-boxed elementor-section-height-default elementor-section-height-default\" data-id=\"c610b43\" data-element_type=\"section\" data-settings=\"{&quot;ekit_has_onepagescroll_dot&quot;:&quot;yes&quot;}\">\n\t\t\t\t\t\t<div class=\"elementor-container elementor-column-gap-default\">\n\t\t\t\t\t<div class=\"elementor-column elementor-col-100 elementor-top-column elementor-element elementor-element-1731658\" data-id=\"1731658\" data-element_type=\"column\">\n\t\t\t<div class=\"elementor-widget-wrap elementor-element-populated\">\n\t\t\t\t\t\t<div class=\"elementor-element elementor-element-4c05546 elementor-widget elementor-widget-spacer\" data-id=\"4c05546\" data-element_type=\"widget\" data-settings=\"{&quot;ekit_we_effect_on&quot;:&quot;none&quot;}\" data-widget_type=\"spacer.default\">\n\t\t\t\t<div class=\"elementor-widget-container\">\n\t\t\t\t\t\t\t<div class=\"elementor-spacer\">\n\t\t\t<div class=\"elementor-spacer-inner\"><\/div>\n\t\t<\/div>\n\t\t\t\t\t\t<\/div>\n\t\t\t\t<\/div>\n\t\t\t\t\t<\/div>\n\t\t<\/div>\n\t\t\t\t\t<\/div>\n\t\t<\/section>\n\t\t\t\t<section class=\"elementor-section elementor-top-section elementor-element elementor-element-dd57234 elementor-section-boxed elementor-section-height-default elementor-section-height-default\" data-id=\"dd57234\" data-element_type=\"section\" data-settings=\"{&quot;ekit_has_onepagescroll_dot&quot;:&quot;yes&quot;}\">\n\t\t\t\t\t\t<div class=\"elementor-container elementor-column-gap-default\">\n\t\t\t\t\t<div class=\"elementor-column elementor-col-50 elementor-top-column elementor-element elementor-element-96900a3\" data-id=\"96900a3\" data-element_type=\"column\" data-settings=\"{&quot;background_background&quot;:&quot;classic&quot;}\">\n\t\t\t<div class=\"elementor-widget-wrap elementor-element-populated\">\n\t\t\t\t\t\t<div class=\"elementor-element elementor-element-895320b elementor-widget elementor-widget-video\" data-id=\"895320b\" data-element_type=\"widget\" data-settings=\"{&quot;youtube_url&quot;:&quot;https:\\\/\\\/www.youtube.com\\\/watch?v=KoptJdVPEhE&quot;,&quot;video_type&quot;:&quot;youtube&quot;,&quot;ekit_we_effect_on&quot;:&quot;none&quot;}\" data-widget_type=\"video.default\">\n\t\t\t\t<div class=\"elementor-widget-container\">\n\t\t\t\t\t\t\t<div class=\"elementor-wrapper elementor-open-inline\">\n\t\t\t<div class=\"elementor-video\"><\/div>\t\t<\/div>\n\t\t\t\t\t\t<\/div>\n\t\t\t\t<\/div>\n\t\t\t\t\t<\/div>\n\t\t<\/div>\n\t\t\t\t<div class=\"elementor-column elementor-col-50 elementor-top-column elementor-element elementor-element-1708227\" data-id=\"1708227\" data-element_type=\"column\">\n\t\t\t<div class=\"elementor-widget-wrap elementor-element-populated\">\n\t\t\t\t\t\t<div class=\"elementor-element elementor-element-b78616c elementor-widget-divider--view-line_text elementor-widget-divider--element-align-left elementor-widget elementor-widget-divider\" data-id=\"b78616c\" data-element_type=\"widget\" data-settings=\"{&quot;ekit_we_effect_on&quot;:&quot;none&quot;}\" data-widget_type=\"divider.default\">\n\t\t\t\t<div class=\"elementor-widget-container\">\n\t\t\t\t\t\t\t<div class=\"elementor-divider\">\n\t\t\t<span class=\"elementor-divider-separator\">\n\t\t\t\t\t\t\t<h3 class=\"elementor-divider__text elementor-divider__element\">\n\t\t\t\t\u041f\u043e\u0434\u0442\u044f\u0436\u043a\u0430 \u0431\u0435\u0434\u0435\u0440\t\t\t\t<\/h3>\n\t\t\t\t\t\t<\/span>\n\t\t<\/div>\n\t\t\t\t\t\t<\/div>\n\t\t\t\t<\/div>\n\t\t\t\t<div class=\"elementor-element elementor-element-04b9051 elementor-align-left elementor-widget__width-auto elementor-icon-list--layout-traditional elementor-list-item-link-full_width elementor-widget elementor-widget-icon-list\" data-id=\"04b9051\" data-element_type=\"widget\" data-settings=\"{&quot;ekit_we_effect_on&quot;:&quot;none&quot;}\" data-widget_type=\"icon-list.default\">\n\t\t\t\t<div class=\"elementor-widget-container\">\n\t\t\t\t\t\t\t<ul class=\"elementor-icon-list-items\">\n\t\t\t\t\t\t\t<li class=\"elementor-icon-list-item\">\n\t\t\t\t\t\t\t\t\t\t\t<span class=\"elementor-icon-list-icon\">\n\t\t\t\t\t\t\t<i aria-hidden=\"true\" class=\"far fa-hospital\"><\/i>\t\t\t\t\t\t<\/span>\n\t\t\t\t\t\t\t\t\t\t<span class=\"elementor-icon-list-text\">\u041f\u0440\u043e\u0434\u043e\u043b\u0436\u0438\u0442\u0435\u043b\u044c\u043d\u043e\u0441\u0442\u044c \u043f\u0440\u0435\u0431\u044b\u0432\u0430\u043d\u0438\u044f \u0432 \u0431\u043e\u043b\u044c\u043d\u0438\u0446\u0435: 1-2 \u0434\u043d\u044f<\/span>\n\t\t\t\t\t\t\t\t\t<\/li>\n\t\t\t\t\t\t\t\t<li class=\"elementor-icon-list-item\">\n\t\t\t\t\t\t\t\t\t\t\t<span class=\"elementor-icon-list-icon\">\n\t\t\t\t\t\t\t<i aria-hidden=\"true\" class=\"far fa-clock\"><\/i>\t\t\t\t\t\t<\/span>\n\t\t\t\t\t\t\t\t\t\t<span class=\"elementor-icon-list-text\">\u0412\u0440\u0435\u043c\u044f \u0440\u0430\u0431\u043e\u0442\u044b: 1-3 \u0447\u0430\u0441\u0430<\/span>\n\t\t\t\t\t\t\t\t\t<\/li>\n\t\t\t\t\t\t\t\t<li class=\"elementor-icon-list-item\">\n\t\t\t\t\t\t\t\t\t\t\t<span class=\"elementor-icon-list-icon\">\n\t\t\t\t\t\t\t<i aria-hidden=\"true\" class=\"fas fa-syringe\"><\/i>\t\t\t\t\t\t<\/span>\n\t\t\t\t\t\t\t\t\t\t<span class=\"elementor-icon-list-text\">\u0410\u043d\u0435\u0441\u0442\u0435\u0437\u0438\u044f: \u043c\u0435\u0441\u0442\u043d\u0430\u044f \u0438\u043b\u0438 \u043e\u0431\u0449\u0430\u044f<\/span>\n\t\t\t\t\t\t\t\t\t<\/li>\n\t\t\t\t\t\t\t\t<li class=\"elementor-icon-list-item\">\n\t\t\t\t\t\t\t\t\t\t\t<span class=\"elementor-icon-list-icon\">\n\t\t\t\t\t\t\t<i aria-hidden=\"true\" class=\"far fa-heart\"><\/i>\t\t\t\t\t\t<\/span>\n\t\t\t\t\t\t\t\t\t\t<span class=\"elementor-icon-list-text\">\u0412\u0440\u0435\u043c\u044f \u0437\u0430\u0436\u0438\u0432\u043b\u0435\u043d\u0438\u044f: 4-6 \u043d\u0435\u0434\u0435\u043b\u044c<\/span>\n\t\t\t\t\t\t\t\t\t<\/li>\n\t\t\t\t\t\t<\/ul>\n\t\t\t\t\t\t<\/div>\n\t\t\t\t<\/div>\n\t\t\t\t<div class=\"elementor-element elementor-element-860d5ee elementor-widget elementor-widget-button\" data-id=\"860d5ee\" data-element_type=\"widget\" data-settings=\"{&quot;ekit_we_effect_on&quot;:&quot;none&quot;}\" data-widget_type=\"button.default\">\n\t\t\t\t<div class=\"elementor-widget-container\">\n\t\t\t\t\t\t\t\t\t<div class=\"elementor-button-wrapper\">\n\t\t\t\t\t<a class=\"elementor-button elementor-button-link elementor-size-sm\" href=\"https:\/\/www.apexclinic.com.tr\/ru\/\">\n\t\t\t\t\t\t<span class=\"elementor-button-content-wrapper\">\n\t\t\t\t\t\t\t\t\t<span class=\"elementor-button-text\">\u0417\u0430\u043f\u0438\u0441\u0430\u0442\u044c\u0441\u044f \u043d\u0430 \u043f\u0440\u0438\u0435\u043c \u0441\u0435\u0439\u0447\u0430\u0441<\/span>\n\t\t\t\t\t<\/span>\n\t\t\t\t\t<\/a>\n\t\t\t\t<\/div>\n\t\t\t\t\t\t\t\t<\/div>\n\t\t\t\t<\/div>\n\t\t\t\t\t<\/div>\n\t\t<\/div>\n\t\t\t\t\t<\/div>\n\t\t<\/section>\n\t\t\t\t<section class=\"elementor-section elementor-top-section elementor-element elementor-element-0121500 elementor-section-boxed elementor-section-height-default elementor-section-height-default\" data-id=\"0121500\" data-element_type=\"section\" data-settings=\"{&quot;ekit_has_onepagescroll_dot&quot;:&quot;yes&quot;}\">\n\t\t\t\t\t\t<div class=\"elementor-container elementor-column-gap-default\">\n\t\t\t\t\t<div class=\"elementor-column elementor-col-100 elementor-top-column elementor-element elementor-element-fc1963e\" data-id=\"fc1963e\" data-element_type=\"column\">\n\t\t\t<div class=\"elementor-widget-wrap elementor-element-populated\">\n\t\t\t\t\t\t<div class=\"elementor-element elementor-element-2d0ab1b elementor-widget elementor-widget-spacer\" data-id=\"2d0ab1b\" data-element_type=\"widget\" data-settings=\"{&quot;ekit_we_effect_on&quot;:&quot;none&quot;}\" data-widget_type=\"spacer.default\">\n\t\t\t\t<div class=\"elementor-widget-container\">\n\t\t\t\t\t\t\t<div class=\"elementor-spacer\">\n\t\t\t<div class=\"elementor-spacer-inner\"><\/div>\n\t\t<\/div>\n\t\t\t\t\t\t<\/div>\n\t\t\t\t<\/div>\n\t\t\t\t\t<\/div>\n\t\t<\/div>\n\t\t\t\t\t<\/div>\n\t\t<\/section>\n\t\t\t\t<section class=\"elementor-section elementor-top-section elementor-element elementor-element-ce5665f elementor-section-boxed elementor-section-height-default elementor-section-height-default\" data-id=\"ce5665f\" data-element_type=\"section\" data-settings=\"{&quot;ekit_has_onepagescroll_dot&quot;:&quot;yes&quot;}\">\n\t\t\t\t\t\t<div class=\"elementor-container elementor-column-gap-default\">\n\t\t\t\t\t<div class=\"elementor-column elementor-col-100 elementor-top-column elementor-element elementor-element-339c420\" data-id=\"339c420\" data-element_type=\"column\">\n\t\t\t<div class=\"elementor-widget-wrap elementor-element-populated\">\n\t\t\t\t\t\t<div class=\"elementor-element elementor-element-3d77eba elementor-widget elementor-widget-text-editor\" data-id=\"3d77eba\" data-element_type=\"widget\" data-settings=\"{&quot;ekit_we_effect_on&quot;:&quot;none&quot;}\" data-widget_type=\"text-editor.default\">\n\t\t\t\t<div class=\"elementor-widget-container\">\n\t\t\t\t\t\t\t\t\t<h3>\u0427\u0442\u043e \u0442\u0430\u043a\u043e\u0435 \u043e\u043f\u0435\u0440\u0430\u0446\u0438\u044f \u043f\u043e \u043f\u043e\u0434\u0442\u044f\u0436\u043a\u0435 \u0431\u0435\u0434\u0435\u0440?<\/h3><p>\u0418\u0437-\u0437\u0430 \u0442\u0430\u043a\u0438\u0445 \u0444\u0430\u043a\u0442\u043e\u0440\u043e\u0432, \u043a\u0430\u043a \u0432\u043e\u0437\u0440\u0430\u0441\u0442, \u0433\u0435\u043d\u0435\u0442\u0438\u043a\u0430, \u0447\u0440\u0435\u0437\u043c\u0435\u0440\u043d\u0430\u044f \u043f\u0440\u0438\u0431\u0430\u0432\u043a\u0430 \u0438 \u043f\u043e\u0442\u0435\u0440\u044f \u0432\u0435\u0441\u0430, \u043e\u0431\u0432\u0438\u0441\u0430\u043d\u0438\u0435, \u0440\u0430\u0437\u043c\u0435\u0440\u044b \u0438 \u0434\u0435\u0444\u043e\u0440\u043c\u0430\u0446\u0438\u0438 \u043c\u043e\u0433\u0443\u0442 \u0432\u043e\u0437\u043d\u0438\u043a\u0430\u0442\u044c \u0432 \u0431\u0435\u0434\u0440\u0430\u0445 \u0432 \u0440\u0435\u0437\u0443\u043b\u044c\u0442\u0430\u0442\u0435 \u0441\u043d\u0438\u0436\u0435\u043d\u0438\u044f \u044d\u043b\u0430\u0441\u0442\u0438\u0447\u043d\u043e\u0441\u0442\u0438 \u043a\u043e\u0436\u0438 \u0438 \u0443\u0432\u0435\u043b\u0438\u0447\u0435\u043d\u0438\u044f \u0438\u043b\u0438 \u0443\u043c\u0435\u043d\u044c\u0448\u0435\u043d\u0438\u044f \u043f\u043e\u0434\u043a\u043e\u0436\u043d\u043e\u0439 \u0436\u0438\u0440\u043e\u0432\u043e\u0439 \u0442\u043a\u0430\u043d\u0438. \u042d\u0442\u0438 \u0434\u0435\u0444\u043e\u0440\u043c\u0430\u0446\u0438\u0438, \u0438\u0437-\u0437\u0430 \u043a\u043e\u0442\u043e\u0440\u044b\u0445 \u0447\u0435\u043b\u043e\u0432\u0435\u043a \u0432\u044b\u0433\u043b\u044f\u0434\u0438\u0442 \u0441\u0442\u0430\u0440\u044b\u043c \u0438 \u043d\u0435\u0437\u0434\u043e\u0440\u043e\u0432\u044b\u043c, \u043c\u043e\u0436\u043d\u043e \u0438\u0441\u043f\u0440\u0430\u0432\u0438\u0442\u044c \u0441 \u043f\u043e\u043c\u043e\u0449\u044c\u044e \u043e\u043f\u0435\u0440\u0430\u0446\u0438\u0438 \u043f\u043e \u043f\u043e\u0434\u0442\u044f\u0436\u043a\u0435 \u0431\u0435\u0434\u0435\u0440. \u0411\u043b\u0430\u0433\u043e\u0434\u0430\u0440\u044f \u043f\u043e\u0434\u0442\u044f\u0436\u043a\u0435 \u0431\u0435\u0434\u0435\u0440 \u0443 \u0447\u0435\u043b\u043e\u0432\u0435\u043a\u0430 \u043c\u043e\u0433\u0443\u0442 \u0431\u044b\u0442\u044c \u0431\u043e\u043b\u0435\u0435 \u0433\u043b\u0430\u0434\u043a\u0438\u0435, \u043f\u043e\u0434\u0442\u044f\u043d\u0443\u0442\u044b\u0435 \u0438 \u043c\u043e\u043b\u043e\u0434\u044b\u0435 \u0431\u0435\u0434\u0440\u0430.<\/p><h3>\u041f\u043e\u0447\u0435\u043c\u0443 \u043e\u0431\u0432\u0438\u0441\u0430\u044e\u0442 \u0431\u0435\u0434\u0440\u0430?<\/h3><p>\u041f\u0440\u043e\u0446\u0435\u0441\u0441\u044b, \u0432\u044b\u0437\u044b\u0432\u0430\u044e\u0449\u0438\u0435 \u0431\u044b\u0441\u0442\u0440\u0443\u044e \u043f\u043e\u0442\u0435\u0440\u044e \u0432\u0435\u0441\u0430, \u0442\u0430\u043a\u0438\u0435 \u043a\u0430\u043a \u0441\u0442\u0440\u043e\u0433\u0438\u0435 \u0434\u0438\u0435\u0442\u044b \u0438 \u0443\u043c\u0435\u043d\u044c\u0448\u0435\u043d\u0438\u0435 \u043e\u0431\u044a\u0435\u043c\u0430 \u0436\u0435\u043b\u0443\u0434\u043a\u0430, \u0432\u044b\u0437\u044b\u0432\u0430\u044e\u0442 \u043e\u0431\u0432\u0438\u0441\u0430\u043d\u0438\u0435 \u0431\u0435\u0434\u0435\u0440, \u0430 \u0442\u0430\u043a\u0436\u0435 \u0432\u0441\u0435\u0433\u043e \u0442\u0435\u043b\u0430. \u041a\u0440\u043e\u043c\u0435 \u0442\u043e\u0433\u043e, \u043e\u0431\u0432\u0438\u0441\u0430\u043d\u0438\u0435 \u0431\u0435\u0434\u0435\u0440 \u043c\u043e\u0436\u0435\u0442 \u0432\u043e\u0437\u043d\u0438\u043a\u0430\u0442\u044c \u0438\u0437-\u0437\u0430 \u044d\u043a\u043e\u043b\u043e\u0433\u0438\u0447\u0435\u0441\u043a\u0438\u0445 \u0438 \u043d\u0430\u0441\u043b\u0435\u0434\u0441\u0442\u0432\u0435\u043d\u043d\u044b\u0445 \u043f\u0440\u0438\u0447\u0438\u043d, \u0442\u0430\u043a\u0438\u0445 \u043a\u0430\u043a \u0441\u0442\u0430\u0440\u0435\u043d\u0438\u0435 \u0438 \u0447\u0440\u0435\u0437\u043c\u0435\u0440\u043d\u043e\u0435 \u0432\u043e\u0437\u0434\u0435\u0439\u0441\u0442\u0432\u0438\u0435 \u0441\u043e\u043b\u043d\u0435\u0447\u043d\u044b\u0445 \u043b\u0443\u0447\u0435\u0439.\u00a0<span style=\"font-style: inherit; font-weight: inherit; background-color: var(--ast-global-color-5); color: var( --e-global-color-text );\">\u0422\u0430\u043a\u0430\u044f \u0441\u0438\u0442\u0443\u0430\u0446\u0438\u044f \u043d\u0435 \u0442\u043e\u043b\u044c\u043a\u043e \u0441\u043e\u0437\u0434\u0430\u0435\u0442 \u044d\u0441\u0442\u0435\u0442\u0438\u0447\u0435\u0441\u043a\u0438 \u043f\u0440\u0438\u044f\u0442\u043d\u044b\u0439 \u043e\u0431\u0440\u0430\u0437, \u043d\u043e \u0438 \u043d\u0435\u0433\u0430\u0442\u0438\u0432\u043d\u043e \u0432\u043b\u0438\u044f\u0435\u0442 \u043d\u0430 \u043f\u0441\u0438\u0445\u043e\u043b\u043e\u0433\u0438\u044e \u0447\u0435\u043b\u043e\u0432\u0435\u043a\u0430.<\/span><\/p><h3>\u041f\u0435\u0440\u0435\u0434 \u043e\u043f\u0435\u0440\u0430\u0446\u0438\u0435\u0439<\/h3><ul><li>\u041a\u0430\u043a \u0438 \u0432\u043e \u0432\u0441\u0435\u0445 \u0445\u0438\u0440\u0443\u0440\u0433\u0438\u0447\u0435\u0441\u043a\u0438\u0445 \u043e\u043f\u0435\u0440\u0430\u0446\u0438\u044f\u0445, \u043d\u0435\u043e\u0431\u0445\u043e\u0434\u0438\u043c\u043e \u0437\u0430\u0440\u0430\u043d\u0435\u0435 \u043f\u0440\u043e\u0432\u0435\u0441\u0442\u0438 \u043f\u043e\u0434\u0440\u043e\u0431\u043d\u043e\u0435 \u043e\u0431\u0441\u043b\u0435\u0434\u043e\u0432\u0430\u043d\u0438\u0435 \u0443 \u0432\u0440\u0430\u0447\u0430 \u0438 \u043e\u0431\u044a\u044f\u0441\u043d\u0438\u0442\u044c \u043f\u0430\u0446\u0438\u0435\u043d\u0442\u0443 \u0432\u0441\u0435 \u0434\u0435\u0442\u0430\u043b\u0438 \u043e\u043f\u0435\u0440\u0430\u0446\u0438\u0438.<\/li><li>\u041a\u0440\u043e\u043c\u0435 \u0442\u043e\u0433\u043e, \u043f\u0430\u0446\u0438\u0435\u043d\u0442 \u0434\u043e\u043b\u0436\u0435\u043d \u0441\u043e\u043e\u0431\u0449\u0438\u0442\u044c \u0432\u0440\u0430\u0447\u0443 \u043e\u0431\u043e \u0432\u0441\u0435\u0445 \u0441\u043e\u0441\u0442\u043e\u044f\u043d\u0438\u044f\u0445, \u0442\u0430\u043a\u0438\u0445 \u043a\u0430\u043a \u0431\u043e\u043b\u0435\u0437\u043d\u044c, \u043a\u043e\u0442\u043e\u0440\u0443\u044e \u043e\u043d \u0438\u043c\u0435\u0435\u0442, \u043b\u0435\u043a\u0430\u0440\u0441\u0442\u0432\u043e, \u043a\u043e\u0442\u043e\u0440\u043e\u0435 \u043e\u043d \u0438\u0441\u043f\u043e\u043b\u044c\u0437\u0443\u0435\u0442, \u0438 \u0442. \u0434.<\/li><li>\u041f\u0440\u0438 \u043e\u043f\u0435\u0440\u0430\u0446\u0438\u0438 \u043f\u043e \u043f\u043e\u0434\u0442\u044f\u0436\u043a\u0435 \u0431\u0435\u0434\u0435\u0440 \u043f\u0435\u0440\u0435\u0434 \u043e\u043f\u0435\u0440\u0430\u0446\u0438\u0435\u0439 \u0442\u0440\u0435\u0431\u0443\u0435\u0442\u0441\u044f 6-\u0447\u0430\u0441\u043e\u0432\u043e\u0439 \u043f\u0435\u0440\u0438\u043e\u0434 \u0433\u043e\u043b\u043e\u0434\u0430\u043d\u0438\u044f, \u043a\u0430\u043a \u0438 \u043f\u0440\u0438 \u043f\u043e\u0434\u0433\u043e\u0442\u043e\u0432\u043a\u0435 \u043a\u043e \u0432\u0441\u0435\u043c \u043e\u043f\u0435\u0440\u0430\u0446\u0438\u044f\u043c, \u0442\u0440\u0435\u0431\u0443\u044e\u0449\u0438\u043c \u043e\u0431\u0449\u0435\u0439 \u0430\u043d\u0435\u0441\u0442\u0435\u0437\u0438\u0438.<\/li><li>\u0414\u043b\u044f \u0442\u043e\u0433\u043e \u0447\u0442\u043e\u0431\u044b \u0441\u0432\u0435\u0441\u0442\u0438 \u043a \u043c\u0438\u043d\u0438\u043c\u0443\u043c\u0443 \u0440\u0438\u0441\u043a \u043a\u0440\u043e\u0432\u043e\u0442\u0435\u0447\u0435\u043d\u0438\u044f, \u043f\u0430\u0446\u0438\u0435\u043d\u0442\u044b, \u043f\u0440\u0438\u043c\u0435\u043d\u044f\u044e\u0449\u0438\u0435 \u0430\u043d\u0442\u0438\u043a\u043e\u0430\u0433\u0443\u043b\u044f\u043d\u0442\u044b \u0438 \u0434\u0440., \u043f\u0435\u0440\u0435\u0434 \u043e\u043f\u0435\u0440\u0430\u0446\u0438\u0435\u0439 \u0434\u043e\u043b\u0436\u043d\u044b \u0441\u0434\u0435\u043b\u0430\u0442\u044c \u043f\u0435\u0440\u0435\u0440\u044b\u0432 \u0432 \u043f\u0440\u0438\u0435\u043c\u0435 \u044d\u0442\u0438\u0445 \u043f\u0440\u0435\u043f\u0430\u0440\u0430\u0442\u043e\u0432 \u043f\u043e\u0434 \u043a\u043e\u043d\u0442\u0440\u043e\u043b\u0435\u043c \u0432\u0440\u0430\u0447\u0430.<\/li><\/ul>\t\t\t\t\t\t\t\t<\/div>\n\t\t\t\t<\/div>\n\t\t\t\t\t<\/div>\n\t\t<\/div>\n\t\t\t\t\t<\/div>\n\t\t<\/section>\n\t\t\t\t<section class=\"elementor-section elementor-top-section elementor-element elementor-element-530f56f elementor-section-boxed elementor-section-height-default elementor-section-height-default\" data-id=\"530f56f\" data-element_type=\"section\" data-settings=\"{&quot;ekit_has_onepagescroll_dot&quot;:&quot;yes&quot;}\">\n\t\t\t\t\t\t<div class=\"elementor-container elementor-column-gap-default\">\n\t\t\t\t\t<div class=\"elementor-column elementor-col-100 elementor-top-column elementor-element elementor-element-47a32d9\" data-id=\"47a32d9\" data-element_type=\"column\">\n\t\t\t<div class=\"elementor-widget-wrap elementor-element-populated\">\n\t\t\t\t\t\t<div class=\"elementor-element elementor-element-d599497 elementor-widget elementor-widget-spacer\" data-id=\"d599497\" data-element_type=\"widget\" data-settings=\"{&quot;ekit_we_effect_on&quot;:&quot;none&quot;}\" data-widget_type=\"spacer.default\">\n\t\t\t\t<div class=\"elementor-widget-container\">\n\t\t\t\t\t\t\t<div class=\"elementor-spacer\">\n\t\t\t<div class=\"elementor-spacer-inner\"><\/div>\n\t\t<\/div>\n\t\t\t\t\t\t<\/div>\n\t\t\t\t<\/div>\n\t\t\t\t\t<\/div>\n\t\t<\/div>\n\t\t\t\t\t<\/div>\n\t\t<\/section>\n\t\t\t\t<section class=\"elementor-section elementor-top-section elementor-element elementor-element-ca21ea5 elementor-section-boxed elementor-section-height-default elementor-section-height-default\" data-id=\"ca21ea5\" data-element_type=\"section\" data-settings=\"{&quot;ekit_has_onepagescroll_dot&quot;:&quot;yes&quot;}\">\n\t\t\t\t\t\t<div class=\"elementor-container elementor-column-gap-default\">\n\t\t\t\t\t<div class=\"elementor-column elementor-col-100 elementor-top-column elementor-element elementor-element-39dceb6\" data-id=\"39dceb6\" data-element_type=\"column\">\n\t\t\t<div class=\"elementor-widget-wrap elementor-element-populated\">\n\t\t\t\t\t\t<div class=\"elementor-element elementor-element-6d7d2f7 elementor-widget elementor-widget-shortcode\" data-id=\"6d7d2f7\" data-element_type=\"widget\" data-settings=\"{&quot;ekit_we_effect_on&quot;:&quot;none&quot;}\" data-widget_type=\"shortcode.default\">\n\t\t\t\t<div class=\"elementor-widget-container\">\n\t\t\t\t\t\t\t<div class=\"elementor-shortcode\">Son G\u00fcncelleme 2 \u0430\u0432\u0433\u0443\u0441\u0442\u0430, 2023 Edit\u00f6r Bilgisi:<a href=\"\" target=\"_blank\" class=\"last-modified-author\">digital@apexclinic.com.tr<\/a><\/div>\n\t\t\t\t\t\t<\/div>\n\t\t\t\t<\/div>\n\t\t\t\t\t<\/div>\n\t\t<\/div>\n\t\t\t\t\t<\/div>\n\t\t<\/section>\n\t\t\t\t<\/div>","protected":false},"excerpt":{"rendered":"<p>Uyluk Germe Uyluk Germe Hastanede Kal\u0131\u015f S\u00fcresi: 1-2 G\u00fcn Operasyon S\u00fcresi: 1-3 Saat Anestezi: Lokal veya Genel \u0130yile\u015fme S\u00fcresi: 4-6 Hafta Hemen Randevu Al\u0131n Uyluk Germe Ameliyat\u0131 Nedir ? Ya\u015f, genetik, a\u015f\u0131r\u0131 kilo al\u0131p verme gibi etkenlerle deri elastikiyetinin azalmas\u0131 ve deri alt\u0131 ya\u011f dokusunun artmas\u0131 yada azalmas\u0131 sonucu uyluklarda sarkma, boyut ve \u015fekil bozukluklar\u0131 [&hellip;]<\/p>","protected":false},"author":3,"featured_media":0,"parent":0,"menu_order":0,"comment_status":"closed","ping_status":"closed","template":"elementor_header_footer","meta":{"_lmt_disableupdate":"","_lmt_disable":"","_monsterinsights_skip_tracking":false,"_monsterinsights_sitenote_active":false,"_monsterinsights_sitenote_note":"","_monsterinsights_sitenote_category":0,"site-sidebar-layout":"no-sidebar","site-content-layout":"page-builder","ast-site-content-layout":"","site-content-style":"default","site-sidebar-style":"default","ast-global-header-display":"","ast-banner-title-visibility":"","ast-main-header-display":"","ast-hfb-above-header-display":"","ast-hfb-below-header-display":"","ast-hfb-mobile-header-display":"","site-post-title":"disabled","ast-breadcrumbs-content":"","ast-featured-img":"disabled","footer-sml-layout":"","theme-transparent-header-meta":"","adv-header-id-meta":"","stick-header-meta":"","header-above-stick-meta":"","header-main-stick-meta":"","header-below-stick-meta":"","astra-migrate-meta-layouts":"default","ast-page-background-enabled":"default","ast-page-background-meta":{"desktop":{"background-color":"var(--ast-global-color-4)","background-image":"","background-repeat":"repeat","background-position":"center center","background-size":"auto","background-attachment":"scroll","background-type":"","background-media":"","overlay-type":"","overlay-color":"","overlay-opacity":"","overlay-gradient":""},"tablet":{"background-color":"","background-image":"","background-repeat":"repeat","background-position":"center center","background-size":"auto","background-attachment":"scroll","background-type":"","background-media":"","overlay-type":"","overlay-color":"","overlay-opacity":"","overlay-gradient":""},"mobile":{"background-color":"","background-image":"","background-repeat":"repeat","background-position":"center center","background-size":"auto","background-attachment":"scroll","background-type":"","background-media":"","overlay-type":"","overlay-color":"","overlay-opacity":"","overlay-gradient":""}},"ast-content-background-meta":{"desktop":{"background-color":"var(--ast-global-color-5)","background-image":"","background-repeat":"repeat","background-position":"center center","background-size":"auto","background-attachment":"scroll","background-type":"","background-media":"","overlay-type":"","overlay-color":"","overlay-opacity":"","overlay-gradient":""},"tablet":{"background-color":"var(--ast-global-color-5)","background-image":"","background-repeat":"repeat","background-position":"center center","background-size":"auto","background-attachment":"scroll","background-type":"","background-media":"","overlay-type":"","overlay-color":"","overlay-opacity":"","overlay-gradient":""},"mobile":{"background-color":"var(--ast-global-color-5)","background-image":"","background-repeat":"repeat","background-position":"center center","background-size":"auto","background-attachment":"scroll","background-type":"","background-media":"","overlay-type":"","overlay-color":"","overlay-opacity":"","overlay-gradient":""}},"_joinchat":[],"footnotes":""},"class_list":["post-2375","page","type-page","status-publish","hentry"],"_links":{"self":[{"href":"https:\/\/www.apexclinic.com.tr\/ru\/wp-json\/wp\/v2\/pages\/2375"}],"collection":[{"href":"https:\/\/www.apexclinic.com.tr\/ru\/wp-json\/wp\/v2\/pages"}],"about":[{"href":"https:\/\/www.apexclinic.com.tr\/ru\/wp-json\/wp\/v2\/types\/page"}],"author":[{"embeddable":true,"href":"https:\/\/www.apexclinic.com.tr\/ru\/wp-json\/wp\/v2\/users\/3"}],"replies":[{"embeddable":true,"href":"https:\/\/www.apexclinic.com.tr\/ru\/wp-json\/wp\/v2\/comments?post=2375"}],"version-history":[{"count":3,"href":"https:\/\/www.apexclinic.com.tr\/ru\/wp-json\/wp\/v2\/pages\/2375\/revisions"}],"predecessor-version":[{"id":3469,"href":"https:\/\/www.apexclinic.com.tr\/ru\/wp-json\/wp\/v2\/pages\/2375\/revisions\/3469"}],"wp:attachment":[{"href":"https:\/\/www.apexclinic.com.tr\/ru\/wp-json\/wp\/v2\/media?parent=2375"}],"curies":[{"name":"wp","href":"https:\/\/api.w.org\/{rel}","templated":true}]}}